{"id":1057,"date":"2020-01-20T08:15:52","date_gmt":"2020-01-20T08:15:52","guid":{"rendered":"https:\/\/rightfoodonly.com\/?post_type=product&#038;p=1057"},"modified":"2025-06-11T05:40:30","modified_gmt":"2025-06-11T05:40:30","slug":"redningsstige-for-nodsituasjoner-3-trinns","status":"publish","type":"product","link":"https:\/\/isopllc.com\/no\/product\/redningsstige-for-nodsituasjoner-3-trinns\/","title":{"rendered":"Redningsstige for n\u00f8dsituasjoner 3-trinns 10 m"},"content":{"rendered":"<div class=\"celwidget aplus-module module-4\" style=\"text-align: center\" data-csa-c-id=\"5glng-jun4yd-v4jukx-uxl7pr\" data-cel-widget=\"aplus-module-4\">\n<div class=\"celwidget aplus-module module-2\" data-csa-c-id=\"fxn5dc-9j08mg-igu7gs-tnzppn\">\n<div class=\"a-expander-collapsed-height a-row a-expander-container a-expander-partial-collapse-container\" aria-live=\"polite\" data-a-expander-name=\"aplus-module-expander\" data-a-expander-collapsed-height=\"700\">\n<div class=\"a-expander-content a-expander-partial-collapse-content\" aria-expanded=\"false\">\n<div class=\"aplus-module-wrapper apm-floatnone\">\n<div class=\"apm-sidemodule apm-spacing\">\n<div class=\"apm-sidemodule-textright\">\n<div class=\"celwidget aplus-module module-12 aplus-standard\">\n<div class=\"a-expander-collapsed-height a-row a-expander-container a-expander-partial-collapse-container\" data-a-expander-name=\"aplus-module-expander\" data-a-expander-collapsed-height=\"360\">\n<div class=\"a-expander-content a-expander-partial-collapse-content\" aria-expanded=\"false\">\n<div class=\"aplus-module-wrapper apm-spacing apm-floatnone apm-fixed-width\">\n<div class=\"apm-sidemodule aplus-module-content\">\n<div class=\"apm-hero-image\"><img decoding=\"async\" class=\"\" src=\"https:\/\/m.media-amazon.com\/images\/S\/aplus-media-library-service-media\/1d050b58-cf48-4c12-b2e2-6107d8448de1.__CR0,0,970,300_PT0_SX970_V1___.jpg\" alt=\"back\" data-src=\"https:\/\/m.media-amazon.com\/images\/S\/aplus-media-library-service-media\/1d050b58-cf48-4c12-b2e2-6107d8448de1.__CR0,0,970,300_PT0_SX970_V1___.jpg\" \/><\/div>\n<div class=\"textright apm-hero-text\">\n<h3>Redningsstige for n\u00f8dsituasjoner 3-trinns 10 m &#8211;\u00a0 Flammehemmende taustige med karabinkrok &#8211; Innovativ l\u00f8sning &#8211; Sikkerhetssnor og sikkerhetssele &#8211; Gjenbrukbar<\/h3>\n<\/div>\n<\/div>\n<\/div>\n<div><\/div>\n<\/div>\n<\/div>\n<\/div>\n<div class=\"celwidget aplus-module module-9 aplus-standard\">\n<div class=\"a-expander-collapsed-height a-row a-expander-container a-expander-partial-collapse-container\" data-a-expander-name=\"aplus-module-expander\" data-a-expander-collapsed-height=\"700\">\n<div class=\"a-expander-content a-expander-partial-collapse-content\" aria-expanded=\"false\">\n<div class=\"aplus-module-wrapper apm-fixed-width\">\n<div class=\"apm-spacing apm-fixed-width\">\n<div class=\"celwidget aplus-module module-9 aplus-standard\">\n<div class=\"a-expander-collapsed-height a-row a-expander-container a-expander-partial-collapse-container\" data-a-expander-name=\"aplus-module-expander\" data-a-expander-collapsed-height=\"700\">\n<div class=\"a-expander-content a-expander-partial-collapse-content\" aria-expanded=\"false\">\n<div class=\"aplus-module-wrapper apm-fixed-width\">\n<div class=\"apm-spacing apm-fixed-width\">\n<h3 class=\"a-spacing-small\">Hvorfor velge oss?<\/h3>\n<p><img decoding=\"async\" class=\"a-spacing-mini alignleft\" src=\"https:\/\/m.media-amazon.com\/images\/S\/aplus-media-library-service-media\/811fc784-e602-432e-9106-11c40b5fca8f.__CR0,0,1000,1000_PT0_SX300_V1___.jpg\" alt=\"reinforced rung cap\" data-src=\"https:\/\/m.media-amazon.com\/images\/S\/aplus-media-library-service-media\/811fc784-e602-432e-9106-11c40b5fca8f.__CR0,0,1000,1000_PT0_SX300_V1___.jpg\" \/><\/p>\n<\/div>\n<div style=\"text-align: left\">\n<p>&nbsp;<\/p>\n<p>&nbsp;<\/p>\n<p>&nbsp;<\/p>\n<p>&nbsp;<\/p>\n<p>&nbsp;<\/p>\n<p>&nbsp;<\/p>\n<p>&nbsp;<\/p>\n<h3 style=\"text-align: center\">Forsterkede trinnkapper<\/h3>\n<p style=\"text-align: center\">Capsene v\u00e5re er tykkere, st\u00f8rre og mer robuste. Som praksis har vist, bryter disse trinnene under vekt nettopp p\u00e5 disse stedene, derfor er forsterkede hetter uunnv\u00e6rlige for lang og sikker bruk av stiger.<\/p>\n<p>&nbsp;<\/p>\n<p><img decoding=\"async\" class=\"a-spacing-mini\" src=\"https:\/\/m.media-amazon.com\/images\/S\/aplus-media-library-service-media\/ee031fb3-8354-45bf-b886-4886ca25315d.__CR0,0,300,300_PT0_SX300_V1___.jpg\" alt=\"ULTRA powerful\" data-src=\"https:\/\/m.media-amazon.com\/images\/S\/aplus-media-library-service-media\/ee031fb3-8354-45bf-b886-4886ca25315d.__CR0,0,300,300_PT0_SX300_V1___.jpg\" \/><\/p>\n<h3 style=\"text-align: center\">ULTRA kraftig<\/h3>\n<p style=\"text-align: center\">Det finnes ingen sterkere og mer p\u00e5litelige stiger enn v\u00e5r, (testet!) &#8211; som t\u00e5ler 1100 kg eller 10 personer! Selv kjedestiger kan ikke skryte av denne vektkapasiteten.<\/p>\n<p><img decoding=\"async\" class=\"a-spacing-mini\" style=\"font-weight: 600;text-align: left\" src=\"https:\/\/m.media-amazon.com\/images\/S\/aplus-media-library-service-media\/bc1e91c0-b115-44b4-990c-a7895793b59d.__CR0,0,300,300_PT0_SX300_V1___.jpg\" alt=\"Multifunction\" data-src=\"https:\/\/m.media-amazon.com\/images\/S\/aplus-media-library-service-media\/bc1e91c0-b115-44b4-990c-a7895793b59d.__CR0,0,300,300_PT0_SX300_V1___.jpg\" \/><\/p>\n<h3 style=\"text-align: center\">Multifunksjon<\/h3>\n<p style=\"text-align: center\">Kan brukes til ulike form\u00e5l som lekeplass, husker, trehytte, loft, hage, tak, loft, bunker, marine og til og med dekorative form\u00e5l, samt r\u00f8mningsstige. Uendelig variasjon av bruksmuligheter.<\/p>\n<\/div>\n<div class=\"apm-spacing apm-fixed-width\" style=\"text-align: left\"><img loading=\"lazy\" decoding=\"async\" class=\"\" style=\"font-weight: 600;text-align: left\" src=\"https:\/\/m.media-amazon.com\/images\/S\/aplus-media-library-service-media\/203d3d2c-f85b-4838-9f56-7019a0024609.__CR0,0,300,300_PT0_SX220_V1___.jpg\" alt=\"Anti-slip rungs\" width=\"300\" height=\"300\" data-src=\"https:\/\/m.media-amazon.com\/images\/S\/aplus-media-library-service-media\/203d3d2c-f85b-4838-9f56-7019a0024609.__CR0,0,300,300_PT0_SX220_V1___.jpg\" \/><\/div>\n<div style=\"text-align: left\"><\/div>\n<\/div>\n<div style=\"text-align: left\">\n<h4 class=\"a-spacing-mini\" style=\"text-align: center\">Anti-skli trinn<\/h4>\n<p style=\"text-align: center\">Trinnene er \u00e5ttekantede, s\u00e5 de er p\u00e5litelige og ikke glatte.<\/p>\n<p><img loading=\"lazy\" decoding=\"async\" class=\"\" style=\"font-weight: 600;text-align: left\" src=\"https:\/\/m.media-amazon.com\/images\/S\/aplus-media\/sc\/f2e8fc4d-adcb-4ad8-87e7-2d18df74811d.__CR0,13,974,974_PT0_SX220_V1___.jpg\" alt=\"Lightweight\" width=\"300\" height=\"300\" data-src=\"https:\/\/m.media-amazon.com\/images\/S\/aplus-media\/sc\/f2e8fc4d-adcb-4ad8-87e7-2d18df74811d.__CR0,13,974,974_PT0_SX220_V1___.jpg\" \/><\/p>\n<h4 class=\"a-spacing-mini\" style=\"text-align: center\">Lett<\/h4>\n<p style=\"text-align: center\">For eksempel veier 2.5 m bare 2 kg.<\/p>\n<p><img loading=\"lazy\" decoding=\"async\" class=\"\" style=\"font-weight: 600;text-align: left\" src=\"https:\/\/m.media-amazon.com\/images\/S\/aplus-media-library-service-media\/f5268682-b7b2-4388-a26d-e698cd7af99e.__CR0,0,500,500_PT0_SX220_V1___.jpg\" alt=\"Weather resistant\" width=\"300\" height=\"300\" data-src=\"https:\/\/m.media-amazon.com\/images\/S\/aplus-media-library-service-media\/f5268682-b7b2-4388-a26d-e698cd7af99e.__CR0,0,500,500_PT0_SX220_V1___.jpg\" \/><\/p>\n<h4 class=\"a-spacing-mini\" style=\"text-align: center\">V\u00e6rbestandig<\/h4>\n<p style=\"text-align: center\">Nesten aldri aldring stiger for all slags v\u00e6r, kan ikke bli skadet i regnet.<\/p>\n<p><img loading=\"lazy\" decoding=\"async\" class=\"\" style=\"font-weight: 600;text-align: left\" src=\"https:\/\/m.media-amazon.com\/images\/S\/aplus-media\/sc\/14916db8-10a6-4760-8535-f49470d709ad.__CR11,0,1189,1189_PT0_SX220_V1___.jpg\" alt=\"Heavy duty carabiners\" width=\"300\" height=\"300\" data-src=\"https:\/\/m.media-amazon.com\/images\/S\/aplus-media\/sc\/14916db8-10a6-4760-8535-f49470d709ad.__CR11,0,1189,1189_PT0_SX220_V1___.jpg\" \/><\/p>\n<h3 style=\"text-align: center\">Kraftige karabinkroker<\/h3>\n<p style=\"text-align: center\">Stiger inkluderer krombelagte karabiner med bruddstyrke 11KN.<\/p>\n<\/div>\n<\/div>\n<\/div>\n<\/div>\n<div class=\"celwidget aplus-module module-4 aplus-standard\" style=\"text-align: left\">\n<div class=\"a-expander-collapsed-height a-row a-expander-container a-expander-partial-collapse-container\" data-a-expander-name=\"aplus-module-expander\" data-a-expander-collapsed-height=\"700\">\n<div class=\"a-expander-content a-expander-partial-collapse-content\" aria-expanded=\"false\">\n<div class=\"aplus-module-wrapper apm-fixed-width\">\n<div class=\"apm-spacing\">\n<div class=\"apm-floatleft apm-fixed-width\">\n<div class=\"apm-spacing\"><img decoding=\"async\" class=\"a-spacing-mini\" style=\"font-weight: 600;text-align: left\" src=\"https:\/\/m.media-amazon.com\/images\/S\/aplus-media\/sc\/eebfdeb6-a881-47d1-a2d7-3677df2e925c.__CR521,0,1333,1333_PT0_SX300_V1___.jpg\" alt=\"ladder with carabiners\" data-src=\"https:\/\/m.media-amazon.com\/images\/S\/aplus-media\/sc\/eebfdeb6-a881-47d1-a2d7-3677df2e925c.__CR521,0,1333,1333_PT0_SX300_V1___.jpg\" \/><\/div>\n<div><\/div>\n<\/div>\n<\/div>\n<\/div>\n<div>\n<h3 style=\"text-align: center\">Flammebestandig<\/h3>\n<p style=\"text-align: center\">Spesiell ikke-brennbar sammensetning av fibre gj\u00f8r at stigen t\u00e5ler brann i noen tid, men vi anbefaler likevel ikke \u00e5 bruke den i direkte brann.<\/p>\n<p><img decoding=\"async\" class=\"a-spacing-mini\" src=\"https:\/\/m.media-amazon.com\/images\/S\/aplus-media-library-service-media\/0079ee10-fae7-4a93-80a3-ff323f8ac91d.__CR0,0,1000,1000_PT0_SX300_V1___.jpg\" alt=\"Different length \" data-src=\"https:\/\/m.media-amazon.com\/images\/S\/aplus-media-library-service-media\/0079ee10-fae7-4a93-80a3-ff323f8ac91d.__CR0,0,1000,1000_PT0_SX300_V1___.jpg\" \/><\/p>\n<h3 style=\"text-align: center\">Ulik lengde<\/h3>\n<p style=\"text-align: center\">Tilgjengelig 2,5\/4\/5\/7,5\/10 m for 1 &#8211; 5 etasjers hus.<\/p>\n<p><img decoding=\"async\" class=\"a-spacing-mini\" style=\"font-weight: 600;text-align: left\" src=\"https:\/\/m.media-amazon.com\/images\/S\/aplus-media-library-service-media\/379a87b4-4343-47d4-8adb-38d96d553f45.__CR0,0,1000,1000_PT0_SX300_V1___.jpg\" alt=\"reusable\" data-src=\"https:\/\/m.media-amazon.com\/images\/S\/aplus-media-library-service-media\/379a87b4-4343-47d4-8adb-38d96d553f45.__CR0,0,1000,1000_PT0_SX300_V1___.jpg\" \/><\/p>\n<h3 style=\"text-align: center\">Gjenbrukbare<\/h3>\n<p style=\"text-align: center\">I motsetning til andre aluminiumsstiger er v\u00e5re taustiger gjenbrukbare.<\/p>\n<\/div>\n<\/div>\n<\/div>\n<\/div>\n<div class=\"celwidget aplus-module module-2 aplus-standard\" style=\"text-align: left\">\n<div class=\"a-expander-collapsed-height a-row a-expander-container a-expander-partial-collapse-container\" data-a-expander-name=\"aplus-module-expander\" data-a-expander-collapsed-height=\"700\">\n<div class=\"a-expander-content a-expander-partial-collapse-content\" aria-expanded=\"false\">\n<div class=\"aplus-module-wrapper apm-floatnone apm-fixed-width\">\n<div class=\"apm-sidemodule apm-spacing\">\n<div class=\"apm-sidemodule-imageleft\"><img decoding=\"async\" class=\"\" src=\"https:\/\/m.media-amazon.com\/images\/S\/aplus-media-library-service-media\/30eb4427-3b8b-4f75-932a-8dace86f905c.__CR0,0,1000,1000_PT0_SX300_V1___.jpg\" alt=\"THE BEST\" data-src=\"https:\/\/m.media-amazon.com\/images\/S\/aplus-media-library-service-media\/30eb4427-3b8b-4f75-932a-8dace86f905c.__CR0,0,1000,1000_PT0_SX300_V1___.jpg\" \/><\/div>\n<div class=\"apm-sidemodule-textright\">\n<h3 style=\"text-align: center\">DEN BESTE<\/h3>\n<h4 style=\"text-align: center\"><span class=\"a-text-bold\"><u>Sele og stige kan levers i eparate esker.<\/u><\/span><\/h4>\n<p>Vi tilbyr et overlevelsessett, v\u00e5r\u00a0Rope Ladder Fire Escape 3-4 Story Homes 10 m med helkroppssele\u00a0er designet med\u00a0en ekstra fallbeskyttelse i form av en sikkerhetssnor\u00a0som er hektet til stigesiden som hindrer deg i \u00e5 falle n\u00e5r du bruker en sikkerhetssele som ogs\u00e5 er inkludert for \u00e5 sikre en sikker nedstigning.<\/p>\n<p>Denne unike stigen er v\u00e5r egen oppfinnelse og har blitt patentert.<\/p>\n<\/div>\n<\/div>\n<\/div>\n<div><\/div>\n<\/div>\n<\/div>\n<\/div>\n<div class=\"celwidget aplus-module module-2 aplus-standard\">\n<div class=\"a-expander-collapsed-height a-row a-expander-container a-expander-partial-collapse-container\" data-a-expander-name=\"aplus-module-expander\" data-a-expander-collapsed-height=\"700\">\n<div class=\"a-expander-content a-expander-partial-collapse-content\" aria-expanded=\"false\">\n<div class=\"aplus-module-wrapper apm-floatnone apm-fixed-width\">\n<div class=\"apm-sidemodule apm-spacing\">\n<div class=\"apm-sidemodule-imageleft\" style=\"text-align: left\"><img decoding=\"async\" class=\"\" src=\"https:\/\/m.media-amazon.com\/images\/S\/aplus-media\/sc\/cf4dcfed-6b3c-4d0a-a338-12f436b13c68.__CR199,0,2000,2000_PT0_SX300_V1___.jpg\" alt=\"ladder\" data-src=\"https:\/\/m.media-amazon.com\/images\/S\/aplus-media\/sc\/cf4dcfed-6b3c-4d0a-a338-12f436b13c68.__CR199,0,2000,2000_PT0_SX300_V1___.jpg\" \/><\/div>\n<div class=\"apm-sidemodule-textright\">\n<h3 class=\"a-spacing-mini\">N\u00e5r det gjelder sikkerhet, kan du aldri v\u00e6re for forberedt til \u00e5 h\u00e5ndtere brann. Denne branntrappen er designet med tanke p\u00e5 bekvemmelighet og tilgjengelighet.<\/h3>\n<p style=\"text-align: left\">Vi tilbyr ikke bare en stige, men en redning under en brann! Hvis du er i 5. etasje under en brann, kan en enkel stige redde deg? En utrent person kan ikke g\u00e5 ned fra en slik h\u00f8yde uten et sikkerhetstau, s\u00e5 med et sikkerhetstau vil du f\u00f8le deg og oppf\u00f8re deg mye mer selvsikker, og selv i tilfelle et feiltrinn vil du fortsette \u00e5 henge i et sikkerhetstau og fortsette nedover. Akrobater i sirkuset faller ikke, fordi et sikkerhetstau gir dem mer selvtillit.<\/p>\n<p style=\"text-align: left\">Dette er grunnen til at vi designet v\u00e5r taustige branntrapp for \u00e5 gi deg en p\u00e5litelig utgang gjennom et vindu eller en balkong. Takket v\u00e6re den enkle designen og de ekstra sikkerhetsfunksjonene, kan hvem som helst bruke den og v\u00e6re sikker p\u00e5 at de er helt trygge. Snoren er hektet til stigen og hindrer deg i \u00e5 falle, mens kraftige karabinkroker gir en sikker feste til et vindu eller balkong.<\/p>\n<p style=\"text-align: left\">Den er perfekt for bruk i skole, hjem, kontorer eller hvilken som helst bygning p\u00e5 tre og fire etasjer hvor du \u00f8nsker \u00e5 ha en trygg utgangsvei som er avgj\u00f8rende i tilfelle brann.<\/p>\n<\/div>\n<\/div>\n<\/div>\n<\/div>\n<\/div>\n<\/div>\n<\/div>\n<\/div>\n<\/div>\n<\/div>\n<\/div>\n<\/div>\n<\/div>\n<\/div>\n<\/div>\n<\/div>\n<\/div>\n<\/div>\n","protected":false},"excerpt":{"rendered":"[embed]https:\/\/youtu.be\/U13bQnnbF_M?si=lontGK8Hf48iflGv[\/embed]\n<p style=\"text-align: center\">Redningsstige for n\u00f8dsituasjoner 3-trinns 10 m &#8211;\u00a0 Flammehemmende taustige med karabinkrok &#8211; Innovativ l\u00f8sning &#8211; Sikkerhetssnor og sikkerhetssele &#8211; Gjenbrukbar<\/p>\n<p style=\"text-align: center\">GRATIS LEVERING INNEN 3-7 DAGER<\/p>\n<p style=\"text-align: center\"><strong>KJ\u00d8P DEN P\u00c5<\/strong><\/p>\n<p style=\"text-align: center\"><a href=\"https:\/\/www.amazon.com\/Emergency-Escape-ladder-Resistant-Ladders\/dp\/B07CMNB71M\/?maas=maas_adg_65A8AA95661906678BA3D680C0CEEF33_afap_abs&amp;ref_=aa_maas&amp;ref=sr_1_1&amp;dchild=1&amp;keywords=fire+escape+ladder&amp;qid=1600175076&amp;sr=8-1\"><img loading=\"lazy\" decoding=\"async\" class=\"wp-image-1040 size-full aligncenter\" src=\"https:\/\/rightfoodonly.com\/wp-content\/uploads\/amazon-button9.png\" alt=\"\" width=\"160\" height=\"59\" \/><\/a><\/p>\n<p>&nbsp;<\/p>\n","protected":false},"featured_media":5940,"comment_status":"open","ping_status":"closed","template":"","meta":[],"product_brand":[],"product_cat":[70,71,31],"product_tag":[169,79,80,81,172,132,170],"class_list":{"0":"post-1057","1":"product","2":"type-product","3":"status-publish","4":"has-post-thumbnail","6":"product_cat-brann-romningsstiger-for-3-etasjer","7":"product_cat-brann-romningsstiger-for-4-etasjer","8":"product_cat-taustiger-brann-flukt","9":"product_tag-nodbrannflukt","10":"product_tag-nodutgang","11":"product_tag-redningsutstyr","12":"product_tag-sikkerhet","13":"product_tag-sikkerhetsbelte","14":"product_tag-stige","15":"product_tag-tau","17":"first","18":"instock","19":"shipping-taxable","20":"purchasable","21":"product-type-simple"},"_links":{"self":[{"href":"https:\/\/isopllc.com\/no\/wp-json\/wp\/v2\/product\/1057","targetHints":{"allow":["GET"]}}],"collection":[{"href":"https:\/\/isopllc.com\/no\/wp-json\/wp\/v2\/product"}],"about":[{"href":"https:\/\/isopllc.com\/no\/wp-json\/wp\/v2\/types\/product"}],"replies":[{"embeddable":true,"href":"https:\/\/isopllc.com\/no\/wp-json\/wp\/v2\/comments?post=1057"}],"wp:featuredmedia":[{"embeddable":true,"href":"https:\/\/isopllc.com\/no\/wp-json\/wp\/v2\/media\/5940"}],"wp:attachment":[{"href":"https:\/\/isopllc.com\/no\/wp-json\/wp\/v2\/media?parent=1057"}],"wp:term":[{"taxonomy":"product_brand","embeddable":true,"href":"https:\/\/isopllc.com\/no\/wp-json\/wp\/v2\/product_brand?post=1057"},{"taxonomy":"product_cat","embeddable":true,"href":"https:\/\/isopllc.com\/no\/wp-json\/wp\/v2\/product_cat?post=1057"},{"taxonomy":"product_tag","embeddable":true,"href":"https:\/\/isopllc.com\/no\/wp-json\/wp\/v2\/product_tag?post=1057"}],"curies":[{"name":"wp","href":"https:\/\/api.w.org\/{rel}","templated":true}]}}