{"id":1294,"date":"2020-01-30T06:20:40","date_gmt":"2020-01-30T06:20:40","guid":{"rendered":"https:\/\/rightfoodonly.com\/?post_type=product&#038;p=1294"},"modified":"2025-01-04T16:31:00","modified_gmt":"2025-01-04T16:31:00","slug":"vinduskroker-for-romningsstiger-2-kroker","status":"publish","type":"product","link":"https:\/\/isopllc.com\/no\/product\/vinduskroker-for-romningsstiger-2-kroker\/","title":{"rendered":"Vinduskroker for r\u00f8mningsstiger 2 kroker"},"content":{"rendered":"<div class=\"celwidget aplus-module module-11\">\n<div class=\"a-expander-collapsed-height a-row a-expander-container a-expander-partial-collapse-container\" data-a-expander-name=\"aplus-module-expander\" data-a-expander-collapsed-height=\"360\">\n<div class=\"a-expander-content a-expander-partial-collapse-content\">\n<div class=\"aplus-module-wrapper apm-spacing apm-floatnone\">\n<div class=\"apm-sidemodule aplus-module-content\">\n<div class=\"apm-hero-image\">\n<div class=\"celwidget aplus-module module-11\">\n<div class=\"a-expander-collapsed-height a-row a-expander-container a-expander-partial-collapse-container\" aria-live=\"polite\" data-a-expander-name=\"aplus-module-expander\" data-a-expander-collapsed-height=\"360\">\n<div class=\"a-expander-content a-expander-partial-collapse-content\" aria-expanded=\"false\">\n<div class=\"aplus-module-wrapper apm-spacing apm-floatnone\">\n<h3 class=\"apm-hero-image\">Vinduskroker for r\u00f8mningsstiger 2 kroker &#8211; Jernkroker for redningsstige, n\u00f8dkroksett for de fleste vinduer &#8211; Ideelt for karabinkroker eller n\u00f8dstiger &#8211; Robust, slitesterk og b\u00e6rbar<\/h3>\n<\/div>\n<\/div>\n<\/div>\n<\/div>\n<div class=\"celwidget aplus-module module-9\">\n<div class=\"a-expander-collapsed-height a-row a-expander-container a-expander-partial-collapse-container\" aria-live=\"polite\" data-a-expander-name=\"aplus-module-expander\" data-a-expander-collapsed-height=\"700\">\n<div class=\"a-expander-content a-expander-partial-collapse-content a-expander-content-expanded\" aria-expanded=\"true\">\n<div class=\"aplus-module-wrapper\">\n<div class=\"apm-spacing apm-fixed-width\">\n<p><img decoding=\"async\" class=\"a-spacing-mini aligncenter\" src=\"https:\/\/m.media-amazon.com\/images\/S\/aplus-media\/sc\/0ba0f91e-b5c4-417e-ada8-b03c299fc14b.__CR0,0,1200,1200_PT0_SX300_V1___.jpg\" alt=\"hooks\" data-src=\"https:\/\/m.media-amazon.com\/images\/S\/aplus-media\/sc\/0ba0f91e-b5c4-417e-ada8-b03c299fc14b.__CR0,0,1200,1200_PT0_SX300_V1___.jpg\" \/><\/p>\n<h4>Spesifikasjoner<\/h4>\n<p>V\u00e5rt multifunksjonelle 2-delte kroksett er et allsidig sikkerhetsverkt\u00f8y og kan brukes i et bredt spekter av industrier, byggefirmaer og n\u00f8dtjenester &#8211; kan brukes med forskjellige typer taustiger eller med r\u00f8mningsstiger for \u00e5 redde arbeidere fra betydelige h\u00f8yder og m\u00e5 ha i n\u00f8dstilfeller.<\/p>\n<p>St\u00f8rrelse: 40 cm total lengde, 30 cm vinduskrok, 3 cm plass til bruk med karabinkrok.<\/p>\n<p>Materialer: Kraftig st\u00e5l<\/p>\n<p><img decoding=\"async\" class=\"a-spacing-mini aligncenter\" src=\"https:\/\/m.media-amazon.com\/images\/S\/aplus-media\/sc\/c48deeba-03d3-4f11-bbec-ddfda0fadd2e.__CR0,0,1200,1200_PT0_SX300_V1___.jpg\" alt=\"size\" data-src=\"https:\/\/m.media-amazon.com\/images\/S\/aplus-media\/sc\/c48deeba-03d3-4f11-bbec-ddfda0fadd2e.__CR0,0,1200,1200_PT0_SX300_V1___.jpg\" \/><\/p>\n<h4 class=\"a-spacing-mini\">Funksjoner og fordeler<\/h4>\n<ul>\n<li>Laget med materialer av h\u00f8y kvalitet &#8211; sterk, solid, holdbar, p\u00e5litelig og trygg \u00e5 bruke<\/li>\n<li>Ideell st\u00f8rrelse &#8211; passer til de fleste vinduer<\/li>\n<li>Minimalistisk, men likevel praktisk design gj\u00f8r det enkelt \u00e5 feste<\/li>\n<li>Rask og enkel oppsett &#8211; krever ingen verkt\u00f8y<\/li>\n<li>Kan brukes med minimal eller ingen trening<\/li>\n<li>Bare klem p\u00e5 vinduet p\u00e5 den ene siden og taustigen p\u00e5 den andre og klatre ned p\u00e5 10 sekunder<\/li>\n<li>Lett vekt og b\u00e6rbar<\/li>\n<li>Kompakt for enkel oppbevaring<\/li>\n<\/ul>\n<\/div>\n<p><img decoding=\"async\" class=\"a-spacing-mini aligncenter\" src=\"https:\/\/m.media-amazon.com\/images\/S\/aplus-media\/sc\/97960495-f8fe-4173-8653-41fa79334c3e.__CR0,0,1200,1200_PT0_SX300_V1___.jpg\" alt=\"use\" data-src=\"https:\/\/m.media-amazon.com\/images\/S\/aplus-media\/sc\/97960495-f8fe-4173-8653-41fa79334c3e.__CR0,0,1200,1200_PT0_SX300_V1___.jpg\" \/><\/p>\n<h4 class=\"a-spacing-mini\">Kan brukes til\/som\/med<\/h4>\n<ul>\n<li>Fra et vindu, balkong eller et tak, i forbindelse med redningstaustiger<\/li>\n<li>Brannstiger, i en n\u00f8dssituasjon<\/li>\n<li>Klatrevegger<\/li>\n<li>Anleggsbransjen<\/li>\n<li>Hengende fra et tre<\/li>\n<li>Klatring i en trehytte<\/li>\n<\/ul>\n<\/div>\n<\/div>\n<\/div>\n<\/div>\n<\/div>\n<\/div>\n<\/div>\n<\/div>\n<\/div>\n<\/div>\n","protected":false},"excerpt":{"rendered":"<p class=\"apm-hero-image\" style=\"text-align: center;\">Vinduskroker for r\u00f8mningsstiger 2 kroker &#8211; Jernkroker for redningsstige, n\u00f8dkroksett for de fleste vinduer &#8211; Ideelt for karabinkroker eller n\u00f8dstiger &#8211; Robust, slitesterk og b\u00e6rbar<\/p>\n<p style=\"text-align: center;\">GRATIS LEVERING INNEN 3-7 DAGER<\/p>\n<p style=\"text-align: center;\"><strong>KJ\u00d8P DEN P\u00c5<\/strong><\/p>\n<p><a href=\"https:\/\/www.amazon.com\/ISOP-Window-Iron-Hooks-Ladder\/dp\/B07RFDG2NP\/?maas=maas_adg_5CA8939E85D8CBE97C75096DA8CB432A_afap_abs&amp;ref_=aa_maas&amp;ref=sr_1_1&amp;dchild=1&amp;keywords=ladder+hooks+for&amp;qid=1600158916&amp;sr=8-1\"><img loading=\"lazy\" decoding=\"async\" class=\"wp-image-1040 size-full aligncenter\" src=\"https:\/\/rightfoodonly.com\/wp-content\/uploads\/amazon-button9.png\" alt=\"\" width=\"160\" height=\"59\" \/><\/a><\/p>\n<p>&nbsp;<\/p>\n","protected":false},"featured_media":4147,"comment_status":"open","ping_status":"closed","template":"","meta":[],"product_brand":[],"product_cat":[68],"product_tag":[129,158,80,157,81,156],"class_list":{"0":"post-1294","1":"product","2":"type-product","3":"status-publish","4":"has-post-thumbnail","6":"product_cat-tilbehor-til-brannstiger","7":"product_tag-isop","8":"product_tag-nodsituasjoner","9":"product_tag-redningsutstyr","10":"product_tag-romningsstiger","11":"product_tag-sikkerhet","12":"product_tag-vindusjernkroker","14":"first","15":"instock","16":"shipping-taxable","17":"purchasable","18":"product-type-simple"},"_links":{"self":[{"href":"https:\/\/isopllc.com\/no\/wp-json\/wp\/v2\/product\/1294","targetHints":{"allow":["GET"]}}],"collection":[{"href":"https:\/\/isopllc.com\/no\/wp-json\/wp\/v2\/product"}],"about":[{"href":"https:\/\/isopllc.com\/no\/wp-json\/wp\/v2\/types\/product"}],"replies":[{"embeddable":true,"href":"https:\/\/isopllc.com\/no\/wp-json\/wp\/v2\/comments?post=1294"}],"wp:featuredmedia":[{"embeddable":true,"href":"https:\/\/isopllc.com\/no\/wp-json\/wp\/v2\/media\/4147"}],"wp:attachment":[{"href":"https:\/\/isopllc.com\/no\/wp-json\/wp\/v2\/media?parent=1294"}],"wp:term":[{"taxonomy":"product_brand","embeddable":true,"href":"https:\/\/isopllc.com\/no\/wp-json\/wp\/v2\/product_brand?post=1294"},{"taxonomy":"product_cat","embeddable":true,"href":"https:\/\/isopllc.com\/no\/wp-json\/wp\/v2\/product_cat?post=1294"},{"taxonomy":"product_tag","embeddable":true,"href":"https:\/\/isopllc.com\/no\/wp-json\/wp\/v2\/product_tag?post=1294"}],"curies":[{"name":"wp","href":"https:\/\/api.w.org\/{rel}","templated":true}]}}