{"id":1296,"date":"2020-01-30T06:31:07","date_gmt":"2020-01-30T06:31:07","guid":{"rendered":"https:\/\/rightfoodonly.com\/?post_type=product&#038;p=1296"},"modified":"2025-07-07T06:33:53","modified_gmt":"2025-07-07T06:33:53","slug":"brannveske-for-hund-eller-katt-opptil-25-kg","status":"publish","type":"product","link":"https:\/\/isopllc.com\/no\/product\/brannveske-for-hund-eller-katt-opptil-25-kg\/","title":{"rendered":"Brannveske for hund eller katt opptil 25 kg"},"content":{"rendered":"<div class=\"celwidget aplus-module module-1\" data-cel-widget=\"aplus-module-1\">\n<div class=\"a-expander-collapsed-height a-row a-expander-container a-expander-partial-collapse-container\" data-a-expander-name=\"aplus-module-expander\" data-a-expander-collapsed-height=\"700\">\n<div class=\"a-expander-content a-expander-partial-collapse-content\">\n<div class=\"aplus-module-wrapper apm-fixed-width\">\n<div class=\"apm-spacing apm-wrap\">\n<div class=\"apm-floatleft apm-wrap\">\n<h2>Brannveske for hund eller katt opptil 25 kg- R\u00f8mningsveske gjennom vindu eller balkongtau 15 m og karabinkrok inkludert<\/h2>\n<div class=\"apm-leftimage\"><img decoding=\"async\" class=\"a-spacing-mini alignleft\" src=\"https:\/\/m.media-amazon.com\/images\/S\/aplus-media\/sc\/12937edf-a97d-4a60-bf54-3b50b9ed8d44.__CR0,0,300,400_PT0_SX300_V1___.jpg\" alt=\"firebag 1\" data-src=\"https:\/\/m.media-amazon.com\/images\/S\/aplus-media\/sc\/12937edf-a97d-4a60-bf54-3b50b9ed8d44.__CR0,0,300,400_PT0_SX300_V1___.jpg\" \/><\/div>\n<div class=\"apm-rightthirdcol\">\n<div class=\"apm-rightthirdcol-inner\">\n<div class=\"amp-centerthirdcol-listbox\">\n<div class=\"apm-listbox amp-centerthirdcol-listbox a-box a-color-alternate-background a-spacing-small\">\n<div class=\"a-box-inner\">\n<div class=\"apm-listbox a-box a-color-alternate-background a-spacing-small\">\n<div class=\"a-box-inner\">\n<h3><\/h3>\n<h3 class=\"a-spacing-mini\">S\u00f8rg for at kj\u00e6ledyret ditt forblir trygt i tilfelle brann bryter ut!<\/h3>\n<h4 class=\"a-spacing-mini a-color-secondary a-text-italic\">Vi presenterer den ultimate n\u00f8dbrannevakueringsenheten for kj\u00e6ledyr, tilbudt av ISOP!<\/h4>\n<p>Bor du i 5. etasje og bekymrer deg for kj\u00e6ledyrets sikkerhet i tilfelle brann?<\/p>\n<p>Ville du sove bedre n\u00e5r du visste at kj\u00e6ledyret ditt trygt kunne r\u00f8mme utenfor bygningen?<\/p>\n<p>Denne brannvesken er laget i form av en ryggsekk, s\u00e5 i n\u00f8dstilfeller lar den deg plassere et kj\u00e6ledyr der, bare ta den p\u00e5 og l\u00f8pe ut eller senke den ned fra et vindu med et kraftig tau.<\/p>\n<p class=\"a-spacing-base\"><strong>Ta kj\u00e6ledyret ditt fra fare til sikkerhet i 3 trinn!<\/strong><\/p>\n<div class=\"amp-centerthirdcol-listbox\">\n<div class=\"a-box a-spacing-small a-color-alternate-background apm-listbox amp-centerthirdcol-listbox\">\n<div class=\"a-box-inner\">\n<ul class=\"a-unordered-list a-vertical\">\n<li>Brett ut n\u00f8dr\u00f8mningsanordningen<\/li>\n<li>Legg en pute inni og kj\u00e6ledyret ditt p\u00e5 den<\/li>\n<li>Senk posen med dets dyrebare innhold fra utsiden av bygningen, til bakken<\/li>\n<\/ul>\n<h4 class=\"a-color-secondary\">Uansett om du bor i 1. eller 5. etasje, kommer kj\u00e6ledyret ditt trygt til bakken, vekk fra livstruende brann og kvelende r\u00f8yk.<\/h4>\n<p>Du trenger ikke \u00e5 miste s\u00f8vn over kj\u00e6ledyrets sikkerhet lenger!<\/p>\n<p>Hos ISOP har vi lenge tilbudt deg det beste innen r\u00f8mningsutstyr. V\u00e5re r\u00f8mningsstiger, brannposer har gitt oss tilliten til v\u00e5re verdifulle kunder.<\/p>\n<p>Hvorfor velge ISOP Fire Emergency Escape Bag?<\/p>\n<p>Kommer med det 15 m GRATIS tunge tauet<br \/>\nFlott for hjem opp til 5. etasje<br \/>\nStor PVC-belagt nettingfront for bedre luftstr\u00f8m<br \/>\nEnkel \u00e5 oppbevare i den praktiske oppbevaringsvesken<br \/>\nKompletter ditt n\u00f8dverkt\u00f8ysett!<br \/>\nAnbefalt for kj\u00e6ledyr opptil 25 kg.<\/p>\n<p>DIMENSJONER : 48\/47\/25 cm SE VIDEO OM VEKT KAPASITET. 34 kg TEST<\/p>\n<\/div>\n<\/div>\n<\/div>\n<\/div>\n<\/div>\n<p>Finnes ogs\u00e5 i <a href=\"https:\/\/isopllc.com\/no\/product\/romningsveske-til-kjaeledyr-opptil-50-kg\/\"><strong>stor st\u00f8rrelse.<\/strong><\/a><\/p>\n<\/div>\n<\/div>\n<\/div>\n<\/div>\n<\/div>\n<\/div>\n<\/div>\n<\/div>\n<\/div>\n<\/div>\n<\/div>\n","protected":false},"excerpt":{"rendered":"[embed]https:\/\/youtu.be\/PlpP86TtDgo?si=hElEJs6VJYmTaBSO[\/embed]\n<p style=\"text-align: center\">Brannveske for hund eller katt opptil 25 kg- R\u00f8mningsveske gjennom vindu eller balkongtau 15 m og karabinkrok inkludert<\/p>\n<p style=\"text-align: center\">GRATIS LEVERING INNEN 3-7 DAGER<\/p>\n<p style=\"text-align: center\"><strong>KJ\u00d8P DEN P\u00c5<\/strong><\/p>\n<p><a href=\"https:\/\/www.amazon.com\/ISOP-Fire-Evacuation-Device-Pounds\/dp\/B07RQH4NNR\/?maas=maas_adg_3D7A48D47A61D55A73ED8A5110701D66_afap_abs&amp;ref_=aa_maas&amp;ref=sr_1_1&amp;dchild=1&amp;keywords=fire+escape+for+pets&amp;qid=1600243715&amp;sr=8-1\"><img loading=\"lazy\" decoding=\"async\" class=\"wp-image-1040 size-full aligncenter\" src=\"https:\/\/rightfoodonly.com\/wp-content\/uploads\/amazon-button9.png\" alt=\"\" width=\"160\" height=\"59\" \/><\/a><\/p>\n<p>&nbsp;<\/p>\n","protected":false},"featured_media":4146,"comment_status":"open","ping_status":"closed","template":"","meta":[],"product_brand":[],"product_cat":[72,68],"product_tag":[179,176,178,180,80,81],"class_list":{"0":"post-1296","1":"product","2":"type-product","3":"status-publish","4":"has-post-thumbnail","6":"product_cat-brann-romning-for-kjaeledyr","7":"product_cat-tilbehor-til-brannstiger","8":"product_tag-evakuering","9":"product_tag-kjaeledyr","10":"product_tag-nodutrymning","11":"product_tag-pose","12":"product_tag-redningsutstyr","13":"product_tag-sikkerhet","15":"first","16":"instock","17":"shipping-taxable","18":"purchasable","19":"product-type-variable"},"_links":{"self":[{"href":"https:\/\/isopllc.com\/no\/wp-json\/wp\/v2\/product\/1296","targetHints":{"allow":["GET"]}}],"collection":[{"href":"https:\/\/isopllc.com\/no\/wp-json\/wp\/v2\/product"}],"about":[{"href":"https:\/\/isopllc.com\/no\/wp-json\/wp\/v2\/types\/product"}],"replies":[{"embeddable":true,"href":"https:\/\/isopllc.com\/no\/wp-json\/wp\/v2\/comments?post=1296"}],"wp:featuredmedia":[{"embeddable":true,"href":"https:\/\/isopllc.com\/no\/wp-json\/wp\/v2\/media\/4146"}],"wp:attachment":[{"href":"https:\/\/isopllc.com\/no\/wp-json\/wp\/v2\/media?parent=1296"}],"wp:term":[{"taxonomy":"product_brand","embeddable":true,"href":"https:\/\/isopllc.com\/no\/wp-json\/wp\/v2\/product_brand?post=1296"},{"taxonomy":"product_cat","embeddable":true,"href":"https:\/\/isopllc.com\/no\/wp-json\/wp\/v2\/product_cat?post=1296"},{"taxonomy":"product_tag","embeddable":true,"href":"https:\/\/isopllc.com\/no\/wp-json\/wp\/v2\/product_tag?post=1296"}],"curies":[{"name":"wp","href":"https:\/\/api.w.org\/{rel}","templated":true}]}}