{"id":1485,"date":"2020-02-06T03:02:39","date_gmt":"2020-02-06T03:02:39","guid":{"rendered":"https:\/\/rightfoodonly.com\/?post_type=product&#038;p=1485"},"modified":"2025-01-04T16:12:22","modified_gmt":"2025-01-04T16:12:22","slug":"taustige-5-m-innendors-utendors-stiger","status":"publish","type":"product","link":"https:\/\/isopllc.com\/no\/product\/taustige-5-m-innendors-utendors-stiger\/","title":{"rendered":"Taustige 5 m &#8211; Innend\u00f8rs \/ utend\u00f8rs stiger"},"content":{"rendered":"<div class=\"celwidget aplus-module module-12 aplus-standard\">\n<div class=\"a-expander-collapsed-height a-row a-expander-container a-expander-partial-collapse-container\" data-a-expander-name=\"aplus-module-expander\" data-a-expander-collapsed-height=\"360\">\n<div class=\"a-expander-content a-expander-partial-collapse-content\" aria-expanded=\"false\">\n<div class=\"aplus-module-wrapper apm-spacing apm-floatnone apm-fixed-width\">\n<div class=\"apm-sidemodule aplus-module-content\">\n<div class=\"apm-hero-image\"><img decoding=\"async\" class=\"\" src=\"https:\/\/m.media-amazon.com\/images\/S\/aplus-media-library-service-media\/457e6e1d-a1e0-497d-88f9-a6faa4bac038.__CR0,0,970,300_PT0_SX970_V1___.jpg\" alt=\"back\" data-src=\"https:\/\/m.media-amazon.com\/images\/S\/aplus-media-library-service-media\/457e6e1d-a1e0-497d-88f9-a6faa4bac038.__CR0,0,970,300_PT0_SX970_V1___.jpg\" \/><\/div>\n<div class=\"textright apm-hero-text\">\n<h2 style=\"text-align: center;\">Taustige 5 m &#8211; Innend\u00f8rs \/ utend\u00f8rs stiger for hus, trehus, lekeplass og klatring &#8211; Tilbeh\u00f8r til huskestativ med fj\u00e6rkroker for barn og voksne &#8211; Slitesterk<\/h2>\n<\/div>\n<\/div>\n<\/div>\n<div><\/div>\n<\/div>\n<\/div>\n<\/div>\n<div class=\"celwidget aplus-module module-9 aplus-standard\">\n<div class=\"a-expander-collapsed-height a-row a-expander-container a-expander-partial-collapse-container\" data-a-expander-name=\"aplus-module-expander\" data-a-expander-collapsed-height=\"700\">\n<div class=\"a-expander-content a-expander-partial-collapse-content\" aria-expanded=\"false\">\n<div class=\"aplus-module-wrapper apm-fixed-width\">\n<div class=\"apm-spacing apm-fixed-width\">\n<h3 class=\"a-spacing-small\">Hvorfor velge oss?<\/h3>\n<div class=\"celwidget aplus-module module-9 aplus-standard\">\n<div class=\"a-expander-collapsed-height a-row a-expander-container a-expander-partial-collapse-container\" data-a-expander-name=\"aplus-module-expander\" data-a-expander-collapsed-height=\"700\">\n<div class=\"a-expander-content a-expander-partial-collapse-content\" aria-expanded=\"false\">\n<div class=\"aplus-module-wrapper apm-fixed-width\">\n<div class=\"apm-spacing apm-fixed-width\">\n<p>&nbsp;<\/p>\n<\/div>\n<p><img decoding=\"async\" class=\"a-spacing-mini\" src=\"https:\/\/m.media-amazon.com\/images\/S\/aplus-media-library-service-media\/96f29836-3f2d-402a-bb0b-6e9fa7f62415.__CR0,0,300,300_PT0_SX300_V1___.jpg\" alt=\"reflective technology\" data-src=\"https:\/\/m.media-amazon.com\/images\/S\/aplus-media-library-service-media\/96f29836-3f2d-402a-bb0b-6e9fa7f62415.__CR0,0,300,300_PT0_SX300_V1___.jpg\" \/><\/p>\n<h4 class=\"a-spacing-mini\">Patentert reflekterende teknologi<\/h4>\n<p>Denne stigen er designet med tanke p\u00e5 bekvemmelighet og tilgjengelighet.<\/p>\n<p>En spesiell reflekterende stripe vevd inn i disse nylontauene gj\u00f8r den godt synlig i lommelyktens str\u00e5le slik at du ikke snubler over den om natten.<\/p>\n<p><img decoding=\"async\" class=\"a-spacing-mini\" src=\"https:\/\/m.media-amazon.com\/images\/S\/aplus-media-library-service-media\/811fc784-e602-432e-9106-11c40b5fca8f.__CR0,0,1000,1000_PT0_SX300_V1___.jpg\" alt=\"reinforced rung cap\" data-src=\"https:\/\/m.media-amazon.com\/images\/S\/aplus-media-library-service-media\/811fc784-e602-432e-9106-11c40b5fca8f.__CR0,0,1000,1000_PT0_SX300_V1___.jpg\" \/><\/p>\n<h4 class=\"a-spacing-mini\" style=\"text-align: center;\">Forsterkede trinnkapper<\/h4>\n<p style=\"text-align: center;\">Capsene v\u00e5re er tykkere, st\u00f8rre og mer robuste. Som praksis har vist, bryter disse trinnene under vekt nettopp p\u00e5 disse stedene, derfor er forsterkede hetter uunnv\u00e6rlige for lang og sikker bruk av stiger.<\/p>\n<p><img decoding=\"async\" class=\"a-spacing-mini\" src=\"https:\/\/m.media-amazon.com\/images\/S\/aplus-media-library-service-media\/ee031fb3-8354-45bf-b886-4886ca25315d.__CR0,0,300,300_PT0_SX300_V1___.jpg\" alt=\"ULTRA POWEFUL\" data-src=\"https:\/\/m.media-amazon.com\/images\/S\/aplus-media-library-service-media\/ee031fb3-8354-45bf-b886-4886ca25315d.__CR0,0,300,300_PT0_SX300_V1___.jpg\" \/><\/p>\n<h4 class=\"a-spacing-mini\" style=\"text-align: center;\">ULTRA kraftig<\/h4>\n<p style=\"text-align: center;\">Det finnes ingen sterkere og mer p\u00e5litelige stiger enn v\u00e5r, (testet!) &#8211; som t\u00e5ler 1100 kg eller 10 personer! Selv kjedestiger kan ikke skryte av denne vektkapasiteten.<\/p>\n<p><img decoding=\"async\" class=\"a-spacing-mini\" src=\"https:\/\/m.media-amazon.com\/images\/S\/aplus-media-library-service-media\/e57341ff-e0dd-4def-b5a2-66d1fca6769e.__CR0,0,300,300_PT0_SX300_V1___.jpg\" alt=\"the ladders include chrome plated carabiners breaking strength 11KN\" data-src=\"https:\/\/m.media-amazon.com\/images\/S\/aplus-media-library-service-media\/e57341ff-e0dd-4def-b5a2-66d1fca6769e.__CR0,0,300,300_PT0_SX300_V1___.jpg\" \/><\/p>\n<h4 class=\"a-spacing-mini\" style=\"text-align: center;\">Kraftige karabinkroker<\/h4>\n<p style=\"text-align: center;\">Stiger inkluderer krombelagte karabiner med bruddstyrke 11KN.<\/p>\n<p><img decoding=\"async\" class=\"a-spacing-mini\" src=\"https:\/\/m.media-amazon.com\/images\/S\/aplus-media\/sc\/66906d66-df90-4038-8550-d72faf80c38f.__CR0,0,1200,1200_PT0_SX300_V1___.jpg\" alt=\"Multifunction\" data-src=\"https:\/\/m.media-amazon.com\/images\/S\/aplus-media\/sc\/66906d66-df90-4038-8550-d72faf80c38f.__CR0,0,1200,1200_PT0_SX300_V1___.jpg\" \/><\/p>\n<h4 class=\"a-spacing-mini\" style=\"text-align: center;\">Multifunksjon<\/h4>\n<p style=\"text-align: center;\">Kan brukes til ulike form\u00e5l som lekeplass, husker, trehytte, loft, hage, tak, loft, bunker, marine og til og med dekorative form\u00e5l, samt r\u00f8mningsstige. Uendelig variasjon av bruksmuligheter.<\/p>\n<p><img decoding=\"async\" class=\"a-spacing-mini\" src=\"https:\/\/m.media-amazon.com\/images\/S\/aplus-media\/sc\/a53251f8-492d-40f3-a9db-2bdd1415646f.__CR1018,0,1260,1260_PT0_SX300_V1___.png\" alt=\"anti-slip\" data-src=\"https:\/\/m.media-amazon.com\/images\/S\/aplus-media\/sc\/a53251f8-492d-40f3-a9db-2bdd1415646f.__CR1018,0,1260,1260_PT0_SX300_V1___.png\" \/><\/p>\n<h4 class=\"a-spacing-mini\" style=\"text-align: center;\">Anti-skli trinn<\/h4>\n<p style=\"text-align: center;\">Trinnene er \u00e5ttekantede, s\u00e5 de er p\u00e5litelige og ikke glatte.<\/p>\n<p><img decoding=\"async\" class=\"a-spacing-mini\" src=\"https:\/\/m.media-amazon.com\/images\/S\/aplus-media-library-service-media\/1657651a-3b04-4f8f-8300-ddb668ab5476.__CR0,0,400,400_PT0_SX300_V1___.jpg\" alt=\"Lightweight\" data-src=\"https:\/\/m.media-amazon.com\/images\/S\/aplus-media-library-service-media\/1657651a-3b04-4f8f-8300-ddb668ab5476.__CR0,0,400,400_PT0_SX300_V1___.jpg\" \/><\/p>\n<div class=\"apm-spacing apm-fixed-width\">\n<h4 class=\"a-spacing-mini\" style=\"text-align: center;\">Lett<\/h4>\n<p style=\"text-align: center;\">For eksempel veier 2.5 m bare 2 kg.<\/p>\n<p><img decoding=\"async\" class=\"a-spacing-mini\" src=\"https:\/\/m.media-amazon.com\/images\/S\/aplus-media-library-service-media\/4e4268ea-f325-4435-a292-29bd7abd9c01.__CR0,0,400,400_PT0_SX300_V1___.jpg\" alt=\"Weather resistant\" data-src=\"https:\/\/m.media-amazon.com\/images\/S\/aplus-media-library-service-media\/4e4268ea-f325-4435-a292-29bd7abd9c01.__CR0,0,400,400_PT0_SX300_V1___.jpg\" \/><\/p>\n<h4 class=\"a-spacing-mini\" style=\"text-align: center;\">V\u00e6rbestandig<\/h4>\n<p style=\"text-align: center;\">Nesten aldri aldring stiger for all slags v\u00e6r, kan ikke bli skadet i regnet.<\/p>\n<p><img decoding=\"async\" class=\"a-spacing-mini\" src=\"https:\/\/m.media-amazon.com\/images\/S\/aplus-media-library-service-media\/2b946128-4652-4d13-abea-6ac4f59b6e56.__CR0,0,300,300_PT0_SX300_V1___.jpg\" alt=\"Flame resistant\" data-src=\"https:\/\/m.media-amazon.com\/images\/S\/aplus-media-library-service-media\/2b946128-4652-4d13-abea-6ac4f59b6e56.__CR0,0,300,300_PT0_SX300_V1___.jpg\" \/><\/p>\n<h4 class=\"a-spacing-mini\" style=\"text-align: center;\">Flammebestandig<\/h4>\n<p style=\"text-align: center;\">Spesiell ikke-brennbar sammensetning av fibre gj\u00f8r at stigen t\u00e5ler brann i noen tid, men vi anbefaler likevel ikke \u00e5 bruke den i direkte brann.<\/p>\n<p><img decoding=\"async\" class=\"a-spacing-mini\" src=\"https:\/\/m.media-amazon.com\/images\/S\/aplus-media-library-service-media\/7ea4637f-e804-413f-ac03-996786e67981.__CR0,0,300,300_PT0_SX300_V1___.jpg\" alt=\"Reusable\" data-src=\"https:\/\/m.media-amazon.com\/images\/S\/aplus-media-library-service-media\/7ea4637f-e804-413f-ac03-996786e67981.__CR0,0,300,300_PT0_SX300_V1___.jpg\" \/><\/p>\n<h4 class=\"a-spacing-mini\" style=\"text-align: center;\">Gjenbrukbare<\/h4>\n<p style=\"text-align: center;\">I motsetning til andre aluminiumsstiger er v\u00e5re taustiger gjenbrukbare.<\/p>\n<p style=\"text-align: center;\"><img decoding=\"async\" class=\"a-spacing-mini\" src=\"https:\/\/m.media-amazon.com\/images\/S\/aplus-media\/sc\/d843778e-92b5-40e7-a239-8e35fcbadff6.__CR0,0,2000,2000_PT0_SX300_V1___.jpg\" alt=\"Different length \" data-src=\"https:\/\/m.media-amazon.com\/images\/S\/aplus-media\/sc\/d843778e-92b5-40e7-a239-8e35fcbadff6.__CR0,0,2000,2000_PT0_SX300_V1___.jpg\" \/><\/p>\n<\/div>\n<\/div>\n<\/div>\n<\/div>\n<\/div>\n<div class=\"celwidget aplus-module module-9 aplus-standard\">\n<div class=\"a-expander-collapsed-height a-row a-expander-container a-expander-partial-collapse-container\" data-a-expander-name=\"aplus-module-expander\" data-a-expander-collapsed-height=\"700\">\n<div class=\"a-expander-content a-expander-partial-collapse-content\" aria-expanded=\"false\">\n<h4 class=\"a-spacing-mini\" style=\"text-align: center;\">Ulik lengde<\/h4>\n<p style=\"text-align: center;\">Tilgjengelig 2,5 \/ 4 \/ 5 \/ 7,5 \/ 10 m for 1 &#8211; 4 etasjers hus.<\/p>\n<\/div>\n<\/div>\n<\/div>\n<div class=\"celwidget aplus-module module-9 aplus-standard\">\n<div class=\"a-expander-collapsed-height a-row a-expander-container a-expander-partial-collapse-container\" data-a-expander-name=\"aplus-module-expander\" data-a-expander-collapsed-height=\"700\">\n<div class=\"a-expander-content a-expander-partial-collapse-content\" aria-expanded=\"false\">\n<div class=\"aplus-module-wrapper apm-fixed-width\">\n<div class=\"apm-spacing apm-fixed-width\"><img decoding=\"async\" class=\"a-spacing-mini\" src=\"https:\/\/m.media-amazon.com\/images\/S\/aplus-media-library-service-media\/7e929cf8-7d43-486b-bf09-23dd5b161d01.__CR0,0,300,300_PT0_SX300_V1___.jpg\" alt=\"THE BEST\" data-src=\"https:\/\/m.media-amazon.com\/images\/S\/aplus-media-library-service-media\/7e929cf8-7d43-486b-bf09-23dd5b161d01.__CR0,0,300,300_PT0_SX300_V1___.jpg\" \/><\/div>\n<div><\/div>\n<\/div>\n<div>\n<h4 class=\"a-spacing-mini\" style=\"text-align: center;\">DEN BESTE<\/h4>\n<p style=\"text-align: center;\">Det finnes andre taustigetilbud som ligner p\u00e5 v\u00e5rt. MEN (!) de fletter ikke nok tr\u00e5der inn i tauene og sparer p\u00e5 dette, derfor er tauene utilstrekkelig tette eller tette, derfor er de ikke p\u00e5litelige.<\/p>\n<\/div>\n<\/div>\n<\/div>\n<\/div>\n<\/div>\n<\/div>\n<\/div>\n<\/div>\n<\/div>\n<div class=\"celwidget aplus-module module-7 aplus-standard\">\n<div class=\"a-expander-collapsed-height a-row a-expander-container a-expander-partial-collapse-container\" data-a-expander-name=\"aplus-module-expander\" data-a-expander-collapsed-height=\"700\">\n<div class=\"a-expander-content a-expander-partial-collapse-content\" aria-expanded=\"false\">\n<div class=\"aplus-module-wrapper apm-fixed-width\">\n<div class=\"apm-spacing apm-wrap\">\n<h3 class=\"a-spacing-small\" style=\"text-align: center;\">Vi introduserer den ultimate klatretrappen for trehus, laget av ISOP<\/h3>\n<div class=\"apm-floatleft apm-wrap\">\n<div class=\"apm-leftimage\"><img decoding=\"async\" class=\"a-spacing-mini\" src=\"https:\/\/m.media-amazon.com\/images\/S\/aplus-media-library-service-media\/d3f94ada-5648-4aa6-8f4e-7221def71127.__CR0,0,300,300_PT0_SX300_V1___.jpg\" alt=\"Durable &amp; made to last long years\" data-src=\"https:\/\/m.media-amazon.com\/images\/S\/aplus-media-library-service-media\/d3f94ada-5648-4aa6-8f4e-7221def71127.__CR0,0,300,300_PT0_SX300_V1___.jpg\" \/><\/div>\n<div class=\"apm-rightthirdcol\">\n<div class=\"apm-rightthirdcol-inner\">\n<div class=\"a-section\">\n<ul class=\"a-unordered-list a-vertical\">\n<li>Materialer: Nylontau, forsterket med harpiks<\/li>\n<li>Lengde: 4,5 m<\/li>\n<li>Bredde: 30 cm<\/li>\n<li>Maksimal lastekapasitet: 1100 kg<\/li>\n<li>Karabinkroker: 11kN<\/li>\n<\/ul>\n<\/div>\n<h5>Funksjoner og fordeler:<\/h5>\n<ul class=\"a-unordered-list a-vertical\">\n<li>Morsom rekvisitt bidrar til \u00e5 nyte kvalitetstid med barna<\/li>\n<li>Kan brukes innend\u00f8rs og utend\u00f8rs<\/li>\n<li>Premium nylonstropper &#8211; vannavst\u00f8tende og sklisikre<\/li>\n<li>Heavy Duty karabinkroker gir rask installasjon og enkel forankring<\/li>\n<li>Bidrar til \u00e5 forbedre barnets fysiske styrke, mentale evner og motoriske ferdigheter<\/li>\n<li>Forsterkede trinn gir ekstra holdbarhet<\/li>\n<li>Enkel \u00e5 bruke &#8211; krever ingen verkt\u00f8y<\/li>\n<li>Lett vekt og b\u00e6rbar<\/li>\n<li>Kompakt for enkel oppbevaring<\/li>\n<li>Kommer i stilig sort bag &amp; boks med h\u00e5ndtak og n\u00f8dvendige karabinkroker<\/li>\n<\/ul>\n<\/div>\n<\/div>\n<\/div>\n<\/div>\n<\/div>\n<\/div>\n<\/div>\n<\/div>\n","protected":false},"excerpt":{"rendered":"[embed]https:\/\/youtu.be\/y6uBOcorizY?si=78whIs5GNEmdi7Un[\/embed]\n<p style=\"text-align: center;\">Taustige 5 m &#8211; Innend\u00f8rs \/ utend\u00f8rs stiger for hus, trehus, lekeplass og klatring &#8211; Tilbeh\u00f8r til huskestativ med fj\u00e6rkroker for barn og voksne &#8211; Slitesterk<\/p>\n<p style=\"text-align: center;\">GRATIS LEVERING INNEN 3-7 DAGER<\/p>\n<h4 style=\"text-align: center;\"><strong>KJ\u00d8P DEN P\u00c5<\/strong><\/h4>\n<p><a href=\"https:\/\/www.amazon.com\/ISOP-Indoor-Outdoor-Rope-Ladder\/dp\/B07N8MNG5J\/?maas=maas_adg_A73BB2BCE26A978D8144D29BE073DFE7_afap_abs&amp;ref_=aa_maas&amp;ref=sr_1_1&amp;dchild=1&amp;keywords=Exercise%20Rope%20Ladder&amp;qid=1627538648&amp;sr=8-1\"><img loading=\"lazy\" decoding=\"async\" class=\"wp-image-1040 size-full aligncenter\" src=\"https:\/\/rightfoodonly.com\/wp-content\/uploads\/amazon-button9.png\" alt=\"\" width=\"160\" height=\"59\" \/><\/a><\/p>\n<p>&nbsp;<\/p>\n","protected":false},"featured_media":5062,"comment_status":"open","ping_status":"closed","template":"","meta":[],"product_brand":[],"product_cat":[69,31,65],"product_tag":[98,79,80,81,96,200],"class_list":{"0":"post-1485","1":"product","2":"type-product","3":"status-publish","4":"has-post-thumbnail","6":"product_cat-brann-romningsstiger-for-2-etasjer","7":"product_cat-taustiger-brann-flukt","8":"product_cat-veggmonterte-stiger","9":"product_tag-brannstige","10":"product_tag-nodutgang","11":"product_tag-redningsutstyr","12":"product_tag-sikkerhet","13":"product_tag-taustige","14":"product_tag-trehytte","16":"first","17":"instock","18":"shipping-taxable","19":"purchasable","20":"product-type-simple"},"_links":{"self":[{"href":"https:\/\/isopllc.com\/no\/wp-json\/wp\/v2\/product\/1485","targetHints":{"allow":["GET"]}}],"collection":[{"href":"https:\/\/isopllc.com\/no\/wp-json\/wp\/v2\/product"}],"about":[{"href":"https:\/\/isopllc.com\/no\/wp-json\/wp\/v2\/types\/product"}],"replies":[{"embeddable":true,"href":"https:\/\/isopllc.com\/no\/wp-json\/wp\/v2\/comments?post=1485"}],"wp:featuredmedia":[{"embeddable":true,"href":"https:\/\/isopllc.com\/no\/wp-json\/wp\/v2\/media\/5062"}],"wp:attachment":[{"href":"https:\/\/isopllc.com\/no\/wp-json\/wp\/v2\/media?parent=1485"}],"wp:term":[{"taxonomy":"product_brand","embeddable":true,"href":"https:\/\/isopllc.com\/no\/wp-json\/wp\/v2\/product_brand?post=1485"},{"taxonomy":"product_cat","embeddable":true,"href":"https:\/\/isopllc.com\/no\/wp-json\/wp\/v2\/product_cat?post=1485"},{"taxonomy":"product_tag","embeddable":true,"href":"https:\/\/isopllc.com\/no\/wp-json\/wp\/v2\/product_tag?post=1485"}],"curies":[{"name":"wp","href":"https:\/\/api.w.org\/{rel}","templated":true}]}}