{"id":1489,"date":"2020-02-06T04:57:10","date_gmt":"2020-02-06T04:57:10","guid":{"rendered":"https:\/\/rightfoodonly.com\/?post_type=product&#038;p=1489"},"modified":"2025-01-04T16:07:36","modified_gmt":"2025-01-04T16:07:36","slug":"klatretaustige-7-5-m-med-11kn-karabinkroker","status":"publish","type":"product","link":"https:\/\/isopllc.com\/no\/product\/klatretaustige-7-5-m-med-11kn-karabinkroker\/","title":{"rendered":"Klatretaustige 7.5 m med 11KN karabinkroker"},"content":{"rendered":"<h2 style=\"text-align: center;\">Klatretaustige 7.5 m med 11KN karabinkroker | Lekeplass og huskesett<\/h2>\n<div class=\"celwidget aplus-module module-9\" style=\"text-align: center;\" data-csa-c-id=\"8qdekw-f2p4k0-r9icce-qoj6p0\" data-cel-widget=\"aplus-module-9\">\n<div class=\"a-expander-collapsed-height a-row a-expander-container a-expander-partial-collapse-container\" aria-live=\"polite\" data-a-expander-name=\"aplus-module-expander\" data-a-expander-collapsed-height=\"700\">\n<div class=\"a-expander-content a-expander-partial-collapse-content\" aria-expanded=\"false\">\n<div class=\"aplus-module-wrapper\"><\/div>\n<\/div>\n<\/div>\n<\/div>\n<div class=\"celwidget aplus-module module-4\" style=\"text-align: center;\" data-csa-c-id=\"r0jyvc-byof08-6y9606-vmksqx\" data-cel-widget=\"aplus-module-4\">\n<div class=\"a-expander-collapsed-height a-row a-expander-container a-expander-partial-collapse-container\" aria-live=\"polite\" data-a-expander-name=\"aplus-module-expander\" data-a-expander-collapsed-height=\"700\">\n<div class=\"a-expander-content a-expander-partial-collapse-content\" aria-expanded=\"false\">\n<div class=\"amp-centerthirdcol-listbox\">\n<div class=\"a-box a-spacing-small a-color-alternate-background apm-listbox amp-centerthirdcol-listbox\">\n<div class=\"a-box-inner\">\n<div class=\"celwidget aplus-module module-2 aplus-standard\">\n<div class=\"a-expander-collapsed-height a-row a-expander-container a-expander-partial-collapse-container\" data-a-expander-name=\"aplus-module-expander\" data-a-expander-collapsed-height=\"700\">\n<div class=\"a-expander-content a-expander-partial-collapse-content\" aria-expanded=\"false\">\n<div class=\"aplus-module-wrapper apm-floatnone apm-fixed-width\">\n<div class=\"apm-sidemodule apm-spacing\">\n<div class=\"apm-sidemodule-textright\">\n<div class=\"celwidget aplus-module module-12 aplus-standard\">\n<div class=\"a-expander-collapsed-height a-row a-expander-container a-expander-partial-collapse-container\" data-a-expander-name=\"aplus-module-expander\" data-a-expander-collapsed-height=\"360\">\n<div class=\"a-expander-content a-expander-partial-collapse-content\" aria-expanded=\"false\">\n<div class=\"aplus-module-wrapper apm-spacing apm-floatnone apm-fixed-width\">\n<div class=\"apm-sidemodule aplus-module-content\">\n<div class=\"apm-hero-image\"><img decoding=\"async\" class=\"\" src=\"https:\/\/m.media-amazon.com\/images\/S\/aplus-media-library-service-media\/457e6e1d-a1e0-497d-88f9-a6faa4bac038.__CR0,0,970,300_PT0_SX970_V1___.jpg\" alt=\"back\" data-src=\"https:\/\/m.media-amazon.com\/images\/S\/aplus-media-library-service-media\/457e6e1d-a1e0-497d-88f9-a6faa4bac038.__CR0,0,970,300_PT0_SX970_V1___.jpg\" \/><\/div>\n<div class=\"textright apm-hero-text\"><\/div>\n<\/div>\n<\/div>\n<div><\/div>\n<\/div>\n<\/div>\n<\/div>\n<div class=\"celwidget aplus-module module-9 aplus-standard\">\n<div class=\"a-expander-collapsed-height a-row a-expander-container a-expander-partial-collapse-container\" data-a-expander-name=\"aplus-module-expander\" data-a-expander-collapsed-height=\"700\">\n<div class=\"a-expander-content a-expander-partial-collapse-content\" aria-expanded=\"false\">\n<div class=\"aplus-module-wrapper apm-fixed-width\">\n<div class=\"apm-spacing apm-fixed-width\">\n<div class=\"celwidget aplus-module module-9 aplus-standard\">\n<div class=\"a-expander-collapsed-height a-row a-expander-container a-expander-partial-collapse-container\" data-a-expander-name=\"aplus-module-expander\" data-a-expander-collapsed-height=\"700\">\n<div class=\"a-expander-content a-expander-partial-collapse-content\" aria-expanded=\"false\">\n<div class=\"aplus-module-wrapper apm-fixed-width\">\n<div class=\"apm-spacing apm-fixed-width\">\n<div class=\"celwidget aplus-module module-9 aplus-standard\">\n<div class=\"a-expander-collapsed-height a-row a-expander-container a-expander-partial-collapse-container\" data-a-expander-name=\"aplus-module-expander\" data-a-expander-collapsed-height=\"700\">\n<div class=\"a-expander-content a-expander-partial-collapse-content\" aria-expanded=\"false\">\n<div class=\"aplus-module-wrapper apm-fixed-width\">\n<div class=\"apm-spacing apm-fixed-width\">\n<h3 class=\"a-spacing-small\" style=\"text-align: center;\">Hvorfor velge oss?<\/h3>\n<p><img loading=\"lazy\" decoding=\"async\" class=\"alignnone wp-image-4785\" src=\"https:\/\/isopllc.com\/usa\/wp-content\/uploads\/sites\/4\/2022\/12\/reflective-rope-ladders.jpg\" alt=\"reflective rope ladder\" width=\"315\" height=\"420\" srcset=\"https:\/\/isopllc.com\/no\/wp-content\/uploads\/sites\/16\/2022\/12\/reflective-rope-ladders.jpg 1080w, https:\/\/isopllc.com\/no\/wp-content\/uploads\/sites\/16\/2022\/12\/reflective-rope-ladders-225x300.jpg 225w, https:\/\/isopllc.com\/no\/wp-content\/uploads\/sites\/16\/2022\/12\/reflective-rope-ladders-768x1024.jpg 768w\" sizes=\"auto, (max-width: 315px) 100vw, 315px\" \/><\/p>\n<h4 style=\"text-align: center;\">Patentert reflekterende teknologi<\/h4>\n<p style=\"text-align: center;\">Denne stigen er designet med tanke p\u00e5 bekvemmelighet og tilgjengelighet.<\/p>\n<p style=\"text-align: center;\">En spesiell reflekterende stripe vevd inn i disse nylontauene gj\u00f8r den godt synlig i lommelyktens str\u00e5le slik at du ikke snubler over den om natten.<\/p>\n<p>&nbsp;<\/p>\n<p><img decoding=\"async\" class=\"a-spacing-mini\" style=\"font-weight: 600;\" src=\"https:\/\/m.media-amazon.com\/images\/S\/aplus-media-library-service-media\/811fc784-e602-432e-9106-11c40b5fca8f.__CR0,0,1000,1000_PT0_SX300_V1___.jpg\" alt=\"reinforced rung cap\" data-src=\"https:\/\/m.media-amazon.com\/images\/S\/aplus-media-library-service-media\/811fc784-e602-432e-9106-11c40b5fca8f.__CR0,0,1000,1000_PT0_SX300_V1___.jpg\" \/><\/p>\n<h3 style=\"text-align: center;\">Forsterkede trinnkapper<\/h3>\n<p style=\"text-align: center;\">Capsene v\u00e5re er tykkere, st\u00f8rre og mer robuste. Som praksis har vist, bryter disse trinnene under vekt nettopp p\u00e5 disse stedene, derfor er forsterkede hetter uunnv\u00e6rlige for lang og sikker bruk av stiger.<\/p>\n<p><img decoding=\"async\" class=\"a-spacing-mini\" src=\"https:\/\/m.media-amazon.com\/images\/S\/aplus-media-library-service-media\/ee031fb3-8354-45bf-b886-4886ca25315d.__CR0,0,300,300_PT0_SX300_V1___.jpg\" alt=\"ULTRA powerful\" data-src=\"https:\/\/m.media-amazon.com\/images\/S\/aplus-media-library-service-media\/ee031fb3-8354-45bf-b886-4886ca25315d.__CR0,0,300,300_PT0_SX300_V1___.jpg\" \/><\/p>\n<h3 style=\"text-align: center;\">ULTRA kraftig<\/h3>\n<p style=\"text-align: center;\">Det finnes ingen sterkere og mer p\u00e5litelige stiger enn v\u00e5r, (testet!) &#8211; som t\u00e5ler 1100 kg eller 10 personer! Selv kjedestiger kan ikke skryte av denne vektkapasiteten.<\/p>\n<p><img decoding=\"async\" class=\"a-spacing-mini\" src=\"https:\/\/m.media-amazon.com\/images\/S\/aplus-media-library-service-media\/bc1e91c0-b115-44b4-990c-a7895793b59d.__CR0,0,300,300_PT0_SX300_V1___.jpg\" alt=\"Multifunction\" data-src=\"https:\/\/m.media-amazon.com\/images\/S\/aplus-media-library-service-media\/bc1e91c0-b115-44b4-990c-a7895793b59d.__CR0,0,300,300_PT0_SX300_V1___.jpg\" \/><\/p>\n<h3 style=\"text-align: center;\">Multifunksjon<\/h3>\n<p style=\"text-align: center;\">Kan brukes til ulike form\u00e5l som lekeplass, husker, trehytte, loft, hage, tak, loft, bunker, marine og til og med dekorative form\u00e5l, samt r\u00f8mningsstige. Uendelig variasjon av bruksmuligheter.<\/p>\n<p><img decoding=\"async\" class=\"a-spacing-mini\" style=\"font-weight: 600;\" src=\"https:\/\/m.media-amazon.com\/images\/S\/aplus-media-library-service-media\/bc80a7dc-b932-4fc2-adca-aed45ac1c6ac.__CR624,184,1333,1333_PT0_SX300_V1___.jpg\" alt=\"Comes with carabiners &amp;amp; hooks\" data-src=\"https:\/\/m.media-amazon.com\/images\/S\/aplus-media-library-service-media\/bc80a7dc-b932-4fc2-adca-aed45ac1c6ac.__CR624,184,1333,1333_PT0_SX300_V1___.jpg\" \/><\/p>\n<\/div>\n<\/div>\n<div>\n<h4 style=\"text-align: center;\">Kommer med karabinkroker og kroker<\/h4>\n<p style=\"text-align: center;\">4 og 7,5 m stiger inkluderer kroker for vinduskarmer og karabinkroker best for balkongbarer. Ved brann kan de brukes med b\u00e5de vinduer og balkonger. Ingen andre kan tilby begge alternativene.<\/p>\n<p><img decoding=\"async\" class=\"a-spacing-mini\" src=\"https:\/\/m.media-amazon.com\/images\/S\/aplus-media-library-service-media\/203d3d2c-f85b-4838-9f56-7019a0024609.__CR0,0,300,300_PT0_SX300_V1___.jpg\" alt=\"Anti-slip rungs\" data-src=\"https:\/\/m.media-amazon.com\/images\/S\/aplus-media-library-service-media\/203d3d2c-f85b-4838-9f56-7019a0024609.__CR0,0,300,300_PT0_SX300_V1___.jpg\" \/><\/p>\n<h4 class=\"a-spacing-mini\" style=\"text-align: center;\">Anti-skli trinn<\/h4>\n<p style=\"text-align: center;\">Trinnene er \u00e5ttekantede, s\u00e5 de er p\u00e5litelige og ikke glatte.<\/p>\n<p><img decoding=\"async\" class=\"a-spacing-mini\" style=\"font-weight: 600;\" src=\"https:\/\/m.media-amazon.com\/images\/S\/aplus-media-library-service-media\/7ce0017d-b8d6-405e-ade0-b0c46b673ee9.__CR0,0,300,300_PT0_SX300_V1___.jpg\" alt=\"Lightweight\" data-src=\"https:\/\/m.media-amazon.com\/images\/S\/aplus-media-library-service-media\/7ce0017d-b8d6-405e-ade0-b0c46b673ee9.__CR0,0,300,300_PT0_SX300_V1___.jpg\" \/><\/p>\n<h4 class=\"a-spacing-mini\" style=\"text-align: center;\">Lett<\/h4>\n<p style=\"text-align: center;\">For eksempel veier 2.5 m bare 2 kg.<\/p>\n<\/div>\n<\/div>\n<\/div>\n<\/div>\n<div class=\"celwidget aplus-module module-9 aplus-standard\">\n<div class=\"a-expander-collapsed-height a-row a-expander-container a-expander-partial-collapse-container\" data-a-expander-name=\"aplus-module-expander\" data-a-expander-collapsed-height=\"700\">\n<div class=\"a-expander-content a-expander-partial-collapse-content\" aria-expanded=\"false\">\n<div class=\"aplus-module-wrapper apm-fixed-width\">\n<div class=\"apm-spacing apm-fixed-width\"><img decoding=\"async\" class=\"a-spacing-mini\" style=\"font-weight: 600;\" src=\"https:\/\/m.media-amazon.com\/images\/S\/aplus-media-library-service-media\/4e4268ea-f325-4435-a292-29bd7abd9c01.__CR0,0,400,400_PT0_SX300_V1___.jpg\" alt=\"Weather resistant\" data-src=\"https:\/\/m.media-amazon.com\/images\/S\/aplus-media-library-service-media\/4e4268ea-f325-4435-a292-29bd7abd9c01.__CR0,0,400,400_PT0_SX300_V1___.jpg\" \/><\/div>\n<div>\n<h4 class=\"a-spacing-mini\" style=\"text-align: center;\">V\u00e6rbestandig<\/h4>\n<p style=\"text-align: center;\">Nesten aldri aldring stiger for all slags v\u00e6r, kan ikke bli skadet i regnet.<\/p>\n<p><img decoding=\"async\" class=\"a-spacing-mini\" style=\"font-weight: 600;\" src=\"https:\/\/m.media-amazon.com\/images\/S\/aplus-media-library-service-media\/e57341ff-e0dd-4def-b5a2-66d1fca6769e.__CR0,0,300,300_PT0_SX300_V1___.jpg\" alt=\"Heavy duty carabiners\" data-src=\"https:\/\/m.media-amazon.com\/images\/S\/aplus-media-library-service-media\/e57341ff-e0dd-4def-b5a2-66d1fca6769e.__CR0,0,300,300_PT0_SX300_V1___.jpg\" \/><\/p>\n<h3 style=\"text-align: center;\">Kraftige karabinkroker<\/h3>\n<p style=\"text-align: center;\">Stiger inkluderer krombelagte karabiner med bruddstyrke 11KN.<\/p>\n<p><img decoding=\"async\" class=\"a-spacing-mini\" src=\"https:\/\/m.media-amazon.com\/images\/S\/aplus-media-library-service-media\/7ea4637f-e804-413f-ac03-996786e67981.__CR0,0,300,300_PT0_SX300_V1___.jpg\" alt=\"Reusable\" data-src=\"https:\/\/m.media-amazon.com\/images\/S\/aplus-media-library-service-media\/7ea4637f-e804-413f-ac03-996786e67981.__CR0,0,300,300_PT0_SX300_V1___.jpg\" \/><\/p>\n<h3 style=\"text-align: center;\">Gjenbrukbare<\/h3>\n<p style=\"text-align: center;\">I motsetning til andre aluminiumsstiger er v\u00e5re taustiger gjenbrukbare.<\/p>\n<\/div>\n<\/div>\n<\/div>\n<div><img decoding=\"async\" class=\"a-spacing-mini\" style=\"font-weight: 600;\" src=\"https:\/\/m.media-amazon.com\/images\/S\/aplus-media\/sc\/afa873ae-4f45-42c7-bef1-e1440984b452.__CR321,0,1333,1333_PT0_SX300_V1___.jpg\" alt=\"Flame resistant\" data-src=\"https:\/\/m.media-amazon.com\/images\/S\/aplus-media\/sc\/afa873ae-4f45-42c7-bef1-e1440984b452.__CR321,0,1333,1333_PT0_SX300_V1___.jpg\" \/><\/div>\n<div><\/div>\n<\/div>\n<\/div>\n<div class=\"celwidget aplus-module module-9 aplus-standard\">\n<div class=\"a-expander-collapsed-height a-row a-expander-container a-expander-partial-collapse-container\" data-a-expander-name=\"aplus-module-expander\" data-a-expander-collapsed-height=\"700\">\n<div class=\"a-expander-content a-expander-partial-collapse-content\" aria-expanded=\"false\">\n<h3 style=\"text-align: center;\">Flammebestandig<\/h3>\n<p style=\"text-align: center;\">Spesiell ikke-brennbar sammensetning av fibre gj\u00f8r at stigen t\u00e5ler brann i noen tid, men vi anbefaler likevel ikke \u00e5 bruke den i direkte brann.<\/p>\n<p><img decoding=\"async\" class=\"a-spacing-mini\" style=\"font-weight: 600;\" src=\"https:\/\/m.media-amazon.com\/images\/S\/aplus-media\/sc\/2dac260a-e8d0-441c-9ba5-ebcab13c9f40.__CR0,0,2000,2000_PT0_SX300_V1___.jpg\" alt=\"Different length\" data-src=\"https:\/\/m.media-amazon.com\/images\/S\/aplus-media\/sc\/2dac260a-e8d0-441c-9ba5-ebcab13c9f40.__CR0,0,2000,2000_PT0_SX300_V1___.jpg\" \/><\/p>\n<h3 style=\"text-align: center;\">Ulik lengde<\/h3>\n<p style=\"text-align: center;\">Tilgjengelig 2,5\/4\/5\/7,5\/10 m for 1 &#8211; 5 etasjers hus.<\/p>\n<p><img decoding=\"async\" class=\"a-spacing-mini\" src=\"https:\/\/m.media-amazon.com\/images\/S\/aplus-media\/sc\/5728be22-391a-4b50-8edb-c02577e54e29.__CR0,0,1000,1000_PT0_SX300_V1___.jpg\" alt=\"Reusable\" data-src=\"https:\/\/m.media-amazon.com\/images\/S\/aplus-media\/sc\/5728be22-391a-4b50-8edb-c02577e54e29.__CR0,0,1000,1000_PT0_SX300_V1___.jpg\" \/><\/p>\n<h3 style=\"text-align: center;\">DEN BESTE<\/h3>\n<p>Det finnes andre taustigetilbud som ligner p\u00e5 v\u00e5rt. MEN (!) de fletter ikke nok tr\u00e5der inn i tauene og sparer p\u00e5 dette, derfor er tauene utilstrekkelig tette eller tette, derfor er de ikke p\u00e5litelige.<\/p>\n<\/div>\n<\/div>\n<\/div>\n<\/div>\n<\/div>\n<\/div>\n<\/div>\n<\/div>\n<div class=\"celwidget aplus-module module-9 aplus-standard\">\n<div class=\"a-expander-collapsed-height a-row a-expander-container a-expander-partial-collapse-container\" data-a-expander-name=\"aplus-module-expander\" data-a-expander-collapsed-height=\"700\">\n<div class=\"a-expander-content a-expander-partial-collapse-content\" aria-expanded=\"false\">\n<div><\/div>\n<\/div>\n<\/div>\n<\/div>\n<\/div>\n<\/div>\n<\/div>\n<\/div>\n<\/div>\n<div class=\"celwidget aplus-module module-9 aplus-standard\">\n<div class=\"a-expander-collapsed-height a-row a-expander-container a-expander-partial-collapse-container\" data-a-expander-name=\"aplus-module-expander\" data-a-expander-collapsed-height=\"700\">\n<div class=\"a-expander-content a-expander-partial-collapse-content\" aria-expanded=\"false\">\n<div><\/div>\n<\/div>\n<\/div>\n<\/div>\n<div class=\"celwidget aplus-module module-7 aplus-standard\">\n<div class=\"a-expander-collapsed-height a-row a-expander-container a-expander-partial-collapse-container\" data-a-expander-name=\"aplus-module-expander\" data-a-expander-collapsed-height=\"700\">\n<div class=\"a-expander-content a-expander-partial-collapse-content\" aria-expanded=\"false\">\n<div class=\"aplus-module-wrapper apm-fixed-width\">\n<div class=\"apm-spacing apm-wrap\">\n<h3 class=\"a-spacing-small\">Vi introduserer den ultimate klatretrappen for huskesett, laget av ISOP<\/h3>\n<div class=\"apm-floatleft apm-wrap\">\n<div class=\"apm-leftimage\"><img decoding=\"async\" class=\"a-spacing-mini\" src=\"https:\/\/m.media-amazon.com\/images\/S\/aplus-media-library-service-media\/d3f94ada-5648-4aa6-8f4e-7221def71127.__CR0,0,300,300_PT0_SX300_V1___.jpg\" alt=\"Durable &amp; made to last long years\" data-src=\"https:\/\/m.media-amazon.com\/images\/S\/aplus-media-library-service-media\/d3f94ada-5648-4aa6-8f4e-7221def71127.__CR0,0,300,300_PT0_SX300_V1___.jpg\" \/><\/div>\n<div class=\"apm-rightthirdcol\">\n<div class=\"apm-rightthirdcol-inner\">\n<div class=\"a-section\">\n<ul class=\"a-unordered-list a-vertical\">\n<li>1100 kg bruddstyrke<br \/>\nHoldbar og laget for \u00e5 vare i lange \u00e5r<\/li>\n<\/ul>\n<\/div>\n<h5>Vi vet at din families sikkerhet er din h\u00f8yeste prioritet<\/h5>\n<p>Vi har laget taustigen v\u00e5r av det mest robuste nylontauet, forsterket med harpiks og kommer med EKSTRA sterke 11KN karabinkroker, for \u00e5 lage din p\u00e5litelige r\u00f8mningsstige i tilfelle brann.<\/p>\n<p>Heng den utenfor vinduet og hjelp familien din trygt til bakken!<\/p>\n<\/div>\n<\/div>\n<div class=\"apm-centerthirdcol\">\n<h4 class=\"a-spacing-mini\">Gj\u00f8r deg klar for det mest forfriskende eventyret!<\/h4>\n<p>\u00d8nsker du \u00e5 komplettere lekeplassen eller trehytten din med et fascinerende leket\u00f8y?<\/p>\n<p>Vil du unne barna dine endel\u00f8se timer med klatring utend\u00f8rs eller innend\u00f8rs?<\/p>\n<p>Hva med en multifunksjonell tauklatrestige som ogs\u00e5 kan redde liv i n\u00f8dstilfeller?<\/p>\n<p>Spenn barna dine med en fengslende klatrestige og hjelp dem \u00e5 f\u00e5 mest mulig ut av leken!<\/p>\n<h5>3 forskjellige st\u00f8rrelser for alle dine behov. Velg din.<\/h5>\n<p class=\"a-spacing-base\">Flott for \u00e5 henge fra en tregren, en k\u00f8yeseng eller en trehytte, det er et leket\u00f8y sm\u00e5 barn aldri blir lei av. La dem nyte til det fulle i ferier, helgeturen eller lek gjerne hjemme.<\/p>\n<\/div>\n<\/div>\n<\/div>\n<\/div>\n<\/div>\n<\/div>\n<\/div>\n<\/div>\n<\/div>\n<\/div>\n<\/div>\n<\/div>\n<\/div>\n<\/div>\n<\/div>\n<\/div>\n<\/div>\n<\/div>\n<\/div>\n","protected":false},"excerpt":{"rendered":"[embed]https:\/\/youtu.be\/y6uBOcorizY?si=78whIs5GNEmdi7Un[\/embed]\n<p style=\"text-align: center;\">Klatretaustige 7.5 m med 11KN karabinkroker | Lekeplass og huskesett<\/p>\n<p style=\"text-align: center;\">GRATIS LEVERING INNEN 3-7 DAGER<\/p>\n<p style=\"text-align: center;\"><strong>KJ\u00d8P DEN P\u00c5<\/strong><\/p>\n<p><a href=\"https:\/\/www.amazon.de\/ISOP-Strickleiter-f%C3%BCr-Baumhausklettern-Karabinern\/dp\/B07X2PSG2D\/?maas=maas_adg_87442EF55A07393863F4D17716EF6D1C_afap_abs&amp;ref_=aa_maas&amp;ref=sr_1_1&amp;dchild=1&amp;keywords=Strickleiter&amp;qid=1600487460&amp;sr=8-1&amp;th=1\"><img loading=\"lazy\" decoding=\"async\" class=\"aligncenter wp-image-1040 size-full\" src=\"https:\/\/isopllc.com\/no\/wp-content\/uploads\/sites\/16\/2020\/01\/amazon-button9.png\" alt=\"\" width=\"160\" height=\"59\" \/><\/a><\/p>\n<p>&nbsp;<\/p>\n<p>&nbsp;<\/p>\n","protected":false},"featured_media":5061,"comment_status":"open","ping_status":"closed","template":"","meta":[],"product_brand":[],"product_cat":[70,31,65],"product_tag":[98,165,164,79,80,81],"class_list":{"0":"post-1489","1":"product","2":"type-product","3":"status-publish","4":"has-post-thumbnail","6":"product_cat-brann-romningsstiger-for-3-etasjer","7":"product_cat-taustiger-brann-flukt","8":"product_cat-veggmonterte-stiger","9":"product_tag-brannstige","10":"product_tag-karabinkroker","11":"product_tag-klatretaustige","12":"product_tag-nodutgang","13":"product_tag-redningsutstyr","14":"product_tag-sikkerhet","16":"first","17":"instock","18":"shipping-taxable","19":"purchasable","20":"product-type-simple"},"_links":{"self":[{"href":"https:\/\/isopllc.com\/no\/wp-json\/wp\/v2\/product\/1489","targetHints":{"allow":["GET"]}}],"collection":[{"href":"https:\/\/isopllc.com\/no\/wp-json\/wp\/v2\/product"}],"about":[{"href":"https:\/\/isopllc.com\/no\/wp-json\/wp\/v2\/types\/product"}],"replies":[{"embeddable":true,"href":"https:\/\/isopllc.com\/no\/wp-json\/wp\/v2\/comments?post=1489"}],"wp:featuredmedia":[{"embeddable":true,"href":"https:\/\/isopllc.com\/no\/wp-json\/wp\/v2\/media\/5061"}],"wp:attachment":[{"href":"https:\/\/isopllc.com\/no\/wp-json\/wp\/v2\/media?parent=1489"}],"wp:term":[{"taxonomy":"product_brand","embeddable":true,"href":"https:\/\/isopllc.com\/no\/wp-json\/wp\/v2\/product_brand?post=1489"},{"taxonomy":"product_cat","embeddable":true,"href":"https:\/\/isopllc.com\/no\/wp-json\/wp\/v2\/product_cat?post=1489"},{"taxonomy":"product_tag","embeddable":true,"href":"https:\/\/isopllc.com\/no\/wp-json\/wp\/v2\/product_tag?post=1489"}],"curies":[{"name":"wp","href":"https:\/\/api.w.org\/{rel}","templated":true}]}}