{"id":1501,"date":"2020-02-06T09:38:13","date_gmt":"2020-02-06T09:38:13","guid":{"rendered":"https:\/\/rightfoodonly.com\/?post_type=product&#038;p=1501"},"modified":"2025-01-04T15:49:25","modified_gmt":"2025-01-04T15:49:25","slug":"sikkerhetsbelte-med-hoftepute-klatresele","status":"publish","type":"product","link":"https:\/\/isopllc.com\/no\/product\/sikkerhetsbelte-med-hoftepute-klatresele\/","title":{"rendered":"Sikkerhetsbelte med Hoftepute &#8211; Klatresele"},"content":{"rendered":"<div class=\"celwidget aplus-module module-9\" data-cel-widget=\"aplus-module-9\">\n<div class=\"a-expander-collapsed-height a-row a-expander-container a-expander-partial-collapse-container\" data-a-expander-name=\"aplus-module-expander\" data-a-expander-collapsed-height=\"700\">\n<div class=\"a-expander-content a-expander-partial-collapse-content\">\n<div class=\"aplus-module-wrapper\">\n<div class=\"apm-spacing apm-fixed-width\">\n<h2>Sikkerhetsbelte med Hoftepute &#8211; Klatresele &#8211; Strandet st\u00f8rrelse &#8211; B\u00e6rbart personlig verneutstyr<\/h2>\n<ul class=\"a-unordered-list a-vertical\">\n<li>SIKKER OG P\u00c5LITELIG: V\u00e5re klatrebelter og seler er laget for \u00e5 gi deg en enkel og sikker m\u00e5te \u00e5 holde deg suspendert mens du er komfortabel. Den er designet med et glidebelte p\u00e5 komfortputen som lar deg enkelt justere selens posisjon. Vi har ogs\u00e5 inkludert et slitesterkt tau sammen med en karabinkrok for \u00e5 sikre at du har alt du trenger.<\/li>\n<li>HOLDBAR OG VARIG: Et sikkerhetsbelte er en essensiell sikkerhet for personlig verneutstyr, og det er grunnen til at vi bare bruker den mest robuste og polyesterkonstruksjonen for \u00e5 gi deg en beltesele og et tausett du kan stole p\u00e5. Den tilbyr h\u00f8y strekkfasthet, slitestyrke og en lav friksjonskoeffisient slik at du kan bruke den med sinn og fred uten \u00e5 bekymre deg.<\/li>\n<li>KOMFORTABEL OG FLERE FORM\u00c5L: Dette sikkerhetsbeltet for konstruksjon og klatring tilbyr h\u00f8y luftgjennomtrengelighet og absorberer svette for \u00e5 forhindre oppbygging og s\u00f8rger for at du holder deg komfortabel hele tiden. V\u00e5rt sikkerhetsselebelte vil holde deg komfortabelt plassert p\u00e5 et bestemt sted, noe som gj\u00f8r det perfekt for armeringsjern, vedlikehold av t\u00e5rn, klatring i stige, kutting av tre og mer.<\/li>\n<li>LETT OG KOMPAKT: Takket v\u00e6re den kompakte designen og den lette, men robuste konstruksjonen er den enkel \u00e5 bruke p\u00e5 farten og like lett \u00e5 reise med. Den har 2 D-ringer i standardst\u00f8rrelse og kommer med et ekstra langt tau. Det kan gi en perfekt passform for midjen. MERK: Dette beltet skal ikke brukes til fallsikring. 100 % RISIKOFRITT KJ\u00d8P: Vi gj\u00f8r kundetilfredshet til v\u00e5r h\u00f8yeste prioritet, har alltid v\u00e6rt og vil alltid v\u00e6re.<\/li>\n<\/ul>\n<p><img decoding=\"async\" class=\"aligncenter\" src=\"https:\/\/m.media-amazon.com\/images\/S\/aplus-media\/sc\/b2ce0b46-0c95-4365-8c61-a5fd05505e58.__CR0,0,970,300_PT0_SX970_V1___.jpg\" alt=\"belt-harness\" data-src=\"https:\/\/m.media-amazon.com\/images\/S\/aplus-media\/sc\/b2ce0b46-0c95-4365-8c61-a5fd05505e58.__CR0,0,970,300_PT0_SX970_V1___.jpg\" \/><\/p>\n<\/div>\n<\/div>\n<\/div>\n<\/div>\n<\/div>\n<div class=\"celwidget aplus-module module-12\" data-cel-widget=\"aplus-module-12\">\n<div class=\"a-expander-collapsed-height a-row a-expander-container a-expander-partial-collapse-container\" data-a-expander-name=\"aplus-module-expander\" data-a-expander-collapsed-height=\"360\">\n<div class=\"a-expander-content a-expander-partial-collapse-content\">\n<div class=\"aplus-module-wrapper apm-spacing apm-floatnone\">\n<div class=\"apm-sidemodule aplus-module-content\">\n<div>\n<p>&nbsp;<\/p>\n<p style=\"text-align: center;\"><strong>Hann\/hun-spenner har vist seg \u00e5 v\u00e6re de mest p\u00e5litelige i henhold til testene, og v\u00e5rt belte har akkurat slike spenner.<\/strong><\/p>\n<p>Dette sikkerhetsbeltet med hoftepute er designet for komfort og mobilitet, og gir deg den ekstra st\u00f8tten du trenger for \u00e5 holde deg balansert, riktig plassert og trygg n\u00e5r du klatrer i tr\u00e6r, vegger, t\u00e5rn og alt annet du kan tenke deg.<\/p>\n<p>V\u00e5re arbeidsposisjoneringsbelte slitesterke og solide materialer som tilbyr slitestyrke for \u00e5 gi deg langtidsbruk og kommer med h\u00f8y strekkfasthet for \u00e5 sikre at du har alt du trenger for \u00e5 begynne \u00e5 klatre trygt og komfortabelt.<\/p>\n<p>Den holder deg stabil mens du jobber n\u00e5r den er koblet til en forankring, noe som gj\u00f8r den til et must for operat\u00f8rer som \u00f8nsker \u00e5 holde hendene frie til \u00e5 fokusere p\u00e5 arbeidet sitt.<\/p>\n<p>D-ringene er korrosjonsbestandige for \u00e5 st\u00e5 opp mot elementene sammen med \u00e5 tilby raske og sikre tilkoblinger.<\/p>\n<p>Den er lett, slik at du ikke trenger \u00e5 bekymre deg for \u00e5 bli bundet og bruker en hoftepute for \u00e5 gi korsryggst\u00f8tte for \u00e5 holde deg komfortabel.<\/p>\n<p>Av ISOP<\/p>\n<\/div>\n<p><img decoding=\"async\" class=\"a-spacing-mini alignleft\" src=\"https:\/\/m.media-amazon.com\/images\/S\/aplus-media\/sc\/6b5ed3be-3169-498d-8a48-7bcb444b3d08.__CR156,0,757,757_PT0_SX300_V1___.jpg\" alt=\"belt\" data-src=\"https:\/\/m.media-amazon.com\/images\/S\/aplus-media\/sc\/6b5ed3be-3169-498d-8a48-7bcb444b3d08.__CR156,0,757,757_PT0_SX300_V1___.jpg\" \/><img decoding=\"async\" class=\"a-spacing-mini alignleft\" src=\"https:\/\/m.media-amazon.com\/images\/S\/aplus-media\/sc\/3386ce1c-29a5-4d6b-af25-4282239f51fa.__CR0,272,844,844_PT0_SX300_V1___.jpg\" alt=\"buckle\" data-src=\"https:\/\/m.media-amazon.com\/images\/S\/aplus-media\/sc\/3386ce1c-29a5-4d6b-af25-4282239f51fa.__CR0,272,844,844_PT0_SX300_V1___.jpg\" \/><img decoding=\"async\" class=\"a-spacing-mini alignleft\" src=\"https:\/\/m.media-amazon.com\/images\/S\/aplus-media\/sc\/48683017-f394-4df8-9f43-3ae7c6163f2c.__CR0,0,1200,1200_PT0_SX300_V1___.jpg\" alt=\"belt\" data-src=\"https:\/\/m.media-amazon.com\/images\/S\/aplus-media\/sc\/48683017-f394-4df8-9f43-3ae7c6163f2c.__CR0,0,1200,1200_PT0_SX300_V1___.jpg\" \/><\/p>\n<\/div>\n<\/div>\n<\/div>\n<\/div>\n<\/div>\n","protected":false},"excerpt":{"rendered":"<p style=\"text-align: center;\">Sikkerhetsbelte med Hoftepute &#8211; Klatresele &#8211; Strandet st\u00f8rrelse &#8211; B\u00e6rbart personlig verneutstyr<\/p>\n<p style=\"text-align: center;\">GRATIS LEVERING INNEN 3-7 DAGER<\/p>\n<h4 style=\"text-align: center;\"><strong>KJ\u00d8P DEN P\u00c5<\/strong><\/h4>\n<p><a href=\"https:\/\/www.amazon.de\/Ganzk%C3%B6rpersicherheitsgurt-gestrandete-Kletterschutz-K%C3%B6rperpositionierung-Schutzausr%C3%BCstung\/dp\/B07LB3PD99\/?maas=maas_adg_C6DBF76F6230A89884B94F30D62C20AC_afap_abs&amp;ref_=aa_maas&amp;ref=sr_1_3&amp;dchild=1&amp;keywords=Sicherheitsgurt&amp;qid=1623658645&amp;sr=8-3&amp;th=1\"><img loading=\"lazy\" decoding=\"async\" class=\"aligncenter wp-image-1040 size-full\" src=\"https:\/\/isopllc.com\/no\/wp-content\/uploads\/sites\/16\/2020\/01\/amazon-button9.png\" alt=\"\" width=\"160\" height=\"59\" \/><\/a><\/p>\n<p>&nbsp;<\/p>\n","protected":false},"featured_media":4170,"comment_status":"open","ping_status":"closed","template":"","meta":[],"product_brand":[],"product_cat":[68],"product_tag":[192,194,193,80,81,172],"class_list":{"0":"post-1501","1":"product","2":"type-product","3":"status-publish","4":"has-post-thumbnail","6":"product_cat-tilbehor-til-brannstiger","7":"product_tag-hoftepute","8":"product_tag-inkludert","9":"product_tag-lanyard","10":"product_tag-redningsutstyr","11":"product_tag-sikkerhet","12":"product_tag-sikkerhetsbelte","14":"first","15":"outofstock","16":"shipping-taxable","17":"purchasable","18":"product-type-simple"},"_links":{"self":[{"href":"https:\/\/isopllc.com\/no\/wp-json\/wp\/v2\/product\/1501","targetHints":{"allow":["GET"]}}],"collection":[{"href":"https:\/\/isopllc.com\/no\/wp-json\/wp\/v2\/product"}],"about":[{"href":"https:\/\/isopllc.com\/no\/wp-json\/wp\/v2\/types\/product"}],"replies":[{"embeddable":true,"href":"https:\/\/isopllc.com\/no\/wp-json\/wp\/v2\/comments?post=1501"}],"wp:featuredmedia":[{"embeddable":true,"href":"https:\/\/isopllc.com\/no\/wp-json\/wp\/v2\/media\/4170"}],"wp:attachment":[{"href":"https:\/\/isopllc.com\/no\/wp-json\/wp\/v2\/media?parent=1501"}],"wp:term":[{"taxonomy":"product_brand","embeddable":true,"href":"https:\/\/isopllc.com\/no\/wp-json\/wp\/v2\/product_brand?post=1501"},{"taxonomy":"product_cat","embeddable":true,"href":"https:\/\/isopllc.com\/no\/wp-json\/wp\/v2\/product_cat?post=1501"},{"taxonomy":"product_tag","embeddable":true,"href":"https:\/\/isopllc.com\/no\/wp-json\/wp\/v2\/product_tag?post=1501"}],"curies":[{"name":"wp","href":"https:\/\/api.w.org\/{rel}","templated":true}]}}