{"id":1503,"date":"2020-02-06T09:44:25","date_gmt":"2020-02-06T09:44:25","guid":{"rendered":"https:\/\/rightfoodonly.com\/?post_type=product&#038;p=1503"},"modified":"2025-01-04T15:45:33","modified_gmt":"2025-01-04T15:45:33","slug":"klatrebelte-med-snor-justerbart","status":"publish","type":"product","link":"https:\/\/isopllc.com\/no\/product\/klatrebelte-med-snor-justerbart\/","title":{"rendered":"Klatrebelte med snor &#8211; Justerbart"},"content":{"rendered":"<div class=\"celwidget aplus-module module-9\" data-cel-widget=\"aplus-module-9\">\n<div class=\"a-expander-collapsed-height a-row a-expander-container a-expander-partial-collapse-container\" data-a-expander-name=\"aplus-module-expander\" data-a-expander-collapsed-height=\"700\">\n<div class=\"a-expander-content a-expander-partial-collapse-content\">\n<div class=\"aplus-module-wrapper\">\n<div class=\"apm-spacing apm-fixed-width\">\n<h2>Klatrebelte med snor &#8211; Strandet st\u00f8rrelse &#8211; Klatring i tr\u00e6r, utend\u00f8rsaktiviteter, trening &#8211; Justerbart &#8211; Spenner med spor<\/h2>\n<ul class=\"a-unordered-list a-vertical\">\n<li>DET DU TRENGER: Hvis du er en fan av utend\u00f8rseventyrene som involverer klatring, s\u00e5 vet du sikkert hvor viktig det er \u00e5 ha en sele av topp kvalitet for \u00e5 holde deg trygg til enhver tid. For det tilbyr vi den perfekte l\u00f8sningen!<\/li>\n<li>PREMIUM KVALITET: Denne fjellklatreselen er laget av overlegen kvalitet, ekstra motstandsdyktig polyesterfiber, et spesielt materiale som garantert t\u00e5ler tidens tann.<\/li>\n<li>FLERE FUNKSJONER: Enten du liker fjellklatring, treklatring, innend\u00f8rs klatring, fjellklatring eller du jobber med brannredning, er denne midjevesken med sikkerhetssele definitivt det riktige valget!<\/li>\n<li>BRUKERVENNLIG DESIGN: Denne klatreselen for menn og kvinner for midje kommer med praktiske st\u00f8tindikatorer og etikettbeskytter, noe som gj\u00f8r inspeksjonen enklere, mens de slissede bryst- og benstroppene festes uten \u00e5 vri seg for din egen komfort.<\/li>\n<li>PERFEKT GAVE: Bestill denne klatreselen til deg selv eller som en omtenksom gave til en eventyrentusiastvenn, og du kan v\u00e6re sikker p\u00e5 \u00e5 vinne deres takknemlighet! Denne midjeselen er lett og ergonomisk, og er lett \u00e5 b\u00e6re i enhver ryggsekk for den ultimate klatreopplevelsen!<\/li>\n<\/ul>\n<p><img decoding=\"async\" class=\"aligncenter\" src=\"https:\/\/m.media-amazon.com\/images\/S\/aplus-media\/sc\/b2ce0b46-0c95-4365-8c61-a5fd05505e58.__CR0,0,970,300_PT0_SX970_V1___.jpg\" alt=\"belt-harness\" data-src=\"https:\/\/m.media-amazon.com\/images\/S\/aplus-media\/sc\/b2ce0b46-0c95-4365-8c61-a5fd05505e58.__CR0,0,970,300_PT0_SX970_V1___.jpg\" \/><\/p>\n<\/div>\n<\/div>\n<\/div>\n<\/div>\n<\/div>\n<div class=\"celwidget aplus-module module-12\" data-cel-widget=\"aplus-module-12\">\n<div class=\"a-expander-collapsed-height a-row a-expander-container a-expander-partial-collapse-container\" data-a-expander-name=\"aplus-module-expander\" data-a-expander-collapsed-height=\"360\">\n<div class=\"a-expander-content a-expander-partial-collapse-content\">\n<div class=\"aplus-module-wrapper apm-spacing apm-floatnone\">\n<div class=\"apm-sidemodule aplus-module-content\">\n<div>\n<p>&nbsp;<\/p>\n<\/div>\n<h4>En profesjonell klatresele<\/h4>\n<p>er definitivt et must i ryggsekken til enhver eventyrer med respekt for seg selv, siden det er den eneste m\u00e5ten \u00e5 beskytte ham mot u\u00f8nskede ulykker eller mulige tragedier.<\/p>\n<p>N\u00e5r det gjelder klatretilbeh\u00f8r av overlegen kvalitet, har ISOP akkurat det du leter etter!<\/p>\n<h4>Hvorfor er dette produktet for deg?<\/h4>\n<p>Denne halvkropps sikkerhetsselen fallbeskyttelse har en ekstra solid design og er laget med tanke p\u00e5 din komfort.<\/p>\n<p>De justerbare stroppene gir en perfekt passform til denne selen i fri st\u00f8rrelse, mens den slitesterke fiberen s\u00f8rger for at du har riktig st\u00f8tte i alle slags klatresituasjoner!<\/p>\n<h4>Noen av de fantastiske egenskapene til dette produktet:<\/h4>\n<ul>\n<li>Multipurpose, kan brukes til fjellklatring, treklatring, brannredning, innend\u00f8rs klatring etc;<\/li>\n<li>H\u00f8ykvalitets polyesterfiber, ekstra slitesterk;<\/li>\n<li>Justerbare stropper med glidende D-ring;<\/li>\n<li>Sperre med spor p\u00e5 brystet og benstroppene festes uten \u00e5 vri;<\/li>\n<li>St\u00f8tindikatorer og merkebeskytter;<\/li>\n<li>H\u00f8y belastning;<\/li>\n<li>Ideell for nybegynnere og avanserte klatrere.<\/li>\n<\/ul>\n<p><img decoding=\"async\" class=\"a-spacing-mini alignleft\" src=\"https:\/\/m.media-amazon.com\/images\/S\/aplus-media\/sc\/5cecf7a8-3de2-4f74-b1f6-6555a4dd07b0.__CR58,0,800,800_PT0_SX300_V1___.jpg\" alt=\"belt\" data-src=\"https:\/\/m.media-amazon.com\/images\/S\/aplus-media\/sc\/5cecf7a8-3de2-4f74-b1f6-6555a4dd07b0.__CR58,0,800,800_PT0_SX300_V1___.jpg\" \/><img decoding=\"async\" class=\"a-spacing-mini alignleft\" src=\"https:\/\/m.media-amazon.com\/images\/S\/aplus-media\/sc\/3386ce1c-29a5-4d6b-af25-4282239f51fa.__CR0,272,844,844_PT0_SX300_V1___.jpg\" alt=\"buckle\" data-src=\"https:\/\/m.media-amazon.com\/images\/S\/aplus-media\/sc\/3386ce1c-29a5-4d6b-af25-4282239f51fa.__CR0,272,844,844_PT0_SX300_V1___.jpg\" \/> <img decoding=\"async\" class=\"a-spacing-mini alignleft\" src=\"https:\/\/m.media-amazon.com\/images\/S\/aplus-media\/sc\/5b476adf-5ab9-429d-b42c-b266152668d2.__CR0,0,1362,1362_PT0_SX300_V1___.jpg\" alt=\"belt\" data-src=\"https:\/\/m.media-amazon.com\/images\/S\/aplus-media\/sc\/5b476adf-5ab9-429d-b42c-b266152668d2.__CR0,0,1362,1362_PT0_SX300_V1___.jpg\" \/><\/p>\n<\/div>\n<\/div>\n<\/div>\n<\/div>\n<\/div>\n","protected":false},"excerpt":{"rendered":"<p style=\"text-align: center;\">Klatrebelte med snor &#8211; Strandet st\u00f8rrelse &#8211; Klatring i tr\u00e6r, utend\u00f8rsaktiviteter, trening &#8211; Justerbart &#8211; Spenner med spor<\/p>\n<p style=\"text-align: center;\">GRATIS LEVERING INNEN 3-7 DAGER<\/p>\n<p style=\"text-align: center;\"><strong>KJ\u00d8P DEN P\u00c5<\/strong><\/p>\n<p><a href=\"https:\/\/www.amazon.de\/Ganzk%C3%B6rpersicherheitsgurt-gestrandete-Kletterschutz-K%C3%B6rperpositionierung-Schutzausr%C3%BCstung\/dp\/B07LB638BR\/?maas=maas_adg_F4DC50968BCBE5AD4775B6C63FD9D027_afap_abs&amp;ref_=aa_maas&amp;ref=sr_1_3&amp;dchild=1&amp;keywords=Sicherheitsgeschirre&amp;qid=1623658645&amp;sr=8-3&amp;th=1\"><img loading=\"lazy\" decoding=\"async\" class=\"aligncenter wp-image-1040 size-full\" src=\"https:\/\/isopllc.com\/no\/wp-content\/uploads\/sites\/16\/2020\/01\/amazon-button9.png\" alt=\"\" width=\"160\" height=\"59\" \/><\/a><\/p>\n<p>&nbsp;<\/p>\n","protected":false},"featured_media":4173,"comment_status":"open","ping_status":"closed","template":"","meta":[],"product_brand":[],"product_cat":[68],"product_tag":[123,125,80,81,124],"class_list":{"0":"post-1503","1":"product","2":"type-product","3":"status-publish","4":"has-post-thumbnail","6":"product_cat-tilbehor-til-brannstiger","7":"product_tag-fjellklatresele","8":"product_tag-klatring","9":"product_tag-redningsutstyr","10":"product_tag-sikkerhet","11":"product_tag-snor","13":"first","14":"instock","15":"shipping-taxable","16":"purchasable","17":"product-type-simple"},"_links":{"self":[{"href":"https:\/\/isopllc.com\/no\/wp-json\/wp\/v2\/product\/1503","targetHints":{"allow":["GET"]}}],"collection":[{"href":"https:\/\/isopllc.com\/no\/wp-json\/wp\/v2\/product"}],"about":[{"href":"https:\/\/isopllc.com\/no\/wp-json\/wp\/v2\/types\/product"}],"replies":[{"embeddable":true,"href":"https:\/\/isopllc.com\/no\/wp-json\/wp\/v2\/comments?post=1503"}],"wp:featuredmedia":[{"embeddable":true,"href":"https:\/\/isopllc.com\/no\/wp-json\/wp\/v2\/media\/4173"}],"wp:attachment":[{"href":"https:\/\/isopllc.com\/no\/wp-json\/wp\/v2\/media?parent=1503"}],"wp:term":[{"taxonomy":"product_brand","embeddable":true,"href":"https:\/\/isopllc.com\/no\/wp-json\/wp\/v2\/product_brand?post=1503"},{"taxonomy":"product_cat","embeddable":true,"href":"https:\/\/isopllc.com\/no\/wp-json\/wp\/v2\/product_cat?post=1503"},{"taxonomy":"product_tag","embeddable":true,"href":"https:\/\/isopllc.com\/no\/wp-json\/wp\/v2\/product_tag?post=1503"}],"curies":[{"name":"wp","href":"https:\/\/api.w.org\/{rel}","templated":true}]}}