{"id":4021,"date":"2020-06-22T09:05:17","date_gmt":"2020-06-22T09:05:17","guid":{"rendered":"https:\/\/isopllc.com\/usa\/?post_type=product&#038;p=4021"},"modified":"2025-01-04T15:25:08","modified_gmt":"2025-01-04T15:25:08","slug":"svingtaustige-til-barn-3-m-og-voksne","status":"publish","type":"product","link":"https:\/\/isopllc.com\/no\/product\/svingtaustige-til-barn-3-m-og-voksne\/","title":{"rendered":"Svingtaustige til barn 3 m og Voksne"},"content":{"rendered":"<div class=\"celwidget aplus-module module-12\" data-cel-widget=\"aplus-module-12\">\n<div class=\"a-expander-collapsed-height a-row a-expander-container a-expander-partial-collapse-container\" aria-live=\"polite\" data-a-expander-name=\"aplus-module-expander\" data-a-expander-collapsed-height=\"360\">\n<div class=\"a-expander-content a-expander-partial-collapse-content\" aria-expanded=\"false\">\n<div class=\"aplus-module-wrapper apm-spacing apm-floatnone\">\n<div class=\"apm-sidemodule aplus-module-content\">\n<div class=\"textright apm-hero-text\">\n<div class=\"celwidget aplus-module module-9 aplus-standard\">\n<div class=\"a-expander-collapsed-height a-row a-expander-container a-expander-partial-collapse-container\" data-a-expander-name=\"aplus-module-expander\" data-a-expander-collapsed-height=\"700\">\n<div class=\"a-expander-content a-expander-partial-collapse-content\" aria-expanded=\"false\">\n<div class=\"aplus-module-wrapper apm-fixed-width\">\n<h4 style=\"text-align: center;\">ISOP Svingtaustige til barn 3 m og Voksne &#8211; Trehyttestige til Barn &#8211; Klatreutstyr &#8211; Egnet til Bunker Eller Loft &#8211; Taustige for barn<\/h4>\n<h4 class=\"apm-spacing apm-fixed-width\" style=\"text-align: center;\">HVORFOR VELGE OSS<\/h4>\n<\/div>\n<\/div>\n<\/div>\n<\/div>\n<div class=\"celwidget aplus-module module-9 aplus-standard\">\n<div class=\"a-expander-collapsed-height a-row a-expander-container a-expander-partial-collapse-container\" data-a-expander-name=\"aplus-module-expander\" data-a-expander-collapsed-height=\"700\">\n<div class=\"a-expander-content a-expander-partial-collapse-content\" aria-expanded=\"false\">\n<div class=\"aplus-module-wrapper apm-fixed-width\">\n<div class=\"apm-spacing apm-fixed-width\">\n<p><img decoding=\"async\" class=\"a-spacing-mini\" style=\"font-weight: 600;\" src=\"https:\/\/m.media-amazon.com\/images\/S\/aplus-media\/sc\/17d6b901-16b9-43e1-82ca-f4dc630b4be9.__CR0,0,1000,1000_PT0_SX300_V1___.jpg\" alt=\"lightweight\" data-src=\"https:\/\/m.media-amazon.com\/images\/S\/aplus-media\/sc\/17d6b901-16b9-43e1-82ca-f4dc630b4be9.__CR0,0,1000,1000_PT0_SX300_V1___.jpg\" \/><\/p>\n<h4 style=\"text-align: center;\">LETT<\/h4>\n<p>Sammenlignet med analoger laget av taustiger er v\u00e5re trestiger mye lettere, for eksempel er 5 m stige bare 2.5 kg.<\/p>\n<p><img decoding=\"async\" class=\"a-spacing-mini\" src=\"https:\/\/m.media-amazon.com\/images\/S\/aplus-media\/sc\/ea94af7c-a9af-41fa-9454-4f92481a28dd.__CR0,0,1500,1500_PT0_SX300_V1___.jpg\" alt=\"INDOOR AND OUTDOOR\" data-src=\"https:\/\/m.media-amazon.com\/images\/S\/aplus-media\/sc\/ea94af7c-a9af-41fa-9454-4f92481a28dd.__CR0,0,1500,1500_PT0_SX300_V1___.jpg\" \/><\/p>\n<h4 style=\"text-align: center;\">INNEND\u00d8RS OG UTEND\u00d8RS<\/h4>\n<p>V\u00e5re trestiger kan brukes som utend\u00f8rs i bakg\u00e5rden s\u00e5 vel som innend\u00f8rs i et rom, bare ved \u00e5 bruke karabinklemmer som festes til salget. Det er forresten kun v\u00e5re stiger som kommer med klips og karabinkroker!<\/p>\n<p><img decoding=\"async\" class=\"a-spacing-mini\" src=\"https:\/\/m.media-amazon.com\/images\/S\/aplus-media\/sc\/39fbd97a-64cf-40ac-a60b-6a4ab47004a0.__CR0,0,1000,1000_PT0_SX300_V1___.jpg\" alt=\"compact\" data-src=\"https:\/\/m.media-amazon.com\/images\/S\/aplus-media\/sc\/39fbd97a-64cf-40ac-a60b-6a4ab47004a0.__CR0,0,1000,1000_PT0_SX300_V1___.jpg\" \/><\/p>\n<h4 style=\"text-align: center;\">KOMPAKT OG B\u00c6RBAR<\/h4>\n<p>Tar veldig lite plass. Kan oppbevares under en seng eller i et skap eller til og med p\u00e5 en hylle.<\/p>\n<p><img decoding=\"async\" class=\"a-spacing-mini\" style=\"font-weight: 600;\" src=\"https:\/\/m.media-amazon.com\/images\/S\/aplus-media\/sc\/d82a1e3e-a900-400f-bdc7-88edbf99815e.__CR0,33,467,467_PT0_SX300_V1___.jpg\" alt=\"EXTREMELY DURABLE \" data-src=\"https:\/\/m.media-amazon.com\/images\/S\/aplus-media\/sc\/d82a1e3e-a900-400f-bdc7-88edbf99815e.__CR0,33,467,467_PT0_SX300_V1___.jpg\" \/><\/p>\n<h4 style=\"text-align: center;\">EKSTREMT HOLDBAR<\/h4>\n<p>Trestenger med en diameter p\u00e5 2.5 cm og nylontau brukes til v\u00e5re stiger som skal b\u00e6re en elefant! ikke bare barn.<\/p>\n<p><img decoding=\"async\" class=\"a-spacing-mini\" src=\"https:\/\/m.media-amazon.com\/images\/S\/aplus-media\/sc\/4604e7fb-7786-4a3c-a69a-de2cfa6981c3.__CR0,0,1000,1000_PT0_SX300_V1___.jpg\" alt=\"Rope ladder\" data-src=\"https:\/\/m.media-amazon.com\/images\/S\/aplus-media\/sc\/4604e7fb-7786-4a3c-a69a-de2cfa6981c3.__CR0,0,1000,1000_PT0_SX300_V1___.jpg\" \/><\/p>\n<h4 style=\"text-align: center;\">V\u00c6Rbestandig<\/h4>\n<p>Materialer som brukes til Svingsett taustige for barn 3 m gj\u00f8r at den t\u00e5ler alle v\u00e6rforhold.<\/p>\n<p><img decoding=\"async\" class=\"a-spacing-mini\" style=\"font-weight: 600;\" src=\"https:\/\/m.media-amazon.com\/images\/S\/aplus-media\/sc\/6f8fabcf-0a0b-4280-9baa-ddc10f50f697.__CR0,0,1000,1000_PT0_SX300_V1___.jpg\" alt=\"MULTI USE\" data-src=\"https:\/\/m.media-amazon.com\/images\/S\/aplus-media\/sc\/6f8fabcf-0a0b-4280-9baa-ddc10f50f697.__CR0,0,1000,1000_PT0_SX300_V1___.jpg\" \/><\/p>\n<h4 style=\"text-align: center;\">FLERBRUK<\/h4>\n<p>Disse trehusstigene for barn er slitesterke, lette og b\u00e6rbare, s\u00e5 de kan brukes ikke bare for barn og ikke bare som en del av en lekeplass, men ogs\u00e5 som loftstige, loftsstige, klatrestige, sikkerhetsstige, r\u00f8mningsstige, b\u00e5tstige, snike seg ut fra soverommet p\u00e5 andre etasje og s\u00e5 videre.<\/p>\n<p><img decoding=\"async\" class=\"a-spacing-mini\" src=\"https:\/\/m.media-amazon.com\/images\/S\/aplus-media\/sc\/c5e53092-548a-4ab6-a5a9-6819fe9ace42.__CR0,0,1000,1000_PT0_SX300_V1___.jpg\" alt=\"available 6.5ft (2m) 10ft (3m) and 16ft (5m)\" data-src=\"https:\/\/m.media-amazon.com\/images\/S\/aplus-media\/sc\/c5e53092-548a-4ab6-a5a9-6819fe9ace42.__CR0,0,1000,1000_PT0_SX300_V1___.jpg\" \/><\/p>\n<\/div>\n<div><\/div>\n<\/div>\n<div>\n<h4 style=\"text-align: center;\">3 ST\u00d8RRELSER<\/h4>\n<p>Tilgjengelig 2m, 3m og 5m.<\/p>\n<p><img decoding=\"async\" class=\"a-spacing-mini\" style=\"font-weight: 600;\" src=\"https:\/\/m.media-amazon.com\/images\/S\/aplus-media\/sc\/4ee58deb-dd1b-4047-8ab7-b31abe407442.__CR35,444,556,556_PT0_SX300_V1___.jpg\" alt=\"BEST QUALITY\" data-src=\"https:\/\/m.media-amazon.com\/images\/S\/aplus-media\/sc\/4ee58deb-dd1b-4047-8ab7-b31abe407442.__CR35,444,556,556_PT0_SX300_V1___.jpg\" \/><\/p>\n<h4 style=\"text-align: center;\">BESTE KVALITET<\/h4>\n<p>Vi kan stolt si at for hele salgstiden var det ikke en eneste klage p\u00e5 at disse stigene var av d\u00e5rlig kvalitet og ingen retur p\u00e5 grunn av d\u00e5rlig kvalitet!<\/p>\n<p><img decoding=\"async\" class=\"a-spacing-mini\" style=\"font-weight: 600;\" src=\"https:\/\/m.media-amazon.com\/images\/S\/aplus-media\/sc\/68a1301f-d131-4099-96d4-9ce03ba013d4.__CR0,0,1000,1000_PT0_SX300_V1___.jpg\" alt=\"Rope Ladder\" data-src=\"https:\/\/m.media-amazon.com\/images\/S\/aplus-media\/sc\/68a1301f-d131-4099-96d4-9ce03ba013d4.__CR0,0,1000,1000_PT0_SX300_V1___.jpg\" \/><\/p>\n<p>Vi anbefaler \u00e5 kj\u00f8pe stiger fra et firma som spesialiserer seg p\u00e5 \u00e5 produsere dem, da det er et sikkerhetsprodukt, og ISOP er et av f\u00e5 firmaer som tilbyr et bredt utvalg av stiger fra eget produksjonsanlegg.<\/p>\n<\/div>\n<\/div>\n<\/div>\n<\/div>\n<\/div>\n<\/div>\n<\/div>\n<\/div>\n<\/div>\n<\/div>\n","protected":false},"excerpt":{"rendered":"[embed]https:\/\/youtu.be\/nn0aB3S8o_g?si=O8QCdufKGleHbAZ3[\/embed]\n<p style=\"text-align: center;\">ISOP Svingtaustige til barn 3 m og Voksne &#8211; Trehyttestige til Barn &#8211; Klatreutstyr &#8211; Egnet til Bunker Eller Loft- Taustige for barn<\/p>\n<p style=\"text-align: center;\">GRATIS LEVERING INNEN 3-7 DAGER<\/p>\n<p style=\"text-align: center;\"><strong>KJ\u00d8P DEN P\u00c5<\/strong><\/p>\n<p><a href=\"https:\/\/www.amazon.de\/ISOP-Schaukelseilleiter-Kinder-Erwachsene-Trainingskletterausr%C3%BCstung\/dp\/B083J9YCKG\/?maas=maas_adg_B63043C42D2670B3D7440E5FF4BEE12F_afap_abs&amp;ref_=aa_maas&amp;ref=sr_1_1&amp;dchild=1&amp;keywords=Kletterseilleiter&amp;qid=1600488416&amp;refinements=p_78%3AB083J9YCKG&amp;sr=8-1\"><img loading=\"lazy\" decoding=\"async\" class=\"aligncenter wp-image-1040 size-full\" src=\"https:\/\/isopllc.com\/no\/wp-content\/uploads\/sites\/16\/2020\/01\/amazon-button9.png\" alt=\"\" width=\"160\" height=\"59\" \/><\/a><\/p>\n<p>&nbsp;<\/p>\n","protected":false},"featured_media":4150,"comment_status":"open","ping_status":"closed","template":"","meta":[],"product_brand":[],"product_cat":[67],"product_tag":[198,98,80,81,197,199],"class_list":{"0":"post-4021","1":"product","2":"type-product","3":"status-publish","4":"has-post-thumbnail","6":"product_cat-taustiger-for-barn","7":"product_tag-barn","8":"product_tag-brannstige","9":"product_tag-redningsutstyr","10":"product_tag-sikkerhet","11":"product_tag-svingtaustige","12":"product_tag-voksne","14":"first","15":"instock","16":"shipping-taxable","17":"purchasable","18":"product-type-simple"},"_links":{"self":[{"href":"https:\/\/isopllc.com\/no\/wp-json\/wp\/v2\/product\/4021","targetHints":{"allow":["GET"]}}],"collection":[{"href":"https:\/\/isopllc.com\/no\/wp-json\/wp\/v2\/product"}],"about":[{"href":"https:\/\/isopllc.com\/no\/wp-json\/wp\/v2\/types\/product"}],"replies":[{"embeddable":true,"href":"https:\/\/isopllc.com\/no\/wp-json\/wp\/v2\/comments?post=4021"}],"wp:featuredmedia":[{"embeddable":true,"href":"https:\/\/isopllc.com\/no\/wp-json\/wp\/v2\/media\/4150"}],"wp:attachment":[{"href":"https:\/\/isopllc.com\/no\/wp-json\/wp\/v2\/media?parent=4021"}],"wp:term":[{"taxonomy":"product_brand","embeddable":true,"href":"https:\/\/isopllc.com\/no\/wp-json\/wp\/v2\/product_brand?post=4021"},{"taxonomy":"product_cat","embeddable":true,"href":"https:\/\/isopllc.com\/no\/wp-json\/wp\/v2\/product_cat?post=4021"},{"taxonomy":"product_tag","embeddable":true,"href":"https:\/\/isopllc.com\/no\/wp-json\/wp\/v2\/product_tag?post=4021"}],"curies":[{"name":"wp","href":"https:\/\/api.w.org\/{rel}","templated":true}]}}