{"id":4037,"date":"2020-08-01T09:58:59","date_gmt":"2020-08-01T09:58:59","guid":{"rendered":"https:\/\/isopllc.com\/usa\/?post_type=product&#038;p=4037"},"modified":"2025-01-03T18:03:55","modified_gmt":"2025-01-03T18:03:55","slug":"branntrapp-til-andre-etasjes-vinduer-4-m","status":"publish","type":"product","link":"https:\/\/isopllc.com\/no\/product\/branntrapp-til-andre-etasjes-vinduer-4-m\/","title":{"rendered":"Branntrapp til Andre Etasjes Vinduer  4 m"},"content":{"rendered":"<h2 style=\"text-align: center;\">Branntrapp til Andre Etasjes Vinduer\u00a0 4 m<\/h2>\n<div class=\"celwidget aplus-module module-9\" style=\"text-align: center;\" data-csa-c-id=\"8qdekw-f2p4k0-r9icce-qoj6p0\" data-cel-widget=\"aplus-module-9\">\n<div class=\"a-expander-collapsed-height a-row a-expander-container a-expander-partial-collapse-container\" aria-live=\"polite\" data-a-expander-name=\"aplus-module-expander\" data-a-expander-collapsed-height=\"700\">\n<div class=\"a-expander-content a-expander-partial-collapse-content\" aria-expanded=\"false\">\n<div class=\"aplus-module-wrapper\">\n<div class=\"apm-spacing apm-fixed-width\"><\/div>\n<\/div>\n<\/div>\n<\/div>\n<\/div>\n<div class=\"celwidget aplus-module module-2\" style=\"text-align: center;\" data-csa-c-id=\"natz8u-fpdgqh-3o4hqm-4hr1km\" data-cel-widget=\"aplus-module-2\">\n<div class=\"a-expander-collapsed-height a-row a-expander-container a-expander-partial-collapse-container\" aria-live=\"polite\" data-a-expander-name=\"aplus-module-expander\" data-a-expander-collapsed-height=\"700\">\n<div class=\"a-expander-content a-expander-partial-collapse-content\" aria-expanded=\"false\">\n<div class=\"aplus-module-wrapper apm-floatnone\">\n<div class=\"apm-sidemodule apm-spacing\">\n<div class=\"apm-sidemodule-textright\">\n<div class=\"celwidget aplus-module module-12 aplus-standard\">\n<div class=\"a-expander-collapsed-height a-row a-expander-container a-expander-partial-collapse-container\" data-a-expander-name=\"aplus-module-expander\" data-a-expander-collapsed-height=\"360\">\n<div class=\"a-expander-content a-expander-partial-collapse-content\" aria-expanded=\"false\">\n<div class=\"aplus-module-wrapper apm-spacing apm-floatnone apm-fixed-width\">\n<div class=\"apm-sidemodule aplus-module-content\">\n<div class=\"apm-hero-image\"><img decoding=\"async\" class=\"aligncenter\" src=\"https:\/\/m.media-amazon.com\/images\/S\/aplus-media\/sc\/21a3f03b-829f-4554-b494-34215adbd6c9.__CR0,724,2000,619_PT0_SX970_V1___.jpg\" alt=\"back\" data-src=\"https:\/\/m.media-amazon.com\/images\/S\/aplus-media\/sc\/21a3f03b-829f-4554-b494-34215adbd6c9.__CR0,724,2000,619_PT0_SX970_V1___.jpg\" \/><\/div>\n<div class=\"textright apm-hero-text\"><\/div>\n<\/div>\n<\/div>\n<div><\/div>\n<\/div>\n<\/div>\n<\/div>\n<div class=\"celwidget aplus-module module-9 aplus-standard\">\n<div class=\"a-expander-collapsed-height a-row a-expander-container a-expander-partial-collapse-container\" data-a-expander-name=\"aplus-module-expander\" data-a-expander-collapsed-height=\"700\">\n<div class=\"a-expander-content a-expander-partial-collapse-content\" aria-expanded=\"false\">\n<div class=\"aplus-module-wrapper apm-fixed-width\">\n<div class=\"apm-spacing apm-fixed-width\">\n<div class=\"celwidget aplus-module module-9 aplus-standard\">\n<div class=\"a-expander-collapsed-height a-row a-expander-container a-expander-partial-collapse-container\" data-a-expander-name=\"aplus-module-expander\" data-a-expander-collapsed-height=\"700\">\n<div class=\"a-expander-content a-expander-partial-collapse-content\" aria-expanded=\"false\">\n<div class=\"aplus-module-wrapper apm-fixed-width\">\n<div class=\"apm-spacing apm-fixed-width\">\n<h3 class=\"a-spacing-small\" style=\"text-align: center;\">Hvorfor velge oss?<\/h3>\n<p><img loading=\"lazy\" decoding=\"async\" class=\"alignnone wp-image-4785\" src=\"https:\/\/isopllc.com\/usa\/wp-content\/uploads\/sites\/4\/2022\/12\/reflective-rope-ladders.jpg\" alt=\"reflective rope ladder\" width=\"315\" height=\"420\" srcset=\"https:\/\/isopllc.com\/no\/wp-content\/uploads\/sites\/16\/2022\/12\/reflective-rope-ladders.jpg 1080w, https:\/\/isopllc.com\/no\/wp-content\/uploads\/sites\/16\/2022\/12\/reflective-rope-ladders-225x300.jpg 225w, https:\/\/isopllc.com\/no\/wp-content\/uploads\/sites\/16\/2022\/12\/reflective-rope-ladders-768x1024.jpg 768w\" sizes=\"auto, (max-width: 315px) 100vw, 315px\" \/><\/p>\n<h4 style=\"text-align: center;\">Patentert reflekterende teknologi<\/h4>\n<p style=\"text-align: center;\">Denne stigen er designet med tanke p\u00e5 bekvemmelighet og tilgjengelighet.<\/p>\n<p style=\"text-align: center;\">En spesiell reflekterende stripe vevd inn i disse nylontauene gj\u00f8r den godt synlig i lommelyktens str\u00e5le slik at du ikke snubler over den om natten.<\/p>\n<p>&nbsp;<\/p>\n<p><img decoding=\"async\" class=\"a-spacing-mini\" style=\"font-weight: 600;\" src=\"https:\/\/m.media-amazon.com\/images\/S\/aplus-media-library-service-media\/811fc784-e602-432e-9106-11c40b5fca8f.__CR0,0,1000,1000_PT0_SX300_V1___.jpg\" alt=\"reinforced rung cap\" data-src=\"https:\/\/m.media-amazon.com\/images\/S\/aplus-media-library-service-media\/811fc784-e602-432e-9106-11c40b5fca8f.__CR0,0,1000,1000_PT0_SX300_V1___.jpg\" \/><\/p>\n<h3 style=\"text-align: center;\">Forsterkede trinnkapper<\/h3>\n<p style=\"text-align: center;\">Capsene v\u00e5re er tykkere, st\u00f8rre og mer robuste. Som praksis har vist, bryter disse trinnene under vekt nettopp p\u00e5 disse stedene, derfor er forsterkede hetter uunnv\u00e6rlige for lang og sikker bruk av stiger.<\/p>\n<p><img decoding=\"async\" class=\"a-spacing-mini\" src=\"https:\/\/m.media-amazon.com\/images\/S\/aplus-media-library-service-media\/ee031fb3-8354-45bf-b886-4886ca25315d.__CR0,0,300,300_PT0_SX300_V1___.jpg\" alt=\"ULTRA powerful\" data-src=\"https:\/\/m.media-amazon.com\/images\/S\/aplus-media-library-service-media\/ee031fb3-8354-45bf-b886-4886ca25315d.__CR0,0,300,300_PT0_SX300_V1___.jpg\" \/><\/p>\n<h3 style=\"text-align: center;\">ULTRA kraftig<\/h3>\n<p style=\"text-align: center;\">Det finnes ingen sterkere og mer p\u00e5litelige stiger enn v\u00e5r, (testet!) &#8211; som t\u00e5ler 1100 kg eller 10 personer! Selv kjedestiger kan ikke skryte av denne vektkapasiteten.<\/p>\n<p><img decoding=\"async\" class=\"a-spacing-mini\" src=\"https:\/\/m.media-amazon.com\/images\/S\/aplus-media-library-service-media\/bc1e91c0-b115-44b4-990c-a7895793b59d.__CR0,0,300,300_PT0_SX300_V1___.jpg\" alt=\"Multifunction\" data-src=\"https:\/\/m.media-amazon.com\/images\/S\/aplus-media-library-service-media\/bc1e91c0-b115-44b4-990c-a7895793b59d.__CR0,0,300,300_PT0_SX300_V1___.jpg\" \/><\/p>\n<h3 style=\"text-align: center;\">Multifunksjon<\/h3>\n<p style=\"text-align: center;\">Kan brukes til ulike form\u00e5l som lekeplass, husker, trehytte, loft, hage, tak, loft, bunker, marine og til og med dekorative form\u00e5l, samt r\u00f8mningsstige. Uendelig variasjon av bruksmuligheter.<\/p>\n<p><img decoding=\"async\" class=\"a-spacing-mini\" style=\"font-weight: 600;\" src=\"https:\/\/m.media-amazon.com\/images\/S\/aplus-media-library-service-media\/bc80a7dc-b932-4fc2-adca-aed45ac1c6ac.__CR624,184,1333,1333_PT0_SX300_V1___.jpg\" alt=\"Comes with carabiners &amp;amp; hooks\" data-src=\"https:\/\/m.media-amazon.com\/images\/S\/aplus-media-library-service-media\/bc80a7dc-b932-4fc2-adca-aed45ac1c6ac.__CR624,184,1333,1333_PT0_SX300_V1___.jpg\" \/><\/p>\n<\/div>\n<\/div>\n<div>\n<h4 style=\"text-align: center;\">Kommer med karabinkroker og kroker<\/h4>\n<p style=\"text-align: center;\">4 og 7,5 m stiger inkluderer kroker for vinduskarmer og karabinkroker best for balkongbarer. Ved brann kan de brukes med b\u00e5de vinduer og balkonger. Ingen andre kan tilby begge alternativene.<\/p>\n<p><img decoding=\"async\" class=\"a-spacing-mini\" src=\"https:\/\/m.media-amazon.com\/images\/S\/aplus-media-library-service-media\/203d3d2c-f85b-4838-9f56-7019a0024609.__CR0,0,300,300_PT0_SX300_V1___.jpg\" alt=\"Anti-slip rungs\" data-src=\"https:\/\/m.media-amazon.com\/images\/S\/aplus-media-library-service-media\/203d3d2c-f85b-4838-9f56-7019a0024609.__CR0,0,300,300_PT0_SX300_V1___.jpg\" \/><\/p>\n<h4 class=\"a-spacing-mini\" style=\"text-align: center;\">Anti-skli trinn<\/h4>\n<p style=\"text-align: center;\">Trinnene er \u00e5ttekantede, s\u00e5 de er p\u00e5litelige og ikke glatte.<\/p>\n<p><img decoding=\"async\" class=\"a-spacing-mini\" style=\"font-weight: 600;\" src=\"https:\/\/m.media-amazon.com\/images\/S\/aplus-media-library-service-media\/7ce0017d-b8d6-405e-ade0-b0c46b673ee9.__CR0,0,300,300_PT0_SX300_V1___.jpg\" alt=\"Lightweight\" data-src=\"https:\/\/m.media-amazon.com\/images\/S\/aplus-media-library-service-media\/7ce0017d-b8d6-405e-ade0-b0c46b673ee9.__CR0,0,300,300_PT0_SX300_V1___.jpg\" \/><\/p>\n<h4 class=\"a-spacing-mini\" style=\"text-align: center;\">Lett<\/h4>\n<p style=\"text-align: center;\">For eksempel veier 2.5 m bare 2 kg.<\/p>\n<\/div>\n<\/div>\n<\/div>\n<\/div>\n<div class=\"celwidget aplus-module module-9 aplus-standard\">\n<div class=\"a-expander-collapsed-height a-row a-expander-container a-expander-partial-collapse-container\" data-a-expander-name=\"aplus-module-expander\" data-a-expander-collapsed-height=\"700\">\n<div class=\"a-expander-content a-expander-partial-collapse-content\" aria-expanded=\"false\">\n<div class=\"aplus-module-wrapper apm-fixed-width\">\n<div class=\"apm-spacing apm-fixed-width\"><img decoding=\"async\" class=\"a-spacing-mini\" style=\"font-weight: 600;\" src=\"https:\/\/m.media-amazon.com\/images\/S\/aplus-media-library-service-media\/4e4268ea-f325-4435-a292-29bd7abd9c01.__CR0,0,400,400_PT0_SX300_V1___.jpg\" alt=\"Weather resistant\" data-src=\"https:\/\/m.media-amazon.com\/images\/S\/aplus-media-library-service-media\/4e4268ea-f325-4435-a292-29bd7abd9c01.__CR0,0,400,400_PT0_SX300_V1___.jpg\" \/><\/div>\n<div>\n<h4 class=\"a-spacing-mini\" style=\"text-align: center;\">V\u00e6rbestandig<\/h4>\n<p style=\"text-align: center;\">Nesten aldri aldring stiger for all slags v\u00e6r, kan ikke bli skadet i regnet.<\/p>\n<p><img decoding=\"async\" class=\"a-spacing-mini\" style=\"font-weight: 600;\" src=\"https:\/\/m.media-amazon.com\/images\/S\/aplus-media-library-service-media\/e57341ff-e0dd-4def-b5a2-66d1fca6769e.__CR0,0,300,300_PT0_SX300_V1___.jpg\" alt=\"Heavy duty carabiners\" data-src=\"https:\/\/m.media-amazon.com\/images\/S\/aplus-media-library-service-media\/e57341ff-e0dd-4def-b5a2-66d1fca6769e.__CR0,0,300,300_PT0_SX300_V1___.jpg\" \/><\/p>\n<h3 style=\"text-align: center;\">Kraftige karabinkroker<\/h3>\n<p style=\"text-align: center;\">Stiger inkluderer krombelagte karabiner med bruddstyrke 11KN.<\/p>\n<p><img decoding=\"async\" class=\"a-spacing-mini\" src=\"https:\/\/m.media-amazon.com\/images\/S\/aplus-media-library-service-media\/7ea4637f-e804-413f-ac03-996786e67981.__CR0,0,300,300_PT0_SX300_V1___.jpg\" alt=\"Reusable\" data-src=\"https:\/\/m.media-amazon.com\/images\/S\/aplus-media-library-service-media\/7ea4637f-e804-413f-ac03-996786e67981.__CR0,0,300,300_PT0_SX300_V1___.jpg\" \/><\/p>\n<h3 style=\"text-align: center;\">Gjenbrukbare<\/h3>\n<p style=\"text-align: center;\">I motsetning til andre aluminiumsstiger er v\u00e5re taustiger gjenbrukbare.<\/p>\n<\/div>\n<\/div>\n<\/div>\n<div><img decoding=\"async\" class=\"a-spacing-mini\" style=\"font-weight: 600;\" src=\"https:\/\/m.media-amazon.com\/images\/S\/aplus-media\/sc\/afa873ae-4f45-42c7-bef1-e1440984b452.__CR321,0,1333,1333_PT0_SX300_V1___.jpg\" alt=\"Flame resistant\" data-src=\"https:\/\/m.media-amazon.com\/images\/S\/aplus-media\/sc\/afa873ae-4f45-42c7-bef1-e1440984b452.__CR321,0,1333,1333_PT0_SX300_V1___.jpg\" \/><\/div>\n<div><\/div>\n<\/div>\n<\/div>\n<div class=\"celwidget aplus-module module-9 aplus-standard\">\n<div class=\"a-expander-collapsed-height a-row a-expander-container a-expander-partial-collapse-container\" data-a-expander-name=\"aplus-module-expander\" data-a-expander-collapsed-height=\"700\">\n<div class=\"a-expander-content a-expander-partial-collapse-content\" aria-expanded=\"false\">\n<h3 style=\"text-align: center;\">Flammebestandig<\/h3>\n<p style=\"text-align: center;\">Spesiell ikke-brennbar sammensetning av fibre gj\u00f8r at stigen t\u00e5ler brann i noen tid, men vi anbefaler likevel ikke \u00e5 bruke den i direkte brann.<\/p>\n<p><img decoding=\"async\" class=\"a-spacing-mini\" style=\"font-weight: 600;\" src=\"https:\/\/m.media-amazon.com\/images\/S\/aplus-media\/sc\/2dac260a-e8d0-441c-9ba5-ebcab13c9f40.__CR0,0,2000,2000_PT0_SX300_V1___.jpg\" alt=\"Different length\" data-src=\"https:\/\/m.media-amazon.com\/images\/S\/aplus-media\/sc\/2dac260a-e8d0-441c-9ba5-ebcab13c9f40.__CR0,0,2000,2000_PT0_SX300_V1___.jpg\" \/><\/p>\n<h3 style=\"text-align: center;\">Ulik lengde<\/h3>\n<p style=\"text-align: center;\">Tilgjengelig 2,5\/4\/5\/7,5\/10 m for 1 &#8211; 5 etasjers hus.<\/p>\n<p><img decoding=\"async\" class=\"a-spacing-mini\" src=\"https:\/\/m.media-amazon.com\/images\/S\/aplus-media\/sc\/5728be22-391a-4b50-8edb-c02577e54e29.__CR0,0,1000,1000_PT0_SX300_V1___.jpg\" alt=\"Reusable\" data-src=\"https:\/\/m.media-amazon.com\/images\/S\/aplus-media\/sc\/5728be22-391a-4b50-8edb-c02577e54e29.__CR0,0,1000,1000_PT0_SX300_V1___.jpg\" \/><\/p>\n<h3 style=\"text-align: center;\">DEN BESTE<\/h3>\n<p>Det finnes andre taustigetilbud som ligner p\u00e5 v\u00e5rt. MEN (!) de fletter ikke nok tr\u00e5der inn i tauene og sparer p\u00e5 dette, derfor er tauene utilstrekkelig tette eller tette, derfor er de ikke p\u00e5litelige.<\/p>\n<\/div>\n<\/div>\n<\/div>\n<div class=\"celwidget aplus-module module-9 aplus-standard\">\n<div class=\"a-expander-collapsed-height a-row a-expander-container a-expander-partial-collapse-container\" data-a-expander-name=\"aplus-module-expander\" data-a-expander-collapsed-height=\"700\">\n<div class=\"a-expander-content a-expander-partial-collapse-content\" aria-expanded=\"false\">\n<div><\/div>\n<\/div>\n<\/div>\n<\/div>\n<div class=\"celwidget aplus-module module-2 aplus-standard\">\n<div class=\"a-expander-collapsed-height a-row a-expander-container a-expander-partial-collapse-container\" data-a-expander-name=\"aplus-module-expander\" data-a-expander-collapsed-height=\"700\">\n<div class=\"a-expander-content a-expander-partial-collapse-content\" aria-expanded=\"false\">\n<div class=\"aplus-module-wrapper apm-floatnone apm-fixed-width\">\n<div class=\"apm-sidemodule apm-spacing\">\n<div class=\"apm-sidemodule-imageleft\"><img decoding=\"async\" class=\"\" src=\"https:\/\/m.media-amazon.com\/images\/S\/aplus-media-library-service-media\/d3f94ada-5648-4aa6-8f4e-7221def71127.__CR0,0,300,300_PT0_SX300_V1___.jpg\" alt=\"the best\" data-src=\"https:\/\/m.media-amazon.com\/images\/S\/aplus-media-library-service-media\/d3f94ada-5648-4aa6-8f4e-7221def71127.__CR0,0,300,300_PT0_SX300_V1___.jpg\" \/><\/div>\n<div class=\"apm-sidemodule-textright\">\n<h3 style=\"text-align: center;\">Denne n\u00f8dbrannevakueringsstigen er designet med tanke p\u00e5 bekvemmelighet og tilgjengelighet<\/h3>\n<p>En katastrofe kan inntreffe n\u00e5r som helst, enten du er klar eller ikke. I n\u00f8dstilfeller hjemme, p\u00e5 skolen eller kontoret b\u00f8r det v\u00e6re din h\u00f8yeste prioritet \u00e5 s\u00f8rge for at alle kommer seg ut trygt. Dette er grunnen til at vi designet v\u00e5r taustige branntrapp for \u00e5 gi deg en praktisk og p\u00e5litelig m\u00e5te \u00e5 g\u00e5 ut av enhver bygning gjennom vinduene. Hvis huset, skolen eller leiligheten din ikke har r\u00f8mningsvei, eller hvis de ikke er lett tilgjengelige, trenger du en sikkerhetsbrannstige du kan stole p\u00e5.<\/p>\n<p>Denne r\u00f8mningsstigen er omhyggelig pakket for \u00e5 gi en flokefri, hurtigutl\u00f8sende, praktisk r\u00f8mningsvei gjennom vinduet ditt som er perfekt for b\u00e5de barn og voksne. Takket v\u00e6re den solide konstruksjonen kan den st\u00f8tte opptil 900 kg mens de kraftige karabinkrokene gir et stabilt hold for \u00e5 gj\u00f8re det s\u00e5 enkelt som mulig, noe som gj\u00f8r denne n\u00f8dstigen til et must for alle som vil at de og deres familie eller ansatte skal v\u00e6re trygge i n\u00f8dstilfelle.<\/p>\n<\/div>\n<\/div>\n<\/div>\n<\/div>\n<\/div>\n<\/div>\n<\/div>\n<\/div>\n<\/div>\n<\/div>\n<\/div>\n<\/div>\n<\/div>\n<\/div>\n<\/div>\n<\/div>\n<\/div>\n","protected":false},"excerpt":{"rendered":"[embed]https:\/\/youtu.be\/y6uBOcorizY?si=T793CZHffVJ9E5WX[\/embed]\n<p style=\"text-align: center;\">ISOP Branntrapp til Andre Etasjes Vinduer 4 m med Kroker &#8211; Rask \u00e5 installere og enkel \u00e5 bruke &#8211; Kompakt og enkel \u00e5 lagre &#8211; Vekt Kapasitet opptil 900 kg<\/p>\n<p style=\"text-align: center;\">GRATIS LEVERING INNEN 3-7 DAGER<\/p>\n<p style=\"text-align: center;\"><strong>KJ\u00d8P DEN P\u00c5<\/strong><\/p>\n<p><a href=\"https:\/\/www.amazon.de\/Seilleiter-Feuerleiter-2-St%C3%B6ckige-Fluchtleiter-Wiederverwendbar\/dp\/B08QZ2DY11\/?maas=maas_adg_9B3C49FBF6E3289625D47295B9B827B0_afap_abs&amp;ref_=aa_maas&amp;ref=sr_1_23&amp;__mk_de_DE=%C3%85M%C3%85%C5%BD%C3%95%C3%91&amp;dchild=1&amp;keywords=Strickleiter&amp;qid=1623657887&amp;sr=8-23\"><img loading=\"lazy\" decoding=\"async\" class=\"aligncenter wp-image-1040 size-full\" src=\"https:\/\/isopllc.com\/no\/wp-content\/uploads\/sites\/16\/2020\/01\/amazon-button9.png\" alt=\"\" width=\"160\" height=\"59\" \/><\/a><\/p>\n<p style=\"text-align: center;\">\n","protected":false},"featured_media":4137,"comment_status":"open","ping_status":"closed","template":"","meta":[],"product_brand":[],"product_cat":[69,31],"product_tag":[98,88,122,79,80,81,102],"class_list":{"0":"post-4037","1":"product","2":"type-product","3":"status-publish","4":"has-post-thumbnail","6":"product_cat-brann-romningsstiger-for-2-etasjer","7":"product_cat-taustiger-brann-flukt","8":"product_tag-brannstige","9":"product_tag-branntrapp","10":"product_tag-etasjes","11":"product_tag-nodutgang","12":"product_tag-redningsutstyr","13":"product_tag-sikkerhet","14":"product_tag-vinduer","16":"first","17":"instock","18":"shipping-taxable","19":"purchasable","20":"product-type-simple"},"_links":{"self":[{"href":"https:\/\/isopllc.com\/no\/wp-json\/wp\/v2\/product\/4037","targetHints":{"allow":["GET"]}}],"collection":[{"href":"https:\/\/isopllc.com\/no\/wp-json\/wp\/v2\/product"}],"about":[{"href":"https:\/\/isopllc.com\/no\/wp-json\/wp\/v2\/types\/product"}],"replies":[{"embeddable":true,"href":"https:\/\/isopllc.com\/no\/wp-json\/wp\/v2\/comments?post=4037"}],"wp:featuredmedia":[{"embeddable":true,"href":"https:\/\/isopllc.com\/no\/wp-json\/wp\/v2\/media\/4137"}],"wp:attachment":[{"href":"https:\/\/isopllc.com\/no\/wp-json\/wp\/v2\/media?parent=4037"}],"wp:term":[{"taxonomy":"product_brand","embeddable":true,"href":"https:\/\/isopllc.com\/no\/wp-json\/wp\/v2\/product_brand?post=4037"},{"taxonomy":"product_cat","embeddable":true,"href":"https:\/\/isopllc.com\/no\/wp-json\/wp\/v2\/product_cat?post=4037"},{"taxonomy":"product_tag","embeddable":true,"href":"https:\/\/isopllc.com\/no\/wp-json\/wp\/v2\/product_tag?post=4037"}],"curies":[{"name":"wp","href":"https:\/\/api.w.org\/{rel}","templated":true}]}}