{"id":4041,"date":"2020-08-01T12:48:30","date_gmt":"2020-08-01T12:48:30","guid":{"rendered":"https:\/\/isopllc.com\/usa\/?post_type=product&#038;p=4041"},"modified":"2025-01-03T17:59:52","modified_gmt":"2025-01-03T17:59:52","slug":"helkroppsklatresele-med-snor","status":"publish","type":"product","link":"https:\/\/isopllc.com\/no\/product\/helkroppsklatresele-med-snor\/","title":{"rendered":"Helkroppsklatresele med Snor"},"content":{"rendered":"<ul class=\"a-unordered-list a-vertical\">\n<li>UTROLIG BYGGET: ISOP 5D-Ring industrielle helkroppssele har en ryggring p\u00e5 ryggen og to p\u00e5 skulderen og to p\u00e5 hoftene for arbeidsposisjonering. Ryggringen brukes f\u00f8rst og fremst til fallsikring og ogs\u00e5 til sperring og redning. Fronten best\u00e5r av to beltel\u00f8kker som ble brukt som festepunkt for setestropper eller STIGEKLATRING. De to l\u00f8kkene m\u00e5 kobles sammen med en karabinkrok eller sikkerhetskrok som festepunkt.<\/li>\n<li>SUPERKOMFORTABEL: V\u00e5rt profesjonelle sikkerhetsbelte gir deg komfortabel montering av hoftepute og benpute og lar arbeiderne justere opp og ned og vinklene for en perfekt passform. Ideell for konstruksjon, riving, klatring, sveising, taktekking, camping, n\u00f8dssituasjoner, f\u00f8rstehjelp, landskapsarbeid, asfaltering, politi, jernbane, sanit\u00e6r, sikkerhet, landm\u00e5ling, arborister, vindusvaskere, rennevask og mer.<\/li>\n<li>UNIVERSELL ST\u00d8RRELSE: En st\u00f8rrelse passer b\u00e5de menn og kvinner (S-M-XL). Midjem\u00e5l: 66-130cm (26&#8243;-51.1&#8243;) Benst\u00f8rrelse: 46-76cm (18.1&#8243;-29.9&#8243;) Den er lett \u00e5 ta p\u00e5, behagelig \u00e5 ha p\u00e5 hele dagen og enkel \u00e5 bruke. PREMIUMMATERIALE OG SOLID BRODERI: Alle v\u00e5re setebelter er laget av 100 % h\u00f8ykvalitets h\u00f8ystyrke industrielle syntetiske polyesterfibre, som har utmerket aldrings-, slitasje- og varmebestandighet, og sikrer b\u00e5ndstyrke opp til 25kN (2500kg).<\/li>\n<li>Arbeidssikkerhets- og helseadministrasjonen ble opprettet av kongressen for \u00e5 sikre trygge og sunne arbeidsforhold for menn og kvinner ved \u00e5 sette standarder og tilby oppl\u00e6ring, opps\u00f8king, utdanning og assistanse. Et personlig fallsikringssystem er n\u00f8dvendig n\u00e5r du arbeider 6 fot. eller mer over lavere niv\u00e5er og best\u00e5r vanligvis av en helkroppssele, en deklarasjonsanordning, en snor og et ankerpunkt. Bygg, arborist, vindusvask, takrennevask, taktekking, s\u00f8k og redning.<\/li>\n<\/ul>\n<p><img decoding=\"async\" class=\"aligncenter\" src=\"https:\/\/m.media-amazon.com\/images\/S\/aplus-media\/sc\/b2ce0b46-0c95-4365-8c61-a5fd05505e58.__CR0,0,970,300_PT0_SX970_V1___.jpg\" alt=\"belt-harness\" data-src=\"https:\/\/m.media-amazon.com\/images\/S\/aplus-media\/sc\/b2ce0b46-0c95-4365-8c61-a5fd05505e58.__CR0,0,970,300_PT0_SX970_V1___.jpg\" \/><\/p>\n","protected":false},"excerpt":{"rendered":"<p style=\"text-align: center;\">Helkroppsklatresele med Snor &#8211; Slitesterkt Materiale av F\u00f8rsteklasses Kvalitet &#8211; Justerbar D-ring med Glidende Rygg &#8211; Spenner med Spor<\/p>\n<p style=\"text-align: center;\">GRATIS LEVERING INNEN 3-7 DAGER<\/p>\n<p style=\"text-align: center;\"><strong>KJ\u00d8P DEN P\u00c5<\/strong><\/p>\n<p><a href=\"https:\/\/www.amazon.de\/Ganzk%C3%B6rpersicherheitsgurt-gestrandete-Kletterschutz-K%C3%B6rperpositionierung-Schutzausr%C3%BCstung\/dp\/B086MWBSYF\/?maas=maas_adg_ACFFDFA5AB880686BB5799578C962ACA_afap_abs&amp;ref_=aa_maas&amp;ref=sr_1_3&amp;dchild=1&amp;keywords=Ganzk%C3%B6rpersicherheitsgurt&amp;qid=1623658645&amp;sr=8-3\"><img loading=\"lazy\" decoding=\"async\" class=\"aligncenter wp-image-1040 size-full\" src=\"https:\/\/isopllc.com\/no\/wp-content\/uploads\/sites\/16\/2020\/01\/amazon-button9.png\" alt=\"\" width=\"160\" height=\"59\" \/><\/a><\/p>\n<p>&nbsp;<\/p>\n","protected":false},"featured_media":4172,"comment_status":"open","ping_status":"closed","template":"","meta":[],"product_brand":[],"product_cat":[68],"product_tag":[127,125,80,81,124],"class_list":{"0":"post-4041","1":"product","2":"type-product","3":"status-publish","4":"has-post-thumbnail","6":"product_cat-tilbehor-til-brannstiger","7":"product_tag-helkroppsklatresele","8":"product_tag-klatring","9":"product_tag-redningsutstyr","10":"product_tag-sikkerhet","11":"product_tag-snor","13":"first","14":"instock","15":"shipping-taxable","16":"purchasable","17":"product-type-simple"},"_links":{"self":[{"href":"https:\/\/isopllc.com\/no\/wp-json\/wp\/v2\/product\/4041","targetHints":{"allow":["GET"]}}],"collection":[{"href":"https:\/\/isopllc.com\/no\/wp-json\/wp\/v2\/product"}],"about":[{"href":"https:\/\/isopllc.com\/no\/wp-json\/wp\/v2\/types\/product"}],"replies":[{"embeddable":true,"href":"https:\/\/isopllc.com\/no\/wp-json\/wp\/v2\/comments?post=4041"}],"wp:featuredmedia":[{"embeddable":true,"href":"https:\/\/isopllc.com\/no\/wp-json\/wp\/v2\/media\/4172"}],"wp:attachment":[{"href":"https:\/\/isopllc.com\/no\/wp-json\/wp\/v2\/media?parent=4041"}],"wp:term":[{"taxonomy":"product_brand","embeddable":true,"href":"https:\/\/isopllc.com\/no\/wp-json\/wp\/v2\/product_brand?post=4041"},{"taxonomy":"product_cat","embeddable":true,"href":"https:\/\/isopllc.com\/no\/wp-json\/wp\/v2\/product_cat?post=4041"},{"taxonomy":"product_tag","embeddable":true,"href":"https:\/\/isopllc.com\/no\/wp-json\/wp\/v2\/product_tag?post=4041"}],"curies":[{"name":"wp","href":"https:\/\/api.w.org\/{rel}","templated":true}]}}