{"id":4047,"date":"2020-08-02T03:11:38","date_gmt":"2020-08-02T03:11:38","guid":{"rendered":"https:\/\/isopllc.com\/usa\/?post_type=product&#038;p=4047"},"modified":"2025-07-07T06:33:54","modified_gmt":"2025-07-07T06:33:54","slug":"romningsveske-til-kjaeledyr-opptil-50-kg","status":"publish","type":"product","link":"https:\/\/isopllc.com\/no\/product\/romningsveske-til-kjaeledyr-opptil-50-kg\/","title":{"rendered":"R\u00f8mningsveske til kj\u00e6ledyr opptil 50 kg"},"content":{"rendered":"<div class=\"celwidget aplus-module module-1\" data-cel-widget=\"aplus-module-1\">\n<div class=\"a-expander-collapsed-height a-row a-expander-container a-expander-partial-collapse-container\" data-a-expander-name=\"aplus-module-expander\" data-a-expander-collapsed-height=\"700\">\n<div class=\"a-expander-content a-expander-partial-collapse-content\">\n<div class=\"aplus-module-wrapper apm-fixed-width\">\n<div class=\"apm-spacing apm-wrap\">\n<h2 style=\"text-align: center\">R\u00f8mningsveske til kj\u00e6ledyr opptil 50 kg &#8211; Tau 15 m inkludert &#8211; Sikkerhetsutstyrsholder &#8211; Rapid Rescue Bag for dyr (stor 48x46x25 cm)<\/h2>\n<div class=\"apm-floatleft apm-wrap\">\n<div class=\"apm-rightthirdcol\">\n<div class=\"apm-rightthirdcol-inner\">\n<div class=\"amp-centerthirdcol-listbox\">\n<div class=\"apm-listbox amp-centerthirdcol-listbox a-box a-color-alternate-background a-spacing-small\">\n<div class=\"a-box-inner\">\n<div class=\"apm-listbox a-box a-color-alternate-background a-spacing-small\">\n<div class=\"a-box-inner\">\n<p><img loading=\"lazy\" decoding=\"async\" class=\"alignnone size-medium wp-image-1778\" src=\"https:\/\/isopllc.com\/no\/wp-content\/uploads\/sites\/16\/2020\/02\/evacuation-device-03-300x240.jpg\" alt=\"\" width=\"300\" height=\"240\" srcset=\"https:\/\/isopllc.com\/no\/wp-content\/uploads\/sites\/16\/2020\/02\/evacuation-device-03-300x240.jpg 300w, https:\/\/isopllc.com\/no\/wp-content\/uploads\/sites\/16\/2020\/02\/evacuation-device-03-768x614.jpg 768w, https:\/\/isopllc.com\/no\/wp-content\/uploads\/sites\/16\/2020\/02\/evacuation-device-03.jpg 1000w\" sizes=\"auto, (max-width: 300px) 100vw, 300px\" \/><\/p>\n<h3 style=\"text-align: center\">S\u00f8rg for at kj\u00e6ledyret ditt forblir trygt i tilfelle brann bryter ut!<br \/>\nVi presenterer den ultimate n\u00f8dbrannevakueringsenheten for kj\u00e6ledyr, tilbudt av ISOP!<\/h3>\n<p>Bor du i 5. etasje og bekymrer deg for kj\u00e6ledyrets sikkerhet i tilfelle brann?<\/p>\n<p>Ville du sove bedre n\u00e5r du visste at kj\u00e6ledyret ditt trygt kunne r\u00f8mme utenfor bygningen?<\/p>\n<p>Denne brannvesken er laget i form av en ryggsekk, s\u00e5 i n\u00f8dstilfeller lar den deg plassere et kj\u00e6ledyr der, bare ta den p\u00e5 og l\u00f8pe ut eller senke den ned fra et vindu med et kraftig tau.<\/p>\n<p style=\"text-align: center\"><strong>Ta kj\u00e6ledyret ditt fra fare til sikkerhet i 3 trinn!<\/strong><\/p>\n<ul>\n<li>Brett ut n\u00f8dr\u00f8mningsanordningen<\/li>\n<li>Legg en pute inni og kj\u00e6ledyret ditt p\u00e5 den<\/li>\n<li>Senk posen med dets dyrebare innhold fra utsiden av bygningen, til bakken<\/li>\n<\/ul>\n<div class=\"amp-centerthirdcol-listbox\">\n<div class=\"a-box a-spacing-small a-color-alternate-background apm-listbox amp-centerthirdcol-listbox\">\n<div class=\"a-box-inner\">\n<div class=\"ebT7ne sMVRZe\">\n<h4 class=\"F0pQVc\" style=\"text-align: center\"><img loading=\"lazy\" decoding=\"async\" class=\"alignnone size-medium wp-image-1297\" src=\"https:\/\/isopllc.com\/no\/wp-content\/uploads\/sites\/16\/2020\/01\/1-copy-225x300.jpg\" alt=\"\" width=\"225\" height=\"300\" srcset=\"https:\/\/isopllc.com\/no\/wp-content\/uploads\/sites\/16\/2020\/01\/1-copy-225x300.jpg 225w, https:\/\/isopllc.com\/no\/wp-content\/uploads\/sites\/16\/2020\/01\/1-copy.jpg 300w\" sizes=\"auto, (max-width: 225px) 100vw, 225px\" \/><span style=\"font-size: 1.41575em\">\u200b<\/span>Uansett om du bor i 1. eller 5. etasje, kommer kj\u00e6ledyret ditt trygt til bakken, vekk fra livstruende brann og kvelende r\u00f8yk.<\/h4>\n<\/div>\n<div class=\"QcsUad BDJ8fb BLojaf sMVRZe wneUed\">\n<div class=\"usGWQd\">\n<div class=\"KkbLmb\">\n<div dir=\"ltr\"><\/div>\n<\/div>\n<\/div>\n<\/div>\n<h4 class=\"a-spacing-small a-size-small a-color-secondary\" style=\"text-align: center\">Du trenger ikke \u00e5 miste s\u00f8vn over kj\u00e6ledyrets sikkerhet lenger!<\/h4>\n<p>Hos ISOP har vi lenge tilbudt deg det beste innen r\u00f8mningsutstyr. V\u00e5re r\u00f8mningsstiger, brannposer har gitt oss tilliten til v\u00e5re verdifulle kunder.<\/p>\n<p style=\"text-align: center\">Hvorfor velge ISOP Fire Emergency Escape Bag?<\/p>\n<ul>\n<li>Kommer med det 15 m GRATIS tunge tauet<\/li>\n<li>Flott for hjem opp til 5. etasje<\/li>\n<li>Stor PVC-belagt nettingfront for bedre luftstr\u00f8m<\/li>\n<li>Enkel \u00e5 oppbevare i den praktiske oppbevaringsvesken<\/li>\n<li>Kompletter ditt n\u00f8dverkt\u00f8ysett!<\/li>\n<li>Anbefalt for kj\u00e6ledyr opp til 50 kg.<\/li>\n<\/ul>\n<p>DIMENSJONER: 48\/46\/25 cm SE VIDEO OM VEKT KAPASITET. 68 kg TEST<\/p>\n<\/div>\n<\/div>\n<\/div>\n<\/div>\n<\/div>\n<p>Finnes ogs\u00e5 i <a href=\"https:\/\/isopllc.com\/no\/product\/brannveske-for-hund-eller-katt-opptil-25-kg\/\"><strong>liten st\u00f8rrelse.<\/strong><\/a><\/p>\n<\/div>\n<\/div>\n<\/div>\n<\/div>\n<\/div>\n<\/div>\n<\/div>\n<\/div>\n<\/div>\n<\/div>\n<\/div>\n","protected":false},"excerpt":{"rendered":"[embed]https:\/\/youtu.be\/PlpP86TtDgo?si=Wd6DNm2GGM0i_cHm[\/embed]\n<p style=\"text-align: center\">R\u00f8mningsveske til kj\u00e6ledyr opptil 50 kg &#8211; Tau 15 m inkludert &#8211; Sikkerhetsutstyrsholder &#8211; Rapid Rescue Bag for dyr (stor 48x46x25 cm)<\/p>\n<p style=\"text-align: center\">GRATIS LEVERING INNEN 3-7 DAGER<\/p>\n<p style=\"text-align: center\"><strong>KJ\u00d8P DEN P\u00c5<\/strong><br \/>\n\u200b<\/p>\n<p><a href=\"https:\/\/www.amazon.de\/ISOP-Feuerrettungsger%C3%A4tetasche-Kinder-oder-Haustiere\/dp\/B07RQH4NNR\/?maas=maas_adg_71709354A2AFF585CF483DC970F36760_afap_abs&amp;ref_=aa_maas&amp;ref=sr_1_1&amp;dchild=1&amp;keywords=Notausgang&amp;qid=1600487072&amp;sr=8-1\"><img loading=\"lazy\" decoding=\"async\" class=\"aligncenter wp-image-1040 size-full\" src=\"https:\/\/isopllc.com\/no\/wp-content\/uploads\/sites\/16\/2020\/01\/amazon-button9.png\" alt=\"\" width=\"160\" height=\"59\" \/><\/a><\/p>\n<p>&nbsp;<\/p>\n","protected":false},"featured_media":4146,"comment_status":"open","ping_status":"closed","template":"","meta":[],"product_brand":[],"product_cat":[72,68],"product_tag":[176,175,80,81],"class_list":{"0":"post-4047","1":"product","2":"type-product","3":"status-publish","4":"has-post-thumbnail","6":"product_cat-brann-romning-for-kjaeledyr","7":"product_cat-tilbehor-til-brannstiger","8":"product_tag-kjaeledyr","9":"product_tag-nodfluktpose","10":"product_tag-redningsutstyr","11":"product_tag-sikkerhet","13":"first","14":"instock","15":"shipping-taxable","16":"purchasable","17":"product-type-variable"},"_links":{"self":[{"href":"https:\/\/isopllc.com\/no\/wp-json\/wp\/v2\/product\/4047","targetHints":{"allow":["GET"]}}],"collection":[{"href":"https:\/\/isopllc.com\/no\/wp-json\/wp\/v2\/product"}],"about":[{"href":"https:\/\/isopllc.com\/no\/wp-json\/wp\/v2\/types\/product"}],"replies":[{"embeddable":true,"href":"https:\/\/isopllc.com\/no\/wp-json\/wp\/v2\/comments?post=4047"}],"wp:featuredmedia":[{"embeddable":true,"href":"https:\/\/isopllc.com\/no\/wp-json\/wp\/v2\/media\/4146"}],"wp:attachment":[{"href":"https:\/\/isopllc.com\/no\/wp-json\/wp\/v2\/media?parent=4047"}],"wp:term":[{"taxonomy":"product_brand","embeddable":true,"href":"https:\/\/isopllc.com\/no\/wp-json\/wp\/v2\/product_brand?post=4047"},{"taxonomy":"product_cat","embeddable":true,"href":"https:\/\/isopllc.com\/no\/wp-json\/wp\/v2\/product_cat?post=4047"},{"taxonomy":"product_tag","embeddable":true,"href":"https:\/\/isopllc.com\/no\/wp-json\/wp\/v2\/product_tag?post=4047"}],"curies":[{"name":"wp","href":"https:\/\/api.w.org\/{rel}","templated":true}]}}