{"id":4243,"date":"2020-12-14T09:48:38","date_gmt":"2020-12-14T09:48:38","guid":{"rendered":"https:\/\/isopllc.com\/usa\/?post_type=product&#038;p=4243"},"modified":"2025-05-29T07:47:58","modified_gmt":"2025-05-29T07:47:58","slug":"taustige-for-barn-2-m-flerbruks-nettstige","status":"publish","type":"product","link":"https:\/\/isopllc.com\/no\/product\/taustige-for-barn-2-m-flerbruks-nettstige\/","title":{"rendered":"Taustige for barn 2 m &#8211; Flerbruks nettstige"},"content":{"rendered":"<div class=\"celwidget aplus-module module-4 aplus-standard\" data-csa-c-id=\"6mnb1z-9dwrl2-ic24uv-jd1phn\" data-cel-widget=\"aplus-module-4\">\n<div class=\"a-expander-collapsed-height a-row a-expander-container a-expander-partial-collapse-container\" aria-live=\"polite\" data-a-expander-name=\"aplus-module-expander\" data-a-expander-collapsed-height=\"700\">\n<div class=\"a-expander-content a-expander-partial-collapse-content\" aria-expanded=\"false\">\n<div class=\"aplus-module-wrapper apm-fixed-width\">\n<div class=\"apm-spacing\">\n<div class=\"apm-floatleft apm-fixed-width\">\n<div>\n<h2 id=\"title\" class=\"a-size-large a-spacing-none\">Taustige for barn 2 m | Flerbruks nettstige &#8211; karabinkroker og svart bag inkludert &#8211; 2 m stige Lett og p\u00e5litelig Holder opptil 209 kg. | Innend\u00f8rs \/ Utend\u00f8rs klatrestige<\/h2>\n<\/div>\n<div><\/div>\n<div class=\"apm-spacing\">\n<p><img decoding=\"async\" class=\"\" src=\"https:\/\/m.media-amazon.com\/images\/S\/aplus-media\/sc\/0484a226-8be6-4965-8b8a-062de5498c97.__CR0,0,600,600_PT0_SX220_V1___.jpg\" alt=\"Light Weight\" data-src=\"https:\/\/m.media-amazon.com\/images\/S\/aplus-media\/sc\/0484a226-8be6-4965-8b8a-062de5498c97.__CR0,0,600,600_PT0_SX220_V1___.jpg\" \/><\/p>\n<h4 style=\"text-align: center\">Lett vekt<\/h4>\n<p style=\"text-align: center\">Dette er den letteste stigen som er tilgjengelig p\u00e5 markedet. Vekten p\u00e5 en stige p\u00e5 3 m er kun 1 kg.<\/p>\n<p><img decoding=\"async\" class=\"\" src=\"https:\/\/m.media-amazon.com\/images\/S\/aplus-media\/sc\/74a6e3c1-c8e9-4370-82e8-2ece837c08f7.__CR0,0,1000,1000_PT0_SX220_V1___.jpg\" alt=\"Strong and Stable\" data-src=\"https:\/\/m.media-amazon.com\/images\/S\/aplus-media\/sc\/74a6e3c1-c8e9-4370-82e8-2ece837c08f7.__CR0,0,1000,1000_PT0_SX220_V1___.jpg\" \/><\/p>\n<h4 style=\"text-align: center\">Sterk og stabil<\/h4>\n<p style=\"text-align: left\">En av de store fordelene med v\u00e5r redningsb\u00e5ndstige er at de viktigste nylonstroppene er integrerte fra bunn til topp, og ikke best\u00e5r av sammensydde deler som for eksempel &#8220;kidde&#8221; eller &#8220;first alert&#8221; stiger, derfor er den usedvanlig solid. Og ogs\u00e5 materialene som brukes til trinnene som glassfiber og basaltfiber gj\u00f8r denne stroppstigen mye sterkere enn engangsstiger av aluminium.<\/p>\n<p><img decoding=\"async\" class=\"\" src=\"https:\/\/m.media-amazon.com\/images\/S\/aplus-media\/sc\/a31e0885-9da9-4fe2-a571-e1558cab0393.__CR0,0,600,600_PT0_SX220_V1___.jpg\" alt=\"Tangle free\" data-src=\"https:\/\/m.media-amazon.com\/images\/S\/aplus-media\/sc\/a31e0885-9da9-4fe2-a571-e1558cab0393.__CR0,0,600,600_PT0_SX220_V1___.jpg\" \/><\/p>\n<h4 style=\"text-align: center\">Tangle Free<\/h4>\n<p style=\"text-align: center\">V\u00e5re webbingstiger er enkle \u00e5 pakke tilbake i oppbevaringsposen etter bruk. Ingen floker under montering.<\/p>\n<p><img loading=\"lazy\" decoding=\"async\" class=\"alignnone wp-image-5641\" src=\"https:\/\/isopllc.com\/no\/wp-content\/uploads\/sites\/16\/2020\/12\/Black-ladder-dimencions-300x300.jpg\" alt=\"Brannfluktladder\" width=\"231\" height=\"231\" srcset=\"https:\/\/isopllc.com\/no\/wp-content\/uploads\/sites\/16\/2020\/12\/Black-ladder-dimencions-300x300.jpg 300w, https:\/\/isopllc.com\/no\/wp-content\/uploads\/sites\/16\/2020\/12\/Black-ladder-dimencions-150x150.jpg 150w, https:\/\/isopllc.com\/no\/wp-content\/uploads\/sites\/16\/2020\/12\/Black-ladder-dimencions-768x768.jpg 768w, https:\/\/isopllc.com\/no\/wp-content\/uploads\/sites\/16\/2020\/12\/Black-ladder-dimencions-416x416.jpg 416w, https:\/\/isopllc.com\/no\/wp-content\/uploads\/sites\/16\/2020\/12\/Black-ladder-dimencions-100x100.jpg 100w, https:\/\/isopllc.com\/no\/wp-content\/uploads\/sites\/16\/2020\/12\/Black-ladder-dimencions.jpg 800w\" sizes=\"auto, (max-width: 231px) 100vw, 231px\" \/><\/p>\n<h4 style=\"text-align: center\">Lengde<\/h4>\n<p style=\"text-align: center\">V\u00e5re redningsb\u00e5ndstiger kan settes sammen for \u00f8kt lengde.<\/p>\n<p><img loading=\"lazy\" decoding=\"async\" class=\"alignnone wp-image-5666\" src=\"https:\/\/isopllc.com\/no\/wp-content\/uploads\/sites\/16\/2024\/12\/black-17-300x200.jpg\" alt=\"Brannfluktladder\" width=\"242\" height=\"161\" srcset=\"https:\/\/isopllc.com\/no\/wp-content\/uploads\/sites\/16\/2024\/12\/black-17-300x200.jpg 300w, https:\/\/isopllc.com\/no\/wp-content\/uploads\/sites\/16\/2024\/12\/black-17-1024x683.jpg 1024w, https:\/\/isopllc.com\/no\/wp-content\/uploads\/sites\/16\/2024\/12\/black-17-768x512.jpg 768w, https:\/\/isopllc.com\/no\/wp-content\/uploads\/sites\/16\/2024\/12\/black-17-1000x667.jpg 1000w, https:\/\/isopllc.com\/no\/wp-content\/uploads\/sites\/16\/2024\/12\/black-17-416x277.jpg 416w, https:\/\/isopllc.com\/no\/wp-content\/uploads\/sites\/16\/2024\/12\/black-17.jpg 1500w\" sizes=\"auto, (max-width: 242px) 100vw, 242px\" \/><\/p>\n<p>&nbsp;<\/p>\n<\/div>\n<div>\n<h4 style=\"text-align: center\">V\u00e6rbestandig<\/h4>\n<p>Selve materialet er polyesterb\u00e5nd, samt profesjonelle UV-nylon-bundne tr\u00e5der, som gir motstand mot all slags v\u00e6r, selv i vann. Derfor kan de brukes som b\u00e5tstige eller marinestige. Lav fuktighetsabsorbering, slitebestandig, motstandsdyktig mot skader fra olje og mange kjemikalier, myk, hurtigt\u00f8rkende.<\/p>\n<p><img decoding=\"async\" class=\"\" style=\"font-weight: 600\" src=\"https:\/\/m.media-amazon.com\/images\/S\/aplus-media\/sc\/38568e54-d209-49fa-b289-4f0ae1f1fd5c.__CR0,0,1000,1000_PT0_SX220_V1___.jpg\" alt=\"Compact\" data-src=\"https:\/\/m.media-amazon.com\/images\/S\/aplus-media\/sc\/38568e54-d209-49fa-b289-4f0ae1f1fd5c.__CR0,0,1000,1000_PT0_SX220_V1___.jpg\" \/><\/p>\n<h4 style=\"text-align: center\">Kompakt<\/h4>\n<p>Du kan ikke forestille deg mer kompakte stiger. Hele stigen passer i h\u00e5ndflaten din. De tar ikke mye plass, kan oppbevares hvor som helst som under sengen p\u00e5 soverommet, p\u00e5 balkongen og p\u00e5 taket.<\/p>\n<h4 class=\"a-spacing-mini\"><img decoding=\"async\" class=\"\" style=\"font-size: 16px\" src=\"https:\/\/m.media-amazon.com\/images\/S\/aplus-media\/sc\/439bc8cc-57f7-43a1-89a5-e0e59866ad23.__CR665,170,333,333_PT0_SX220_V1___.jpg\" alt=\"Anti Slip Rungs\" data-src=\"https:\/\/m.media-amazon.com\/images\/S\/aplus-media\/sc\/439bc8cc-57f7-43a1-89a5-e0e59866ad23.__CR665,170,333,333_PT0_SX220_V1___.jpg\" \/><\/h4>\n<h4 style=\"text-align: center\">Anti-skli-trinn<\/h4>\n<p style=\"text-align: center\">Vevmateriale er kjent for \u00e5 v\u00e6re mye mindre glatt enn noe annet hardt materiale som aluminium, metall eller plast.<\/p>\n<\/div>\n<\/div>\n<\/div>\n<\/div>\n<div><img loading=\"lazy\" decoding=\"async\" class=\"alignnone size-full wp-image-5733\" src=\"https:\/\/isopllc.com\/no\/wp-content\/uploads\/sites\/16\/2020\/12\/black10.jpeg\" alt=\"Taustige for barn\" width=\"220\" height=\"220\" srcset=\"https:\/\/isopllc.com\/no\/wp-content\/uploads\/sites\/16\/2020\/12\/black10.jpeg 220w, https:\/\/isopllc.com\/no\/wp-content\/uploads\/sites\/16\/2020\/12\/black10-150x150.jpeg 150w, https:\/\/isopllc.com\/no\/wp-content\/uploads\/sites\/16\/2020\/12\/black10-100x100.jpeg 100w\" sizes=\"auto, (max-width: 220px) 100vw, 220px\" \/><\/div>\n<div>\n<h4 style=\"text-align: center\">Multifunksjonalitet<\/h4>\n<p style=\"text-align: center\">ISOP webbingstigen kan brukes til en branntrapp, for n\u00f8dstilfeller s\u00e5 vel som for barn p\u00e5 lekeplassen eller til en trehytte. Det er flott stige for yachter, skip og b\u00e5ter. Superlett, supersterk; vannmotstand gj\u00f8r den uerstattelig p\u00e5 enhver seilb\u00e5t. Ogs\u00e5 denne stigen er flott for br\u00f8nner eller huler.<\/p>\n<\/div>\n<\/div>\n<\/div>\n<\/div>\n<div class=\"celwidget aplus-module module-4 aplus-standard\" data-csa-c-id=\"szt2lt-ajuuna-obqptf-s4hanf\" data-cel-widget=\"aplus-module-4\">\n<div class=\"a-expander-collapsed-height a-row a-expander-container a-expander-partial-collapse-container\" aria-live=\"polite\" data-a-expander-name=\"aplus-module-expander\" data-a-expander-collapsed-height=\"700\">\n<div class=\"a-expander-content a-expander-partial-collapse-content\" aria-expanded=\"false\">\n<div class=\"aplus-module-wrapper apm-fixed-width\">\n<div class=\"apm-spacing\">\n<div class=\"apm-floatleft apm-fixed-width\">\n<div class=\"apm-spacing\"><img decoding=\"async\" class=\"a-spacing-mini\" src=\"https:\/\/m.media-amazon.com\/images\/S\/aplus-media\/sc\/92d59aff-9c56-407b-8517-ad5630f6ea30.__CR0,0,800,800_PT0_SX300_V1___.jpg\" alt=\"Carabiners\" data-src=\"https:\/\/m.media-amazon.com\/images\/S\/aplus-media\/sc\/92d59aff-9c56-407b-8517-ad5630f6ea30.__CR0,0,800,800_PT0_SX300_V1___.jpg\" \/><\/div>\n<div>\n<h4 style=\"text-align: center\">Karabinkroker<\/h4>\n<p style=\"text-align: center\">Profesjonelle 11 kn forkrommede karabinkroker inkludert.<\/p>\n<p><img decoding=\"async\" class=\"a-spacing-mini\" src=\"https:\/\/m.media-amazon.com\/images\/S\/aplus-media\/sc\/418d6428-453a-4f54-bfe7-acc934a2e204.__CR133,0,720,720_PT0_SX300_V1___.png\" alt=\"Waterproof Bag\" data-src=\"https:\/\/m.media-amazon.com\/images\/S\/aplus-media\/sc\/418d6428-453a-4f54-bfe7-acc934a2e204.__CR133,0,720,720_PT0_SX300_V1___.png\" \/><\/p>\n<h4 style=\"text-align: center\">Vanntett veske<\/h4>\n<p style=\"text-align: center\">Kul designer strandveske er inkludert i settet.<\/p>\n<p><img decoding=\"async\" class=\"a-spacing-mini\" src=\"https:\/\/m.media-amazon.com\/images\/S\/aplus-media\/sc\/e55bde67-1946-4d27-aa46-b116f6d29d0e.__CR0,0,1000,1000_PT0_SX300_V1___.jpg\" alt=\"Extremely Affordable\" data-src=\"https:\/\/m.media-amazon.com\/images\/S\/aplus-media\/sc\/e55bde67-1946-4d27-aa46-b116f6d29d0e.__CR0,0,1000,1000_PT0_SX300_V1___.jpg\" \/><\/p>\n<p>&nbsp;<\/p>\n<p>Tilgjengelig ogs\u00e5 med <a href=\"https:\/\/isopllc.com\/no\/product\/forlengelsesstige-3-m-med-karabinkroker\/\"><strong>3 m<\/strong><\/a>, <a href=\"https:\/\/isopllc.com\/no\/product\/brannfluktladder-for-2-etasjers-hus-4m\/\"><strong>4 m<\/strong><\/a>, <a href=\"https:\/\/isopllc.com\/no\/product\/brannfluktstige-5m-nylon-redningsstige\/\"><strong>5 m<\/strong><\/a>, <a href=\"https:\/\/isopllc.com\/no\/product\/brannfluktladder-3-etasjers-hus-8m\/\"><strong>8 m<\/strong><\/a>, <a href=\"https:\/\/isopllc.com\/no\/product\/gjenbrukbar-nodstige-4-etasjer-10-meter\/\"><strong>10 m<\/strong><\/a> og <a href=\"https:\/\/isopllc.com\/no\/product\/brannstige-5-etasjer-15-meter\/\"><strong>15 m.<\/strong><\/a><\/p>\n<\/div>\n<\/div>\n<\/div>\n<\/div>\n<div>\n<p style=\"text-align: center\">\n<\/div>\n<\/div>\n<\/div>\n<\/div>\n","protected":false},"excerpt":{"rendered":"[embed]https:\/\/youtu.be\/7qz80QeKdlg?si=96T03trbSrig58yg[\/embed]\n<p style=\"text-align: center\">Taustige for barn 2 m Laget i UE | Flerbruks nettstige &#8211; karabinkroker og svart bag inkludert &#8211; 2 m stige Lett og p\u00e5litelig Holder opptil 209 kg. | Innend\u00f8rs \/ Utend\u00f8rs klatrestige<\/p>\n<p style=\"text-align: center\">GRATIS LEVERING INNEN 3-7 DAGER<\/p>\n<p style=\"text-align: center\"><strong>KJ\u00d8P DEN P\u00c5<\/strong><\/p>\n<p style=\"text-align: center\"><a href=\"https:\/\/www.amazon.de\/Kinderleiter-Hergestellt-den-Mehrzweck-Gurtleiter-Kletterleiter\/dp\/B08F4B2G5R\/?maas=maas_adg_E43CD45CD6E57BFE4A79283EDA909CC8_afap_abs&amp;ref_=aa_maas&amp;ref=sr_1_1&amp;__mk_de_DE=%C3%85M%C3%85%C5%BD%C3%95%C3%91&amp;dchild=1&amp;keywords=Kinderleiter&amp;qid=1627719582&amp;s=kitchen&amp;sr=1-1&amp;th=1\"><img loading=\"lazy\" decoding=\"async\" class=\"aligncenter wp-image-1040 size-full\" src=\"https:\/\/isopllc.com\/no\/wp-content\/uploads\/sites\/16\/2020\/01\/amazon-button9.png\" alt=\"\" width=\"160\" height=\"59\" \/><\/a><\/p>\n<p>&nbsp;<\/p>\n","protected":false},"featured_media":4270,"comment_status":"open","ping_status":"closed","template":"","meta":[],"product_brand":[],"product_cat":[64],"product_tag":[198,98,80,81,96],"class_list":{"0":"post-4243","1":"product","2":"type-product","3":"status-publish","4":"has-post-thumbnail","6":"product_cat-brannredningsstiger","7":"product_tag-barn","8":"product_tag-brannstige","9":"product_tag-redningsutstyr","10":"product_tag-sikkerhet","11":"product_tag-taustige","13":"first","14":"instock","15":"shipping-taxable","16":"purchasable","17":"product-type-simple"},"_links":{"self":[{"href":"https:\/\/isopllc.com\/no\/wp-json\/wp\/v2\/product\/4243","targetHints":{"allow":["GET"]}}],"collection":[{"href":"https:\/\/isopllc.com\/no\/wp-json\/wp\/v2\/product"}],"about":[{"href":"https:\/\/isopllc.com\/no\/wp-json\/wp\/v2\/types\/product"}],"replies":[{"embeddable":true,"href":"https:\/\/isopllc.com\/no\/wp-json\/wp\/v2\/comments?post=4243"}],"wp:featuredmedia":[{"embeddable":true,"href":"https:\/\/isopllc.com\/no\/wp-json\/wp\/v2\/media\/4270"}],"wp:attachment":[{"href":"https:\/\/isopllc.com\/no\/wp-json\/wp\/v2\/media?parent=4243"}],"wp:term":[{"taxonomy":"product_brand","embeddable":true,"href":"https:\/\/isopllc.com\/no\/wp-json\/wp\/v2\/product_brand?post=4243"},{"taxonomy":"product_cat","embeddable":true,"href":"https:\/\/isopllc.com\/no\/wp-json\/wp\/v2\/product_cat?post=4243"},{"taxonomy":"product_tag","embeddable":true,"href":"https:\/\/isopllc.com\/no\/wp-json\/wp\/v2\/product_tag?post=4243"}],"curies":[{"name":"wp","href":"https:\/\/api.w.org\/{rel}","templated":true}]}}