{"id":4287,"date":"2020-12-24T08:39:39","date_gmt":"2020-12-24T08:39:39","guid":{"rendered":"https:\/\/isopllc.com\/usa\/?post_type=product&#038;p=4287"},"modified":"2025-01-03T17:02:08","modified_gmt":"2025-01-03T17:02:08","slug":"kraftige-karabinkrokene-pakke","status":"publish","type":"product","link":"https:\/\/isopllc.com\/no\/product\/kraftige-karabinkrokene-pakke\/","title":{"rendered":"Kraftige Karabinkrokene Pakke med 2 bruddstyrke"},"content":{"rendered":"<h2>Kraftige Karabinkrokene Pakke med 2 bruddstyrke 11KN slitesterke fj\u00e6rkroker for rigging, tau, hengek\u00f8yer, camping<\/h2>\n<p><img decoding=\"async\" class=\"\" src=\"https:\/\/m.media-amazon.com\/images\/S\/aplus-media\/sc\/b3a3b501-ac92-4e1f-b636-3008edbc8e28.__CR0,0,500,500_PT0_SX220_V1___.jpg\" alt=\"isop carabiners\" data-src=\"https:\/\/m.media-amazon.com\/images\/S\/aplus-media\/sc\/b3a3b501-ac92-4e1f-b636-3008edbc8e28.__CR0,0,500,500_PT0_SX220_V1___.jpg\" \/><\/p>\n<h4 style=\"text-align: center;\">DE PERFEKTE KARABINKLIPPENE<\/h4>\n<p>Karabinkrokene v\u00e5re er kraftige CE- og UIAA-sertifiserte og ment \u00e5 vare, men hvis du ikke er helt forn\u00f8yd med dem n\u00e5r som helst, er det bare \u00e5 s\u00f8ke om refusjon. Bruk disse til binding av tau, fjellklatring, rappellering, forankring, rigging, luftarbeid, lastb\u00e6rende konstruksjon, slakk f\u00f4r, ryggsekk, oppheng, buldring, rigging av tre og utstyr.<\/p>\n<p><img decoding=\"async\" class=\"\" src=\"https:\/\/m.media-amazon.com\/images\/S\/aplus-media\/sc\/b57a5f66-0dcf-4dd7-82fe-831b8de1b0f5.__CR121,0,995,995_PT0_SX220_V1___.jpg\" alt=\"isop carabiners\" data-src=\"https:\/\/m.media-amazon.com\/images\/S\/aplus-media\/sc\/b57a5f66-0dcf-4dd7-82fe-831b8de1b0f5.__CR121,0,995,995_PT0_SX220_V1___.jpg\" \/><\/p>\n<h4 style=\"text-align: center;\">H\u00d8Y STYRKE<\/h4>\n<p>V\u00e5re store karabinkroker er laget av de beste materialene slik at du kan bruke dem til alle dine utend\u00f8rs, industrielle og sportslige aktiviteter. Dette kan v\u00e6re en viktig gjenstand i treklatringsutstyret ditt, hold opp den slakke linen, fest viktig utstyr, eller noe du trenger en b\u00e6rende karabinkrok.<\/p>\n<p><img decoding=\"async\" class=\"\" src=\"https:\/\/m.media-amazon.com\/images\/S\/aplus-media\/sc\/85c356ce-df87-47db-853c-4e23033d4bc6.__CR0,0,500,500_PT0_SX220_V1___.jpg\" alt=\"isop carabiners\" data-src=\"https:\/\/m.media-amazon.com\/images\/S\/aplus-media\/sc\/85c356ce-df87-47db-853c-4e23033d4bc6.__CR0,0,500,500_PT0_SX220_V1___.jpg\" \/><\/p>\n<h4 style=\"text-align: center;\">ENH\u00c5NDS SMART L\u00c5SESYSTEM<\/h4>\n<p>Enkel \u00e5 bruke l\u00e5sfj\u00e6rport slik at du kan sikre karabinkroken trygt uten \u00e5 bekymre deg for at den sklir ut eller mister grepet. Symmetrisk form for jevn lasting gj\u00f8r at karabinkroken kan b\u00e6re og fordele vekten jevnt.<\/p>\n<p><img decoding=\"async\" class=\"\" src=\"https:\/\/m.media-amazon.com\/images\/S\/aplus-media\/sc\/b3e43bfe-01ee-4a33-a22e-6ea6bf7008d7.__CR218,0,1125,1125_PT0_SX220_V1___.jpg\" alt=\"isop carabiners\" data-src=\"https:\/\/m.media-amazon.com\/images\/S\/aplus-media\/sc\/b3e43bfe-01ee-4a33-a22e-6ea6bf7008d7.__CR218,0,1125,1125_PT0_SX220_V1___.jpg\" \/><\/p>\n<h4 style=\"text-align: center;\">FLOTT FOR ALLE AKTIVITETER<\/h4>\n<p>Karabinkrokene v\u00e5re kan ogs\u00e5 brukes til hverdagslige behov som \u00e5 holde opp husker, trestropper, hengek\u00f8yer, TRX-trening eller bare en kraftig n\u00f8kkelring.<\/p>\n<div class=\"celwidget aplus-module module-4 aplus-standard\">\n<div class=\"a-expander-collapsed-height a-row a-expander-container a-expander-partial-collapse-container\" aria-live=\"polite\" data-a-expander-name=\"aplus-module-expander\" data-a-expander-collapsed-height=\"700\">\n<div class=\"a-expander-content a-expander-partial-collapse-content\" aria-expanded=\"false\">\n<div><\/div>\n<\/div>\n<\/div>\n<\/div>\n<div class=\"celwidget aplus-module launchpad-brand-description-left aplus-standard\">\n<div class=\"a-section launchpad-module launchpad-module-brand-description-left\">\n<div class=\"a-section launchpad-text-left-justify\">\n<h3>CE \/ UIAA-SERTIFISERT SIKKERHETSVURDET GEAR &#8211; Karabinkrokene v\u00e5re oppfyller CE-sertifiseringen for sikkerhet, slik at du kan v\u00e6re sikker p\u00e5 at du vil v\u00e6re trygg for alle industrielle, sportslige bruksomr\u00e5der, treklatreutstyr eller tilbeh\u00f8r.<\/h3>\n<p>1. Har en skruel\u00e5s<\/p>\n<p>2. Slitesterk og kraftig<\/p>\n<p>3. Anti-skli og trygt<\/p>\n<p>4. O-form: en perfekt form for s\u00e5 mange forskjellige bruksomr\u00e5der<\/p>\n<p>5. Flott for utend\u00f8rs aktivitet camping fiske fotturer reise n\u00f8kkelring etc<\/p>\n<h4>Spesifikasjon<\/h4>\n<p>Materiale: Galvanisert st\u00e5l Sertifiseringssystem: CE (0321 c205)<\/p>\n<p>Maksimal spenning: 25KN (5600kg)<\/p>\n<p>Dimensjoner (L x B): 10.90 x 5.84 cm<\/p>\n<\/div>\n<\/div>\n<\/div>\n","protected":false},"excerpt":{"rendered":"<p style=\"text-align: center;\">Kraftig Karabinkrokene 2-pakk bruddstyrke 11KN holdbare fj\u00e6rkroker for rigging, tau, hengek\u00f8yer, camping<\/p>\n<p style=\"text-align: center;\">GRATIS LEVERING INNEN 3-7 DAGER<\/p>\n<p style=\"text-align: center;\"><strong>KJ\u00d8P DEN P\u00c5<\/strong><\/p>\n<p><a href=\"https:\/\/www.amazon.de\/ISOP-Hochleistungskletterkarabiner-Bruchfestigkeit-Langlebige-H%C3%A4ngematten\/dp\/B07P91TJHQ\/ref=sr_1_1?__mk_de_DE=%C3%85M%C3%85%C5%BD%C3%95%C3%91&amp;dchild=1&amp;keywords=Hochleistungskletterkarabiner&amp;qid=1634481222&amp;s=kitchen&amp;sr=1-1\"><img loading=\"lazy\" decoding=\"async\" class=\"wp-image-1040 size-full aligncenter\" src=\"https:\/\/rightfoodonly.com\/wp-content\/uploads\/amazon-button9.png\" alt=\"\" width=\"160\" height=\"59\" \/><\/a><\/p>\n<p>&nbsp;<\/p>\n","protected":false},"featured_media":4288,"comment_status":"open","ping_status":"closed","template":"","meta":[],"product_brand":[],"product_cat":[68],"product_tag":[167,125,166,80,81],"class_list":{"0":"post-4287","1":"product","2":"type-product","3":"status-publish","4":"has-post-thumbnail","6":"product_cat-tilbehor-til-brannstiger","7":"product_tag-karabinkrokene","8":"product_tag-klatring","9":"product_tag-kraftig","10":"product_tag-redningsutstyr","11":"product_tag-sikkerhet","13":"first","14":"instock","15":"shipping-taxable","16":"purchasable","17":"product-type-simple"},"_links":{"self":[{"href":"https:\/\/isopllc.com\/no\/wp-json\/wp\/v2\/product\/4287","targetHints":{"allow":["GET"]}}],"collection":[{"href":"https:\/\/isopllc.com\/no\/wp-json\/wp\/v2\/product"}],"about":[{"href":"https:\/\/isopllc.com\/no\/wp-json\/wp\/v2\/types\/product"}],"replies":[{"embeddable":true,"href":"https:\/\/isopllc.com\/no\/wp-json\/wp\/v2\/comments?post=4287"}],"wp:featuredmedia":[{"embeddable":true,"href":"https:\/\/isopllc.com\/no\/wp-json\/wp\/v2\/media\/4288"}],"wp:attachment":[{"href":"https:\/\/isopllc.com\/no\/wp-json\/wp\/v2\/media?parent=4287"}],"wp:term":[{"taxonomy":"product_brand","embeddable":true,"href":"https:\/\/isopllc.com\/no\/wp-json\/wp\/v2\/product_brand?post=4287"},{"taxonomy":"product_cat","embeddable":true,"href":"https:\/\/isopllc.com\/no\/wp-json\/wp\/v2\/product_cat?post=4287"},{"taxonomy":"product_tag","embeddable":true,"href":"https:\/\/isopllc.com\/no\/wp-json\/wp\/v2\/product_tag?post=4287"}],"curies":[{"name":"wp","href":"https:\/\/api.w.org\/{rel}","templated":true}]}}