{"id":4294,"date":"2020-12-24T09:07:57","date_gmt":"2020-12-24T09:07:57","guid":{"rendered":"https:\/\/isopllc.com\/usa\/?post_type=product&#038;p=4294"},"modified":"2025-01-03T16:57:44","modified_gmt":"2025-01-03T16:57:44","slug":"klatreankerbolt-sett-med-2","status":"publish","type":"product","link":"https:\/\/isopllc.com\/no\/product\/klatreankerbolt-sett-med-2\/","title":{"rendered":"Klatreankerbolt sett med 2 FIXE 1 Fjellklatring"},"content":{"rendered":"<h2 id=\"title\" class=\"a-size-large a-spacing-none\" style=\"text-align: center;\">Klatreankerbolt sett med 2 &#8211; ekspansjonsbolt og henger FIXE 1 fjellklatring<\/h2>\n<div class=\"celwidget aplus-module launchpad-brand-description-left aplus-standard\">\n<div class=\"a-section launchpad-module launchpad-module-brand-description-left\">\n<div class=\"a-section launchpad-text-left-justify\">\n<div class=\"celwidget aplus-module launchpad-brand-description-left aplus-standard\" data-csa-c-id=\"peii8c-x52a71-q7cqai-fu661t\" data-cel-widget=\"aplus-launchpad-brand-description-left\">\n<div class=\"a-section launchpad-module launchpad-module-brand-description-left\">\n<div class=\"a-section launchpad-text-left-justify\">\n<ul>\n<li>Veier 110g med 316 rustfritt st\u00e5l, hovedaksestyrken er 25KN. Sikkerhet med ekspansjonsbolt og skive.<\/li>\n<li>Lengde: 10.8cm, Bolter Diameter: 10 mm<\/li>\n<li>Profesjonelt topptauanker for fjellklatring, utfor, rappellering. Innend\u00f8rs opphengsbolt for hengek\u00f8ye, huske, luftyoga, boksesekk etc.<\/li>\n<li>Muttere og flate skiver er inkludert.<\/li>\n<li>Feste\u00f8ye designet for to karabinkroker, maks belastningsstyrke: 25KN.<\/li>\n<\/ul>\n<p><img decoding=\"async\" class=\"a-spacing-mini\" src=\"https:\/\/m.media-amazon.com\/images\/S\/aplus-media\/sc\/d9d1cc8a-da5e-44cd-8705-446d3f3b3913.__CR70,192,1023,1023_PT0_SX300_V1___.jpg\" alt=\"anchors\" data-src=\"https:\/\/m.media-amazon.com\/images\/S\/aplus-media\/sc\/d9d1cc8a-da5e-44cd-8705-446d3f3b3913.__CR70,192,1023,1023_PT0_SX300_V1___.jpg\" \/><\/p>\n<p style=\"text-align: center;\">Klatreankerbolte sett, inkluderer 2 stk opphengsplater og 2 stk ekspansjonsbolter. Boltmuttere og flate skiver er inkludert.<\/p>\n<p><img decoding=\"async\" class=\"a-spacing-mini\" src=\"https:\/\/m.media-amazon.com\/images\/S\/aplus-media\/sc\/7af1ccff-2172-4b01-9eca-35a00c55cc1f.__CR98,309,937,937_PT180_SX300_V1___.jpg\" alt=\"rock climbing anchors\" data-src=\"https:\/\/m.media-amazon.com\/images\/S\/aplus-media\/sc\/7af1ccff-2172-4b01-9eca-35a00c55cc1f.__CR98,309,937,937_PT180_SX300_V1___.jpg\" \/><\/p>\n<p style=\"text-align: center;\">Opphengsplater for permanent ankerpunkt. Feste\u00f8ye designet for to karabinkroker.<\/p>\n<p><img decoding=\"async\" class=\"a-spacing-mini\" src=\"https:\/\/m.media-amazon.com\/images\/S\/aplus-media\/sc\/8da593fa-f695-495c-a3ab-c3de4bb2fe7a.__CR84,20,312,312_PT0_SX300_V1___.jpg\" alt=\"anchors wall attachment\" data-src=\"https:\/\/m.media-amazon.com\/images\/S\/aplus-media\/sc\/8da593fa-f695-495c-a3ab-c3de4bb2fe7a.__CR84,20,312,312_PT0_SX300_V1___.jpg\" \/><\/p>\n<p>Laget av h\u00f8ykvalitets og slitesterkt rustfritt st\u00e5lmateriale. Lett, egnet for fjellklatring, fjellklatring, grotting og andre utend\u00f8rsaktiviteter.<\/p>\n<\/div>\n<\/div>\n<\/div>\n<div class=\"celwidget aplus-module module-9 aplus-standard\" data-csa-c-id=\"epzk4v-mtukvp-rhc5jc-q12508\" data-cel-widget=\"aplus-module-9\">\n<div class=\"a-expander-collapsed-height a-row a-expander-container a-expander-partial-collapse-container\" aria-live=\"polite\" data-a-expander-name=\"aplus-module-expander\" data-a-expander-collapsed-height=\"700\">\n<div class=\"a-expander-content a-expander-partial-collapse-content\" aria-expanded=\"false\">\n<div class=\"aplus-module-wrapper apm-fixed-width\">\n<div class=\"apm-spacing apm-fixed-width\"><\/div>\n<\/div>\n<\/div>\n<\/div>\n<\/div>\n<\/div>\n<\/div>\n<\/div>\n","protected":false},"excerpt":{"rendered":"<p style=\"text-align: center;\">Klatreankerbolt sett med 2 &#8211; Ekspansjonsbolt Og Henger FIXE 1 Fjellklatring<\/p>\n<p style=\"text-align: center;\">GRATIS LEVERING INNEN 3-7 DAGER<\/p>\n<p style=\"text-align: center;\"><strong>KJ\u00d8P DEN P\u00c5<\/strong><\/p>\n<p><a href=\"https:\/\/www.amazon.de\/ISOP-Ankerhaken-Expansionsbolzen-Hander-Kletteranker\/dp\/B07P978JW5\/ref=sr_1_1?__mk_de_DE=%C3%85M%C3%85%C5%BD%C3%95%C3%91&amp;dchild=1&amp;keywords=Ankerhaken&amp;qid=1634461125&amp;s=kitchen&amp;sr=1-1\"><img loading=\"lazy\" decoding=\"async\" class=\"wp-image-1040 size-full aligncenter\" src=\"https:\/\/rightfoodonly.com\/wp-content\/uploads\/amazon-button9.png\" alt=\"\" width=\"160\" height=\"59\" \/><\/a><\/p>\n<p>&nbsp;<\/p>\n","protected":false},"featured_media":4295,"comment_status":"open","ping_status":"closed","template":"","meta":[],"product_brand":[],"product_cat":[68],"product_tag":[160,162,163,161,159,80,81],"class_list":{"0":"post-4294","1":"product","2":"type-product","3":"status-publish","4":"has-post-thumbnail","6":"product_cat-tilbehor-til-brannstiger","7":"product_tag-ekspansjonsbolt","8":"product_tag-fixe","9":"product_tag-fjellklatring","10":"product_tag-henger","11":"product_tag-klatreankerbolt","12":"product_tag-redningsutstyr","13":"product_tag-sikkerhet","15":"first","16":"instock","17":"shipping-taxable","18":"purchasable","19":"product-type-simple"},"_links":{"self":[{"href":"https:\/\/isopllc.com\/no\/wp-json\/wp\/v2\/product\/4294","targetHints":{"allow":["GET"]}}],"collection":[{"href":"https:\/\/isopllc.com\/no\/wp-json\/wp\/v2\/product"}],"about":[{"href":"https:\/\/isopllc.com\/no\/wp-json\/wp\/v2\/types\/product"}],"replies":[{"embeddable":true,"href":"https:\/\/isopllc.com\/no\/wp-json\/wp\/v2\/comments?post=4294"}],"wp:featuredmedia":[{"embeddable":true,"href":"https:\/\/isopllc.com\/no\/wp-json\/wp\/v2\/media\/4295"}],"wp:attachment":[{"href":"https:\/\/isopllc.com\/no\/wp-json\/wp\/v2\/media?parent=4294"}],"wp:term":[{"taxonomy":"product_brand","embeddable":true,"href":"https:\/\/isopllc.com\/no\/wp-json\/wp\/v2\/product_brand?post=4294"},{"taxonomy":"product_cat","embeddable":true,"href":"https:\/\/isopllc.com\/no\/wp-json\/wp\/v2\/product_cat?post=4294"},{"taxonomy":"product_tag","embeddable":true,"href":"https:\/\/isopllc.com\/no\/wp-json\/wp\/v2\/product_tag?post=4294"}],"curies":[{"name":"wp","href":"https:\/\/api.w.org\/{rel}","templated":true}]}}