{"id":4335,"date":"2021-02-15T11:10:05","date_gmt":"2021-02-15T11:10:05","guid":{"rendered":"https:\/\/isopllc.com\/usa\/?post_type=product&#038;p=4335"},"modified":"2025-01-03T16:50:40","modified_gmt":"2025-01-03T16:50:40","slug":"brannfluktladder-1-etasjes-hus","status":"publish","type":"product","link":"https:\/\/isopllc.com\/no\/product\/brannfluktladder-1-etasjes-hus\/","title":{"rendered":"ISOP Brannfluktladder 1-etasjes hus 4 m"},"content":{"rendered":"<div class=\"celwidget aplus-module module-4 aplus-standard\" data-csa-c-id=\"6mnb1z-9dwrl2-ic24uv-jd1phn\" data-cel-widget=\"aplus-module-4\">\n<div class=\"a-expander-collapsed-height a-row a-expander-container a-expander-partial-collapse-container\" aria-live=\"polite\" data-a-expander-name=\"aplus-module-expander\" data-a-expander-collapsed-height=\"700\">\n<div class=\"a-expander-content a-expander-partial-collapse-content\" aria-expanded=\"false\">\n<div class=\"aplus-module-wrapper apm-fixed-width\">\n<div class=\"apm-spacing\">\n<div class=\"apm-floatleft apm-fixed-width\">\n<div id=\"title_feature_div\" class=\"celwidget\" data-feature-name=\"title\" data-csa-c-id=\"m5t5xw-wzxd1-od319-pyb58o\" data-cel-widget=\"title_feature_div\">\n<div id=\"titleSection\" class=\"a-section a-spacing-none\">\n<div id=\"title_feature_div\" class=\"celwidget\" data-feature-name=\"title\" data-csa-c-id=\"m5t5xw-wzxd1-od319-pyb58o\" data-cel-widget=\"title_feature_div\">\n<div id=\"titleSection\" class=\"a-section a-spacing-none\">\n<h2 id=\"title\" class=\"a-size-large a-spacing-none\" style=\"text-align: center;\">ISOP Brannfluktladder 1-etasjes hus\u00a0 4 m | Uttrekkbar stige for vindu i andre etasje | Lett, kompakt og b\u00e6rbar<\/h2>\n<\/div>\n<\/div>\n<\/div>\n<\/div>\n<\/div>\n<\/div>\n<\/div>\n<\/div>\n<\/div>\n<\/div>\n<div class=\"celwidget aplus-module module-9 aplus-standard\" data-csa-c-id=\"kgh8ns-6rdhac-l4uce3-redgno\" data-cel-widget=\"aplus-module-9\">\n<div class=\"a-expander-collapsed-height a-row a-expander-container a-expander-partial-collapse-container\" aria-live=\"polite\" data-a-expander-name=\"aplus-module-expander\" data-a-expander-collapsed-height=\"700\">\n<div class=\"a-expander-content a-expander-partial-collapse-content\" aria-expanded=\"false\">\n<div class=\"aplus-module-wrapper apm-fixed-width\">\n<div class=\"apm-spacing apm-fixed-width\">\n<div class=\"celwidget aplus-module module-9 aplus-standard\" data-csa-c-id=\"6rrkxj-o9oo3p-2dk8kw-v8mrts\" data-cel-widget=\"aplus-module-9\">\n<div class=\"a-expander-collapsed-height a-row a-expander-container a-expander-partial-collapse-container\" aria-live=\"polite\" data-a-expander-name=\"aplus-module-expander\" data-a-expander-collapsed-height=\"700\">\n<div class=\"a-expander-content a-expander-partial-collapse-content\" aria-expanded=\"false\">\n<div class=\"aplus-module-wrapper apm-fixed-width\">\n<div class=\"apm-spacing apm-fixed-width\"><\/div>\n<\/div>\n<\/div>\n<\/div>\n<\/div>\n<div class=\"celwidget aplus-module module-2 aplus-standard\" data-csa-c-id=\"czdp8c-vpt42n-ub22e6-8qlfjz\" data-cel-widget=\"aplus-module-2\">\n<div class=\"a-expander-collapsed-height a-row a-expander-container a-expander-partial-collapse-container\" aria-live=\"polite\" data-a-expander-name=\"aplus-module-expander\" data-a-expander-collapsed-height=\"700\">\n<div class=\"a-expander-content a-expander-partial-collapse-content\" aria-expanded=\"false\">\n<div class=\"aplus-module-wrapper apm-floatnone apm-fixed-width\">\n<div class=\"apm-sidemodule apm-spacing\">\n<div class=\"apm-sidemodule-textright\">\n<div class=\"celwidget aplus-module module-9 aplus-standard\">\n<div class=\"a-expander-collapsed-height a-row a-expander-container a-expander-partial-collapse-container\" data-a-expander-name=\"aplus-module-expander\" data-a-expander-collapsed-height=\"700\">\n<div class=\"a-expander-content a-expander-partial-collapse-content\" aria-expanded=\"false\">\n<div class=\"aplus-module-wrapper apm-fixed-width\">\n<div class=\"apm-spacing apm-fixed-width\">\n<h3 class=\"a-spacing-small\" style=\"text-align: center;\">10 grunner til \u00e5 velge v\u00e5re brannstiger<\/h3>\n<p><img decoding=\"async\" class=\"a-spacing-mini\" src=\"https:\/\/m.media-amazon.com\/images\/S\/aplus-media-library-service-media\/aab8d50e-8208-41e9-8765-5ab8f29f0c58.__CR0,0,300,300_PT0_SX300_V1___.jpg\" alt=\"For window or balcony\" data-src=\"https:\/\/m.media-amazon.com\/images\/S\/aplus-media-library-service-media\/aab8d50e-8208-41e9-8765-5ab8f29f0c58.__CR0,0,300,300_PT0_SX300_V1___.jpg\" \/><\/p>\n<div class=\"celwidget aplus-module module-9 aplus-standard\" data-csa-c-id=\"6rrkxj-o9oo3p-2dk8kw-v8mrts\" data-cel-widget=\"aplus-module-9\">\n<div class=\"a-expander-collapsed-height a-row a-expander-container a-expander-partial-collapse-container\" aria-live=\"polite\" data-a-expander-name=\"aplus-module-expander\" data-a-expander-collapsed-height=\"700\">\n<div class=\"a-expander-content a-expander-partial-collapse-content\" aria-expanded=\"false\">\n<div class=\"aplus-module-wrapper apm-fixed-width\">\n<div class=\"apm-spacing apm-fixed-width\">\n<p>&nbsp;<\/p>\n<p>For vindu eller balkong<\/p>\n<p>Vi inkluderer i redningstrappsettet et sett med kroker for r\u00f8mning fra vinduer, som festes til vinduskarmen samt 11kn profesjonelle karabinkroker for \u00e5 feste stigen til balkongsperrer.<\/p>\n<p>Bred applikasjon<\/p>\n<p>Kan brukes som r\u00f8mningsstige, eller n\u00f8dsituasjon; kan ogs\u00e5 tjene som loftsbunker, loftsstige, veggstige, og til og med som permanent stige etc.<\/p>\n<h4 style=\"text-align: center;\">Sk\u00e5nsom mot hendene<\/h4>\n<p>Da vi lagde disse stigene, tok vi hensyn til feilene til v\u00e5re konkurrenter. Bestselgerne som first alert og kidde har mange klager p\u00e5 det faktum at n\u00e5r de bruker stigetrinn kutter brukernes hender fordi aluminiumstrinn er skarpe. Dette tok vi hensyn til og stigene v\u00e5re har ikke skarpe hj\u00f8rner og de er trygge for bruk av b\u00e5de voksne og barn.<\/p>\n<p><img decoding=\"async\" class=\"a-spacing-mini\" src=\"https:\/\/m.media-amazon.com\/images\/S\/aplus-media-library-service-media\/94e0f1b0-d713-4663-a172-3e35c4090aaa.__CR0,0,1000,1000_PT0_SX300_V1___.jpg\" alt=\"Gentle to hands\" data-src=\"https:\/\/m.media-amazon.com\/images\/S\/aplus-media-library-service-media\/94e0f1b0-d713-4663-a172-3e35c4090aaa.__CR0,0,1000,1000_PT0_SX300_V1___.jpg\" \/><\/p>\n<h3 style=\"text-align: center;\">Integrerte stropper<\/h3>\n<p><img decoding=\"async\" class=\"a-spacing-mini\" src=\"https:\/\/m.media-amazon.com\/images\/S\/aplus-media\/sc\/27f9c708-c858-49c0-96f7-815dd0fa4f9a.__CR0,0,1000,1000_PT0_SX300_V1___.jpg\" alt=\"Wide application\" data-src=\"https:\/\/m.media-amazon.com\/images\/S\/aplus-media\/sc\/27f9c708-c858-49c0-96f7-815dd0fa4f9a.__CR0,0,1000,1000_PT0_SX300_V1___.jpg\" \/><\/p>\n<p>Igjen, sammenligner v\u00e5re stiger med konkurrenter, b\u00f8r det bemerkes at, i motsetning til andre, fra topp til bunn best\u00e5r v\u00e5re stiger av ett stykke webbingstropp som t\u00e5ler mer enn 20 kg (!) Takket v\u00e6re en spesiell patentert teknologi. Mens konkurrentenes webbingstiger er sydd i stykker, noe som etter v\u00e5r mening er up\u00e5litelig.<\/p>\n<\/div>\n<\/div>\n<div>\n<p><img decoding=\"async\" class=\"a-spacing-mini\" src=\"https:\/\/m.media-amazon.com\/images\/S\/aplus-media\/sc\/42cab632-a2d0-40fd-a2dd-280d531bf010.__CR282,0,1000,1000_PT0_SX300_V1___.jpg\" alt=\"For window or balcony\" data-src=\"https:\/\/m.media-amazon.com\/images\/S\/aplus-media\/sc\/42cab632-a2d0-40fd-a2dd-280d531bf010.__CR282,0,1000,1000_PT0_SX300_V1___.jpg\" \/><\/p>\n<h4 style=\"text-align: center;\">Stabilisatorer<\/h4>\n<p>Stigertrinnene v\u00e5re har stabilisatorer som gj\u00f8r at stigene ikke fester seg tett til veggen, men holder seg solide mot den og derfor i stor grad letter nedstigningen fra andre eller tredje etasje.<\/p>\n<h4 style=\"text-align: center;\">Anti-skli-trinn<\/h4>\n<p>Et spesielt m\u00f8nster p\u00e5 overflaten av trinnene gj\u00f8r nedstigningen fra leiligheten sklisikker i all slags v\u00e6r.<\/p>\n<p><img decoding=\"async\" class=\"a-spacing-mini\" src=\"https:\/\/m.media-amazon.com\/images\/S\/aplus-media\/sc\/8b1ba6ce-d84f-4314-b98a-95d063fc3e5e.__CR500,0,1000,1000_PT0_SX300_V1___.jpg\" alt=\"For window or balcony\" data-src=\"https:\/\/m.media-amazon.com\/images\/S\/aplus-media\/sc\/8b1ba6ce-d84f-4314-b98a-95d063fc3e5e.__CR500,0,1000,1000_PT0_SX300_V1___.jpg\" \/><\/p>\n<h4 style=\"text-align: center;\">V\u00e6rbestandig<\/h4>\n<p>Den spesielle pulverlakkerte malingen beskytter trinnene mot rust, og polyesterb\u00e5ndet er sv\u00e6rt motstandsdyktig mot vann eller sn\u00f8, derfor er v\u00e5re r\u00f8mningsstiger v\u00e6rbestandige.<\/p>\n<h4 style=\"text-align: center;\">Gjenbrukbare<\/h4>\n<p>V\u00e5re stiger er gjenbrukbare, i motsetning til konkurrentenes. Med riktig oppbevaring kan de vare i \u00e5revis!<\/p>\n<p><img decoding=\"async\" src=\"https:\/\/m.media-amazon.com\/images\/S\/aplus-media-library-service-media\/9565f831-9888-4144-a36f-5e092ddb895b.__CR0,0,300,300_PT0_SX300_V1___.jpg\" alt=\"carabiners\" \/><\/p>\n<h4 style=\"text-align: center;\">Kraftige karabinkroker<\/h4>\n<p>Stiger inkluderer forkrommet karabinkrok med bruddstyrke 11KN.<\/p>\n<\/div>\n<\/div>\n<\/div>\n<\/div>\n<div class=\"celwidget aplus-module module-9 aplus-standard\" data-csa-c-id=\"hn4tie-rexf97-49vntp-dywif3\" data-cel-widget=\"aplus-module-9\">\n<div class=\"a-expander-collapsed-height a-row a-expander-container a-expander-partial-collapse-container\" aria-live=\"polite\" data-a-expander-name=\"aplus-module-expander\" data-a-expander-collapsed-height=\"700\">\n<div class=\"a-expander-content a-expander-partial-collapse-content\" aria-expanded=\"false\">\n<div><\/div>\n<\/div>\n<\/div>\n<\/div>\n<div class=\"celwidget aplus-module module-2 aplus-standard\" data-csa-c-id=\"czdp8c-vpt42n-ub22e6-8qlfjz\" data-cel-widget=\"aplus-module-2\">\n<div class=\"a-expander-collapsed-height a-row a-expander-container a-expander-partial-collapse-container\" aria-live=\"polite\" data-a-expander-name=\"aplus-module-expander\" data-a-expander-collapsed-height=\"700\">\n<div class=\"a-expander-content a-expander-partial-collapse-content\" aria-expanded=\"false\">\n<div class=\"aplus-module-wrapper apm-floatnone apm-fixed-width\">\n<div class=\"apm-sidemodule apm-spacing\">\n<div class=\"apm-sidemodule-imageleft\"><img decoding=\"async\" class=\"\" src=\"https:\/\/m.media-amazon.com\/images\/S\/aplus-media\/sc\/55dfe070-7172-4b34-b379-6ab49b743dd1.__CR226,0,1000,1000_PT0_SX300_V1___.jpg\" alt=\"Variation of 2 sizes\" data-src=\"https:\/\/m.media-amazon.com\/images\/S\/aplus-media\/sc\/55dfe070-7172-4b34-b379-6ab49b743dd1.__CR226,0,1000,1000_PT0_SX300_V1___.jpg\" \/><\/div>\n<div><\/div>\n<div>\n<h4 style=\"text-align: center;\">Variasjon i 2 st\u00f8rrelser<\/h4>\n<p>Vi tilbyr 2 st\u00f8rrelser av stigene v\u00e5re &#8211; r\u00f8mningsstige 2 etasjer og brannstiger 3 etasjers boliger.<\/p>\n<h3 style=\"text-align: center;\">B\u00e6rbar<\/h3>\n<p><img decoding=\"async\" class=\"a-spacing-mini\" src=\"https:\/\/m.media-amazon.com\/images\/S\/aplus-media-library-service-media\/e7c18d47-cc80-4010-b87d-269b3e2c59af.__CR0,0,300,300_PT0_SX300_V1___.jpg\" alt=\"box\" data-src=\"https:\/\/m.media-amazon.com\/images\/S\/aplus-media-library-service-media\/e7c18d47-cc80-4010-b87d-269b3e2c59af.__CR0,0,300,300_PT0_SX300_V1___.jpg\" \/><\/p>\n<p style=\"text-align: center;\">Inkluderer en gaveeske i naturlig trefarge.<\/p>\n<p style=\"text-align: center;\">Leveres med oppbevaringspose.<\/p>\n<p><img decoding=\"async\" class=\"a-spacing-mini\" src=\"https:\/\/m.media-amazon.com\/images\/S\/aplus-media-library-service-media\/0816345a-5da9-4a58-b7e9-417c78f7767b.__CR0,0,300,300_PT0_SX300_V1___.jpg\" alt=\"For window or balcony\" data-src=\"https:\/\/m.media-amazon.com\/images\/S\/aplus-media-library-service-media\/0816345a-5da9-4a58-b7e9-417c78f7767b.__CR0,0,300,300_PT0_SX300_V1___.jpg\" \/><\/p>\n<\/div>\n<div class=\"apm-sidemodule-textright\">\n<h4 style=\"text-align: center;\">Profesjonelt stigefirma<\/h4>\n<p style=\"text-align: center;\">Vi anbefaler \u00e5 kj\u00f8pe stiger fra et firma som spesialiserer seg p\u00e5 stiger, da dette er et sikkerhetsprodukt.<\/p>\n<p style=\"text-align: center;\">Og ISOP er et av f\u00e5 selskaper som tilbyr et bredt utvalg av forskjellige stiger fra sitt eget produksjonsanlegg.<\/p>\n<p><img decoding=\"async\" src=\"https:\/\/m.media-amazon.com\/images\/S\/aplus-media-library-service-media\/0c3c254d-684e-4313-bc9f-ae4b4b7e7ee7.__CR0,0,300,300_PT0_SX300_V1___.jpg\" alt=\"professional ladder\" \/><\/p>\n<\/div>\n<\/div>\n<\/div>\n<\/div>\n<\/div>\n<\/div>\n<\/div>\n<\/div>\n<\/div>\n<\/div>\n<\/div>\n<div class=\"celwidget aplus-module module-2 aplus-standard\">\n<div class=\"a-expander-collapsed-height a-row a-expander-container a-expander-partial-collapse-container\" data-a-expander-name=\"aplus-module-expander\" data-a-expander-collapsed-height=\"700\">\n<div class=\"a-expander-content a-expander-partial-collapse-content\" aria-expanded=\"false\">\n<div class=\"aplus-module-wrapper apm-floatnone apm-fixed-width\">\n<div class=\"apm-sidemodule apm-spacing\">\n<div class=\"apm-sidemodule-textright\">\n<p>&nbsp;<\/p>\n<\/div>\n<\/div>\n<\/div>\n<\/div>\n<\/div>\n<\/div>\n<\/div>\n<\/div>\n<\/div>\n<\/div>\n<\/div>\n<\/div>\n<\/div>\n<\/div>\n<\/div>\n<\/div>\n<\/div>\n","protected":false},"excerpt":{"rendered":"[embed]https:\/\/youtu.be\/EFAM-jLigKE?si=RHRatF6tvBeMt_jq[\/embed]\n<p style=\"text-align: center;\">ISOP brannfluktladder 1-etasjes hus\u00a0 4m | Uttrekkbar stige for vindu i andre etasje | Lett, kompakt og b\u00e6rbar egnet for vindu og balkong<\/p>\n<p style=\"text-align: center;\">GRATIS LEVERING INNEN 3-7 DAGER<\/p>\n<p style=\"text-align: center;\"><strong>KJ\u00d8P DEN P\u00c5<\/strong><\/p>\n<p style=\"text-align: center;\"><a href=\"https:\/\/www.amazon.de\/ISOP-Feuerleiter-Einziehbare-2-St%C3%B6ckige-Strickleiter\/dp\/B08LBSSYLB\/?maas=maas_adg_7AB819EFCD281640271C7028827BE47C_afap_abs&amp;ref_=aa_maas&amp;ref=sr_1_1&amp;__mk_de_DE=%C3%85M%C3%85%C5%BD%C3%95%C3%91&amp;dchild=1&amp;keywords=Feuerleiter&amp;qid=1627718995&amp;s=kitchen&amp;sr=1-1\"><img loading=\"lazy\" decoding=\"async\" class=\"wp-image-1040 size-full aligncenter\" src=\"https:\/\/rightfoodonly.com\/wp-content\/uploads\/amazon-button9.png\" alt=\"\" width=\"160\" height=\"59\" \/><\/a><\/p>\n<p style=\"text-align: center;\">\n","protected":false},"featured_media":5211,"comment_status":"open","ping_status":"closed","template":"","meta":[],"product_brand":[],"product_cat":[69,63],"product_tag":[84,122,104,129,79,80,81],"class_list":{"0":"post-4335","1":"product","2":"type-product","3":"status-publish","4":"has-post-thumbnail","6":"product_cat-brann-romningsstiger-for-2-etasjer","7":"product_cat-brann-romningsstiger-med-avstandsstykker","8":"product_tag-brannfluktladder","9":"product_tag-etasjes","10":"product_tag-hus","11":"product_tag-isop","12":"product_tag-nodutgang","13":"product_tag-redningsutstyr","14":"product_tag-sikkerhet","16":"first","17":"instock","18":"shipping-taxable","19":"purchasable","20":"product-type-simple"},"_links":{"self":[{"href":"https:\/\/isopllc.com\/no\/wp-json\/wp\/v2\/product\/4335","targetHints":{"allow":["GET"]}}],"collection":[{"href":"https:\/\/isopllc.com\/no\/wp-json\/wp\/v2\/product"}],"about":[{"href":"https:\/\/isopllc.com\/no\/wp-json\/wp\/v2\/types\/product"}],"replies":[{"embeddable":true,"href":"https:\/\/isopllc.com\/no\/wp-json\/wp\/v2\/comments?post=4335"}],"wp:featuredmedia":[{"embeddable":true,"href":"https:\/\/isopllc.com\/no\/wp-json\/wp\/v2\/media\/5211"}],"wp:attachment":[{"href":"https:\/\/isopllc.com\/no\/wp-json\/wp\/v2\/media?parent=4335"}],"wp:term":[{"taxonomy":"product_brand","embeddable":true,"href":"https:\/\/isopllc.com\/no\/wp-json\/wp\/v2\/product_brand?post=4335"},{"taxonomy":"product_cat","embeddable":true,"href":"https:\/\/isopllc.com\/no\/wp-json\/wp\/v2\/product_cat?post=4335"},{"taxonomy":"product_tag","embeddable":true,"href":"https:\/\/isopllc.com\/no\/wp-json\/wp\/v2\/product_tag?post=4335"}],"curies":[{"name":"wp","href":"https:\/\/api.w.org\/{rel}","templated":true}]}}