{"id":4539,"date":"2021-12-26T06:47:13","date_gmt":"2021-12-26T06:47:13","guid":{"rendered":"https:\/\/isopllc.com\/usa\/?post_type=product&#038;p=4539"},"modified":"2025-01-03T16:43:56","modified_gmt":"2025-01-03T16:43:56","slug":"innebygd-brannfluktladder-for-2-etasjers","status":"publish","type":"product","link":"https:\/\/isopllc.com\/no\/product\/innebygd-brannfluktladder-for-2-etasjers\/","title":{"rendered":"Innebygd brannfluktladder for 2-etasjers hus"},"content":{"rendered":"<div class=\"celwidget aplus-module module-4 aplus-standard\" data-csa-c-id=\"6mnb1z-9dwrl2-ic24uv-jd1phn\" data-cel-widget=\"aplus-module-4\">\n<div class=\"a-expander-collapsed-height a-row a-expander-container a-expander-partial-collapse-container\" aria-live=\"polite\" data-a-expander-name=\"aplus-module-expander\" data-a-expander-collapsed-height=\"700\">\n<div class=\"a-expander-content a-expander-partial-collapse-content\" aria-expanded=\"false\">\n<div class=\"aplus-module-wrapper apm-fixed-width\">\n<div class=\"apm-spacing\">\n<div class=\"apm-floatleft apm-fixed-width\">\n<div>\n<div id=\"title_feature_div\" class=\"celwidget\" data-feature-name=\"title\" data-csa-c-id=\"m5t5xw-wzxd1-od319-pyb58o\" data-cel-widget=\"title_feature_div\">\n<div id=\"titleSection\" class=\"a-section a-spacing-none\">\n<div id=\"title_feature_div\" class=\"celwidget\" data-feature-name=\"title\" data-csa-c-id=\"m5t5xw-wzxd1-od319-pyb58o\" data-cel-widget=\"title_feature_div\">\n<div id=\"titleSection\" class=\"a-section a-spacing-none\">\n<h2 class=\"a-size-large a-spacing-none\" style=\"text-align: center;\"><span class=\"a-size-large product-title-word-break\">Innebygd brannfluktladder for 2-etasjers hus &#8211; 4 m | Uttrekkbare stiger | Brannstige for boliger inkluderer aluminiumsboks, snapkroker og 2 ankresett<\/span><\/h2>\n<\/div>\n<\/div>\n<\/div>\n<\/div>\n<\/div>\n<\/div>\n<\/div>\n<\/div>\n<\/div>\n<\/div>\n<\/div>\n<div class=\"celwidget aplus-module module-9 aplus-standard\" data-csa-c-id=\"kgh8ns-6rdhac-l4uce3-redgno\" data-cel-widget=\"aplus-module-9\">\n<div class=\"a-expander-collapsed-height a-row a-expander-container a-expander-partial-collapse-container\" aria-live=\"polite\" data-a-expander-name=\"aplus-module-expander\" data-a-expander-collapsed-height=\"700\">\n<div class=\"a-expander-content a-expander-partial-collapse-content\" aria-expanded=\"false\">\n<div class=\"aplus-module-wrapper apm-fixed-width\">\n<div class=\"apm-spacing apm-fixed-width\">\n<div class=\"celwidget aplus-module module-9 aplus-standard\" data-csa-c-id=\"6rrkxj-o9oo3p-2dk8kw-v8mrts\" data-cel-widget=\"aplus-module-9\">\n<div class=\"a-expander-collapsed-height a-row a-expander-container a-expander-partial-collapse-container\" aria-live=\"polite\" data-a-expander-name=\"aplus-module-expander\" data-a-expander-collapsed-height=\"700\">\n<div class=\"a-expander-content a-expander-partial-collapse-content\" aria-expanded=\"false\">\n<div class=\"aplus-module-wrapper apm-fixed-width\">\n<div class=\"apm-spacing apm-fixed-width\">\n<h3 class=\"a-spacing-small\" style=\"text-align: center;\">Hvorfor velge v\u00e5re brannfluktladder<\/h3>\n<p><img decoding=\"async\" src=\"https:\/\/m.media-amazon.com\/images\/S\/aplus-media-library-service-media\/eb357252-9807-4881-a43c-3cc4db2103d8.__CR0,0,1000,1000_PT0_SX300_V1___.jpg\" alt=\"alumnium box for fire extinguisher fire escape ladder\" \/><\/p>\n<p style=\"text-align: center;\">Iron Fire Escape Ladder Cabinet holder r\u00f8mningsstigen din lett tilgjengelig i n\u00f8dstilfeller.<\/p>\n<p>P\u00e5 grunn av sin kompakte st\u00f8rrelse (36x26x13 cm, 1 mm tynn) og holdbar konstruksjon, er dette skapet ideelt for leiligheter, leiligheter og sm\u00e5 bedrifter, og det gir et trygt og sikkert sted for langtidsoppbevaring.<\/p>\n<p><img decoding=\"async\" class=\"a-spacing-mini\" src=\"https:\/\/m.media-amazon.com\/images\/S\/aplus-media\/sc\/d4cc9639-a61a-4b3c-b1c6-a62967c917dd.__CR145,0,1000,1000_PT0_SX300_V1___.jpg\" alt=\"Anti Slip Rungs\" data-src=\"https:\/\/m.media-amazon.com\/images\/S\/aplus-media\/sc\/d4cc9639-a61a-4b3c-b1c6-a62967c917dd.__CR145,0,1000,1000_PT0_SX300_V1___.jpg\" \/><\/p>\n<h4 style=\"text-align: center;\">Sk\u00e5nsom mot hendene<\/h4>\n<p>Da vi lagde disse stigene, tok vi hensyn til feilene til v\u00e5re konkurrenter. Bestselgerne som first alert og kidde har mange klager p\u00e5 det faktum at n\u00e5r de bruker stigetrinn kutter brukernes hender fordi aluminiumstrinn er skarpe. Dette tok vi hensyn til og stigene v\u00e5re har ikke skarpe hj\u00f8rner og de er trygge for bruk av b\u00e5de voksne og barn.<\/p>\n<p><img decoding=\"async\" class=\"a-spacing-mini\" src=\"https:\/\/m.media-amazon.com\/images\/S\/aplus-media\/sc\/27f9c708-c858-49c0-96f7-815dd0fa4f9a.__CR0,0,1000,1000_PT0_SX300_V1___.jpg\" alt=\"Wide application\" data-src=\"https:\/\/m.media-amazon.com\/images\/S\/aplus-media\/sc\/27f9c708-c858-49c0-96f7-815dd0fa4f9a.__CR0,0,1000,1000_PT0_SX300_V1___.jpg\" \/><\/p>\n<h4 style=\"text-align: center;\">Integrerte stropper<\/h4>\n<p>Igjen, sammenligner v\u00e5re stiger med konkurrenter, b\u00f8r det bemerkes at, i motsetning til andre, best\u00e5r stigene v\u00e5re fra topp til bunn av ett stykke webbingstropp som t\u00e5ler mer enn 20 kg. Takket v\u00e6re en spesiell patentert teknologi. Mens konkurrentenes webbingstiger er sydd i stykker, noe som etter v\u00e5r mening er up\u00e5litelig.<\/p>\n<p><img decoding=\"async\" src=\"https:\/\/m.media-amazon.com\/images\/S\/aplus-media-library-service-media\/3e3631ef-bf95-4934-bd5d-2881c8d8d8c7.__CR0,0,300,300_PT0_SX300_V1___.jpg\" alt=\"For window or balcony\" \/><\/p>\n<\/div>\n<div><\/div>\n<\/div>\n<div>\n<p style=\"text-align: center;\">Leveres med et klatreankerboltsett, 2 stk opphengsplater og 2 stk ekspansjonsbolter. Boltmuttere og flate skiver er inkludert.<\/p>\n<p>&nbsp;<\/p>\n<p><img decoding=\"async\" class=\"a-spacing-mini\" src=\"https:\/\/m.media-amazon.com\/images\/S\/aplus-media\/sc\/42cab632-a2d0-40fd-a2dd-280d531bf010.__CR282,0,1000,1000_PT0_SX300_V1___.jpg\" alt=\"For window or balcony\" data-src=\"https:\/\/m.media-amazon.com\/images\/S\/aplus-media\/sc\/42cab632-a2d0-40fd-a2dd-280d531bf010.__CR282,0,1000,1000_PT0_SX300_V1___.jpg\" \/><\/p>\n<h4 style=\"text-align: center;\">Stabilisatorer<\/h4>\n<p>Stigertrinnene v\u00e5re har stabilisatorer som gj\u00f8r at stigene ikke fester seg tett til veggen, men holder seg solide mot den og derfor i stor grad letter nedstigningen fra andre eller tredje etasje.<\/p>\n<h4 style=\"text-align: center;\">Anti-skli-trinn<\/h4>\n<p>Et spesielt m\u00f8nster p\u00e5 overflaten av trinnene gj\u00f8r nedstigningen fra leiligheten sklisikker i all slags v\u00e6r.<\/p>\n<p><img decoding=\"async\" class=\"a-spacing-mini\" src=\"https:\/\/m.media-amazon.com\/images\/S\/aplus-media\/sc\/8b1ba6ce-d84f-4314-b98a-95d063fc3e5e.__CR500,0,1000,1000_PT0_SX300_V1___.jpg\" alt=\"For window or balcony\" data-src=\"https:\/\/m.media-amazon.com\/images\/S\/aplus-media\/sc\/8b1ba6ce-d84f-4314-b98a-95d063fc3e5e.__CR500,0,1000,1000_PT0_SX300_V1___.jpg\" \/><\/p>\n<h4 style=\"text-align: center;\">V\u00e6rbestandig<\/h4>\n<p>Den spesielle pulverlakkerte malingen beskytter trinnene mot rust, og polyesterb\u00e5ndet er sv\u00e6rt motstandsdyktig mot vann eller sn\u00f8, derfor er v\u00e5re r\u00f8mningsstiger v\u00e6rbestandige.<\/p>\n<h4 style=\"text-align: center;\">Gjenbrukbare<\/h4>\n<p>V\u00e5re stiger er gjenbrukbare, i motsetning til konkurrentenes. Med riktig oppbevaring kan de vare i \u00e5revis!<\/p>\n<p><img decoding=\"async\" src=\"https:\/\/m.media-amazon.com\/images\/S\/aplus-media-library-service-media\/9565f831-9888-4144-a36f-5e092ddb895b.__CR0,0,300,300_PT0_SX300_V1___.jpg\" alt=\"carabiners\" \/><\/p>\n<h4 style=\"text-align: center;\">Kraftige karabinkroker<\/h4>\n<p style=\"text-align: center;\">Stiger inkluderer forkrommet karabinkrok med bruddstyrke 11KN.<\/p>\n<\/div>\n<\/div>\n<\/div>\n<\/div>\n<div class=\"celwidget aplus-module module-9 aplus-standard\" data-csa-c-id=\"hn4tie-rexf97-49vntp-dywif3\" data-cel-widget=\"aplus-module-9\">\n<div class=\"a-expander-collapsed-height a-row a-expander-container a-expander-partial-collapse-container\" aria-live=\"polite\" data-a-expander-name=\"aplus-module-expander\" data-a-expander-collapsed-height=\"700\">\n<div class=\"a-expander-content a-expander-partial-collapse-content\" aria-expanded=\"false\">\n<div><\/div>\n<\/div>\n<\/div>\n<\/div>\n<div class=\"celwidget aplus-module module-2 aplus-standard\" data-csa-c-id=\"czdp8c-vpt42n-ub22e6-8qlfjz\" data-cel-widget=\"aplus-module-2\">\n<div class=\"a-expander-collapsed-height a-row a-expander-container a-expander-partial-collapse-container\" aria-live=\"polite\" data-a-expander-name=\"aplus-module-expander\" data-a-expander-collapsed-height=\"700\">\n<div class=\"a-expander-content a-expander-partial-collapse-content\" aria-expanded=\"false\">\n<div class=\"aplus-module-wrapper apm-floatnone apm-fixed-width\">\n<div class=\"apm-sidemodule apm-spacing\">\n<div class=\"apm-sidemodule-imageleft\"><img decoding=\"async\" class=\"\" src=\"https:\/\/m.media-amazon.com\/images\/S\/aplus-media\/sc\/55dfe070-7172-4b34-b379-6ab49b743dd1.__CR226,0,1000,1000_PT0_SX300_V1___.jpg\" alt=\"Variation of 2 sizes\" data-src=\"https:\/\/m.media-amazon.com\/images\/S\/aplus-media\/sc\/55dfe070-7172-4b34-b379-6ab49b743dd1.__CR226,0,1000,1000_PT0_SX300_V1___.jpg\" \/><\/div>\n<div class=\"apm-sidemodule-textright\">\n<p>&nbsp;<\/p>\n<h4 style=\"text-align: center;\">Profesjonelt stigefirma<\/h4>\n<p style=\"text-align: center;\">Vi anbefaler \u00e5 kj\u00f8pe stiger fra et firma som spesialiserer seg p\u00e5 stiger, da dette er et sikkerhetsprodukt.<\/p>\n<p style=\"text-align: center;\">Og ISOP er et av f\u00e5 selskaper som tilbyr et bredt utvalg av forskjellige stiger fra sitt eget produksjonsanlegg.<\/p>\n<p><img decoding=\"async\" src=\"https:\/\/m.media-amazon.com\/images\/S\/aplus-media-library-service-media\/0c3c254d-684e-4313-bc9f-ae4b4b7e7ee7.__CR0,0,300,300_PT0_SX300_V1___.jpg\" alt=\"professional ladder\" \/><\/p>\n<p>&nbsp;<\/p>\n<\/div>\n<\/div>\n<\/div>\n<\/div>\n<\/div>\n<\/div>\n<\/div>\n<\/div>\n<\/div>\n<\/div>\n<\/div>\n","protected":false},"excerpt":{"rendered":"[embed]https:\/\/youtu.be\/r6SRgpOx9pA?si=q_XMaKus4ypKI6Wp[\/embed]\n<p class=\"a-size-large a-spacing-none\" style=\"text-align: center;\"><span class=\"a-size-large product-title-word-break\">Innebygd brannfluktladder for 2-etasjers hus &#8211; 4 m |\u00a0<\/span>Uttrekkbare stiger | Brannstige for boliger inkluderer aluminiumsboks, snapkroker og 2 ankresett<\/p>\n<p style=\"text-align: center;\">GRATIS LEVERING INNEN 3-7 DAGER<\/p>\n<p style=\"text-align: center;\"><strong>KJ\u00d8P DEN P\u00c5<\/strong><\/p>\n<p style=\"text-align: center;\"><a href=\"https:\/\/www.amazon.de\/dp\/B09G1PV5RS\/ref=sr_1_1?__mk_de_DE=%C3%85M%C3%85%C5%BD%C3%95%C3%91&amp;crid=11G1NWZ5BH0FO&amp;dib=eyJ2IjoiMSJ9.dEuSOCm6EY3zU5ee2ZUB8A.W4u0fu7x5cYZTm99Ur7At8R-m6CWMXYSV1v8A-3pVXE&amp;dib_tag=se&amp;keywords=An+der+Wand+montierte+Feuerleiter&amp;nsdOptOutParam=true&amp;qid=1735922323&amp;s=kitchen&amp;sprefix=b08lbssylb%2Ckitchen%2C215&amp;sr=1-1&amp;th=1\"><img loading=\"lazy\" decoding=\"async\" class=\"aligncenter wp-image-1040 size-full\" src=\"https:\/\/isopllc.com\/de\/wp-content\/uploads\/sites\/3\/2020\/01\/amazon-button9.png\" alt=\"\" width=\"160\" height=\"59\" \/><\/a><\/p>\n<p style=\"text-align: center;\">\n","protected":false},"featured_media":4628,"comment_status":"open","ping_status":"closed","template":"","meta":[],"product_brand":[],"product_cat":[69,63,65],"product_tag":[84,122,104,128,79,80,81],"class_list":{"0":"post-4539","1":"product","2":"type-product","3":"status-publish","4":"has-post-thumbnail","6":"product_cat-brann-romningsstiger-for-2-etasjer","7":"product_cat-brann-romningsstiger-med-avstandsstykker","8":"product_cat-veggmonterte-stiger","9":"product_tag-brannfluktladder","10":"product_tag-etasjes","11":"product_tag-hus","12":"product_tag-innebygd","13":"product_tag-nodutgang","14":"product_tag-redningsutstyr","15":"product_tag-sikkerhet","17":"first","18":"instock","19":"shipping-taxable","20":"purchasable","21":"product-type-simple"},"_links":{"self":[{"href":"https:\/\/isopllc.com\/no\/wp-json\/wp\/v2\/product\/4539","targetHints":{"allow":["GET"]}}],"collection":[{"href":"https:\/\/isopllc.com\/no\/wp-json\/wp\/v2\/product"}],"about":[{"href":"https:\/\/isopllc.com\/no\/wp-json\/wp\/v2\/types\/product"}],"replies":[{"embeddable":true,"href":"https:\/\/isopllc.com\/no\/wp-json\/wp\/v2\/comments?post=4539"}],"wp:featuredmedia":[{"embeddable":true,"href":"https:\/\/isopllc.com\/no\/wp-json\/wp\/v2\/media\/4628"}],"wp:attachment":[{"href":"https:\/\/isopllc.com\/no\/wp-json\/wp\/v2\/media?parent=4539"}],"wp:term":[{"taxonomy":"product_brand","embeddable":true,"href":"https:\/\/isopllc.com\/no\/wp-json\/wp\/v2\/product_brand?post=4539"},{"taxonomy":"product_cat","embeddable":true,"href":"https:\/\/isopllc.com\/no\/wp-json\/wp\/v2\/product_cat?post=4539"},{"taxonomy":"product_tag","embeddable":true,"href":"https:\/\/isopllc.com\/no\/wp-json\/wp\/v2\/product_tag?post=4539"}],"curies":[{"name":"wp","href":"https:\/\/api.w.org\/{rel}","templated":true}]}}