{"id":4540,"date":"2021-12-26T08:14:00","date_gmt":"2021-12-26T08:14:00","guid":{"rendered":"https:\/\/isopllc.com\/usa\/?post_type=product&#038;p=4540"},"modified":"2025-01-03T16:33:35","modified_gmt":"2025-01-03T16:33:35","slug":"aluminiumsskap-for-brannfluktladder","status":"publish","type":"product","link":"https:\/\/isopllc.com\/no\/product\/aluminiumsskap-for-brannfluktladder\/","title":{"rendered":"Aluminiumsskap for brannfluktladder"},"content":{"rendered":"<div class=\"celwidget aplus-module module-4 aplus-standard\" data-csa-c-id=\"6mnb1z-9dwrl2-ic24uv-jd1phn\" data-cel-widget=\"aplus-module-4\">\n<div class=\"a-expander-collapsed-height a-row a-expander-container a-expander-partial-collapse-container\" aria-live=\"polite\" data-a-expander-name=\"aplus-module-expander\" data-a-expander-collapsed-height=\"700\">\n<div class=\"a-expander-content a-expander-partial-collapse-content\" aria-expanded=\"false\">\n<div class=\"aplus-module-wrapper apm-fixed-width\">\n<div class=\"apm-spacing\">\n<div class=\"apm-floatleft apm-fixed-width\">\n<div id=\"title_feature_div\" class=\"celwidget\" data-feature-name=\"title\" data-csa-c-id=\"m5t5xw-wzxd1-od319-pyb58o\" data-cel-widget=\"title_feature_div\">\n<div id=\"titleSection\" class=\"a-section a-spacing-none\">\n<div id=\"title_feature_div\" class=\"celwidget\" data-feature-name=\"title\" data-csa-c-id=\"m5t5xw-wzxd1-od319-pyb58o\" data-cel-widget=\"title_feature_div\">\n<div id=\"titleSection\" class=\"a-section a-spacing-none\">\n<h2 id=\"reconcile-item-title\" class=\"text-weight-bold\" style=\"text-align: center;\">Aluminiumsskap for brannfluktladder \/ Universalboks for brannslukningsapparat<\/h2>\n<p><img decoding=\"async\" class=\"a-spacing-mini\" src=\"https:\/\/m.media-amazon.com\/images\/S\/aplus-media-library-service-media\/e15241a0-08f0-49b7-9104-3cbeb027e2cc.__CR0,0,1000,1000_PT0_SX300_V1___.jpg\" alt=\"aluminum box\" data-src=\"https:\/\/m.media-amazon.com\/images\/S\/aplus-media-library-service-media\/e15241a0-08f0-49b7-9104-3cbeb027e2cc.__CR0,0,1000,1000_PT0_SX300_V1___.jpg\" \/><\/p>\n<\/div>\n<\/div>\n<ul class=\"a-unordered-list a-vertical\">\n<li style=\"text-align: left;\">Kompakt design<\/li>\n<li style=\"text-align: left;\">Kraftig jernkonstruksjon<\/li>\n<li style=\"text-align: left;\">Akrylglass (som er sikrere enn standardglass i n\u00f8dstilfeller)<\/li>\n<li style=\"text-align: left;\">Monteres enkelt p\u00e5 veggen<\/li>\n<li style=\"text-align: left;\">Lett \u00e5 finne n\u00e5r det trengs<\/li>\n<\/ul>\n<\/div>\n<\/div>\n<\/div>\n<\/div>\n<\/div>\n<\/div>\n<\/div>\n<\/div>\n<div class=\"celwidget aplus-module module-9 aplus-standard\" data-csa-c-id=\"kgh8ns-6rdhac-l4uce3-redgno\" data-cel-widget=\"aplus-module-9\">\n<div class=\"a-expander-collapsed-height a-row a-expander-container a-expander-partial-collapse-container\" aria-live=\"polite\" data-a-expander-name=\"aplus-module-expander\" data-a-expander-collapsed-height=\"700\">\n<div class=\"a-expander-content a-expander-partial-collapse-content\" aria-expanded=\"false\">\n<div class=\"aplus-module-wrapper apm-fixed-width\">\n<div class=\"apm-spacing apm-fixed-width\">\n<div class=\"celwidget aplus-module module-9 aplus-standard\" data-csa-c-id=\"6rrkxj-o9oo3p-2dk8kw-v8mrts\" data-cel-widget=\"aplus-module-9\">\n<div class=\"a-expander-collapsed-height a-row a-expander-container a-expander-partial-collapse-container\" aria-live=\"polite\" data-a-expander-name=\"aplus-module-expander\" data-a-expander-collapsed-height=\"700\">\n<div class=\"a-expander-content a-expander-partial-collapse-content\" aria-expanded=\"false\">\n<div class=\"aplus-module-wrapper apm-fixed-width\">\n<div class=\"apm-spacing apm-fixed-width\">\n<p><img decoding=\"async\" class=\"a-spacing-mini\" src=\"https:\/\/m.media-amazon.com\/images\/S\/aplus-media-library-service-media\/eb357252-9807-4881-a43c-3cc4db2103d8.__CR0,0,1000,1000_PT0_SX300_V1___.jpg\" alt=\"alumnium box for fire extinguisher fire escape ladder\" data-src=\"https:\/\/m.media-amazon.com\/images\/S\/aplus-media-library-service-media\/eb357252-9807-4881-a43c-3cc4db2103d8.__CR0,0,1000,1000_PT0_SX300_V1___.jpg\" \/><\/p>\n<\/div>\n<p style=\"text-align: center;\">Brannslukningsskap av jern holder brannslukningsapparatet eller brannfluktladder lett tilgjengelig i n\u00f8dstilfeller.<\/p>\n<p style=\"text-align: center;\">P\u00e5 grunn av sin kompakte st\u00f8rrelse (36x26x13 cm, 1 mm tynn) og holdbar konstruksjon, er dette skapet ideelt for leiligheter, leiligheter og sm\u00e5 bedrifter, og det gir et trygt og sikkert sted for langtidsoppbevaring.<\/p>\n<p><img decoding=\"async\" class=\"a-spacing-mini\" src=\"https:\/\/m.media-amazon.com\/images\/S\/aplus-media-library-service-media\/3806abe5-8aab-4c85-9449-dfe77f5144ae.__CR0,0,1000,1000_PT0_SX300_V1___.jpg\" alt=\"aluminum box\" data-src=\"https:\/\/m.media-amazon.com\/images\/S\/aplus-media-library-service-media\/3806abe5-8aab-4c85-9449-dfe77f5144ae.__CR0,0,1000,1000_PT0_SX300_V1___.jpg\" \/><\/p>\n<p style=\"text-align: center;\">I tilfelle en plutselig hjemme- eller bedriftsbrann, gir du et anvist sted for brannslukningsapparatet eller brannfluktladder din, og holder den i n\u00e6rheten og klar n\u00e5r den er mest n\u00f8dvendig.<\/p>\n<div class=\"apm-spacing apm-fixed-width\"><\/div>\n<\/div>\n<\/div>\n<\/div>\n<\/div>\n<\/div>\n<\/div>\n<\/div>\n<\/div>\n<\/div>\n","protected":false},"excerpt":{"rendered":"[embed]https:\/\/youtu.be\/bNX01wHRH1A?si=4RpdY6Gnc8SJDBVI[\/embed]\n<p id=\"reconcile-item-title\" class=\"text-weight-bold\" style=\"text-align: center;\">Aluminiumsskap for brannfluktladder \/ Universalboks for brannslukningsapparat<\/p>\n<p style=\"text-align: center;\">GRATIS LEVERING INNEN 3-7 DAGER<\/p>\n<p style=\"text-align: center;\"><strong>KJ\u00d8P DEN P\u00c5<\/strong><\/p>\n<p style=\"text-align: center;\"><a href=\"https:\/\/www.amazon.de\/dp\/B09BQ3H3NQ\/ref=sr_1_1?__mk_de_DE=%C3%85M%C3%85%C5%BD%C3%95%C3%91&amp;crid=17VXJJGLTOWK9&amp;dib=eyJ2IjoiMSJ9.qN9MNFWCP8opd3OJfLm8gA.6CV8OtfP8YPKvY4WkdRycuvw8_pdiutmjDfr754EBJo&amp;dib_tag=se&amp;keywords=Schrank%20f%C3%BCr%20Feuer%20Fluchtleiter&amp;nsdOptOutParam=true&amp;qid=1735921907&amp;s=diy&amp;sprefix=%2Cdiy%2C1235&amp;sr=1-1&amp;th=1\"><img loading=\"lazy\" decoding=\"async\" class=\"aligncenter wp-image-1040 size-full\" src=\"https:\/\/isopllc.com\/no\/wp-content\/uploads\/sites\/16\/2020\/01\/amazon-button9.png\" alt=\"\" width=\"160\" height=\"59\" \/><\/a><\/p>\n<p style=\"text-align: center;\">\n","protected":false},"featured_media":4627,"comment_status":"open","ping_status":"closed","template":"","meta":[],"product_brand":[],"product_cat":[66,68],"product_tag":[82,84,85,81,83],"class_list":{"0":"post-4540","1":"product","2":"type-product","3":"status-publish","4":"has-post-thumbnail","6":"product_cat-oppbevaringsboks-for-brann-romningsstiger","7":"product_cat-tilbehor-til-brannstiger","8":"product_tag-aluminiumsskap","9":"product_tag-brannfluktladder","10":"product_tag-brannslukningsapparat","11":"product_tag-sikkerhet","12":"product_tag-universalboks","14":"first","15":"instock","16":"shipping-taxable","17":"purchasable","18":"product-type-simple"},"_links":{"self":[{"href":"https:\/\/isopllc.com\/no\/wp-json\/wp\/v2\/product\/4540","targetHints":{"allow":["GET"]}}],"collection":[{"href":"https:\/\/isopllc.com\/no\/wp-json\/wp\/v2\/product"}],"about":[{"href":"https:\/\/isopllc.com\/no\/wp-json\/wp\/v2\/types\/product"}],"replies":[{"embeddable":true,"href":"https:\/\/isopllc.com\/no\/wp-json\/wp\/v2\/comments?post=4540"}],"wp:featuredmedia":[{"embeddable":true,"href":"https:\/\/isopllc.com\/no\/wp-json\/wp\/v2\/media\/4627"}],"wp:attachment":[{"href":"https:\/\/isopllc.com\/no\/wp-json\/wp\/v2\/media?parent=4540"}],"wp:term":[{"taxonomy":"product_brand","embeddable":true,"href":"https:\/\/isopllc.com\/no\/wp-json\/wp\/v2\/product_brand?post=4540"},{"taxonomy":"product_cat","embeddable":true,"href":"https:\/\/isopllc.com\/no\/wp-json\/wp\/v2\/product_cat?post=4540"},{"taxonomy":"product_tag","embeddable":true,"href":"https:\/\/isopllc.com\/no\/wp-json\/wp\/v2\/product_tag?post=4540"}],"curies":[{"name":"wp","href":"https:\/\/api.w.org\/{rel}","templated":true}]}}