{"id":4745,"date":"2022-12-18T03:27:50","date_gmt":"2022-12-18T03:27:50","guid":{"rendered":"https:\/\/isopllc.com\/usa\/?post_type=product&#038;p=4745"},"modified":"2025-01-03T11:08:14","modified_gmt":"2025-01-03T11:08:14","slug":"redningsteppe-gull-og-solv-11-enheter","status":"publish","type":"product","link":"https:\/\/isopllc.com\/no\/product\/redningsteppe-gull-og-solv-11-enheter\/","title":{"rendered":"Redningsteppe gull og s\u00f8lv | 11 enheter"},"content":{"rendered":"<div id=\"title_feature_div\" class=\"celwidget\" data-feature-name=\"title\" data-csa-c-type=\"widget\" data-csa-c-content-id=\"title\" data-csa-c-slot-id=\"title_feature_div\" data-csa-c-asin=\"B0BJQCVPLH\" data-csa-c-is-in-initial-active-row=\"false\" data-csa-c-id=\"erqms-5qqh6y-p3rtya-x4dmz0\" data-cel-widget=\"title_feature_div\">\n<h1 id=\"titleSection\" class=\"a-section a-spacing-none\" style=\"text-align: left;\">ISOP redningsteppe gull og s\u00f8lv | 11 Enheter Stor St\u00f8rrelse 208 x 160 cm | Emergency termiske tepper Survival tepper F\u00f8rstehjelp | Varmebevarende teppe | Flerbruks lett og kompakt<\/h1>\n<\/div>\n<div id=\"bylineInfo_feature_div\" class=\"celwidget\" data-feature-name=\"bylineInfo\" data-csa-c-type=\"widget\" data-csa-c-content-id=\"bylineInfo\" data-csa-c-slot-id=\"bylineInfo_feature_div\" data-csa-c-asin=\"B0BJQCVPLH\" data-csa-c-is-in-initial-active-row=\"false\" data-csa-c-id=\"wvuzbc-cbpmcd-p0zjlr-aw19k2\" data-cel-widget=\"bylineInfo_feature_div\"><\/div>\n<div class=\"celwidget aplus-module premium-module-1-image-text aplus-premium\" data-csa-c-id=\"nvxuwk-9y1qd2-me2kdy-lkoz9b\" data-cel-widget=\"aplus-premium-module-1-image-text\">\n<div class=\"a-section a-spacing-none premium-aplus premium-aplus-module-1 aplus-container-1\">\n<div class=\"a-section a-spacing-none aplus-display-table\">\n<div class=\"a-section a-spacing-none aplus-module-section aplus-display-table-cell aplus-image-section\"><img loading=\"lazy\" decoding=\"async\" class=\"alignnone size-medium wp-image-4751\" src=\"https:\/\/isopllc.com\/no\/wp-content\/uploads\/sites\/16\/2022\/12\/Emergency-Thermal-Blanket-6-300x300.jpg\" alt=\"Termisk n\u00f8dteppe\" width=\"300\" height=\"300\" srcset=\"https:\/\/isopllc.com\/no\/wp-content\/uploads\/sites\/16\/2022\/12\/Emergency-Thermal-Blanket-6-300x300.jpg 300w, https:\/\/isopllc.com\/no\/wp-content\/uploads\/sites\/16\/2022\/12\/Emergency-Thermal-Blanket-6-150x150.jpg 150w, https:\/\/isopllc.com\/no\/wp-content\/uploads\/sites\/16\/2022\/12\/Emergency-Thermal-Blanket-6-768x768.jpg 768w, https:\/\/isopllc.com\/no\/wp-content\/uploads\/sites\/16\/2022\/12\/Emergency-Thermal-Blanket-6.jpg 900w\" sizes=\"auto, (max-width: 300px) 100vw, 300px\" \/><\/div>\n<div class=\"a-section a-spacing-none aplus-module-section aplus-display-table-cell aplus-text-section-right\">\n<h1><\/h1>\n<h3 class=\"aplus-h1 aplus-module-1-heading a-text-bold\">Et must for overlevelsessett, f\u00f8rstehjelpsutstyr, n\u00f8dsett og mer<\/h3>\n<p class=\"aplus-p2 aplus-module-1-description\">Mylar Emergency Blanket er vanntett og reflekterer opptil 90 % av kroppsvarmen for \u00e5 forhindre hypotermi for overlevelsessituasjoner i kalde, v\u00e5te eller varme v\u00e6r. Disse termiske folieteppene er et must-ha for camping, stil\u00f8ping, maraton, 48 timers\/72 timers\/30 dagers reisevesker, taktisk utstyr, overlevelsessett for jordskjelv, n\u00f8dhjelp i hjemmet og f\u00f8rstehjelpsutstyr for biler.<\/p>\n<\/div>\n<\/div>\n<\/div>\n<\/div>\n<div class=\"celwidget aplus-module premium-module-1-image-text aplus-premium\" data-csa-c-id=\"p0rseo-gvzh3q-ahffy1-eae4wm\" data-cel-widget=\"aplus-premium-module-1-image-text\">\n<div class=\"a-section a-spacing-none premium-aplus premium-aplus-module-1 aplus-container-1\">\n<div class=\"a-section a-spacing-none aplus-display-table\">\n<div class=\"a-section a-spacing-none aplus-module-section aplus-display-table-cell aplus-image-section\"><img loading=\"lazy\" decoding=\"async\" class=\"alignnone size-medium wp-image-4750\" src=\"https:\/\/isopllc.com\/no\/wp-content\/uploads\/sites\/16\/2022\/12\/Emergency-Thermal-Blanket-5-300x300.jpg\" alt=\"Termisk n\u00f8dteppe\" width=\"300\" height=\"300\" srcset=\"https:\/\/isopllc.com\/no\/wp-content\/uploads\/sites\/16\/2022\/12\/Emergency-Thermal-Blanket-5-300x300.jpg 300w, https:\/\/isopllc.com\/no\/wp-content\/uploads\/sites\/16\/2022\/12\/Emergency-Thermal-Blanket-5-150x150.jpg 150w, https:\/\/isopllc.com\/no\/wp-content\/uploads\/sites\/16\/2022\/12\/Emergency-Thermal-Blanket-5-768x768.jpg 768w, https:\/\/isopllc.com\/no\/wp-content\/uploads\/sites\/16\/2022\/12\/Emergency-Thermal-Blanket-5.jpg 900w\" sizes=\"auto, (max-width: 300px) 100vw, 300px\" \/><\/div>\n<div class=\"a-section a-spacing-none aplus-module-section aplus-display-table-cell aplus-text-section-right\">\n<p>&nbsp;<\/p>\n<h3 style=\"text-align: left;\">Flerbruks n\u00f8dteppe<\/h3>\n<p>Ha i ryggsekken i tilfelle. I tillegg til \u00e5 holde deg varm og t\u00f8rr, har ISOP overlevelsesteppe utallige bruksomr\u00e5der i overlevelsessituasjoner. Bruk som en soveposef\u00f4r i uventet kaldt v\u00e6r for \u00e5 forbedre din eksisterende sovepose ved \u00e5 \u00f8ke varmen og beskytte mot utvendig kondens. Hold katten din i tilfelle du blir sittende fast i en sn\u00f8storm, g\u00e5r tom for bensin eller havner i en bilulykke om vinteren.<\/p>\n<\/div>\n<\/div>\n<\/div>\n<\/div>\n<div class=\"celwidget aplus-module premium-module-1-image-text aplus-premium\" data-csa-c-id=\"bpbsso-8dfzta-y2mu01-e5iw8h\" data-cel-widget=\"aplus-premium-module-1-image-text\">\n<div class=\"a-section a-spacing-none premium-aplus premium-aplus-module-1 aplus-container-1\">\n<div class=\"a-section a-spacing-none aplus-display-table\">\n<div class=\"a-section a-spacing-none aplus-module-section aplus-display-table-cell aplus-image-section\"><img loading=\"lazy\" decoding=\"async\" class=\"alignnone size-medium wp-image-4748\" src=\"https:\/\/isopllc.com\/no\/wp-content\/uploads\/sites\/16\/2022\/12\/Emergency-Thermal-Blanket-3-300x300.jpg\" alt=\"Termisk n\u00f8dteppe\" width=\"300\" height=\"300\" srcset=\"https:\/\/isopllc.com\/no\/wp-content\/uploads\/sites\/16\/2022\/12\/Emergency-Thermal-Blanket-3-300x300.jpg 300w, https:\/\/isopllc.com\/no\/wp-content\/uploads\/sites\/16\/2022\/12\/Emergency-Thermal-Blanket-3-150x150.jpg 150w, https:\/\/isopllc.com\/no\/wp-content\/uploads\/sites\/16\/2022\/12\/Emergency-Thermal-Blanket-3-768x768.jpg 768w, https:\/\/isopllc.com\/no\/wp-content\/uploads\/sites\/16\/2022\/12\/Emergency-Thermal-Blanket-3.jpg 900w\" sizes=\"auto, (max-width: 300px) 100vw, 300px\" \/><\/div>\n<div class=\"a-section a-spacing-none aplus-module-section aplus-display-table-cell aplus-text-section-right\">\n<p>&nbsp;<\/p>\n<h3 style=\"text-align: left;\">Slitesterk, ultralett, kompakt emballasje<\/h3>\n<p>Hvert teppe er individuelt brettet, pakket inn og forseglet for enkel lagring, \u00e5 holde p\u00e5 eller avlede varme, gjenbrukbart, vanntett, vindtett, fuktbestandig, kan ogs\u00e5 brukes som bunndekke og solskjerming.<\/p>\n<p><img loading=\"lazy\" decoding=\"async\" class=\"alignnone size-medium wp-image-4749\" src=\"https:\/\/isopllc.com\/no\/wp-content\/uploads\/sites\/16\/2022\/12\/Emergency-Thermal-Blanket-4-300x300.jpg\" alt=\"redningsteppe gull og s\u00f8lv\" width=\"300\" height=\"300\" srcset=\"https:\/\/isopllc.com\/no\/wp-content\/uploads\/sites\/16\/2022\/12\/Emergency-Thermal-Blanket-4-300x300.jpg 300w, https:\/\/isopllc.com\/no\/wp-content\/uploads\/sites\/16\/2022\/12\/Emergency-Thermal-Blanket-4-150x150.jpg 150w, https:\/\/isopllc.com\/no\/wp-content\/uploads\/sites\/16\/2022\/12\/Emergency-Thermal-Blanket-4-768x768.jpg 768w, https:\/\/isopllc.com\/no\/wp-content\/uploads\/sites\/16\/2022\/12\/Emergency-Thermal-Blanket-4.jpg 900w\" sizes=\"auto, (max-width: 300px) 100vw, 300px\" \/><\/p>\n<div class=\"a-section a-spacing-none premium-aplus-15-heading\">\n<h3>Utallige bruksomr\u00e5der:<\/h3>\n<p>telt fotavtrykk; Ryggsekkdeksel; Regn poncho; N\u00f8dsignal; Solar ovn; Fiske lokke; Fuglemiddel; Emergency Shelter; sovepose lin; Bunndekke; Vindblokkering; Armslynge; Tourniquet; Trail Marker; Vannsamler; Sn\u00f8smeltebeholder; bil vinduet solbeskytter; Sollys reflektor; Matkonserverende deksel.<\/p>\n<p><img loading=\"lazy\" decoding=\"async\" class=\"alignnone size-medium wp-image-4747\" src=\"https:\/\/isopllc.com\/no\/wp-content\/uploads\/sites\/16\/2022\/12\/Emergency-Thermal-Blanket-2-300x300.jpg\" alt=\"Termisk n\u00f8dteppe\" width=\"300\" height=\"300\" srcset=\"https:\/\/isopllc.com\/no\/wp-content\/uploads\/sites\/16\/2022\/12\/Emergency-Thermal-Blanket-2-300x300.jpg 300w, https:\/\/isopllc.com\/no\/wp-content\/uploads\/sites\/16\/2022\/12\/Emergency-Thermal-Blanket-2-150x150.jpg 150w, https:\/\/isopllc.com\/no\/wp-content\/uploads\/sites\/16\/2022\/12\/Emergency-Thermal-Blanket-2-768x768.jpg 768w, https:\/\/isopllc.com\/no\/wp-content\/uploads\/sites\/16\/2022\/12\/Emergency-Thermal-Blanket-2.jpg 900w\" sizes=\"auto, (max-width: 300px) 100vw, 300px\" \/><\/p>\n<\/div>\n<\/div>\n<\/div>\n<\/div>\n<\/div>\n","protected":false},"excerpt":{"rendered":"<div id=\"title_feature_div\" class=\"celwidget\" data-feature-name=\"title\" data-csa-c-type=\"widget\" data-csa-c-content-id=\"title\" data-csa-c-slot-id=\"title_feature_div\" data-csa-c-asin=\"B0BJQCVPLH\" data-csa-c-is-in-initial-active-row=\"false\" data-csa-c-id=\"erqms-5qqh6y-p3rtya-x4dmz0\" data-cel-widget=\"title_feature_div\">\n<div id=\"titleSection\" class=\"a-section a-spacing-none\">\n[embed]https:\/\/youtu.be\/_FEc3WYo3UU?si=-CwORcbBnDAQz-3r[\/embed]\n<p style=\"text-align: center;\">ISOP redningsteppe gull og s\u00f8lv | 11 enheter Large St\u00f8rrelse 82 x 63 tommer | Emergency termiske tepper Survival tepper F\u00f8rstehjelp | Varmebevarende teppe | Flerbruks lett og kompakt<\/p>\n<p style=\"text-align: center;\">GRATIS LEVERING INNEN 3-7 DAGER<\/p>\n<h4 style=\"text-align: center;\"><strong>K\u00d8B DEN P\u00c5<\/strong><\/h4>\n<p style=\"text-align: center;\"><a href=\"https:\/\/www.amazon.de\/dp\/B0BJQCVPLH\/?maas=maas_adg_9B3C49FBF6E3289625D47295B9B827B0_afap_abs&amp;ref_=aa_maas&amp;ref=sr_1_23&amp;__mk_de_DE=%C3%85M%C3%85%C5%BD%C3%95%C3%91&amp;dchild=1&amp;keywords=Rettungsdecke&amp;qid=1623657887&amp;sr=8-23\"><img loading=\"lazy\" decoding=\"async\" class=\"wp-image-1040 size-full aligncenter\" src=\"https:\/\/rightfoodonly.com\/wp-content\/uploads\/amazon-button9.png\" alt=\"\" width=\"160\" height=\"59\" \/><\/a><\/p>\n<p>&nbsp;<\/p>\n<\/div>\n<\/div>\n<div id=\"bylineInfo_feature_div\" class=\"celwidget\" data-feature-name=\"bylineInfo\" data-csa-c-type=\"widget\" data-csa-c-content-id=\"bylineInfo\" data-csa-c-slot-id=\"bylineInfo_feature_div\" data-csa-c-asin=\"B0BJQCVPLH\" data-csa-c-is-in-initial-active-row=\"false\" data-csa-c-id=\"wvuzbc-cbpmcd-p0zjlr-aw19k2\" data-cel-widget=\"bylineInfo_feature_div\">\n<p style=\"text-align: center;\">\n<\/div>\n<div data-feature-name=\"bylineInfo\" data-csa-c-type=\"widget\" data-csa-c-content-id=\"bylineInfo\" data-csa-c-slot-id=\"bylineInfo_feature_div\" data-csa-c-asin=\"B0BJQCVPLH\" data-csa-c-is-in-initial-active-row=\"false\" data-csa-c-id=\"wvuzbc-cbpmcd-p0zjlr-aw19k2\" data-cel-widget=\"bylineInfo_feature_div\"><\/div>\n","protected":false},"featured_media":4758,"comment_status":"open","ping_status":"closed","template":"","meta":[],"product_brand":[],"product_cat":[73,74],"product_tag":[121,188,79,187,80,81,189],"class_list":{"0":"post-4745","1":"product","2":"type-product","3":"status-publish","4":"has-post-thumbnail","6":"product_cat-brann-nodteppe","7":"product_cat-rednings-og-overlevelses","8":"product_tag-brannteppe","9":"product_tag-gull","10":"product_tag-nodutgang","11":"product_tag-redningsteppe","12":"product_tag-redningsutstyr","13":"product_tag-sikkerhet","14":"product_tag-solv","16":"first","17":"instock","18":"shipping-taxable","19":"purchasable","20":"product-type-simple"},"_links":{"self":[{"href":"https:\/\/isopllc.com\/no\/wp-json\/wp\/v2\/product\/4745","targetHints":{"allow":["GET"]}}],"collection":[{"href":"https:\/\/isopllc.com\/no\/wp-json\/wp\/v2\/product"}],"about":[{"href":"https:\/\/isopllc.com\/no\/wp-json\/wp\/v2\/types\/product"}],"replies":[{"embeddable":true,"href":"https:\/\/isopllc.com\/no\/wp-json\/wp\/v2\/comments?post=4745"}],"wp:featuredmedia":[{"embeddable":true,"href":"https:\/\/isopllc.com\/no\/wp-json\/wp\/v2\/media\/4758"}],"wp:attachment":[{"href":"https:\/\/isopllc.com\/no\/wp-json\/wp\/v2\/media?parent=4745"}],"wp:term":[{"taxonomy":"product_brand","embeddable":true,"href":"https:\/\/isopllc.com\/no\/wp-json\/wp\/v2\/product_brand?post=4745"},{"taxonomy":"product_cat","embeddable":true,"href":"https:\/\/isopllc.com\/no\/wp-json\/wp\/v2\/product_cat?post=4745"},{"taxonomy":"product_tag","embeddable":true,"href":"https:\/\/isopllc.com\/no\/wp-json\/wp\/v2\/product_tag?post=4745"}],"curies":[{"name":"wp","href":"https:\/\/api.w.org\/{rel}","templated":true}]}}