{"id":4812,"date":"2023-01-12T12:01:47","date_gmt":"2023-01-12T12:01:47","guid":{"rendered":"https:\/\/isopllc.com\/usa\/?post_type=product&#038;p=4812"},"modified":"2025-01-03T10:51:19","modified_gmt":"2025-01-03T10:51:19","slug":"nodoverlevelsesutstyr","status":"publish","type":"product","link":"https:\/\/isopllc.com\/no\/product\/nodoverlevelsesutstyr\/","title":{"rendered":"N\u00f8doverlevelsesutstyr for campingvandring"},"content":{"rendered":"<div id=\"aplus_feature_div\" class=\"celwidget\" data-feature-name=\"aplus\" data-csa-c-type=\"widget\" data-csa-c-content-id=\"aplus\" data-csa-c-slot-id=\"aplus_feature_div\" data-csa-c-asin=\"\" data-csa-c-is-in-initial-active-row=\"false\" data-csa-c-id=\"ug8stv-fpx1sj-jnc89m-o508ya\" data-cel-widget=\"aplus_feature_div\">\n<div id=\"aplus\" class=\"a-section a-spacing-large bucket\">\n<div class=\"aplus-v2 desktop celwidget\" data-csa-c-id=\"vbkts3-e3w3sb-xitaif-e61jw1\" data-cel-widget=\"aplus\">\n<div class=\"celwidget aplus-module premium-module-3-four-column-images aplus-premium\" data-csa-c-id=\"5x7ui9-ius50c-ssm1r8-66oj1i\" data-cel-widget=\"aplus-premium-module-3-four-column-images\">\n<div class=\"a-section a-spacing-none premium-aplus premium-aplus-module-3 aplus-container-1\">\n<div class=\"celwidget aplus-module premium-module-3-four-column-images aplus-premium\" data-csa-c-id=\"5x7ui9-ius50c-ssm1r8-66oj1i\" data-cel-widget=\"aplus-premium-module-3-four-column-images\">\n<h1 class=\"a-section a-spacing-none premium-aplus premium-aplus-module-3 aplus-container-1\" style=\"text-align: left;\">N\u00f8doverlevelsesutstyr | Milit\u00e6rt overlevelsessett | N\u00f8doverlevelsesutstyr og fiskeutstyr for campingvandring Jakt utend\u00f8rs eventyr | Overlevelsesverkt\u00f8y med lommelykt for n\u00f8darmb\u00e5nd<\/h1>\n<\/div>\n<\/div>\n<\/div>\n<div class=\"celwidget aplus-module premium-module-4-two-column-images aplus-premium\" data-csa-c-id=\"15yl7x-eio1n0-m9lh6n-socwzs\" data-cel-widget=\"aplus-premium-module-4-two-column-images\">\n<div class=\"a-section a-spacing-none premium-aplus premium-aplus-module-4 aplus-container-1\">\n<div class=\"a-section a-spacing-none premium-aplus-two-column\">\n<div class=\"a-section a-spacing-none premium-aplus-column\">\n<div class=\"a-section a-spacing-none column-description\">\n<div class=\"celwidget aplus-module premium-module-15-text aplus-premium\" data-csa-c-id=\"bnb6tm-tysnie-sthwlh-4mqwnf\" data-cel-widget=\"aplus-premium-module-15-text\">\n<div class=\"a-section a-spacing-none premium-aplus premium-aplus-module-15\">\n<div class=\"a-section a-spacing-none\">\n<div id=\"aplus_feature_div\" class=\"celwidget\" data-feature-name=\"aplus\" data-csa-c-type=\"widget\" data-csa-c-content-id=\"aplus\" data-csa-c-slot-id=\"aplus_feature_div\" data-csa-c-asin=\"\" data-csa-c-is-in-initial-active-row=\"false\" data-csa-c-id=\"hrjqk3-olh6i-2zbtsj-fsbg4i\">\n<div id=\"aplus\" class=\"a-section a-spacing-large bucket\">\n<div class=\"aplus-v2 desktop celwidget\" data-csa-c-id=\"7p6bth-t6s03-mu9bah-t86rud\">\n<div class=\"celwidget aplus-module premium-module-1-image-text aplus-premium\" data-csa-c-id=\"w4g4q0-i5pch3-n1vxz6-j29p3m\">\n<div class=\"a-section a-spacing-none premium-aplus premium-aplus-module-1 aplus-container-1\">\n<div class=\"a-section a-spacing-none aplus-display-table\">\n<div class=\"a-section a-spacing-none aplus-module-section aplus-display-table-cell aplus-text-section-left\">\n<div id=\"aplus_feature_div\" class=\"celwidget\" data-feature-name=\"aplus\" data-csa-c-type=\"widget\" data-csa-c-content-id=\"aplus\" data-csa-c-slot-id=\"aplus_feature_div\" data-csa-c-asin=\"\" data-csa-c-is-in-initial-active-row=\"false\" data-csa-c-id=\"hrjqk3-olh6i-2zbtsj-fsbg4i\">\n<div id=\"aplus\" class=\"a-section a-spacing-large bucket\">\n<div class=\"aplus-v2 desktop celwidget\" data-csa-c-id=\"7p6bth-t6s03-mu9bah-t86rud\">\n<div class=\"celwidget aplus-module premium-module-1-image-text aplus-premium\" data-csa-c-id=\"w4g4q0-i5pch3-n1vxz6-j29p3m\">\n<div class=\"a-section a-spacing-none premium-aplus premium-aplus-module-1 aplus-container-1\">\n<div class=\"a-section a-spacing-none aplus-display-table\">\n<div class=\"a-section a-spacing-none aplus-module-section aplus-display-table-cell aplus-text-section-left\">\n<div id=\"aplus_feature_div\" class=\"celwidget\" data-feature-name=\"aplus\" data-csa-c-type=\"widget\" data-csa-c-content-id=\"aplus\" data-csa-c-slot-id=\"aplus_feature_div\" data-csa-c-asin=\"\" data-csa-c-is-in-initial-active-row=\"false\" data-csa-c-id=\"werwrh-oppmo3-svcp6d-fhfg25\" data-cel-widget=\"aplus_feature_div\">\n<div id=\"aplus\" class=\"a-section a-spacing-large bucket\">\n<div class=\"aplus-v2 desktop celwidget\" data-csa-c-id=\"7xtdo9-r4wrro-f3nno8-bwxukn\" data-cel-widget=\"aplus\">\n<div class=\"celwidget aplus-module premium-module-1-image-text aplus-premium\" data-csa-c-id=\"2rlhkz-8y7w7x-cqhx54-3sn8qp\" data-cel-widget=\"aplus-premium-module-1-image-text\">\n<div class=\"a-section a-spacing-none premium-aplus premium-aplus-module-1 aplus-container-1\">\n<div class=\"a-section a-spacing-none aplus-display-table\">\n<div class=\"a-section a-spacing-none aplus-module-section aplus-display-table-cell aplus-text-section-left\">\n<p class=\"aplus-p2 aplus-module-1-description\"><img loading=\"lazy\" decoding=\"async\" class=\"alignnone size-medium wp-image-4923\" src=\"https:\/\/isopllc.com\/no\/wp-content\/uploads\/sites\/16\/2023\/01\/SOS-Box-content-300x300.jpg\" alt=\"N\u00f8doverlevelsesutstyr\" width=\"300\" height=\"300\" srcset=\"https:\/\/isopllc.com\/no\/wp-content\/uploads\/sites\/16\/2023\/01\/SOS-Box-content-300x300.jpg 300w, https:\/\/isopllc.com\/no\/wp-content\/uploads\/sites\/16\/2023\/01\/SOS-Box-content-150x150.jpg 150w, https:\/\/isopllc.com\/no\/wp-content\/uploads\/sites\/16\/2023\/01\/SOS-Box-content.jpg 750w\" sizes=\"auto, (max-width: 300px) 100vw, 300px\" \/><\/p>\n<\/div>\n<div>\n<h1 class=\"aplus-h1 aplus-module-1-heading a-text-bold\">Vi presenterer det best utstyrte overlevelsessettet fra ISOP for enhver anledning<\/h1>\n<p class=\"aplus-p2 aplus-module-1-description\">Jordskjelv, brann eller flom, dette settet vil hjelpe deg \u00e5 overleve. Selv om du befinner deg p\u00e5 en \u00f8de \u00f8y som Robinson Crusoe, vil du ha alle verkt\u00f8yene for \u00e5 overleve. Nedenfor presenterer vi deg hvert element i settet som vi n\u00f8ye har valgt separat og forteller deg om alle mulige bruksomr\u00e5der for hvert produkt, som forresten ikke bare er nyttige i n\u00f8dssituasjoner, men ogs\u00e5 i hverdagen, camping, klatring i fjellet eller p\u00e5 tur med familien.<\/p>\n<\/div>\n<\/div>\n<\/div>\n<\/div>\n<div class=\"celwidget aplus-module premium-module-4-two-column-images aplus-premium\" data-csa-c-id=\"ptm5mu-ovnfo3-2bizob-7qtr4k\" data-cel-widget=\"aplus-premium-module-4-two-column-images\">\n<div class=\"a-section a-spacing-none premium-aplus premium-aplus-module-4 aplus-container-1\">\n<div class=\"a-section a-spacing-none premium-aplus-two-column\">\n<div class=\"a-section a-spacing-none premium-aplus-column\"><img loading=\"lazy\" decoding=\"async\" class=\"alignnone size-medium wp-image-4814\" src=\"https:\/\/isopllc.com\/no\/wp-content\/uploads\/sites\/16\/2023\/01\/Emergency-Survival-Kit-Military-Survival-Kit-3-300x300.jpg\" alt=\"Milit\u00e6rt overlevelsessett\" width=\"300\" height=\"300\" srcset=\"https:\/\/isopllc.com\/no\/wp-content\/uploads\/sites\/16\/2023\/01\/Emergency-Survival-Kit-Military-Survival-Kit-3-300x300.jpg 300w, https:\/\/isopllc.com\/no\/wp-content\/uploads\/sites\/16\/2023\/01\/Emergency-Survival-Kit-Military-Survival-Kit-3-150x150.jpg 150w, https:\/\/isopllc.com\/no\/wp-content\/uploads\/sites\/16\/2023\/01\/Emergency-Survival-Kit-Military-Survival-Kit-3.jpg 750w\" sizes=\"auto, (max-width: 300px) 100vw, 300px\" \/><\/p>\n<div class=\"a-section a-spacing-none column-heading\">\n<h1 class=\"a-section a-spacing-none premium-aplus premium-aplus-module-3 aplus-container-1\" style=\"text-align: left;\">N\u00f8doverlevelsesutstyr | Milit\u00e6rt overlevelsessett<\/h1>\n<\/div>\n<div class=\"a-section a-spacing-none column-description\">\n<p class=\"aplus-p3\">Multi-Purpose Updated Tactics Kit er et 21-i-1 multiprofesjonelt n\u00f8doverlevelsessett som inkluderer utend\u00f8rs overlevelsesutstyr som er avgj\u00f8rende for camping, fiske, jakt, motorsykkelreiser, villmarksutflukter, fotturer og overlevelsesscenarier. Det er en fantastisk overraskelse og gadget for alle.<\/p>\n<\/div>\n<\/div>\n<div class=\"a-section a-spacing-none premium-aplus-column\"><img loading=\"lazy\" decoding=\"async\" class=\"alignnone size-medium wp-image-4817\" src=\"https:\/\/isopllc.com\/no\/wp-content\/uploads\/sites\/16\/2023\/01\/Emergency-Survival-Kit-Military-Survival-Kit-7-300x300.jpg\" alt=\"N\u00f8dhjelpssett\" width=\"300\" height=\"300\" srcset=\"https:\/\/isopllc.com\/no\/wp-content\/uploads\/sites\/16\/2023\/01\/Emergency-Survival-Kit-Military-Survival-Kit-7-300x300.jpg 300w, https:\/\/isopllc.com\/no\/wp-content\/uploads\/sites\/16\/2023\/01\/Emergency-Survival-Kit-Military-Survival-Kit-7-150x150.jpg 150w, https:\/\/isopllc.com\/no\/wp-content\/uploads\/sites\/16\/2023\/01\/Emergency-Survival-Kit-Military-Survival-Kit-7.jpg 750w\" sizes=\"auto, (max-width: 300px) 100vw, 300px\" \/><\/p>\n<div class=\"a-section a-spacing-none column-heading\">\n<h1 class=\"aplus-h3 a-text-bold\">Overlevelse verkt\u00f8y med armb\u00e5nd fl\u00f8yte lommelykt<\/h1>\n<\/div>\n<div class=\"a-section a-spacing-none column-description\">\n<p class=\"aplus-p3\">N\u00f8doverlevelsessett inkluderer: n\u00f8dteppe, lommelykt, flerbruksspork, fiskesett, wiresag, vannflaskeklemme, paracordarmb\u00e5nd, flintbrannstarter, sabelkort, bl\u00e5ser\u00f8r, branntau, fl\u00f8yte, flerbrukskniv, klatrekroker, kompass, sikkerhetsn\u00e5ler , taktisk penn og st\u00f8tsikker etui.<\/p>\n<\/div>\n<\/div>\n<\/div>\n<\/div>\n<\/div>\n<div class=\"celwidget aplus-module premium-module-4-two-column-images aplus-premium\" data-csa-c-id=\"ujf5z8-whexhd-hnk56z-8ldfmh\" data-cel-widget=\"aplus-premium-module-4-two-column-images\">\n<div class=\"a-section a-spacing-none premium-aplus premium-aplus-module-4 aplus-container-1\">\n<div class=\"a-section a-spacing-none premium-aplus-two-column\">\n<div class=\"a-section a-spacing-none premium-aplus-column\"><img loading=\"lazy\" decoding=\"async\" class=\"alignnone size-medium wp-image-4815\" src=\"https:\/\/isopllc.com\/no\/wp-content\/uploads\/sites\/16\/2023\/01\/Emergency-Survival-Kit-Military-Survival-Kit-4-300x300.jpg\" alt=\"Overlevelsessett Spork\" width=\"300\" height=\"300\" srcset=\"https:\/\/isopllc.com\/no\/wp-content\/uploads\/sites\/16\/2023\/01\/Emergency-Survival-Kit-Military-Survival-Kit-4-300x300.jpg 300w, https:\/\/isopllc.com\/no\/wp-content\/uploads\/sites\/16\/2023\/01\/Emergency-Survival-Kit-Military-Survival-Kit-4-150x150.jpg 150w, https:\/\/isopllc.com\/no\/wp-content\/uploads\/sites\/16\/2023\/01\/Emergency-Survival-Kit-Military-Survival-Kit-4.jpg 750w\" sizes=\"auto, (max-width: 300px) 100vw, 300px\" \/><\/p>\n<div class=\"a-section a-spacing-none column-heading\">\n<h1 class=\"aplus-h3 a-text-bold\" style=\"text-align: left;\">N\u00f8doverlevelsesutstyr og fiskeutstyr<\/h1>\n<\/div>\n<div class=\"a-section a-spacing-none column-description\">\n<p class=\"aplus-p3\">Du kan overleve en naturkatastrofe med dette overlevelsessettet. Den ideelle campingf\u00f8lgen for \u00e5 v\u00e6re klar for enhver situasjon er denne gjenstanden. Hold deg trygg i enhver n\u00f8dsituasjon. Perfekt for camping, fotturer, eventyr, overlevelse og i n\u00f8dstilfeller. Kommer i en st\u00f8tsikker og lett \u00e5 b\u00e6re boks.<\/p>\n<\/div>\n<\/div>\n<div class=\"a-section a-spacing-none premium-aplus-column\"><img loading=\"lazy\" decoding=\"async\" class=\"alignnone size-medium wp-image-4813\" src=\"https:\/\/isopllc.com\/no\/wp-content\/uploads\/sites\/16\/2023\/01\/Emergency-Survival-Kit-Military-Survival-Kit-2-300x300.jpg\" alt=\"Milit\u00e6rt overlevelsessett Kniv\" width=\"300\" height=\"300\" srcset=\"https:\/\/isopllc.com\/no\/wp-content\/uploads\/sites\/16\/2023\/01\/Emergency-Survival-Kit-Military-Survival-Kit-2-300x300.jpg 300w, https:\/\/isopllc.com\/no\/wp-content\/uploads\/sites\/16\/2023\/01\/Emergency-Survival-Kit-Military-Survival-Kit-2-150x150.jpg 150w, https:\/\/isopllc.com\/no\/wp-content\/uploads\/sites\/16\/2023\/01\/Emergency-Survival-Kit-Military-Survival-Kit-2.jpg 750w\" sizes=\"auto, (max-width: 300px) 100vw, 300px\" \/><\/p>\n<div class=\"a-section a-spacing-none column-heading\">\n<h1 class=\"aplus-h3 a-text-bold\">Camping Vandring Jakt Friluftseventyr<\/h1>\n<\/div>\n<div class=\"a-section a-spacing-none column-description\">\n<p class=\"aplus-p3\">Mens du g\u00e5r p\u00e5 tur, camper, jakter, fisker, vandrer eller drar p\u00e5 eventyr, hjelper det ogs\u00e5 med \u00e5 holde deg trygg. Dette overlevelsessettet vil mer n\u00f8yaktig formidle din hengivenhet. Hvis det ikke lever opp til forventningene dine eller du har problemer, vennligst ta kontakt med oss, s\u00e5 hjelper vi deg.<\/p>\n<\/div>\n<\/div>\n<\/div>\n<\/div>\n<\/div>\n<\/div>\n<\/div>\n<\/div>\n<\/div>\n<\/div>\n<\/div>\n<\/div>\n<\/div>\n<\/div>\n<\/div>\n<\/div>\n<\/div>\n<\/div>\n<\/div>\n<\/div>\n<\/div>\n<\/div>\n<\/div>\n<\/div>\n<\/div>\n<\/div>\n<\/div>\n<\/div>\n<\/div>\n<\/div>\n<\/div>\n<\/div>\n<\/div>\n","protected":false},"excerpt":{"rendered":"[embed]https:\/\/youtu.be\/7dkbhokINNQ?si=zZtdg7VXWQMmMD2e[\/embed]\n<p class=\"a-section a-spacing-none premium-aplus premium-aplus-module-3 aplus-container-1\" style=\"text-align: center;\">N\u00f8doverlevelsesutstyr | Milit\u00e6rt overlevelsessett | N\u00f8doverlevelsesutstyr og fiskeutstyr for campingvandring Jakt utend\u00f8rs eventyr | Overlevelsesverkt\u00f8y med Emergency Armb\u00e5nd Whistle lommelykt<\/p>\n<p style=\"text-align: center;\">GRATIS LEVERING INDEN FOR 3-7 DAGE<\/p>\n<h4 style=\"text-align: center;\"><strong>KJ\u00d8P DET P\u00c5<\/strong><\/h4>\n<p><a href=\"https:\/\/www.amazon.de\/dp\/B0BPP3VJ3G?ref=myi_title_dp\"><img loading=\"lazy\" decoding=\"async\" class=\"aligncenter wp-image-1040 size-full\" src=\"https:\/\/isopllc.com\/de\/wp-content\/uploads\/sites\/3\/2020\/01\/amazon-button9.png\" alt=\"\" width=\"160\" height=\"59\" \/><\/a><\/p>\n","protected":false},"featured_media":4801,"comment_status":"open","ping_status":"closed","template":"","meta":[],"product_brand":[],"product_cat":[74],"product_tag":[177,79,94,80,81],"class_list":{"0":"post-4812","1":"product","2":"type-product","3":"status-publish","4":"has-post-thumbnail","6":"product_cat-rednings-og-overlevelses","7":"product_tag-nodoverlevelsesutstyr","8":"product_tag-nodutgang","9":"product_tag-overlevelse","10":"product_tag-redningsutstyr","11":"product_tag-sikkerhet","13":"first","14":"instock","15":"shipping-taxable","16":"purchasable","17":"product-type-simple"},"_links":{"self":[{"href":"https:\/\/isopllc.com\/no\/wp-json\/wp\/v2\/product\/4812","targetHints":{"allow":["GET"]}}],"collection":[{"href":"https:\/\/isopllc.com\/no\/wp-json\/wp\/v2\/product"}],"about":[{"href":"https:\/\/isopllc.com\/no\/wp-json\/wp\/v2\/types\/product"}],"replies":[{"embeddable":true,"href":"https:\/\/isopllc.com\/no\/wp-json\/wp\/v2\/comments?post=4812"}],"wp:featuredmedia":[{"embeddable":true,"href":"https:\/\/isopllc.com\/no\/wp-json\/wp\/v2\/media\/4801"}],"wp:attachment":[{"href":"https:\/\/isopllc.com\/no\/wp-json\/wp\/v2\/media?parent=4812"}],"wp:term":[{"taxonomy":"product_brand","embeddable":true,"href":"https:\/\/isopllc.com\/no\/wp-json\/wp\/v2\/product_brand?post=4812"},{"taxonomy":"product_cat","embeddable":true,"href":"https:\/\/isopllc.com\/no\/wp-json\/wp\/v2\/product_cat?post=4812"},{"taxonomy":"product_tag","embeddable":true,"href":"https:\/\/isopllc.com\/no\/wp-json\/wp\/v2\/product_tag?post=4812"}],"curies":[{"name":"wp","href":"https:\/\/api.w.org\/{rel}","templated":true}]}}