{"id":4820,"date":"2023-01-15T08:09:42","date_gmt":"2023-01-15T08:09:42","guid":{"rendered":"https:\/\/isopllc.com\/usa\/?post_type=product&#038;p=4820"},"modified":"2025-01-03T10:33:15","modified_gmt":"2025-01-03T10:33:15","slug":"overlevelsestelt-i-nodstilfelle","status":"publish","type":"product","link":"https:\/\/isopllc.com\/no\/product\/overlevelsestelt-i-nodstilfelle\/","title":{"rendered":"Overlevelsestelt i N\u00f8dstilfelle for 2 Personer"},"content":{"rendered":"<h2 class=\"text-weight-bold\" style=\"text-align: left;\">Overlevelsestelt i N\u00f8dstilfelle for 2 Personer + 3 Paracords, Teltstaker, Gl\u00f8depinne, Fl\u00f8yte | 100% Vanntett Telt | Ultralett og Ekstra Stor<\/h2>\n<div class=\"celwidget aplus-module premium-module-1-image-text aplus-premium\">\n<div class=\"a-section a-spacing-none premium-aplus premium-aplus-module-1 aplus-container-1\">\n<div class=\"a-section a-spacing-none aplus-display-table\">\n<div class=\"a-section a-spacing-none aplus-module-section aplus-display-table-cell aplus-image-section\"><img loading=\"lazy\" decoding=\"async\" class=\"alignleft\" src=\"https:\/\/m.media-amazon.com\/images\/S\/aplus-media-library-service-media\/6954aaee-621a-4a38-98ce-0a6faa609e88.__CR0,0,800,600_PT0_SX800_V1___.jpg\" alt=\"Emergency Survival Shelter Tent\" width=\"409\" height=\"307\" data-src=\"https:\/\/m.media-amazon.com\/images\/S\/aplus-media-library-service-media\/6954aaee-621a-4a38-98ce-0a6faa609e88.__CR0,0,800,600_PT0_SX800_V1___.jpg\" \/><\/div>\n<div class=\"a-section a-spacing-none aplus-module-section aplus-display-table-cell aplus-text-section-right\">\n<h1 class=\"aplus-h1 aplus-module-1-heading a-text-bold\">N\u00f8doverlevelsesly for Telt + 3 Paracorder, Teltplugger, Lysepinner, Fl\u00f8yte<\/h1>\n<p class=\"aplus-p2 aplus-module-1-description\">Dette n\u00f8dkombisettet gir et overlevelsestelt for ly fra elementene og for \u00e5 holde deg varm ved \u00e5 fange inn kroppsvarmen. Designet for n\u00f8dsituasjoner og overlevelse, inkluderer fire staker, en overlevelsesfl\u00f8yte, to myggnett og to gl\u00f8depinner. Den livlige oransje fargen kan hjelpe til med s\u00f8k og redning. Tre nylon paracord snorer og karabinkroker kan brukes til \u00e5 feste eller reparere utstyr, bygge et ekstra ly.<\/p>\n<\/div>\n<\/div>\n<\/div>\n<\/div>\n<div class=\"celwidget aplus-module premium-module-1-image-text aplus-premium\">\n<div class=\"a-section a-spacing-none premium-aplus premium-aplus-module-1 aplus-container-1\">\n<div class=\"a-section a-spacing-none aplus-display-table\">\n<div class=\"a-section a-spacing-none aplus-module-section aplus-display-table-cell aplus-image-section\"><img loading=\"lazy\" decoding=\"async\" class=\"alignleft\" src=\"https:\/\/m.media-amazon.com\/images\/S\/aplus-media-library-service-media\/e853c2f4-1c4f-47b1-80c9-7af27f54599b.__CR0,0,800,600_PT0_SX800_V1___.jpg\" alt=\"Emergency Survival Shelter Tent\" width=\"422\" height=\"316\" data-src=\"https:\/\/m.media-amazon.com\/images\/S\/aplus-media-library-service-media\/e853c2f4-1c4f-47b1-80c9-7af27f54599b.__CR0,0,800,600_PT0_SX800_V1___.jpg\" \/><\/div>\n<div class=\"a-section a-spacing-none aplus-module-section aplus-display-table-cell aplus-text-section-right\">\n<h1 class=\"aplus-h1 aplus-module-1-heading a-text-bold\" style=\"text-align: left;\">100 % vanntett, ultralett, kompakt og ekstra stor<\/h1>\n<p>Det ultralette teltet er laget av mylar med et rive- og punkteringsbestandig belegg. Disse n\u00f8dteltene er holdbare nok til gjentatt bruk, s\u00e5 de kan sl\u00e5s sammen og legges tilbake i posen. Disse overlevelsesskjulene kan enkelt festes p\u00e5 utstyr for transport og er kompakte nok til \u00e5 settes i en bil.<\/p>\n<p>Dette settet vil beskytte deg mot REGN, VIND og sn\u00f8, samt gi skygge mot solen. Dette er en livreddende kombinasjon for en enkelt person eller en gruppe p\u00e5 to.<\/p>\n<\/div>\n<\/div>\n<\/div>\n<\/div>\n<div class=\"celwidget aplus-module premium-module-1-image-text aplus-premium\">\n<div class=\"a-section a-spacing-none premium-aplus premium-aplus-module-1 aplus-container-1\">\n<div class=\"a-section a-spacing-none aplus-display-table\">\n<div class=\"a-section a-spacing-none aplus-module-section aplus-display-table-cell aplus-image-section\"><img loading=\"lazy\" decoding=\"async\" class=\"alignleft\" src=\"https:\/\/m.media-amazon.com\/images\/S\/aplus-media-library-service-media\/5d6d0212-bf81-4e52-81ae-6e3da0c33896.__CR50,0,800,600_PT0_SX800_V1___.jpeg\" alt=\"Emergency Survival Shelter Tent\" width=\"443\" height=\"332\" data-src=\"https:\/\/m.media-amazon.com\/images\/S\/aplus-media-library-service-media\/5d6d0212-bf81-4e52-81ae-6e3da0c33896.__CR50,0,800,600_PT0_SX800_V1___.jpeg\" \/><\/div>\n<div class=\"a-section a-spacing-none aplus-module-section aplus-display-table-cell aplus-text-section-right\">\n<h1 class=\"aplus-h1 aplus-module-1-heading a-text-bold\" style=\"text-align: left;\">Flerbruks N\u00f8doverlevelsesly<\/h1>\n<p class=\"aplus-p2 aplus-module-1-description\">Ha i ryggsekken i tilfelle. I tillegg til \u00e5 holde deg varm og t\u00f8rr, har ISOP overlevelsessett utallige bruksomr\u00e5der i overlevelsessituasjoner. Bruk som en soveposef\u00f4r i uventet kaldt v\u00e6r for \u00e5 forbedre din eksisterende sovepose ved \u00e5 \u00f8ke varmen og beskytte mot utvendig kondens. Ha i bilen i tilfelle du blir sittende fast i en sn\u00f8storm, g\u00e5r tom for bensin eller havner i en bilulykke om vinteren.<\/p>\n<\/div>\n<\/div>\n<\/div>\n<\/div>\n<div class=\"celwidget aplus-module premium-module-15-text aplus-premium\">\n<div class=\"a-section a-spacing-none premium-aplus premium-aplus-module-15\">\n<div class=\"a-section a-spacing-none\">\n<div class=\"a-section a-spacing-none aplus-module-section aplus-display-table-cell aplus-image-section\"><img loading=\"lazy\" decoding=\"async\" class=\"alignleft\" src=\"https:\/\/m.media-amazon.com\/images\/S\/aplus-media-library-service-media\/46b5cc5a-a1ff-413c-b08e-d4adb4e923e5.__CR0,0,1200,900_PT0_SX800_V1___.jpg\" alt=\"Emergency Survival Shelter Tent for 2 People\" width=\"447\" height=\"335\" data-src=\"https:\/\/m.media-amazon.com\/images\/S\/aplus-media-library-service-media\/46b5cc5a-a1ff-413c-b08e-d4adb4e923e5.__CR0,0,1200,900_PT0_SX800_V1___.jpg\" \/><\/div>\n<div class=\"a-section a-spacing-none aplus-module-section aplus-display-table-cell aplus-text-section-right\">\n<h1 class=\"aplus-h1 aplus-module-1-heading a-text-bold\" style=\"text-align: left;\">Utallige bruksomr\u00e5der:<\/h1>\n<p class=\"aplus-p2 aplus-module-1-description\">Ryggsekkdeksel; Regn poncho; N\u00f8dsignal; Solar ovn; Fiske lokke; Fuglemiddel; Emergency Shelter; sovepose lin; Bunndekke; Vindblokkering; Armslynge; Tourniquet; Trail Marker; Vannsamler; Sn\u00f8 smelte container; bil vinduet solbeskytter; Sollys reflektor; Matkonserverende deksel.<\/p>\n<\/div>\n<\/div>\n<\/div>\n<\/div>\n","protected":false},"excerpt":{"rendered":"<p style=\"text-align: center;\">Overlevelsestelt i n\u00f8dstilfelle for 2 personer + 3 paracords, teltstaker, gl\u00f8depinne, fl\u00f8yte | 100% vanntett telt | Ultralett og ekstra stor<\/p>\n<p style=\"text-align: center;\">GRATIS LEVERING INDEN FOR 3-7 DAGE<\/p>\n<h4 style=\"text-align: center;\"><strong>KJ\u00d8P DET P\u00c5<\/strong><\/h4>\n<p><a href=\"https:\/\/www.amazon.de\/dp\/B0BNPZF57C?ref=myi_title_dp\"><img loading=\"lazy\" decoding=\"async\" class=\"aligncenter wp-image-1040 size-full\" src=\"https:\/\/isopllc.com\/de\/wp-content\/uploads\/sites\/3\/2020\/01\/amazon-button9.png\" alt=\"\" width=\"160\" height=\"59\" \/><\/a><\/p>\n<p style=\"text-align: center;\">\n","protected":false},"featured_media":4821,"comment_status":"open","ping_status":"closed","template":"","meta":[],"product_brand":[],"product_cat":[74],"product_tag":[94,183,80,81,184],"class_list":{"0":"post-4820","1":"product","2":"type-product","3":"status-publish","4":"has-post-thumbnail","6":"product_cat-rednings-og-overlevelses","7":"product_tag-overlevelse","8":"product_tag-overlevelsestelt","9":"product_tag-redningsutstyr","10":"product_tag-sikkerhet","11":"product_tag-telt","13":"first","14":"instock","15":"shipping-taxable","16":"purchasable","17":"product-type-simple"},"_links":{"self":[{"href":"https:\/\/isopllc.com\/no\/wp-json\/wp\/v2\/product\/4820","targetHints":{"allow":["GET"]}}],"collection":[{"href":"https:\/\/isopllc.com\/no\/wp-json\/wp\/v2\/product"}],"about":[{"href":"https:\/\/isopllc.com\/no\/wp-json\/wp\/v2\/types\/product"}],"replies":[{"embeddable":true,"href":"https:\/\/isopllc.com\/no\/wp-json\/wp\/v2\/comments?post=4820"}],"wp:featuredmedia":[{"embeddable":true,"href":"https:\/\/isopllc.com\/no\/wp-json\/wp\/v2\/media\/4821"}],"wp:attachment":[{"href":"https:\/\/isopllc.com\/no\/wp-json\/wp\/v2\/media?parent=4820"}],"wp:term":[{"taxonomy":"product_brand","embeddable":true,"href":"https:\/\/isopllc.com\/no\/wp-json\/wp\/v2\/product_brand?post=4820"},{"taxonomy":"product_cat","embeddable":true,"href":"https:\/\/isopllc.com\/no\/wp-json\/wp\/v2\/product_cat?post=4820"},{"taxonomy":"product_tag","embeddable":true,"href":"https:\/\/isopllc.com\/no\/wp-json\/wp\/v2\/product_tag?post=4820"}],"curies":[{"name":"wp","href":"https:\/\/api.w.org\/{rel}","templated":true}]}}