{"id":4845,"date":"2023-01-25T02:54:09","date_gmt":"2023-01-25T02:54:09","guid":{"rendered":"https:\/\/isopllc.com\/usa\/?post_type=product&#038;p=4845"},"modified":"2025-01-03T10:14:05","modified_gmt":"2025-01-03T10:14:05","slug":"backpacking-komfyr-og-kaffekrus","status":"publish","type":"product","link":"https:\/\/isopllc.com\/no\/product\/backpacking-komfyr-og-kaffekrus\/","title":{"rendered":"Backpacking Komfyr og Sammenleggbar Kaffekrus"},"content":{"rendered":"<div class=\"celwidget aplus-module premium-module-3-four-column-images aplus-premium\" data-csa-c-id=\"5x7ui9-ius50c-ssm1r8-66oj1i\" data-cel-widget=\"aplus-premium-module-3-four-column-images\">\n<div class=\"a-section a-spacing-none premium-aplus premium-aplus-module-3 aplus-container-1\">\n<div class=\"celwidget aplus-module premium-module-3-four-column-images aplus-premium\" data-csa-c-id=\"5x7ui9-ius50c-ssm1r8-66oj1i\" data-cel-widget=\"aplus-premium-module-3-four-column-images\">\n<h1 class=\"a-section a-spacing-none premium-aplus premium-aplus-module-3 aplus-container-1\">Backpacking komfyr og sammenleggbar kaffekrus &#8211; B\u00e6rbar campingkomfyr &#8211; Liten komfyr Enkeltbrenner for drivstoffbeholder &#8211; Minilommekjele for fotturer og gassmatlaging &#8211; Kompatibel med 4 vanlige typer campingovnsdrivstoff<\/h1>\n<\/div>\n<div class=\"celwidget aplus-module premium-module-4-two-column-images aplus-premium\" data-csa-c-id=\"c2v7oo-xov140-stsvaj-fyaclr\" data-cel-widget=\"aplus-premium-module-4-two-column-images\">\n<div class=\"a-section a-spacing-none premium-aplus premium-aplus-module-4 aplus-container-1\">\n<div class=\"a-section a-spacing-none premium-aplus-two-column\">\n<div class=\"a-section a-spacing-none premium-aplus-column\">\n<div class=\"a-section a-spacing-none {'column-image'}\"><img loading=\"lazy\" decoding=\"async\" class=\"alignnone size-medium wp-image-4859\" src=\"https:\/\/isopllc.com\/no\/wp-content\/uploads\/sites\/16\/2023\/01\/fuel-stove5-300x155.jpg\" alt=\"Backpacking komfyr og sammenleggbar kaffekrus\" width=\"300\" height=\"155\" srcset=\"https:\/\/isopllc.com\/no\/wp-content\/uploads\/sites\/16\/2023\/01\/fuel-stove5-300x155.jpg 300w, https:\/\/isopllc.com\/no\/wp-content\/uploads\/sites\/16\/2023\/01\/fuel-stove5.jpg 750w\" sizes=\"auto, (max-width: 300px) 100vw, 300px\" \/><\/div>\n<div class=\"a-section a-spacing-none column-heading\"><\/div>\n<div class=\"a-section a-spacing-none column-description\">\n<p class=\"aplus-p3\">Den kompakte primus-ovnen fra ISOP er flott for reiser eller camping. Det skjer ofte n\u00e5r du er p\u00e5 fjellet eller i naturen du vil ha en kopp varm te eller kaffe, med v\u00e5r minikomfyr og en kopp f\u00e5r du det.<\/p>\n<\/div>\n<\/div>\n<div class=\"a-section a-spacing-none premium-aplus-column\">\n<p><img loading=\"lazy\" decoding=\"async\" class=\"alignnone size-medium wp-image-4860\" src=\"https:\/\/isopllc.com\/no\/wp-content\/uploads\/sites\/16\/2023\/01\/ollapsible-mug-300x162.jpg\" alt=\"sammenleggbart krus\" width=\"300\" height=\"162\" srcset=\"https:\/\/isopllc.com\/no\/wp-content\/uploads\/sites\/16\/2023\/01\/ollapsible-mug-300x162.jpg 300w, https:\/\/isopllc.com\/no\/wp-content\/uploads\/sites\/16\/2023\/01\/ollapsible-mug.jpg 650w\" sizes=\"auto, (max-width: 300px) 100vw, 300px\" \/><\/p>\n<div class=\"a-section a-spacing-none column-heading\"><\/div>\n<div class=\"a-section a-spacing-none column-description\">\n<p class=\"aplus-p3\">Den sammenleggbare koppen for reiser er laget av matkvalitets silikonmateriale, som er ganske trygt \u00e5 bruke uten skadelige tilsetningsstoffer. Ingen plast, ingen rare kjemikalier, og ingenting du ikke vil ha i kroppen din. Bare deg og favorittdrikken din.<\/p>\n<\/div>\n<\/div>\n<\/div>\n<\/div>\n<\/div>\n<div class=\"celwidget aplus-module premium-module-4-two-column-images aplus-premium\" data-csa-c-id=\"x4ph9p-q838io-prcyjw-2cnwk\" data-cel-widget=\"aplus-premium-module-4-two-column-images\">\n<div class=\"a-section a-spacing-none premium-aplus premium-aplus-module-4 aplus-container-1\">\n<div class=\"a-section a-spacing-none premium-aplus-two-column\">\n<div class=\"a-section a-spacing-none premium-aplus-column\">\n<p><img loading=\"lazy\" decoding=\"async\" class=\"alignnone size-medium wp-image-4861\" src=\"https:\/\/isopllc.com\/no\/wp-content\/uploads\/sites\/16\/2023\/01\/fuel-stove6-300x162.jpg\" alt=\"brennstoffovn\" width=\"300\" height=\"162\" srcset=\"https:\/\/isopllc.com\/no\/wp-content\/uploads\/sites\/16\/2023\/01\/fuel-stove6-300x162.jpg 300w, https:\/\/isopllc.com\/no\/wp-content\/uploads\/sites\/16\/2023\/01\/fuel-stove6.jpg 650w\" sizes=\"auto, (max-width: 300px) 100vw, 300px\" \/><\/p>\n<div class=\"a-section a-spacing-none column-heading\">Selv om du sitter p\u00e5 verandaen hjemme eller i bakg\u00e5rden og har lyst p\u00e5 litt varm kaffe eller te, trenger du ikke \u00e5 l\u00f8pe hjem og st\u00e5 ved vannkokeren til det koker, ved hjelp av v\u00e5r primus-komfyr kan du lage te rett p\u00e5 f\u00e5 \u00f8ye p\u00e5.<\/div>\n<\/div>\n<div class=\"a-section a-spacing-none premium-aplus-column\">\n<p><img loading=\"lazy\" decoding=\"async\" class=\"alignnone size-medium wp-image-4874\" src=\"https:\/\/isopllc.com\/no\/wp-content\/uploads\/sites\/16\/2023\/01\/Portable-Camping-Stove-Small-Stove--300x228.jpg\" alt=\"Mini b\u00e6rbar komfyr\" width=\"300\" height=\"228\" srcset=\"https:\/\/isopllc.com\/no\/wp-content\/uploads\/sites\/16\/2023\/01\/Portable-Camping-Stove-Small-Stove--300x228.jpg 300w, https:\/\/isopllc.com\/no\/wp-content\/uploads\/sites\/16\/2023\/01\/Portable-Camping-Stove-Small-Stove-.jpg 750w\" sizes=\"auto, (max-width: 300px) 100vw, 300px\" \/><\/p>\n<div class=\"a-section a-spacing-none column-heading\">Den er kompakt, lett, sammenleggbar og veldig slitesterk. Egentlig evig. I en tursekk tar den nesten ingen plass og er uunnv\u00e6rlig for ethvert overlevelsessett! Gasstank er ikke inkludert.<\/div>\n<\/div>\n<\/div>\n<\/div>\n<\/div>\n<\/div>\n<\/div>\n","protected":false},"excerpt":{"rendered":"[embed]https:\/\/youtu.be\/TtRD3W7T-mE?si=eOw8eAPs_QKX2d5y[\/embed]\n<p class=\"a-section a-spacing-none premium-aplus premium-aplus-module-3 aplus-container-1\" style=\"text-align: center;\">Backpacking komfyr og sammenleggbar kaffekrus &#8211; B\u00e6rbar campingkomfyr &#8211; Liten komfyr Enkeltbrenner for drivstoffbeholder &#8211; Minilommekjele for fotturer og gassmatlaging &#8211; Kompatibel med 4 vanlige typer campingovnsdrivstoff<\/p>\n<p style=\"text-align: center;\">GRATIS LEVERING INDEN FOR 3-7 DAGE<\/p>\n<h4 style=\"text-align: center;\"><strong>KJ\u00d8P DET P\u00c5<\/strong><\/h4>\n<h4 style=\"text-align: center;\"><a href=\"https:\/\/www.amazon.de\/dp\/B0BNQJ4CVJ?ref=myi_title_dp\"><img loading=\"lazy\" decoding=\"async\" class=\"aligncenter wp-image-1040 size-full\" src=\"https:\/\/isopllc.com\/de\/wp-content\/uploads\/sites\/3\/2020\/01\/amazon-button9.png\" alt=\"\" width=\"160\" height=\"59\" \/><\/a><\/h4>\n","protected":false},"featured_media":4883,"comment_status":"open","ping_status":"closed","template":"","meta":[],"product_brand":[],"product_cat":[74],"product_tag":[89,92,90,94,91,81,93],"class_list":{"0":"post-4845","1":"product","2":"type-product","3":"status-publish","4":"has-post-thumbnail","6":"product_cat-rednings-og-overlevelses","7":"product_tag-backpacking","8":"product_tag-kaffekrus","9":"product_tag-komfyr","10":"product_tag-overlevelse","11":"product_tag-sammenleggbar","12":"product_tag-sikkerhet","13":"product_tag-turutstyr","15":"first","16":"instock","17":"shipping-taxable","18":"purchasable","19":"product-type-simple"},"_links":{"self":[{"href":"https:\/\/isopllc.com\/no\/wp-json\/wp\/v2\/product\/4845","targetHints":{"allow":["GET"]}}],"collection":[{"href":"https:\/\/isopllc.com\/no\/wp-json\/wp\/v2\/product"}],"about":[{"href":"https:\/\/isopllc.com\/no\/wp-json\/wp\/v2\/types\/product"}],"replies":[{"embeddable":true,"href":"https:\/\/isopllc.com\/no\/wp-json\/wp\/v2\/comments?post=4845"}],"wp:featuredmedia":[{"embeddable":true,"href":"https:\/\/isopllc.com\/no\/wp-json\/wp\/v2\/media\/4883"}],"wp:attachment":[{"href":"https:\/\/isopllc.com\/no\/wp-json\/wp\/v2\/media?parent=4845"}],"wp:term":[{"taxonomy":"product_brand","embeddable":true,"href":"https:\/\/isopllc.com\/no\/wp-json\/wp\/v2\/product_brand?post=4845"},{"taxonomy":"product_cat","embeddable":true,"href":"https:\/\/isopllc.com\/no\/wp-json\/wp\/v2\/product_cat?post=4845"},{"taxonomy":"product_tag","embeddable":true,"href":"https:\/\/isopllc.com\/no\/wp-json\/wp\/v2\/product_tag?post=4845"}],"curies":[{"name":"wp","href":"https:\/\/api.w.org\/{rel}","templated":true}]}}