{"id":4862,"date":"2023-01-25T03:37:07","date_gmt":"2023-01-25T03:37:07","guid":{"rendered":"https:\/\/isopllc.com\/usa\/?post_type=product&#038;p=4862"},"modified":"2025-01-03T09:56:53","modified_gmt":"2025-01-03T09:56:53","slug":"campingovn-og-reisekrussett","status":"publish","type":"product","link":"https:\/\/isopllc.com\/no\/product\/campingovn-og-reisekrussett\/","title":{"rendered":"ISOP Campingovn og Reisekrussett"},"content":{"rendered":"<div class=\"celwidget aplus-module premium-module-3-four-column-images aplus-premium\" data-csa-c-id=\"5x7ui9-ius50c-ssm1r8-66oj1i\" data-cel-widget=\"aplus-premium-module-3-four-column-images\">\n<div class=\"a-section a-spacing-none premium-aplus premium-aplus-module-3 aplus-container-1\">\n<div class=\"celwidget aplus-module premium-module-3-four-column-images aplus-premium\" data-csa-c-id=\"5x7ui9-ius50c-ssm1r8-66oj1i\" data-cel-widget=\"aplus-premium-module-3-four-column-images\">\n<h1 class=\"a-section a-spacing-none premium-aplus premium-aplus-module-3 aplus-container-1\" style=\"text-align: left;\">ISOP Campingovn og Reisekrussett &#8211; Mini B\u00e6rbar Komfyr Reisekaffekrus &#8211; S\u00f8lsikker Camping-\/Tur-\/Ryggsekkkomfyr &#8211; Alkoholkomfyr i Rustfritt St\u00e5l og Sammenleggbar Kopp for Reiser &#8211; Campingkrus i Silikon<\/h1>\n<div class=\"celwidget aplus-module premium-module-4-two-column-images aplus-premium\" data-csa-c-id=\"sdy05b-vrb5mv-3tmwc5-k338fj\">\n<div class=\"a-section a-spacing-none premium-aplus premium-aplus-module-4 aplus-container-1\">\n<div class=\"a-section a-spacing-none premium-aplus-two-column\">\n<div class=\"a-section a-spacing-none premium-aplus-column\"><img loading=\"lazy\" decoding=\"async\" class=\"alignnone size-medium wp-image-4863\" src=\"https:\/\/isopllc.com\/no\/wp-content\/uploads\/sites\/16\/2023\/01\/alcohol-stove8-300x162.jpg\" alt=\"alkohol komfyr\" width=\"300\" height=\"162\" srcset=\"https:\/\/isopllc.com\/no\/wp-content\/uploads\/sites\/16\/2023\/01\/alcohol-stove8-300x162.jpg 300w, https:\/\/isopllc.com\/no\/wp-content\/uploads\/sites\/16\/2023\/01\/alcohol-stove8.jpg 650w\" sizes=\"auto, (max-width: 300px) 100vw, 300px\" \/><\/p>\n<div class=\"a-section a-spacing-none column-heading\"><\/div>\n<div class=\"a-section a-spacing-none column-description\">\n<p class=\"aplus-p3\">Solid og stabil campingbrenner er laget av slitesterkt rustfritt st\u00e5l. Alkohol helles i det midtre reservoaret p\u00e5 minicampingovnen og tennes deretter. Dampene slipper ut fra en ring med sm\u00e5 hull for \u00e5 skape en jevn ild. Slukk ved \u00e5 sette hetten forsiktig p\u00e5 flammene og kvele dem.<\/p>\n<\/div>\n<\/div>\n<div class=\"a-section a-spacing-none premium-aplus-column\"><img loading=\"lazy\" decoding=\"async\" class=\"alignnone size-medium wp-image-4860\" src=\"https:\/\/isopllc.com\/no\/wp-content\/uploads\/sites\/16\/2023\/01\/ollapsible-mug-300x162.jpg\" alt=\"sammenleggbart krus\" width=\"300\" height=\"162\" srcset=\"https:\/\/isopllc.com\/no\/wp-content\/uploads\/sites\/16\/2023\/01\/ollapsible-mug-300x162.jpg 300w, https:\/\/isopllc.com\/no\/wp-content\/uploads\/sites\/16\/2023\/01\/ollapsible-mug.jpg 650w\" sizes=\"auto, (max-width: 300px) 100vw, 300px\" \/><\/p>\n<div class=\"a-section a-spacing-none column-heading\"><\/div>\n<div class=\"a-section a-spacing-none column-description\">\n<p class=\"aplus-p3\">Den sammenleggbare koppen for reiser er laget av matkvalitets silikonmateriale, som er ganske trygt \u00e5 bruke uten skadelige tilsetningsstoffer. Ingen plast, ingen rare kjemikalier, og ingenting du ikke vil ha i kroppen din. Bare deg og favorittdrikken din.<\/p>\n<\/div>\n<\/div>\n<\/div>\n<\/div>\n<\/div>\n<div class=\"celwidget aplus-module premium-module-4-two-column-images aplus-premium\" data-csa-c-id=\"e5hmvm-44h78t-crc2qp-99d5vq\">\n<div class=\"a-section a-spacing-none premium-aplus premium-aplus-module-4 aplus-container-1\">\n<div class=\"a-section a-spacing-none premium-aplus-two-column\">\n<div class=\"a-section a-spacing-none premium-aplus-column\"><img loading=\"lazy\" decoding=\"async\" class=\"alignnone size-medium wp-image-4864\" src=\"https:\/\/isopllc.com\/no\/wp-content\/uploads\/sites\/16\/2023\/01\/alcohol-stove9-300x162.jpg\" alt=\"alkohol komfyr\" width=\"300\" height=\"162\" srcset=\"https:\/\/isopllc.com\/no\/wp-content\/uploads\/sites\/16\/2023\/01\/alcohol-stove9-300x162.jpg 300w, https:\/\/isopllc.com\/no\/wp-content\/uploads\/sites\/16\/2023\/01\/alcohol-stove9.jpg 650w\" sizes=\"auto, (max-width: 300px) 100vw, 300px\" \/><\/p>\n<div class=\"a-section a-spacing-none column-heading\">Du kan grille hvor som helst n\u00e5r som helst utend\u00f8rs ved \u00e5 bruke denne minicampingovnen med variabel temperaturkontroll. Sammenleggbart h\u00e5ndtak p\u00e5 flammeregulatoren hjelper til med \u00e5 kontrollere og opprettholde temperaturen i henhold til ditt behov. Mikrob\u00f8lgeovn kaffekrus gj\u00f8r det ut for kald kaffe eller varm te under disse eventyrene.<\/div>\n<\/div>\n<div class=\"a-section a-spacing-none premium-aplus-column\"><img loading=\"lazy\" decoding=\"async\" class=\"alignnone size-medium wp-image-4865\" src=\"https:\/\/isopllc.com\/no\/wp-content\/uploads\/sites\/16\/2023\/01\/alcohol-stove10-300x162.jpg\" alt=\"alkohol komfyr\" width=\"300\" height=\"162\" srcset=\"https:\/\/isopllc.com\/no\/wp-content\/uploads\/sites\/16\/2023\/01\/alcohol-stove10-300x162.jpg 300w, https:\/\/isopllc.com\/no\/wp-content\/uploads\/sites\/16\/2023\/01\/alcohol-stove10.jpg 650w\" sizes=\"auto, (max-width: 300px) 100vw, 300px\" \/><\/p>\n<div class=\"a-section a-spacing-none column-heading\">Du kan grille hvor som helst n\u00e5r som helst utend\u00f8rs ved \u00e5 bruke denne minicampingovnen med variabel temperaturkontroll. Sammenleggbart h\u00e5ndtak p\u00e5 flammeregulatoren hjelper til med \u00e5 kontrollere og opprettholde temperaturen i henhold til ditt behov. Mikrob\u00f8lgeovn kaffekrus gj\u00f8r det ut for kald kaffe eller varm te under disse eventyrene.<\/div>\n<\/div>\n<\/div>\n<\/div>\n<\/div>\n<\/div>\n<\/div>\n<\/div>\n","protected":false},"excerpt":{"rendered":"[embed]https:\/\/youtu.be\/aGg3UjzCMa8?si=y8zexzKbbmZhaI4P[\/embed]\n<p style=\"text-align: center;\">ISOP campingovn og reisekrussett &#8211; Mini b\u00e6rbar komfyr reisekaffekrus &#8211; s\u00f8lsikker camping-\/tur-\/ryggsekkkomfyr &#8211; Alkoholkomfyr i rustfritt st\u00e5l og sammenleggbar kopp for reiser &#8211; Campingkrus i silikon<\/p>\n<p style=\"text-align: center;\">GRATIS LEVERING INNEN 3-7 DAGER<\/p>\n<h4 style=\"text-align: center;\"><strong>KJ\u00d8P DET P\u00c5<\/strong><\/h4>\n<h4 style=\"text-align: center;\"><a href=\"https:\/\/www.amazon.de\/dp\/B0BNQJ1H8P?ref=myi_title_dp\"><img loading=\"lazy\" decoding=\"async\" class=\"aligncenter wp-image-1040 size-full\" src=\"https:\/\/isopllc.com\/de\/wp-content\/uploads\/sites\/3\/2020\/01\/amazon-button9.png\" alt=\"\" width=\"160\" height=\"59\" \/><\/a><\/h4>\n","protected":false},"featured_media":4872,"comment_status":"open","ping_status":"closed","template":"","meta":[],"product_brand":[],"product_cat":[74],"product_tag":[142,129,94,143,81,144],"class_list":{"0":"post-4862","1":"product","2":"type-product","3":"status-publish","4":"has-post-thumbnail","6":"product_cat-rednings-og-overlevelses","7":"product_tag-campingovn","8":"product_tag-isop","9":"product_tag-overlevelse","10":"product_tag-reisekrussett","11":"product_tag-sikkerhet","12":"product_tag-turustyr","14":"first","15":"instock","16":"shipping-taxable","17":"purchasable","18":"product-type-simple"},"_links":{"self":[{"href":"https:\/\/isopllc.com\/no\/wp-json\/wp\/v2\/product\/4862","targetHints":{"allow":["GET"]}}],"collection":[{"href":"https:\/\/isopllc.com\/no\/wp-json\/wp\/v2\/product"}],"about":[{"href":"https:\/\/isopllc.com\/no\/wp-json\/wp\/v2\/types\/product"}],"replies":[{"embeddable":true,"href":"https:\/\/isopllc.com\/no\/wp-json\/wp\/v2\/comments?post=4862"}],"wp:featuredmedia":[{"embeddable":true,"href":"https:\/\/isopllc.com\/no\/wp-json\/wp\/v2\/media\/4872"}],"wp:attachment":[{"href":"https:\/\/isopllc.com\/no\/wp-json\/wp\/v2\/media?parent=4862"}],"wp:term":[{"taxonomy":"product_brand","embeddable":true,"href":"https:\/\/isopllc.com\/no\/wp-json\/wp\/v2\/product_brand?post=4862"},{"taxonomy":"product_cat","embeddable":true,"href":"https:\/\/isopllc.com\/no\/wp-json\/wp\/v2\/product_cat?post=4862"},{"taxonomy":"product_tag","embeddable":true,"href":"https:\/\/isopllc.com\/no\/wp-json\/wp\/v2\/product_tag?post=4862"}],"curies":[{"name":"wp","href":"https:\/\/api.w.org\/{rel}","templated":true}]}}