{"id":4913,"date":"2023-02-22T16:28:54","date_gmt":"2023-02-22T16:28:54","guid":{"rendered":"https:\/\/isopllc.com\/usa\/?post_type=product&#038;p=4913"},"modified":"2025-01-03T09:11:54","modified_gmt":"2025-01-03T09:11:54","slug":"lite-forstehjelpssett-220-stk","status":"publish","type":"product","link":"https:\/\/isopllc.com\/no\/product\/lite-forstehjelpssett-220-stk\/","title":{"rendered":"Lite f\u00f8rstehjelpssett 220 STK"},"content":{"rendered":"<h1 style=\"text-align: left;\">Lite f\u00f8rstehjelpssett | 220 STK Essensielle medisinske forsyninger for akutttrauma | Pakket i en r\u00f8d vanntett boks | Perfekt for bil Hjemmekontor Reise Utend\u00f8rs Camping Vandring Mini f\u00f8rstehjelpssett<\/h1>\n<p><img loading=\"lazy\" decoding=\"async\" class=\" wp-image-4914 alignleft\" src=\"https:\/\/isopllc.com\/usa\/wp-content\/uploads\/sites\/4\/2023\/02\/first-aid-kit-1.jpg\" alt=\"\" width=\"352\" height=\"264\" \/><\/p>\n<h1 class=\"aplus-h1 aplus-module-1-heading a-text-bold\" style=\"text-align: left;\">Essensielt Traumemedisinsk Utstyr<\/h1>\n<p>Det er viktig \u00e5 ha de riktige forsyningene slik at du kan reagere raskt og effektivt n\u00e5r en n\u00f8dsituasjon oppst\u00e5r. Settet v\u00e5rt gir deg de n\u00f8dvendige verkt\u00f8yene for \u00e5 behandle mindre skader og sykdommer, samt grunnleggende medisinsk utstyr for mer alvorlige situasjoner. Ved \u00e5 ha et f\u00f8rstehjelpsutstyr for h\u00e5nden, kan du sikre at du er forberedt p\u00e5 enhver medisinsk n\u00f8dsituasjon. I tillegg gir det \u00e5 ha et akuttmedisinsk forsyningssett trygghet i \u00e5 vite at du er i stand til \u00e5 svare om n\u00f8dvendig.<\/p>\n<p><img loading=\"lazy\" decoding=\"async\" class=\" wp-image-4915 alignleft\" src=\"https:\/\/isopllc.com\/usa\/wp-content\/uploads\/sites\/4\/2023\/02\/first-aid-kit-2.jpg\" alt=\"\" width=\"402\" height=\"301\" \/><\/p>\n<h1 class=\"aplus-h1 aplus-module-1-heading a-text-bold\" style=\"text-align: left;\">Slitesterk og vanntett<\/h1>\n<p>ISOP f\u00f8rstehjelpsskrin er et utmerket valg for de som ofte er p\u00e5 farten. Hvis du er p\u00e5 tur, camping eller reiser, er et kompakt og f\u00f8rstehjelpssett avgj\u00f8rende for \u00e5 sikre at du har de n\u00f8dvendige forsyningene for \u00e5 behandle mindre skader og sykdommer.<\/p>\n<p>Den vanntette vil beskytte innholdet mot fuktighet, og holde det trygt under alle v\u00e6rforhold. Dette vil gi deg trygghet til \u00e5 nyte utend\u00f8rsaktiviteter eller reiser uten \u00e5 m\u00e5tte bekymre deg for f\u00f8rstehjelpsutstyret ditt.<\/p>\n<p><img loading=\"lazy\" decoding=\"async\" class=\" wp-image-4916 alignleft\" src=\"https:\/\/isopllc.com\/usa\/wp-content\/uploads\/sites\/4\/2023\/02\/first-aid-kit-3.jpg\" alt=\"\" width=\"373\" height=\"280\" \/><\/p>\n<h1 class=\"aplus-h1 aplus-module-1-heading a-text-bold\">Ideell for ulike anledninger<\/h1>\n<p>Den kompakte st\u00f8rrelsen og allsidigheten til dette mini f\u00f8rstehjelpssettet gj\u00f8r det til et godt valg for en rekke anledninger. Enten du er hjemme, p\u00e5 kontoret, p\u00e5 veien eller ute i naturen, gir dette settet de essensielle forsyningene du trenger. Dette gj\u00f8r det til en flott investering for alle som leter etter en praktisk og b\u00e6rbar l\u00f8sning for deres f\u00f8rstehjelpsbehov. Med sin evne til \u00e5 brukes i en rekke forskjellige milj\u00f8er, er dette mini f\u00f8rstehjelpssettet virkelig et ideelt valg for dine medisinske behov p\u00e5 farten.<\/p>\n<p><img loading=\"lazy\" decoding=\"async\" class=\" wp-image-4917 alignleft\" src=\"https:\/\/isopllc.com\/usa\/wp-content\/uploads\/sites\/4\/2023\/02\/first-aid-kit-4.jpg\" alt=\"\" width=\"401\" height=\"301\" \/><\/p>\n<h1 class=\"aplus-h1 aplus-module-1-heading a-text-bold\">Hold dine kj\u00e6re trygge<\/h1>\n<p>Dette er viktig, siden det \u00e5 ha et lite f\u00f8rstehjelpsutstyr lett tilgjengelig kan gi trygghet og sikre at du og dine kj\u00e6re er forberedt p\u00e5 eventuelle mindre n\u00f8dsituasjoner som kan oppst\u00e5.<\/p>\n<p>Den kompakte og b\u00e6rbare utformingen til dette settet gj\u00f8r det enkelt \u00e5 b\u00e6re med deg, slik at du kan ha det for h\u00e5nden n\u00e5r du trenger det. Ved \u00e5 holde dine kj\u00e6re trygge og sikre med det lille f\u00f8rstehjelpssettet, kan du f\u00f8le deg trygg og forberedt p\u00e5 enhver situasjon.<\/p>\n<p>&nbsp;<\/p>\n","protected":false},"excerpt":{"rendered":"<p style=\"text-align: center;\">Lite f\u00f8rstehjelpssett | 220 STK Essential Emergency Trauma Medical Supplies | Pakket i en r\u00f8d vanntett boks | Perfekt for bil Hjemmekontor Reise Utend\u00f8rs Camping Vandring Mini f\u00f8rstehjelpssett<\/p>\n<p style=\"text-align: center;\">GRATIS LEVERING INNEN 3-7 DAGER<\/p>\n<h4 style=\"text-align: center;\"><strong>KJ\u00d8P DET P\u00c5<\/strong><\/h4>\n<p><a href=\"https:\/\/www.amazon.de\/dp\/B0BNKH4GP4?ref=myi_title_dp\"><img loading=\"lazy\" decoding=\"async\" class=\"aligncenter wp-image-1040 size-full\" src=\"https:\/\/isopllc.com\/de\/wp-content\/uploads\/sites\/3\/2020\/01\/amazon-button9.png\" alt=\"\" width=\"160\" height=\"59\" \/><\/a><\/p>\n","protected":false},"featured_media":4922,"comment_status":"open","ping_status":"closed","template":"","meta":[],"product_brand":[],"product_cat":[74],"product_tag":[168,116,80,81],"class_list":{"0":"post-4913","1":"product","2":"type-product","3":"status-publish","4":"has-post-thumbnail","6":"product_cat-rednings-og-overlevelses","7":"product_tag-forstehjelpssett","8":"product_tag-lite","9":"product_tag-redningsutstyr","10":"product_tag-sikkerhet","12":"first","13":"instock","14":"shipping-taxable","15":"purchasable","16":"product-type-simple"},"_links":{"self":[{"href":"https:\/\/isopllc.com\/no\/wp-json\/wp\/v2\/product\/4913","targetHints":{"allow":["GET"]}}],"collection":[{"href":"https:\/\/isopllc.com\/no\/wp-json\/wp\/v2\/product"}],"about":[{"href":"https:\/\/isopllc.com\/no\/wp-json\/wp\/v2\/types\/product"}],"replies":[{"embeddable":true,"href":"https:\/\/isopllc.com\/no\/wp-json\/wp\/v2\/comments?post=4913"}],"wp:featuredmedia":[{"embeddable":true,"href":"https:\/\/isopllc.com\/no\/wp-json\/wp\/v2\/media\/4922"}],"wp:attachment":[{"href":"https:\/\/isopllc.com\/no\/wp-json\/wp\/v2\/media?parent=4913"}],"wp:term":[{"taxonomy":"product_brand","embeddable":true,"href":"https:\/\/isopllc.com\/no\/wp-json\/wp\/v2\/product_brand?post=4913"},{"taxonomy":"product_cat","embeddable":true,"href":"https:\/\/isopllc.com\/no\/wp-json\/wp\/v2\/product_cat?post=4913"},{"taxonomy":"product_tag","embeddable":true,"href":"https:\/\/isopllc.com\/no\/wp-json\/wp\/v2\/product_tag?post=4913"}],"curies":[{"name":"wp","href":"https:\/\/api.w.org\/{rel}","templated":true}]}}