{"id":4942,"date":"2023-03-08T14:43:49","date_gmt":"2023-03-08T14:43:49","guid":{"rendered":"https:\/\/isopllc.com\/usa\/?post_type=product&#038;p=4942"},"modified":"2025-01-03T09:07:01","modified_gmt":"2025-01-03T09:07:01","slug":"overlevelsesryggsekken-for-enhver-anledning","status":"publish","type":"product","link":"https:\/\/isopllc.com\/no\/product\/overlevelsesryggsekken-for-enhver-anledning\/","title":{"rendered":"Overlevelsesryggsekk Full av Utstyr"},"content":{"rendered":"<h1 class=\"aplus-h1 aplus-module-1-heading a-text-bold\">Vi presenterer deg den best utstyrte overlevelsesryggsekken for enhver anledning<\/h1>\n<p>Jordskjelv, brann eller flom, dette settet vil hjelpe deg \u00e5 overleve. Selv om du befinner deg p\u00e5 en \u00f8de \u00f8y som Robinson Crusoe, vil du ha alle verkt\u00f8yene for \u00e5 overleve. Nedenfor presenterer vi deg hvert element i settet som vi n\u00f8ye har valgt separat og forteller deg om alle mulige bruksomr\u00e5der for hvert produkt, som forresten ikke bare er nyttige i n\u00f8dssituasjoner, men ogs\u00e5 i hverdagen, camping, klatring i fjellet eller p\u00e5 tur med familien.<\/p>\n<p><img loading=\"lazy\" decoding=\"async\" class=\" wp-image-4940 alignleft\" src=\"https:\/\/isopllc.com\/usa\/wp-content\/uploads\/sites\/4\/2023\/01\/Emergency-Survival-Kit-_-Emergency-Survival-Backpack-First-Aid-Equipment-for-Camping-Hiking-Outdoor-_-Survival-Emergency-Tools-for-Any-Occasion-_-Survival-Backpack-Full-of-Gear-2.jpg\" alt=\"\" width=\"322\" height=\"322\" srcset=\"https:\/\/isopllc.com\/no\/wp-content\/uploads\/sites\/16\/2023\/01\/Emergency-Survival-Kit-_-Emergency-Survival-Backpack-First-Aid-Equipment-for-Camping-Hiking-Outdoor-_-Survival-Emergency-Tools-for-Any-Occasion-_-Survival-Backpack-Full-of-Gear-2.jpg 900w, https:\/\/isopllc.com\/no\/wp-content\/uploads\/sites\/16\/2023\/01\/Emergency-Survival-Kit-_-Emergency-Survival-Backpack-First-Aid-Equipment-for-Camping-Hiking-Outdoor-_-Survival-Emergency-Tools-for-Any-Occasion-_-Survival-Backpack-Full-of-Gear-2-300x300.jpg 300w, https:\/\/isopllc.com\/no\/wp-content\/uploads\/sites\/16\/2023\/01\/Emergency-Survival-Kit-_-Emergency-Survival-Backpack-First-Aid-Equipment-for-Camping-Hiking-Outdoor-_-Survival-Emergency-Tools-for-Any-Occasion-_-Survival-Backpack-Full-of-Gear-2-150x150.jpg 150w, https:\/\/isopllc.com\/no\/wp-content\/uploads\/sites\/16\/2023\/01\/Emergency-Survival-Kit-_-Emergency-Survival-Backpack-First-Aid-Equipment-for-Camping-Hiking-Outdoor-_-Survival-Emergency-Tools-for-Any-Occasion-_-Survival-Backpack-Full-of-Gear-2-768x768.jpg 768w\" sizes=\"auto, (max-width: 322px) 100vw, 322px\" \/><\/p>\n<h1 class=\"aplus-h3 a-text-bold\">N\u00f8doverlevelsesutstyr | Milit\u00e6rt Overlevelsesutstyr<\/h1>\n<p>Flerebruks Oppdatert Taktikkutstyr er et 32-i-1 multiprofesjonelt n\u00f8doverlevelsessett som inkluderer utend\u00f8rs overlevelsesutstyr som er avgj\u00f8rende for camping, fiske, jakt, motorsykkelreiser, villmarksutflukter, fotturer og overlevelsesscenarier. Det er en fantastisk overraskelse og gadget for alle.<\/p>\n<p><img loading=\"lazy\" decoding=\"async\" class=\"wp-image-4989 alignleft\" src=\"https:\/\/isopllc.com\/usa\/wp-content\/uploads\/sites\/4\/2023\/03\/IMG-2855-1.jpg\" alt=\"\" width=\"287\" height=\"383\" srcset=\"https:\/\/isopllc.com\/no\/wp-content\/uploads\/sites\/16\/2023\/03\/IMG-2855-1.jpg 1020w, https:\/\/isopllc.com\/no\/wp-content\/uploads\/sites\/16\/2023\/03\/IMG-2855-1-225x300.jpg 225w, https:\/\/isopllc.com\/no\/wp-content\/uploads\/sites\/16\/2023\/03\/IMG-2855-1-768x1024.jpg 768w\" sizes=\"auto, (max-width: 287px) 100vw, 287px\" \/><\/p>\n<h1 class=\"aplus-h3 a-text-bold\">V\u00e5r profesjonelle n\u00f8dryggsekk inkluderer<\/h1>\n<p>f\u00f8rstehjelpsskrin, hansker, overlevelsesarmb\u00e5nd, sabelkort, tr\u00e5dsag, n\u00f8dteppe, telt, regnfrakk, komfyr, kopp, fiskesett, myggnett, multifunksjonstang, flerbruksspork, gl\u00f8depinne, vannfilter og veske, ansiktsmaske, brann starter, minigryte, refleksvest, sv\u00f8mmearmb\u00e5nd og mer.<\/p>\n<p><img loading=\"lazy\" decoding=\"async\" class=\" wp-image-4939 alignleft\" src=\"https:\/\/isopllc.com\/usa\/wp-content\/uploads\/sites\/4\/2023\/01\/Emergency-Survival-Kit-_-Emergency-Survival-Backpack-First-Aid-Equipment-for-Camping-Hiking-Outdoor-_-Survival-Emergency-Tools-for-Any-Occasion-_-Survival-Backpack-Full-of-Gear-4.jpg\" alt=\"\" width=\"324\" height=\"324\" srcset=\"https:\/\/isopllc.com\/no\/wp-content\/uploads\/sites\/16\/2023\/01\/Emergency-Survival-Kit-_-Emergency-Survival-Backpack-First-Aid-Equipment-for-Camping-Hiking-Outdoor-_-Survival-Emergency-Tools-for-Any-Occasion-_-Survival-Backpack-Full-of-Gear-4.jpg 900w, https:\/\/isopllc.com\/no\/wp-content\/uploads\/sites\/16\/2023\/01\/Emergency-Survival-Kit-_-Emergency-Survival-Backpack-First-Aid-Equipment-for-Camping-Hiking-Outdoor-_-Survival-Emergency-Tools-for-Any-Occasion-_-Survival-Backpack-Full-of-Gear-4-300x300.jpg 300w, https:\/\/isopllc.com\/no\/wp-content\/uploads\/sites\/16\/2023\/01\/Emergency-Survival-Kit-_-Emergency-Survival-Backpack-First-Aid-Equipment-for-Camping-Hiking-Outdoor-_-Survival-Emergency-Tools-for-Any-Occasion-_-Survival-Backpack-Full-of-Gear-4-150x150.jpg 150w, https:\/\/isopllc.com\/no\/wp-content\/uploads\/sites\/16\/2023\/01\/Emergency-Survival-Kit-_-Emergency-Survival-Backpack-First-Aid-Equipment-for-Camping-Hiking-Outdoor-_-Survival-Emergency-Tools-for-Any-Occasion-_-Survival-Backpack-Full-of-Gear-4-768x768.jpg 768w\" sizes=\"auto, (max-width: 324px) 100vw, 324px\" \/><\/p>\n<h1 class=\"aplus-h3 a-text-bold\">N\u00f8doverlevelsesutstyr og fiskeutstyr<\/h1>\n<p>Du kan overleve en naturkatastrofe med denne overlevelsesryggsekken. Den ideelle campingf\u00f8lgen for enhver situasjon er dette settet. Hold deg trygg i enhver n\u00f8dsituasjon. Perfekt for camping, fotturer, eventyr, overlevelse og i n\u00f8dstilfeller. N\u00f8ye pakket i en vanntett ryggsekk som er lett \u00e5 b\u00e6re.<\/p>\n<p><img loading=\"lazy\" decoding=\"async\" class=\" wp-image-4941 alignleft\" src=\"https:\/\/isopllc.com\/usa\/wp-content\/uploads\/sites\/4\/2023\/01\/Emergency-Survival-Kit-_-Emergency-Survival-Backpack-First-Aid-Equipment-for-Camping-Hiking-Outdoor-_-Survival-Emergency-Tools-for-Any-Occasion-_-Survival-Backpack-Full-of-Gear-1.jpg\" alt=\"\" width=\"378\" height=\"378\" srcset=\"https:\/\/isopllc.com\/no\/wp-content\/uploads\/sites\/16\/2023\/01\/Emergency-Survival-Kit-_-Emergency-Survival-Backpack-First-Aid-Equipment-for-Camping-Hiking-Outdoor-_-Survival-Emergency-Tools-for-Any-Occasion-_-Survival-Backpack-Full-of-Gear-1.jpg 900w, https:\/\/isopllc.com\/no\/wp-content\/uploads\/sites\/16\/2023\/01\/Emergency-Survival-Kit-_-Emergency-Survival-Backpack-First-Aid-Equipment-for-Camping-Hiking-Outdoor-_-Survival-Emergency-Tools-for-Any-Occasion-_-Survival-Backpack-Full-of-Gear-1-300x300.jpg 300w, https:\/\/isopllc.com\/no\/wp-content\/uploads\/sites\/16\/2023\/01\/Emergency-Survival-Kit-_-Emergency-Survival-Backpack-First-Aid-Equipment-for-Camping-Hiking-Outdoor-_-Survival-Emergency-Tools-for-Any-Occasion-_-Survival-Backpack-Full-of-Gear-1-150x150.jpg 150w, https:\/\/isopllc.com\/no\/wp-content\/uploads\/sites\/16\/2023\/01\/Emergency-Survival-Kit-_-Emergency-Survival-Backpack-First-Aid-Equipment-for-Camping-Hiking-Outdoor-_-Survival-Emergency-Tools-for-Any-Occasion-_-Survival-Backpack-Full-of-Gear-1-768x768.jpg 768w\" sizes=\"auto, (max-width: 378px) 100vw, 378px\" \/><\/p>\n<p>&nbsp;<\/p>\n<h1 class=\"aplus-h3 a-text-bold\">Camping Vandring Jakt Friluftseventyr<\/h1>\n<p>Mens du g\u00e5r p\u00e5 tur, camper, jakter, fisker, vandrer eller drar p\u00e5 eventyr, hjelper det ogs\u00e5 med \u00e5 holde deg trygg. Denne overlevelsesryggsekken vil mer n\u00f8yaktig formidle din hengivenhet. Hvis det ikke lever opp til forventningene dine eller du har problemer, vennligst ta kontakt med oss, s\u00e5 hjelper vi deg.<\/p>\n<p><img loading=\"lazy\" decoding=\"async\" class=\" wp-image-4937 alignleft\" src=\"https:\/\/isopllc.com\/usa\/wp-content\/uploads\/sites\/4\/2023\/01\/Emergency-Survival-Kit-_-Emergency-Survival-Backpack-First-Aid-Equipment-for-Camping-Hiking-Outdoor-_-Survival-Emergency-Tools-for-Any-Occasion-_-Survival-Backpack-Full-of-Gear-5.jpg\" alt=\"\" width=\"359\" height=\"359\" srcset=\"https:\/\/isopllc.com\/no\/wp-content\/uploads\/sites\/16\/2023\/01\/Emergency-Survival-Kit-_-Emergency-Survival-Backpack-First-Aid-Equipment-for-Camping-Hiking-Outdoor-_-Survival-Emergency-Tools-for-Any-Occasion-_-Survival-Backpack-Full-of-Gear-5.jpg 900w, https:\/\/isopllc.com\/no\/wp-content\/uploads\/sites\/16\/2023\/01\/Emergency-Survival-Kit-_-Emergency-Survival-Backpack-First-Aid-Equipment-for-Camping-Hiking-Outdoor-_-Survival-Emergency-Tools-for-Any-Occasion-_-Survival-Backpack-Full-of-Gear-5-300x300.jpg 300w, https:\/\/isopllc.com\/no\/wp-content\/uploads\/sites\/16\/2023\/01\/Emergency-Survival-Kit-_-Emergency-Survival-Backpack-First-Aid-Equipment-for-Camping-Hiking-Outdoor-_-Survival-Emergency-Tools-for-Any-Occasion-_-Survival-Backpack-Full-of-Gear-5-150x150.jpg 150w, https:\/\/isopllc.com\/no\/wp-content\/uploads\/sites\/16\/2023\/01\/Emergency-Survival-Kit-_-Emergency-Survival-Backpack-First-Aid-Equipment-for-Camping-Hiking-Outdoor-_-Survival-Emergency-Tools-for-Any-Occasion-_-Survival-Backpack-Full-of-Gear-5-768x768.jpg 768w\" sizes=\"auto, (max-width: 359px) 100vw, 359px\" \/><\/p>\n<p>&nbsp;<\/p>\n<p>&nbsp;<\/p>\n<p>&nbsp;<\/p>\n<p>&nbsp;<\/p>\n<p>&nbsp;<\/p>\n<p>&nbsp;<\/p>\n<p>&nbsp;<\/p>\n<p>&nbsp;<\/p>\n<p>&nbsp;<\/p>\n<p>&nbsp;<\/p>\n<p>V\u00e5rt profesjonelle n\u00f8dryggsekksett inkluderer: f\u00f8rstehjelpssett, hansker, overlevelsesarmb\u00e5nd, sabelkort, tr\u00e5dsag, n\u00f8dteppe, n\u00f8dtelt, regnfrakk, lommelykt, spade, kampturniquet, b\u00e6rbar komfyr, sammenleggbar kopp, fiskesett, powerbank, mygg overheadnett, sikkerhetsn\u00e5ler, flerbrukskniv, multifunksjonstang, flerbruksspork, gl\u00f8depinne, vannfilter &amp; vannpose, ansiktsmaske, brannstarter, minigryte, speil, refleksvest, sv\u00f8mmearmb\u00e5nd, kabelb\u00e5nd.<\/p>\n","protected":false},"excerpt":{"rendered":"[embed]https:\/\/youtu.be\/geQ6lNYxEyI?si=dYJXAeXGUxSVIjFi[\/embed]\n<p style=\"text-align: center;\">Overlevelsesryggsekk Full av Utstyr | Survival-ryggsekk og f\u00f8rstehjelpsutstyr for campingturer utend\u00f8rs | N\u00f8dverkt\u00f8y for overlevelse for enhver anledning | Survival-ryggsekk full av utstyr<\/p>\n<p style=\"text-align: center;\">GRATIS LEVERING INNEN 3-7 DAGER<\/p>\n<h4 style=\"text-align: center;\"><strong>KJ\u00d8P DET P\u00c5<\/strong><\/h4>\n<p><a href=\"https:\/\/www.amazon.de\/dp\/B0BPP2F6GJ?ref=myi_title_dp\"><img loading=\"lazy\" decoding=\"async\" class=\"aligncenter wp-image-1040 size-full\" src=\"https:\/\/isopllc.com\/de\/wp-content\/uploads\/sites\/3\/2020\/01\/amazon-button9.png\" alt=\"\" width=\"160\" height=\"59\" \/><\/a><\/p>\n","protected":false},"featured_media":4996,"comment_status":"open","ping_status":"closed","template":"","meta":[],"product_brand":[],"product_cat":[74],"product_tag":[181,182],"class_list":{"0":"post-4942","1":"product","2":"type-product","3":"status-publish","4":"has-post-thumbnail","6":"product_cat-rednings-og-overlevelses","7":"product_tag-overlevelsesryggsekk","8":"product_tag-utstyr","10":"first","11":"outofstock","12":"shipping-taxable","13":"purchasable","14":"product-type-simple"},"_links":{"self":[{"href":"https:\/\/isopllc.com\/no\/wp-json\/wp\/v2\/product\/4942","targetHints":{"allow":["GET"]}}],"collection":[{"href":"https:\/\/isopllc.com\/no\/wp-json\/wp\/v2\/product"}],"about":[{"href":"https:\/\/isopllc.com\/no\/wp-json\/wp\/v2\/types\/product"}],"replies":[{"embeddable":true,"href":"https:\/\/isopllc.com\/no\/wp-json\/wp\/v2\/comments?post=4942"}],"wp:featuredmedia":[{"embeddable":true,"href":"https:\/\/isopllc.com\/no\/wp-json\/wp\/v2\/media\/4996"}],"wp:attachment":[{"href":"https:\/\/isopllc.com\/no\/wp-json\/wp\/v2\/media?parent=4942"}],"wp:term":[{"taxonomy":"product_brand","embeddable":true,"href":"https:\/\/isopllc.com\/no\/wp-json\/wp\/v2\/product_brand?post=4942"},{"taxonomy":"product_cat","embeddable":true,"href":"https:\/\/isopllc.com\/no\/wp-json\/wp\/v2\/product_cat?post=4942"},{"taxonomy":"product_tag","embeddable":true,"href":"https:\/\/isopllc.com\/no\/wp-json\/wp\/v2\/product_tag?post=4942"}],"curies":[{"name":"wp","href":"https:\/\/api.w.org\/{rel}","templated":true}]}}