{"id":4956,"date":"2023-03-28T08:59:24","date_gmt":"2023-03-28T08:59:24","guid":{"rendered":"https:\/\/isopllc.com\/usa\/?post_type=product&#038;p=4956"},"modified":"2025-01-03T09:04:21","modified_gmt":"2025-01-03T09:04:21","slug":"handtak-for-sengerammeassistanse","status":"publish","type":"product","link":"https:\/\/isopllc.com\/no\/product\/handtak-for-sengerammeassistanse\/","title":{"rendered":"ISOP H\u00e5ndtak for Sengerammeassistanse"},"content":{"rendered":"<h1 id=\"title\" class=\"a-size-large a-spacing-none\" style=\"text-align: left;\">ISOP H\u00e5ndtak for Sengerammeassistanse | Justerbart Hjelpeapparat for Seng | Sengstige med 3 H\u00e5ndtaksgrep | Sikkerhetstau Heiseapparat for Voksne, Eldre, Funksjonshemmede<\/h1>\n<p style=\"text-align: left;\"><img loading=\"lazy\" decoding=\"async\" class=\" wp-image-4962 alignleft\" src=\"https:\/\/isopllc.com\/usa\/wp-content\/uploads\/sites\/4\/2023\/03\/Bed-Rail-Assist-Handle-2.jpg\" alt=\"\" width=\"308\" height=\"308\" srcset=\"https:\/\/isopllc.com\/no\/wp-content\/uploads\/sites\/16\/2023\/03\/Bed-Rail-Assist-Handle-2.jpg 900w, https:\/\/isopllc.com\/no\/wp-content\/uploads\/sites\/16\/2023\/03\/Bed-Rail-Assist-Handle-2-300x300.jpg 300w, https:\/\/isopllc.com\/no\/wp-content\/uploads\/sites\/16\/2023\/03\/Bed-Rail-Assist-Handle-2-150x150.jpg 150w, https:\/\/isopllc.com\/no\/wp-content\/uploads\/sites\/16\/2023\/03\/Bed-Rail-Assist-Handle-2-768x768.jpg 768w\" sizes=\"auto, (max-width: 308px) 100vw, 308px\" \/><\/p>\n<p>&nbsp;<\/p>\n<p>&nbsp;<\/p>\n<p>&nbsp;<\/p>\n<p>&nbsp;<\/p>\n<p>&nbsp;<\/p>\n<p>&nbsp;<\/p>\n<p>&nbsp;<\/p>\n<p style=\"text-align: left;\">Sengestigen hjelper de med ryggradsskader, svakhet i underkroppen og begrenset bevegelsesomr\u00e5de, og lar enkeltpersoner enkelt reise seg til en sittende stilling.<\/p>\n<p style=\"text-align: left;\"><img loading=\"lazy\" decoding=\"async\" class=\" wp-image-4964 alignleft\" src=\"https:\/\/isopllc.com\/usa\/wp-content\/uploads\/sites\/4\/2023\/03\/Adjustable-Bed-Assistance-Device-1.jpg\" alt=\"\" width=\"345\" height=\"345\" srcset=\"https:\/\/isopllc.com\/no\/wp-content\/uploads\/sites\/16\/2023\/03\/Adjustable-Bed-Assistance-Device-1.jpg 900w, https:\/\/isopllc.com\/no\/wp-content\/uploads\/sites\/16\/2023\/03\/Adjustable-Bed-Assistance-Device-1-300x300.jpg 300w, https:\/\/isopllc.com\/no\/wp-content\/uploads\/sites\/16\/2023\/03\/Adjustable-Bed-Assistance-Device-1-150x150.jpg 150w, https:\/\/isopllc.com\/no\/wp-content\/uploads\/sites\/16\/2023\/03\/Adjustable-Bed-Assistance-Device-1-768x768.jpg 768w\" sizes=\"auto, (max-width: 345px) 100vw, 345px\" \/><\/p>\n<p>&nbsp;<\/p>\n<p>&nbsp;<\/p>\n<p>&nbsp;<\/p>\n<p>&nbsp;<\/p>\n<p>&nbsp;<\/p>\n<p>&nbsp;<\/p>\n<p>&nbsp;<\/p>\n<p>&nbsp;<\/p>\n<p style=\"text-align: left;\">Konstruert med en slitesterk webbing som st\u00f8tter opptil 136 kg, gj\u00f8r den solide sengestigen det lett \u00e5 sitte opp i sengen for de som kommer seg etter operasjonen, s\u00e5 vel som de som er gravide eller lider av ryggproblemer.<\/p>\n<p style=\"text-align: left;\"><img loading=\"lazy\" decoding=\"async\" class=\" wp-image-4959 alignleft\" src=\"https:\/\/isopllc.com\/usa\/wp-content\/uploads\/sites\/4\/2023\/03\/Bed-Rail-Assist-Handle-3.jpg\" alt=\"\" width=\"307\" height=\"307\" srcset=\"https:\/\/isopllc.com\/no\/wp-content\/uploads\/sites\/16\/2023\/03\/Bed-Rail-Assist-Handle-3.jpg 900w, https:\/\/isopllc.com\/no\/wp-content\/uploads\/sites\/16\/2023\/03\/Bed-Rail-Assist-Handle-3-300x300.jpg 300w, https:\/\/isopllc.com\/no\/wp-content\/uploads\/sites\/16\/2023\/03\/Bed-Rail-Assist-Handle-3-150x150.jpg 150w, https:\/\/isopllc.com\/no\/wp-content\/uploads\/sites\/16\/2023\/03\/Bed-Rail-Assist-Handle-3-768x768.jpg 768w\" sizes=\"auto, (max-width: 307px) 100vw, 307px\" \/><\/p>\n<p>&nbsp;<\/p>\n<p>&nbsp;<\/p>\n<p>&nbsp;<\/p>\n<p>&nbsp;<\/p>\n<p>&nbsp;<\/p>\n<p>&nbsp;<\/p>\n<p>&nbsp;<\/p>\n<p style=\"text-align: left;\">Monteres enkelt p\u00e5 enhver sengeramme ved \u00e5 lage en knute. Stigen er enkel \u00e5 fjerne og er b\u00e6rbar for ekstra assistanse b\u00e5de p\u00e5 reise og hjemme.<\/p>\n<p style=\"text-align: left;\"><img loading=\"lazy\" decoding=\"async\" class=\" wp-image-4960 alignleft\" src=\"https:\/\/isopllc.com\/usa\/wp-content\/uploads\/sites\/4\/2023\/03\/Adjustable-Bed-Assistance-Device-3.jpg\" alt=\"\" width=\"297\" height=\"297\" srcset=\"https:\/\/isopllc.com\/no\/wp-content\/uploads\/sites\/16\/2023\/03\/Adjustable-Bed-Assistance-Device-3.jpg 900w, https:\/\/isopllc.com\/no\/wp-content\/uploads\/sites\/16\/2023\/03\/Adjustable-Bed-Assistance-Device-3-300x300.jpg 300w, https:\/\/isopllc.com\/no\/wp-content\/uploads\/sites\/16\/2023\/03\/Adjustable-Bed-Assistance-Device-3-150x150.jpg 150w, https:\/\/isopllc.com\/no\/wp-content\/uploads\/sites\/16\/2023\/03\/Adjustable-Bed-Assistance-Device-3-768x768.jpg 768w\" sizes=\"auto, (max-width: 297px) 100vw, 297px\" \/><\/p>\n<p>&nbsp;<\/p>\n<p>&nbsp;<\/p>\n<p>&nbsp;<\/p>\n<p>&nbsp;<\/p>\n<p>&nbsp;<\/p>\n<p>&nbsp;<\/p>\n<p>&nbsp;<\/p>\n<p style=\"text-align: left;\">De kraftige 3 h\u00e5ndtakene er dempet og gir et sklisikkert grep n\u00e5r du hever eller senker deg i sengen. Hvert sklisikre h\u00e5ndtak er 15 cm langt for \u00e5 gi et komfortabelt grep. De tre h\u00e5ndtakene har en avstand p\u00e5 28 cm fra hverandre for optimal hjelp mens du reiser deg.<\/p>\n<p><img loading=\"lazy\" decoding=\"async\" class=\" wp-image-4965 alignleft\" src=\"https:\/\/isopllc.com\/usa\/wp-content\/uploads\/sites\/4\/2023\/03\/Bed-Rail-Assist-Handle-1.jpg\" alt=\"\" width=\"305\" height=\"305\" srcset=\"https:\/\/isopllc.com\/no\/wp-content\/uploads\/sites\/16\/2023\/03\/Bed-Rail-Assist-Handle-1.jpg 900w, https:\/\/isopllc.com\/no\/wp-content\/uploads\/sites\/16\/2023\/03\/Bed-Rail-Assist-Handle-1-300x300.jpg 300w, https:\/\/isopllc.com\/no\/wp-content\/uploads\/sites\/16\/2023\/03\/Bed-Rail-Assist-Handle-1-150x150.jpg 150w, https:\/\/isopllc.com\/no\/wp-content\/uploads\/sites\/16\/2023\/03\/Bed-Rail-Assist-Handle-1-768x768.jpg 768w\" sizes=\"auto, (max-width: 305px) 100vw, 305px\" \/><\/p>\n<p>&nbsp;<\/p>\n<p>&nbsp;<\/p>\n","protected":false},"excerpt":{"rendered":"<p id=\"title\" class=\"a-size-large a-spacing-none\" style=\"text-align: center;\">ISOP H\u00e5ndtak for Sengerammeassistanse | Justerbart Hjelpeapparat for Seng | Sengstige med 3 H\u00e5ndtaksgrep | Sikkerhetstau Heiseapparat for Voksne, Eldre, Funksjonshemmede<\/p>\n<p style=\"text-align: center;\">GRATIS LEVERING INNEN 3-7 DAGER<\/p>\n<h4 style=\"text-align: center;\"><strong>KJ\u00d8P DET P\u00c5<\/strong><\/h4>\n<p><a href=\"https:\/\/www.amazon.de\/dp\/B0BVMJMG18?ref=myi_title_dp\"><img loading=\"lazy\" decoding=\"async\" class=\"aligncenter wp-image-1040 size-full\" src=\"https:\/\/isopllc.com\/de\/wp-content\/uploads\/sites\/3\/2020\/01\/amazon-button9.png\" alt=\"\" width=\"160\" height=\"59\" \/><\/a><\/p>\n","protected":false},"featured_media":4967,"comment_status":"open","ping_status":"closed","template":"","meta":[],"product_brand":[],"product_cat":[74],"product_tag":[147,145,129,80,146,81],"class_list":{"0":"post-4956","1":"product","2":"type-product","3":"status-publish","4":"has-post-thumbnail","6":"product_cat-rednings-og-overlevelses","7":"product_tag-assistanse","8":"product_tag-handtak","9":"product_tag-isop","10":"product_tag-redningsutstyr","11":"product_tag-sengeramme","12":"product_tag-sikkerhet","14":"first","15":"outofstock","16":"shipping-taxable","17":"purchasable","18":"product-type-simple"},"_links":{"self":[{"href":"https:\/\/isopllc.com\/no\/wp-json\/wp\/v2\/product\/4956","targetHints":{"allow":["GET"]}}],"collection":[{"href":"https:\/\/isopllc.com\/no\/wp-json\/wp\/v2\/product"}],"about":[{"href":"https:\/\/isopllc.com\/no\/wp-json\/wp\/v2\/types\/product"}],"replies":[{"embeddable":true,"href":"https:\/\/isopllc.com\/no\/wp-json\/wp\/v2\/comments?post=4956"}],"wp:featuredmedia":[{"embeddable":true,"href":"https:\/\/isopllc.com\/no\/wp-json\/wp\/v2\/media\/4967"}],"wp:attachment":[{"href":"https:\/\/isopllc.com\/no\/wp-json\/wp\/v2\/media?parent=4956"}],"wp:term":[{"taxonomy":"product_brand","embeddable":true,"href":"https:\/\/isopllc.com\/no\/wp-json\/wp\/v2\/product_brand?post=4956"},{"taxonomy":"product_cat","embeddable":true,"href":"https:\/\/isopllc.com\/no\/wp-json\/wp\/v2\/product_cat?post=4956"},{"taxonomy":"product_tag","embeddable":true,"href":"https:\/\/isopllc.com\/no\/wp-json\/wp\/v2\/product_tag?post=4956"}],"curies":[{"name":"wp","href":"https:\/\/api.w.org\/{rel}","templated":true}]}}