{"id":5006,"date":"2023-06-01T14:11:55","date_gmt":"2023-06-01T14:11:55","guid":{"rendered":"https:\/\/isopllc.com\/usa\/?post_type=product&#038;p=5006"},"modified":"2025-06-01T19:09:07","modified_gmt":"2025-06-01T19:09:07","slug":"brannstige-4-m-2-etasjer","status":"publish","type":"product","link":"https:\/\/isopllc.com\/no\/product\/brannstige-4-m-2-etasjer\/","title":{"rendered":"Brannstige 4 m 2 etasjer"},"content":{"rendered":"<div class=\"celwidget aplus-module module-4 aplus-standard\" data-csa-c-id=\"6mnb1z-9dwrl2-ic24uv-jd1phn\" data-cel-widget=\"aplus-module-4\">\n<div class=\"a-expander-collapsed-height a-row a-expander-container a-expander-partial-collapse-container\" aria-live=\"polite\" data-a-expander-name=\"aplus-module-expander\" data-a-expander-collapsed-height=\"700\">\n<div class=\"a-expander-content a-expander-partial-collapse-content\" aria-expanded=\"false\">\n<div class=\"aplus-module-wrapper apm-fixed-width\">\n<div class=\"apm-spacing\">\n<div class=\"apm-floatleft apm-fixed-width\">\n<div id=\"title_feature_div\" class=\"celwidget\" data-feature-name=\"title\" data-csa-c-id=\"m5t5xw-wzxd1-od319-pyb58o\" data-cel-widget=\"title_feature_div\">\n<div id=\"titleSection\" class=\"a-section a-spacing-none\">\n<div id=\"title_feature_div\" class=\"celwidget\" data-feature-name=\"title\" data-csa-c-id=\"m5t5xw-wzxd1-od319-pyb58o\" data-cel-widget=\"title_feature_div\">\n<div id=\"titleSection\" class=\"a-section a-spacing-none\">\n<div id=\"title_feature_div\" class=\"celwidget\" data-feature-name=\"title\" data-csa-c-type=\"widget\" data-csa-c-content-id=\"title\" data-csa-c-slot-id=\"title_feature_div\" data-csa-c-asin=\"B08LBSSYLB\" data-csa-c-is-in-initial-active-row=\"false\" data-csa-c-id=\"17ru46-17y14b-n67b8m-2oxpt\" data-cel-widget=\"title_feature_div\">\n<div id=\"titleSection\" class=\"a-section a-spacing-none\">\n<h2 id=\"title\" class=\"a-size-large a-spacing-none\">Brannstige 4 m 2 etasjer | Repstige brannstige for boliger p\u00e5 2 etasje | B\u00e6rbar, sammenleggbar og kompakt | N\u00f8dstige egnet for balkonger<\/h2>\n<\/div>\n<\/div>\n<\/div>\n<\/div>\n<\/div>\n<\/div>\n<\/div>\n<\/div>\n<\/div>\n<\/div>\n<\/div>\n<\/div>\n<div class=\"celwidget aplus-module module-9 aplus-standard\" data-csa-c-id=\"kgh8ns-6rdhac-l4uce3-redgno\" data-cel-widget=\"aplus-module-9\">\n<div class=\"a-expander-collapsed-height a-row a-expander-container a-expander-partial-collapse-container\" aria-live=\"polite\" data-a-expander-name=\"aplus-module-expander\" data-a-expander-collapsed-height=\"700\">\n<div class=\"a-expander-content a-expander-partial-collapse-content\" aria-expanded=\"false\">\n<div class=\"aplus-module-wrapper apm-fixed-width\">\n<div class=\"apm-spacing apm-fixed-width\">\n<div class=\"celwidget aplus-module module-9 aplus-standard\" data-csa-c-id=\"6rrkxj-o9oo3p-2dk8kw-v8mrts\" data-cel-widget=\"aplus-module-9\">\n<div class=\"a-expander-collapsed-height a-row a-expander-container a-expander-partial-collapse-container\" aria-live=\"polite\" data-a-expander-name=\"aplus-module-expander\" data-a-expander-collapsed-height=\"700\">\n<div class=\"a-expander-content a-expander-partial-collapse-content\" aria-expanded=\"false\">\n<div class=\"aplus-module-wrapper apm-fixed-width\">\n<div class=\"apm-spacing apm-fixed-width\"><\/div>\n<\/div>\n<\/div>\n<\/div>\n<\/div>\n<div class=\"celwidget aplus-module module-2 aplus-standard\" data-csa-c-id=\"czdp8c-vpt42n-ub22e6-8qlfjz\" data-cel-widget=\"aplus-module-2\">\n<div class=\"a-expander-collapsed-height a-row a-expander-container a-expander-partial-collapse-container\" aria-live=\"polite\" data-a-expander-name=\"aplus-module-expander\" data-a-expander-collapsed-height=\"700\">\n<div class=\"a-expander-content a-expander-partial-collapse-content\" aria-expanded=\"false\">\n<div class=\"aplus-module-wrapper apm-floatnone apm-fixed-width\">\n<div class=\"apm-sidemodule apm-spacing\">\n<div class=\"apm-sidemodule-textright\">\n<div class=\"celwidget aplus-module module-9 aplus-standard\">\n<div class=\"a-expander-collapsed-height a-row a-expander-container a-expander-partial-collapse-container\" data-a-expander-name=\"aplus-module-expander\" data-a-expander-collapsed-height=\"700\">\n<div class=\"a-expander-content a-expander-partial-collapse-content\" aria-expanded=\"false\">\n<div class=\"aplus-module-wrapper apm-fixed-width\">\n<div class=\"apm-spacing apm-fixed-width\">\n<div class=\"celwidget aplus-module module-9 aplus-standard\" data-csa-c-id=\"emkbnl-11vq23-1incdi-lfo9yf\" data-cel-widget=\"aplus-module-9\">\n<div class=\"aplus-module-wrapper apm-fixed-width\">\n<div class=\"apm-spacing apm-fixed-width\">\n<h3 class=\"a-spacing-small\">Hvorfor velge v\u00e5re brannstiger<\/h3>\n<p><img decoding=\"async\" class=\"a-spacing-mini\" src=\"https:\/\/m.media-amazon.com\/images\/S\/aplus-media-library-service-media\/94e0f1b0-d713-4663-a172-3e35c4090aaa.__CR0,0,1000,1000_PT0_SX300_V1___.jpg\" alt=\"Gentle to hands\" data-src=\"https:\/\/m.media-amazon.com\/images\/S\/aplus-media-library-service-media\/94e0f1b0-d713-4663-a172-3e35c4090aaa.__CR0,0,1000,1000_PT0_SX300_V1___.jpg\" \/><\/p>\n<h3>Sk\u00e5nsom mot hendene<\/h3>\n<p>Ved utformingen av disse stigene tok vi hensyn til feilene til konkurrentene v\u00e5re. Andre har f\u00e5tt mange klager p\u00e5 at trinnene p\u00e5 stigene deres kutter brukernes hender fordi aluminiumstrinnene er skarpe. Dette tok vi hensyn til, og v\u00e5re stiger har ingen skarpe kanter. De er trygge \u00e5 bruke b\u00e5de for voksne og barn.<\/p>\n<p><img decoding=\"async\" class=\"a-spacing-mini\" src=\"https:\/\/m.media-amazon.com\/images\/S\/aplus-media-library-service-media\/f4a0822e-ae1c-4dd4-9fb4-65b3a55dfe23.__CR0,0,300,300_PT0_SX300_V1___.jpg\" alt=\"Gentle to hands\" data-src=\"https:\/\/m.media-amazon.com\/images\/S\/aplus-media-library-service-media\/f4a0822e-ae1c-4dd4-9fb4-65b3a55dfe23.__CR0,0,300,300_PT0_SX300_V1___.jpg\" \/><\/p>\n<h3>Integrerte stropper<\/h3>\n<p>Igjen, n\u00e5r vi sammenligner stigene v\u00e5re med konkurrentene, b\u00f8r det bemerkes at, i motsetning til andre, best\u00e5r stigene v\u00e5re fra topp til bunn av ett stykke vevd reim som t\u00e5ler opptil 1200 pund (!) takket v\u00e6re en spesiell patenteret teknologi. Mens konkurrentenes reisestiger er sydd sammen i biter, noe som etter v\u00e5r mening er up\u00e5litelig.<\/p>\n<p><img decoding=\"async\" class=\"a-spacing-mini\" src=\"https:\/\/m.media-amazon.com\/images\/S\/aplus-media-library-service-media\/1e590bfd-623a-4bb9-8619-39e17e4db234.__CR0,0,1500,1500_PT0_SX300_V1___.jpg\" alt=\"designer bag and carabiners\" data-src=\"https:\/\/m.media-amazon.com\/images\/S\/aplus-media-library-service-media\/1e590bfd-623a-4bb9-8619-39e17e4db234.__CR0,0,1500,1500_PT0_SX300_V1___.jpg\" \/><\/p>\n<h3>Tilbeh\u00f8r<\/h3>\n<p>Stigene inkluderer krombelagte, kraftige karabinere med en bruddstyrke p\u00e5 11 kN og en stilig oppbevaringspose.<\/p>\n<p><img decoding=\"async\" class=\"a-spacing-mini\" src=\"https:\/\/m.media-amazon.com\/images\/S\/aplus-media-library-service-media\/31cb1ffe-be10-49a6-9183-b2586ead68f1.__CR0,0,300,300_PT0_SX300_V1___.jpg\" alt=\"For window or balcony\" data-src=\"https:\/\/m.media-amazon.com\/images\/S\/aplus-media-library-service-media\/31cb1ffe-be10-49a6-9183-b2586ead68f1.__CR0,0,300,300_PT0_SX300_V1___.jpg\" \/><\/p>\n<h3>To ulike st\u00f8rrelser tilgjengelige<\/h3>\n<p>Vi tilbyr 2 st\u00f8rrelser av v\u00e5re stiger &#8211; brannstige for 2 etasjer og brannstige for 3 etasjer i boliger.<\/p>\n<p><img decoding=\"async\" class=\"a-spacing-mini\" src=\"https:\/\/m.media-amazon.com\/images\/S\/aplus-media\/sc\/42cab632-a2d0-40fd-a2dd-280d531bf010.__CR282,0,1000,1000_PT0_SX300_V1___.jpg\" alt=\"For window or balcony\" data-src=\"https:\/\/m.media-amazon.com\/images\/S\/aplus-media\/sc\/42cab632-a2d0-40fd-a2dd-280d531bf010.__CR282,0,1000,1000_PT0_SX300_V1___.jpg\" \/><\/p>\n<\/div>\n<div>\n<h3>Stabilisatorer<\/h3>\n<p>Stigene v\u00e5re har stabilisatorer p\u00e5 trinnene, som gj\u00f8r at stigene ikke klistrer seg stramt til veggen, men forblir stabile mot den. Dette gj\u00f8r nedstigningen fra andre eller tredje etasje mye lettere.<\/p>\n<h3>Trinn med antiskli-overflate<\/h3>\n<p>Et spesielt m\u00f8nster p\u00e5 overflaten av trinnene gj\u00f8r nedstigningen fra leiligheten sklisikker i alle v\u00e6rforhold.<\/p>\n<p><img decoding=\"async\" class=\"a-spacing-mini\" style=\"font-weight: 600\" src=\"https:\/\/m.media-amazon.com\/images\/S\/aplus-media\/sc\/8b1ba6ce-d84f-4314-b98a-95d063fc3e5e.__CR500,0,1000,1000_PT0_SX300_V1___.jpg\" alt=\"For window or balcony\" data-src=\"https:\/\/m.media-amazon.com\/images\/S\/aplus-media\/sc\/8b1ba6ce-d84f-4314-b98a-95d063fc3e5e.__CR500,0,1000,1000_PT0_SX300_V1___.jpg\" \/><\/p>\n<\/div>\n<\/div>\n<div>\n<h3>V\u00e6rbestandig<\/h3>\n<p>Den spesielle pulverlakkerte malingen beskytter trinnene mot rust, og polyesterb\u00e5ndet er sv\u00e6rt motstandsdyktig mot vann eller sn\u00f8, derfor er v\u00e5re brannstiger v\u00e6rbestandige.<\/p>\n<h3>Gjenbrukbar<\/h3>\n<p>V\u00e5re stiger er gjenbrukbare, og dessuten kan de enkelt repareres, i motsetning til andre som m\u00e5 kastes. Med riktig lagring kan de vare i mange \u00e5r!<\/p>\n<\/div>\n<\/div>\n<div class=\"celwidget aplus-module module-9 aplus-standard\" data-csa-c-id=\"cxy7g4-m6iik-ejevv3-t7eszl\" data-cel-widget=\"aplus-module-9\">\n<div><\/div>\n<\/div>\n<div class=\"celwidget aplus-module module-2 aplus-standard\" data-csa-c-id=\"u15ifx-f00ln-jvos6j-opfbnn\" data-cel-widget=\"aplus-module-2\">\n<div class=\"aplus-module-wrapper apm-floatnone apm-fixed-width\">\n<div class=\"apm-sidemodule apm-spacing\">\n<div class=\"apm-sidemodule-imageleft\"><img decoding=\"async\" class=\"\" src=\"https:\/\/m.media-amazon.com\/images\/S\/aplus-media-library-service-media\/0c3c254d-684e-4313-bc9f-ae4b4b7e7ee7.__CR0,0,300,300_PT0_SX300_V1___.jpg\" alt=\"professional ladder\" data-src=\"https:\/\/m.media-amazon.com\/images\/S\/aplus-media-library-service-media\/0c3c254d-684e-4313-bc9f-ae4b4b7e7ee7.__CR0,0,300,300_PT0_SX300_V1___.jpg\" \/><\/div>\n<div class=\"apm-sidemodule-textright\">\n<h3 class=\"a-spacing-mini\">Profesjonelt stigefirma<\/h3>\n<p>Vi anbefaler \u00e5 kj\u00f8pe stiger fra et firma som spesialiserer seg p\u00e5 brannstige, ettersom dette er et sikkerhetsprodukt.<\/p>\n<p>ISOP er blant de f\u00e5 selskapene som tilbyr et bredt utvalg av ulike stiger fra sin egen produksjonsanlegg.<\/p>\n<p>Tilgjengelig ogs\u00e5 for <a href=\"https:\/\/isopllc.com\/no\/product\/taustige-brannstige-for-boliger-i-3-etasje\/\"><strong>3 etasjer.<\/strong><\/a><\/p>\n<\/div>\n<\/div>\n<\/div>\n<\/div>\n<\/div>\n<\/div>\n<\/div>\n<\/div>\n<\/div>\n<\/div>\n<\/div>\n<\/div>\n<\/div>\n<\/div>\n<\/div>\n<\/div>\n<\/div>\n<\/div>\n<\/div>\n<\/div>\n","protected":false},"excerpt":{"rendered":"[embed]https:\/\/youtu.be\/EFAM-jLigKE?si=CZ1Tbh7SJit1EQJp[\/embed]\n<p id=\"title\" class=\"a-size-large a-spacing-none\" style=\"text-align: center\">Brannstige 4 m 2 etasjer | Repstige brannstige for boliger p\u00e5 2 etasje | B\u00e6rbar, sammenleggbar og kompakt | N\u00f8dstige egnet for balkonger<\/p>\n<p style=\"text-align: center\">GRATIS LEVERING INNEN 3-7 DAGER<\/p>\n<h4 style=\"text-align: center\"><strong>KJ\u00d8P DET P\u00c5<\/strong><\/h4>\n<p><a href=\"https:\/\/www.amazon.de\/dp\/B08MC9LH29?ref=myi_title_dp\"><img loading=\"lazy\" decoding=\"async\" class=\"aligncenter wp-image-1040 size-full\" src=\"https:\/\/isopllc.com\/de\/wp-content\/uploads\/sites\/3\/2020\/01\/amazon-button9.png\" alt=\"\" width=\"160\" height=\"59\" \/><\/a><\/p>\n","protected":false},"featured_media":5040,"comment_status":"open","ping_status":"closed","template":"","meta":[],"product_brand":[],"product_cat":[69,63],"product_tag":[98,105,79,80,81],"class_list":{"0":"post-5006","1":"product","2":"type-product","3":"status-publish","4":"has-post-thumbnail","6":"product_cat-brann-romningsstiger-for-2-etasjer","7":"product_cat-brann-romningsstiger-med-avstandsstykker","8":"product_tag-brannstige","9":"product_tag-etasjer","10":"product_tag-nodutgang","11":"product_tag-redningsutstyr","12":"product_tag-sikkerhet","14":"first","15":"instock","16":"shipping-taxable","17":"purchasable","18":"product-type-simple"},"_links":{"self":[{"href":"https:\/\/isopllc.com\/no\/wp-json\/wp\/v2\/product\/5006","targetHints":{"allow":["GET"]}}],"collection":[{"href":"https:\/\/isopllc.com\/no\/wp-json\/wp\/v2\/product"}],"about":[{"href":"https:\/\/isopllc.com\/no\/wp-json\/wp\/v2\/types\/product"}],"replies":[{"embeddable":true,"href":"https:\/\/isopllc.com\/no\/wp-json\/wp\/v2\/comments?post=5006"}],"wp:featuredmedia":[{"embeddable":true,"href":"https:\/\/isopllc.com\/no\/wp-json\/wp\/v2\/media\/5040"}],"wp:attachment":[{"href":"https:\/\/isopllc.com\/no\/wp-json\/wp\/v2\/media?parent=5006"}],"wp:term":[{"taxonomy":"product_brand","embeddable":true,"href":"https:\/\/isopllc.com\/no\/wp-json\/wp\/v2\/product_brand?post=5006"},{"taxonomy":"product_cat","embeddable":true,"href":"https:\/\/isopllc.com\/no\/wp-json\/wp\/v2\/product_cat?post=5006"},{"taxonomy":"product_tag","embeddable":true,"href":"https:\/\/isopllc.com\/no\/wp-json\/wp\/v2\/product_tag?post=5006"}],"curies":[{"name":"wp","href":"https:\/\/api.w.org\/{rel}","templated":true}]}}