{"id":5042,"date":"2023-06-15T08:09:01","date_gmt":"2023-06-15T08:09:01","guid":{"rendered":"https:\/\/isopllc.com\/usa\/?post_type=product&#038;p=5042"},"modified":"2025-01-03T07:59:09","modified_gmt":"2025-01-03T07:59:09","slug":"rod-kasse-til-brandsikkerhedsting","status":"publish","type":"product","link":"https:\/\/isopllc.com\/no\/product\/rod-kasse-til-brandsikkerhedsting\/","title":{"rendered":"R\u00f8d kasse til brandsikkerhedsting (St\u00f8rrelse L) | Hjertestarter (AED)"},"content":{"rendered":"<h1 id=\"title\" class=\"a-size-large a-spacing-none\">Brandevakueringsstation &#8211; R\u00f8d kasse til brandsikkerhedsting &#8211; med kroge til brandt\u00e6ppe og brandslukkere &#8211; 36 * 29 * 17 cm &#8211; V\u00e6gmonteret skab<\/h1>\n<p><img loading=\"lazy\" decoding=\"async\" class=\"alignnone wp-image-5043\" src=\"https:\/\/isopllc.com\/usa\/wp-content\/uploads\/sites\/4\/2023\/06\/71dmxhPEm7L._AC_SL1500_.jpg\" alt=\"\" width=\"413\" height=\"397\" srcset=\"https:\/\/isopllc.com\/no\/wp-content\/uploads\/sites\/16\/2023\/06\/71dmxhPEm7L._AC_SL1500_.jpg 1500w, https:\/\/isopllc.com\/no\/wp-content\/uploads\/sites\/16\/2023\/06\/71dmxhPEm7L._AC_SL1500_-300x288.jpg 300w, https:\/\/isopllc.com\/no\/wp-content\/uploads\/sites\/16\/2023\/06\/71dmxhPEm7L._AC_SL1500_-1024x983.jpg 1024w, https:\/\/isopllc.com\/no\/wp-content\/uploads\/sites\/16\/2023\/06\/71dmxhPEm7L._AC_SL1500_-768x737.jpg 768w\" sizes=\"auto, (max-width: 413px) 100vw, 413px\" \/><\/p>\n<div class=\"a-section a-spacing-none premium-aplus-15-heading\">\n<h1 class=\"premium-aplus-15-heading-text a-text-bold\">Hvorfor mener vi det er bedre \u00e5 kj\u00f8pe en tilgangsboks for n\u00f8dstige?<\/h1>\n<\/div>\n<div class=\"a-section a-spacing-none\">\n<p class=\"description\">Av flere grunner!<\/p>\n<ol>\n<li>Ved \u00e5 feste boksen til veggen (under vinduet eller p\u00e5 balkongen) med ankere, kan du umiddelbart feste stigen til ankel\u00f8kkene. I tilfelle n\u00f8dsituasjon kaster du enkelt stigen ut av vinduet og starter nedstigningen umiddelbart uten \u00e5 kaste bort verdifulle sekunder i forvirring for \u00e5 finne hvor du skal feste stigen.<\/li>\n<li>Du kan feste boksen b\u00e5de inne og utenfor huset. Utvendig er fordelen at den ikke tar opp plass hjemme og ikke \u00f8delegger rommets design, samtidig som den er ganske tilgjengelig hvis den er festet ved siden av et vindu eller p\u00e5 en balkong.<\/li>\n<li>Den er ogs\u00e5 praktisk fra innsiden av huset, da den alltid er innen rekkevidde, og dette viktige livreddende utstyret er synlig for \u00e5 ikke kaste bort tid p\u00e5 \u00e5 lete etter det under en brann.<\/li>\n<li>Det er etter v\u00e5r mening veldig sikkert \u00e5 feste stigene til klatreankrene inne i boksen, da de t\u00e5ler 25 KN, sammenlignet med andre ting i hjemmet ditt, inkludert vindusrammen eller balkongbaren.<\/li>\n<\/ol>\n<p><img loading=\"lazy\" decoding=\"async\" class=\"alignnone wp-image-5044\" src=\"https:\/\/isopllc.com\/usa\/wp-content\/uploads\/sites\/4\/2023\/06\/e08f082b-1e10-499b-8698-78d3a32260a7.__CR00800600_PT0_SX800_V1___.jpg\" alt=\"\" width=\"405\" height=\"304\" srcset=\"https:\/\/isopllc.com\/no\/wp-content\/uploads\/sites\/16\/2023\/06\/e08f082b-1e10-499b-8698-78d3a32260a7.__CR00800600_PT0_SX800_V1___.jpg 800w, https:\/\/isopllc.com\/no\/wp-content\/uploads\/sites\/16\/2023\/06\/e08f082b-1e10-499b-8698-78d3a32260a7.__CR00800600_PT0_SX800_V1___-300x225.jpg 300w, https:\/\/isopllc.com\/no\/wp-content\/uploads\/sites\/16\/2023\/06\/e08f082b-1e10-499b-8698-78d3a32260a7.__CR00800600_PT0_SX800_V1___-768x576.jpg 768w\" sizes=\"auto, (max-width: 405px) 100vw, 405px\" \/><\/p>\n<h1 class=\"aplus-h1 aplus-module-1-heading a-text-bold\">Alt ditt n\u00f8dutstyr samlet p\u00e5 ett sted i en brannn\u00f8dstasjon.<\/h1>\n<ul class=\"a-unordered-list a-vertical\">\n<li>R\u00f8d aluminiumsboks med magnetisk glassd\u00f8r for brannutrykningsstige 36*<em>29*<\/em>17 cm.<\/li>\n<li>Monteringsutstyr inkludert (monteringsankre 25 KN).<\/li>\n<li>Kroker for brannslukker og brannpledd (p\u00e5 sidene av boksen).<\/li>\n<\/ul>\n<p><img loading=\"lazy\" decoding=\"async\" class=\"alignnone wp-image-5045\" src=\"https:\/\/isopllc.com\/usa\/wp-content\/uploads\/sites\/4\/2023\/06\/cb120de2-f0e0-46e6-9ca4-ca80dc32f1e5.__CR00800600_PT0_SX800_V1___.jpg\" alt=\"\" width=\"418\" height=\"313\" srcset=\"https:\/\/isopllc.com\/no\/wp-content\/uploads\/sites\/16\/2023\/06\/cb120de2-f0e0-46e6-9ca4-ca80dc32f1e5.__CR00800600_PT0_SX800_V1___.jpg 800w, https:\/\/isopllc.com\/no\/wp-content\/uploads\/sites\/16\/2023\/06\/cb120de2-f0e0-46e6-9ca4-ca80dc32f1e5.__CR00800600_PT0_SX800_V1___-300x225.jpg 300w, https:\/\/isopllc.com\/no\/wp-content\/uploads\/sites\/16\/2023\/06\/cb120de2-f0e0-46e6-9ca4-ca80dc32f1e5.__CR00800600_PT0_SX800_V1___-768x576.jpg 768w\" sizes=\"auto, (max-width: 418px) 100vw, 418px\" \/><\/p>\n<h1 class=\"aplus-h1 aplus-module-1-heading a-text-bold\">R\u00f8d kasse til brandsikkerhedsting for innend\u00f8rs og utend\u00f8rs bruk til brannstiger, brannslukningsapparat eller brannpledd<\/h1>\n<ul class=\"a-unordered-list a-vertical\">\n<li>Kompakt design<\/li>\n<li>Kraftig jernkonstruksjon<\/li>\n<li>Akrylglass (som er tryggere enn vanlig glass under n\u00f8dsituasjoner)<\/li>\n<li>Monteres enkelt p\u00e5 en vegg<\/li>\n<li>Enkel \u00e5 finne n\u00e5r det er n\u00f8dvendig<img loading=\"lazy\" decoding=\"async\" class=\"alignnone wp-image-5046\" src=\"https:\/\/isopllc.com\/usa\/wp-content\/uploads\/sites\/4\/2023\/06\/30d1215a-a397-4e25-a9a6-f4f6b8fc8a0a.__CR00800600_PT0_SX800_V1___.jpg\" alt=\"\" width=\"425\" height=\"319\" srcset=\"https:\/\/isopllc.com\/no\/wp-content\/uploads\/sites\/16\/2023\/06\/30d1215a-a397-4e25-a9a6-f4f6b8fc8a0a.__CR00800600_PT0_SX800_V1___.jpg 800w, https:\/\/isopllc.com\/no\/wp-content\/uploads\/sites\/16\/2023\/06\/30d1215a-a397-4e25-a9a6-f4f6b8fc8a0a.__CR00800600_PT0_SX800_V1___-300x225.jpg 300w, https:\/\/isopllc.com\/no\/wp-content\/uploads\/sites\/16\/2023\/06\/30d1215a-a397-4e25-a9a6-f4f6b8fc8a0a.__CR00800600_PT0_SX800_V1___-768x576.jpg 768w\" sizes=\"auto, (max-width: 425px) 100vw, 425px\" \/><\/li>\n<\/ul>\n<h1 class=\"aplus-h1 aplus-module-1-heading a-text-bold\">Jernskap for brannutrykningsstige<\/h1>\n<p>Holder din brannslukker eller n\u00f8dstige lett tilgjengelig i tilfelle av en n\u00f8dsituasjon.<\/p>\n<p>P\u00e5 grunn av sin kompakte st\u00f8rrelse &#8211; 36x29x17 cm | 0,04 tommer tykk og holdbar konstruksjon, er dette skapet ideelt for leiligheter, condoer og sm\u00e5 bedrifter, og det gir en trygg og sikker plass for langtidsoppbevaring.<\/p>\n<p><img loading=\"lazy\" decoding=\"async\" class=\"alignnone wp-image-5047\" src=\"https:\/\/isopllc.com\/usa\/wp-content\/uploads\/sites\/4\/2023\/06\/6d581a96-7d79-4318-ace2-7057cd2fcdb0.__CR00800600_PT0_SX800_V1___.jpg\" alt=\"\" width=\"443\" height=\"332\" srcset=\"https:\/\/isopllc.com\/no\/wp-content\/uploads\/sites\/16\/2023\/06\/6d581a96-7d79-4318-ace2-7057cd2fcdb0.__CR00800600_PT0_SX800_V1___.jpg 800w, https:\/\/isopllc.com\/no\/wp-content\/uploads\/sites\/16\/2023\/06\/6d581a96-7d79-4318-ace2-7057cd2fcdb0.__CR00800600_PT0_SX800_V1___-300x225.jpg 300w, https:\/\/isopllc.com\/no\/wp-content\/uploads\/sites\/16\/2023\/06\/6d581a96-7d79-4318-ace2-7057cd2fcdb0.__CR00800600_PT0_SX800_V1___-768x576.jpg 768w\" sizes=\"auto, (max-width: 443px) 100vw, 443px\" \/><\/p>\n<h1 class=\"aplus-h1 aplus-module-1-heading a-text-bold\">Brannutstyr-stasjon<\/h1>\n<p class=\"aplus-p2 aplus-module-1-description\">I tilfelle av en plutselig brann hjemme eller p\u00e5 jobben gir den et utpekt sted for brannslukningsapparatet eller stigen, og holder det i n\u00e6rheten og klart n\u00e5r det trengs mest.<\/p>\n<p><img loading=\"lazy\" decoding=\"async\" class=\"alignnone wp-image-4545\" src=\"https:\/\/isopllc.com\/usa\/wp-content\/uploads\/sites\/4\/2021\/12\/Built-In-Fire-Escape-Ladder-2-Story-13ft-Retractable-Ladders-Fire-Ladder-for-Homes-Include-Aluminum-Box-Snap-Hooks-and-2-Anchors-Set6.jpg\" alt=\"\" width=\"427\" height=\"427\" srcset=\"https:\/\/isopllc.com\/no\/wp-content\/uploads\/sites\/16\/2021\/12\/Built-In-Fire-Escape-Ladder-2-Story-13ft-Retractable-Ladders-Fire-Ladder-for-Homes-Include-Aluminum-Box-Snap-Hooks-and-2-Anchors-Set6.jpg 1000w, https:\/\/isopllc.com\/no\/wp-content\/uploads\/sites\/16\/2021\/12\/Built-In-Fire-Escape-Ladder-2-Story-13ft-Retractable-Ladders-Fire-Ladder-for-Homes-Include-Aluminum-Box-Snap-Hooks-and-2-Anchors-Set6-300x300.jpg 300w, https:\/\/isopllc.com\/no\/wp-content\/uploads\/sites\/16\/2021\/12\/Built-In-Fire-Escape-Ladder-2-Story-13ft-Retractable-Ladders-Fire-Ladder-for-Homes-Include-Aluminum-Box-Snap-Hooks-and-2-Anchors-Set6-150x150.jpg 150w, https:\/\/isopllc.com\/no\/wp-content\/uploads\/sites\/16\/2021\/12\/Built-In-Fire-Escape-Ladder-2-Story-13ft-Retractable-Ladders-Fire-Ladder-for-Homes-Include-Aluminum-Box-Snap-Hooks-and-2-Anchors-Set6-768x768.jpg 768w\" sizes=\"auto, (max-width: 427px) 100vw, 427px\" \/><\/p>\n<div class=\"flex-1 overflow-hidden\">\n<div class=\"react-scroll-to-bottom--css-folxe-79elbk h-full\">\n<div class=\"react-scroll-to-bottom--css-folxe-1n7m0yu\">\n<div class=\"flex flex-col pb-9 text-sm\">\n<div class=\"w-full text-token-text-primary\" data-testid=\"conversation-turn-97\">\n<div class=\"px-4 py-2 justify-center text-base md:gap-6 m-auto\">\n<div class=\"flex flex-1 text-base mx-auto gap-3 md:px-5 lg:px-1 xl:px-5 md:max-w-3xl lg:max-w-[40rem] xl:max-w-[48rem] group final-completion\">\n<div class=\"relative flex w-full flex-col lg:w-[calc(100%-115px)] agent-turn\">\n<div class=\"flex-col gap-1 md:gap-3\">\n<div class=\"flex flex-grow flex-col max-w-full\">\n<div class=\"min-h-[20px] text-message flex flex-col items-start gap-3 whitespace-pre-wrap break-words [.text-message+&amp;]:mt-5 overflow-x-auto\" data-message-author-role=\"assistant\" data-message-id=\"da14db48-2d8a-490c-9a74-bb2057f0afe6\">\n<div class=\"markdown prose w-full break-words dark:prose-invert light\">\n<h1>Profesjonell topprep-anker<\/h1>\n<\/div>\n<\/div>\n<\/div>\n<\/div>\n<\/div>\n<\/div>\n<\/div>\n<\/div>\n<\/div>\n<\/div>\n<\/div>\n<\/div>\n<p>Klatreankerboltesett, inkluderer 2 stk hengeplater og 2 stk ekspansjonsbolter, boltmuttere og flate skiver. Hengeplatene er for permanent festepunkt.<\/p>\n<p>Settet lar deg feste boksen til en vegg. Ikke bare holder de boksen, men ogs\u00e5 festepunktene designet for to karabiner lar deg koble en tau-stige til det for \u00e5 klatre ned fra et vindu.<\/p>\n<\/div>\n","protected":false},"excerpt":{"rendered":"<div id=\"title_feature_div\" class=\"celwidget\" data-feature-name=\"title\" data-csa-c-type=\"widget\" data-csa-c-content-id=\"title\" data-csa-c-slot-id=\"title_feature_div\" data-csa-c-asin=\"B09TLDMQBR\" data-csa-c-is-in-initial-active-row=\"false\" data-csa-c-id=\"oha51v-3fel6l-hph8o8-sfkywd\" data-cel-widget=\"title_feature_div\">\n<div id=\"titleSection\" class=\"a-section a-spacing-none\">\n[embed]https:\/\/youtu.be\/3XfaZGDAg3Y?si=NEjLruI7CawTfpeC[\/embed]\n<p id=\"title\" class=\"a-size-large a-spacing-none\" style=\"text-align: center;\">Brandevakueringsstation &#8211; R\u00f8d kasse til brandsikkerhedsting &#8211; med kroge til brandt\u00e6ppe og brandslukkere &#8211; 36 * 29 * 17 cm &#8211; V\u00e6gmonteret skab<\/p>\n<p style=\"text-align: center;\">GRATIS LEVERING INNEN 3-7 DAGER<\/p>\n<h4 style=\"text-align: center;\"><strong>KJ\u00d8P DET P\u00c5<\/strong><\/h4>\n<p style=\"text-align: center;\"><a href=\"https:\/\/www.amazon.de\/dp\/B0BZYJ6FX6?ref=myi_title_dp\"><img loading=\"lazy\" decoding=\"async\" class=\"aligncenter wp-image-1040 size-full\" src=\"https:\/\/isopllc.com\/no\/wp-content\/uploads\/sites\/16\/2020\/01\/amazon-button9.png\" alt=\"\" width=\"160\" height=\"59\" \/><\/a><\/p>\n<\/div>\n<\/div>\n","protected":false},"featured_media":5057,"comment_status":"open","ping_status":"closed","template":"","meta":[],"product_brand":[],"product_cat":[66,68],"product_tag":[191],"class_list":{"0":"post-5042","1":"product","2":"type-product","3":"status-publish","4":"has-post-thumbnail","6":"product_cat-oppbevaringsboks-for-brann-romningsstiger","7":"product_cat-tilbehor-til-brannstiger","8":"product_tag-hjertestarter-aed","10":"first","11":"instock","12":"shipping-taxable","13":"purchasable","14":"product-type-simple"},"_links":{"self":[{"href":"https:\/\/isopllc.com\/no\/wp-json\/wp\/v2\/product\/5042","targetHints":{"allow":["GET"]}}],"collection":[{"href":"https:\/\/isopllc.com\/no\/wp-json\/wp\/v2\/product"}],"about":[{"href":"https:\/\/isopllc.com\/no\/wp-json\/wp\/v2\/types\/product"}],"replies":[{"embeddable":true,"href":"https:\/\/isopllc.com\/no\/wp-json\/wp\/v2\/comments?post=5042"}],"wp:featuredmedia":[{"embeddable":true,"href":"https:\/\/isopllc.com\/no\/wp-json\/wp\/v2\/media\/5057"}],"wp:attachment":[{"href":"https:\/\/isopllc.com\/no\/wp-json\/wp\/v2\/media?parent=5042"}],"wp:term":[{"taxonomy":"product_brand","embeddable":true,"href":"https:\/\/isopllc.com\/no\/wp-json\/wp\/v2\/product_brand?post=5042"},{"taxonomy":"product_cat","embeddable":true,"href":"https:\/\/isopllc.com\/no\/wp-json\/wp\/v2\/product_cat?post=5042"},{"taxonomy":"product_tag","embeddable":true,"href":"https:\/\/isopllc.com\/no\/wp-json\/wp\/v2\/product_tag?post=5042"}],"curies":[{"name":"wp","href":"https:\/\/api.w.org\/{rel}","templated":true}]}}