{"id":5053,"date":"2023-06-15T08:31:45","date_gmt":"2023-06-15T08:31:45","guid":{"rendered":"https:\/\/isopllc.com\/usa\/?post_type=product&#038;p=5053"},"modified":"2025-05-29T06:28:37","modified_gmt":"2025-05-29T06:28:37","slug":"brannfluktstige-med-skap","status":"publish","type":"product","link":"https:\/\/isopllc.com\/no\/product\/brannfluktstige-med-skap\/","title":{"rendered":"Brannfluktstige for 3 Etasjer 8 meter med Skap"},"content":{"rendered":"<h1 id=\"title\" class=\"a-size-large a-spacing-none\">Brannfluktstige for 3 etasjer 8 meter med skap &#8211; Tau stige for brannflukt i r\u00f8d boks &#8211; N\u00f8dblankett og monteringsanker inkludert<\/h1>\n<p><img loading=\"lazy\" decoding=\"async\" class=\"alignnone size-medium wp-image-5563\" src=\"https:\/\/isopllc.com\/no\/wp-content\/uploads\/sites\/16\/2023\/06\/firefighters-recommended-rope-ladder-300x300.jpg\" alt=\"firefighters recommended rope ladder\" width=\"300\" height=\"300\" srcset=\"https:\/\/isopllc.com\/no\/wp-content\/uploads\/sites\/16\/2023\/06\/firefighters-recommended-rope-ladder-300x300.jpg 300w, https:\/\/isopllc.com\/no\/wp-content\/uploads\/sites\/16\/2023\/06\/firefighters-recommended-rope-ladder-150x150.jpg 150w, https:\/\/isopllc.com\/no\/wp-content\/uploads\/sites\/16\/2023\/06\/firefighters-recommended-rope-ladder-416x416.jpg 416w, https:\/\/isopllc.com\/no\/wp-content\/uploads\/sites\/16\/2023\/06\/firefighters-recommended-rope-ladder-100x100.jpg 100w, https:\/\/isopllc.com\/no\/wp-content\/uploads\/sites\/16\/2023\/06\/firefighters-recommended-rope-ladder.jpg 540w\" sizes=\"auto, (max-width: 300px) 100vw, 300px\" \/><\/p>\n<p>Alt-i-ett evakueringsstasjon for n\u00f8dsituasjoner lagrer alle dine brannberedskapsartikler p\u00e5 ett sted (brannslukningsapparat ikke inkludert).<\/p>\n<p>&nbsp;<\/p>\n<ul class=\"a-unordered-list a-vertical\">\n<li>H\u00f8y synlighet r\u00f8d boks med magnetisk d\u00f8r<\/li>\n<li>Brannfluktstige 8m<\/li>\n<li>Inkludert monteringsutstyr (monteringsanker)<\/li>\n<li>Montering for brannslukningsapparat<\/li>\n<\/ul>\n<p><img loading=\"lazy\" decoding=\"async\" class=\"alignnone wp-image-5052\" src=\"https:\/\/isopllc.com\/usa\/wp-content\/uploads\/sites\/4\/2023\/06\/51vVQaI3XKL._AC_.jpg\" alt=\"\" width=\"342\" height=\"212\" srcset=\"https:\/\/isopllc.com\/no\/wp-content\/uploads\/sites\/16\/2023\/06\/51vVQaI3XKL._AC_.jpg 899w, https:\/\/isopllc.com\/no\/wp-content\/uploads\/sites\/16\/2023\/06\/51vVQaI3XKL._AC_-300x186.jpg 300w, https:\/\/isopllc.com\/no\/wp-content\/uploads\/sites\/16\/2023\/06\/51vVQaI3XKL._AC_-768x477.jpg 768w\" sizes=\"auto, (max-width: 342px) 100vw, 342px\" \/><\/p>\n<h3 class=\"a-spacing-mini\">Hvorfor mener vi det er bedre \u00e5 kj\u00f8pe en brannfluktstige i en aluminiumsboks? Av flere grunner!<\/h3>\n<ol>\n<li>\n<p style=\"text-align: left\">Ved \u00e5 feste boksen til veggen (under vinduet eller p\u00e5 balkongen) med ankere, kan du umiddelbart feste stigen til ankerl\u00f8kkene. I n\u00f8dstilfeller kaster du bare stigen ut av vinduet og begynner umiddelbart nedstigningen uten \u00e5 kaste bort dyrebare sekunder i forvirring p\u00e5 jakt etter hvor du skal feste stigen.<\/p>\n<\/li>\n<li style=\"text-align: left\">Du kan feste boksen b\u00e5de inne og utenfor huset. Utenfor er fordelen at den ikke tar opp plass inne i huset og ikke \u00f8delegger rommets design, samtidig som den er ganske tilgjengelig hvis den er festet ved siden av et vindu eller p\u00e5 en balkong.<\/li>\n<li style=\"text-align: left\">Det er ogs\u00e5 praktisk fra innsiden av huset, da den alltid er innen rekkevidde, og dette viktige livreddende utstyret er synlig for \u00e5 unng\u00e5 \u00e5 kaste bort tid med \u00e5 lete etter det under en brann.<\/li>\n<li>\n<p style=\"text-align: left\">Det er veldig trygt etter v\u00e5r mening \u00e5 feste stigene til klatreankrene inne i boksen, da de kan t\u00e5le 25 kN, i motsetning til hva som helst i hjemmet ditt, inkludert vindusrammen eller balkongstengene.<\/p>\n<\/li>\n<\/ol>\n<h4>Hvorfor velge v\u00e5re brannstiger<\/h4>\n<p><img loading=\"lazy\" decoding=\"async\" class=\"alignnone wp-image-5046\" src=\"https:\/\/isopllc.com\/usa\/wp-content\/uploads\/sites\/4\/2023\/06\/30d1215a-a397-4e25-a9a6-f4f6b8fc8a0a.__CR00800600_PT0_SX800_V1___.jpg\" alt=\"\" width=\"311\" height=\"234\" srcset=\"https:\/\/isopllc.com\/no\/wp-content\/uploads\/sites\/16\/2023\/06\/30d1215a-a397-4e25-a9a6-f4f6b8fc8a0a.__CR00800600_PT0_SX800_V1___.jpg 800w, https:\/\/isopllc.com\/no\/wp-content\/uploads\/sites\/16\/2023\/06\/30d1215a-a397-4e25-a9a6-f4f6b8fc8a0a.__CR00800600_PT0_SX800_V1___-300x225.jpg 300w, https:\/\/isopllc.com\/no\/wp-content\/uploads\/sites\/16\/2023\/06\/30d1215a-a397-4e25-a9a6-f4f6b8fc8a0a.__CR00800600_PT0_SX800_V1___-768x576.jpg 768w\" sizes=\"auto, (max-width: 311px) 100vw, 311px\" \/><\/p>\n<p>Aluminium Universell Brannstige Skap holder din n\u00f8dstige lett tilgjengelig i tilfelle av n\u00f8dsituasjoner.<\/p>\n<p>P\u00e5 grunn av sin kompakte st\u00f8rrelse og holdbare konstruksjon, er dette skapet ideelt for leiligheter, leilighetskomplekser og sm\u00e5 bedrifter. Det gir en trygg og sikker plass for langtidsoppbevaring.<\/p>\n<p><img decoding=\"async\" class=\"a-spacing-mini\" style=\"font-weight: 600\" src=\"https:\/\/m.media-amazon.com\/images\/S\/aplus-media-library-service-media\/94e0f1b0-d713-4663-a172-3e35c4090aaa.__CR0,0,1000,1000_PT0_SX300_V1___.jpg\" alt=\"Gentle to hands\" data-src=\"https:\/\/m.media-amazon.com\/images\/S\/aplus-media-library-service-media\/94e0f1b0-d713-4663-a172-3e35c4090aaa.__CR0,0,1000,1000_PT0_SX300_V1___.jpg\" \/><\/p>\n<div class=\"aplus-module-wrapper apm-fixed-width\">\n<div class=\"apm-spacing apm-fixed-width\">\n<div class=\"celwidget aplus-module module-9 aplus-standard\" data-csa-c-id=\"emkbnl-11vq23-1incdi-lfo9yf\" data-cel-widget=\"aplus-module-9\">\n<div class=\"aplus-module-wrapper apm-fixed-width\">\n<div class=\"apm-spacing apm-fixed-width\">\n<div id=\"aplus_feature_div\" class=\"celwidget\" data-feature-name=\"aplus\" data-csa-c-type=\"widget\" data-csa-c-content-id=\"aplus\" data-csa-c-slot-id=\"aplus_feature_div\" data-csa-c-asin=\"\" data-csa-c-is-in-initial-active-row=\"false\" data-csa-c-id=\"ebpnh7-v23cw7-lv803-rp18f9\" data-cel-widget=\"aplus_feature_div\">\n<div id=\"aplus\" class=\"a-section a-spacing-large bucket\">\n<div class=\"aplus-v2 desktop celwidget\" data-csa-c-id=\"322z1i-fsajov-ud7fia-k0knjv\" data-cel-widget=\"aplus\">\n<div class=\"celwidget aplus-module module-9 aplus-standard\" data-csa-c-id=\"e5nyxf-jpncv6-ubo24v-ozeiyw\" data-cel-widget=\"aplus-module-9\">\n<div class=\"aplus-module-wrapper apm-fixed-width\">\n<div class=\"apm-spacing apm-fixed-width\">\n<h3>Sk\u00e5nsom mot hendene<\/h3>\n<p>Ved \u00e5 utforme disse stigene, tok vi hensyn til feilene til konkurrentene v\u00e5re. Andre har f\u00e5tt mange klager p\u00e5 at brukerne f\u00e5r kutt p\u00e5 hendene fordi aluminiums trinn er skarpe. Vi tok dette i betraktning, og v\u00e5re stiger har ikke skarpe kanter. De er trygge \u00e5 bruke b\u00e5de for voksne og barn.<\/p>\n<p><img decoding=\"async\" class=\"a-spacing-mini\" style=\"font-weight: 600\" src=\"https:\/\/m.media-amazon.com\/images\/S\/aplus-media\/sc\/27f9c708-c858-49c0-96f7-815dd0fa4f9a.__CR0,0,1000,1000_PT0_SX300_V1___.jpg\" alt=\"Wide application\" data-src=\"https:\/\/m.media-amazon.com\/images\/S\/aplus-media\/sc\/27f9c708-c858-49c0-96f7-815dd0fa4f9a.__CR0,0,1000,1000_PT0_SX300_V1___.jpg\" \/><\/p>\n<h3>Integrerte stropper<\/h3>\n<p>Igjen, ved \u00e5 sammenligne stigene v\u00e5re med konkurrentene, b\u00f8r det bemerkes at v\u00e5re stiger, i motsetning til andre, best\u00e5r av ett stykke vevstropp fra topp til bunn. Denne stroppen t\u00e5ler opptil 1200 pund (!) takket v\u00e6re spesiell patentert teknologi. Konkurrentenes vevstigetrinn er sydd sammen i flere deler, noe som etter v\u00e5r mening er mindre p\u00e5litelig.<\/p>\n<p><img decoding=\"async\" class=\"a-spacing-mini\" style=\"font-weight: 600\" src=\"https:\/\/m.media-amazon.com\/images\/S\/aplus-media-library-service-media\/3e3631ef-bf95-4934-bd5d-2881c8d8d8c7.__CR0,0,300,300_PT0_SX300_V1___.jpg\" alt=\"Climbing anchor bolts set\" data-src=\"https:\/\/m.media-amazon.com\/images\/S\/aplus-media-library-service-media\/3e3631ef-bf95-4934-bd5d-2881c8d8d8c7.__CR0,0,300,300_PT0_SX300_V1___.jpg\" \/><\/p>\n<\/div>\n<div>Leveres med et sett klatreankerbolter, 2 stk hengerplater og 2 stk ekspansjonsbolter. Bolten\u00f8tter og skiver f\u00f8lger med.<\/div>\n<div><\/div>\n<div><img decoding=\"async\" class=\"a-spacing-mini\" style=\"font-weight: 600\" src=\"https:\/\/m.media-amazon.com\/images\/S\/aplus-media\/sc\/42cab632-a2d0-40fd-a2dd-280d531bf010.__CR282,0,1000,1000_PT0_SX300_V1___.jpg\" alt=\"For window or balcony\" data-src=\"https:\/\/m.media-amazon.com\/images\/S\/aplus-media\/sc\/42cab632-a2d0-40fd-a2dd-280d531bf010.__CR282,0,1000,1000_PT0_SX300_V1___.jpg\" \/><\/div>\n<\/div>\n<\/div>\n<div><\/div>\n<div class=\"celwidget aplus-module module-9 aplus-standard\" data-csa-c-id=\"e5nyxf-jpncv6-ubo24v-ozeiyw\" data-cel-widget=\"aplus-module-9\">\n<h3>Stabilisatorer<\/h3>\n<p>Trinnene p\u00e5 v\u00e5re stiger har stabilisatorer som gj\u00f8r at stigen ikke klistrer seg tett til veggen, men forblir stabil mot den. Dette gj\u00f8r det betydelig lettere \u00e5 klatre ned fra andre eller tredje etasje.<\/p>\n<h4><img decoding=\"async\" class=\"a-spacing-mini\" style=\"font-weight: 600\" src=\"https:\/\/m.media-amazon.com\/images\/S\/aplus-media\/sc\/8b1ba6ce-d84f-4314-b98a-95d063fc3e5e.__CR500,0,1000,1000_PT0_SX300_V1___.jpg\" alt=\"For window or balcony\" data-src=\"https:\/\/m.media-amazon.com\/images\/S\/aplus-media\/sc\/8b1ba6ce-d84f-4314-b98a-95d063fc3e5e.__CR500,0,1000,1000_PT0_SX300_V1___.jpg\" \/>Sklisikre trinn<\/h4>\n<p>Et spesielt m\u00f8nster p\u00e5 overflaten av trinnene gj\u00f8r nedstigningen fra leiligheten sklisikker under alle v\u00e6rforhold.<\/p>\n<h4>Gjenbrukbar<\/h4>\n<p>V\u00e5re stiger er gjenbrukbare, og dessuten kan de enkelt repareres, i motsetning til andre som m\u00e5 kastes. Med riktig oppbevaring kan de vare i mange \u00e5r!<\/p>\n<p><img loading=\"lazy\" decoding=\"async\" class=\"alignnone wp-image-4293\" src=\"https:\/\/isopllc.com\/usa\/wp-content\/uploads\/sites\/4\/2020\/12\/91R3KSmpDgL._AC_SL1500_.jpg\" alt=\"\" width=\"307\" height=\"230\" srcset=\"https:\/\/isopllc.com\/no\/wp-content\/uploads\/sites\/16\/2020\/12\/91R3KSmpDgL._AC_SL1500_.jpg 1500w, https:\/\/isopllc.com\/no\/wp-content\/uploads\/sites\/16\/2020\/12\/91R3KSmpDgL._AC_SL1500_-300x225.jpg 300w, https:\/\/isopllc.com\/no\/wp-content\/uploads\/sites\/16\/2020\/12\/91R3KSmpDgL._AC_SL1500_-1024x768.jpg 1024w, https:\/\/isopllc.com\/no\/wp-content\/uploads\/sites\/16\/2020\/12\/91R3KSmpDgL._AC_SL1500_-768x576.jpg 768w\" sizes=\"auto, (max-width: 307px) 100vw, 307px\" \/><\/p>\n<\/div>\n<h4>Karabiner med kraftig utf\u00f8relse<\/h4>\n<p>Stigene inkluderer karabiner belagt med krom, med en bruddstyrke p\u00e5 11 kN.<\/p>\n<p>&nbsp;<\/p>\n<\/div>\n<\/div>\n<div>\n<p><img decoding=\"async\" class=\"a-spacing-mini\" style=\"font-weight: 600\" src=\"https:\/\/m.media-amazon.com\/images\/S\/aplus-media-library-service-media\/c3b3fb51-597d-4234-91a3-95fb43b58226.__CR0,0,300,300_PT0_SX300_V1___.jpg\" alt=\"ladder\" data-src=\"https:\/\/m.media-amazon.com\/images\/S\/aplus-media-library-service-media\/c3b3fb51-597d-4234-91a3-95fb43b58226.__CR0,0,300,300_PT0_SX300_V1___.jpg\" \/><\/p>\n<\/div>\n<h3>V\u00e6rbestandig<\/h3>\n<div class=\"flex-1 overflow-hidden\">\n<div class=\"react-scroll-to-bottom--css-ehqgp-79elbk h-full\">\n<div class=\"react-scroll-to-bottom--css-ehqgp-1n7m0yu\">\n<div class=\"flex flex-col pb-9 text-sm\">\n<div class=\"w-full text-token-text-primary\" data-testid=\"conversation-turn-35\">\n<div class=\"px-4 py-2 justify-center text-base md:gap-6 m-auto\">\n<div class=\"flex flex-1 text-base mx-auto gap-3 md:px-5 lg:px-1 xl:px-5 md:max-w-3xl lg:max-w-[40rem] xl:max-w-[48rem] group final-completion\">\n<div class=\"relative flex w-full flex-col lg:w-[calc(100%-115px)] agent-turn\">\n<div class=\"flex-col gap-1 md:gap-3\">\n<div class=\"flex flex-grow flex-col max-w-full\">\n<div class=\"min-h-[20px] text-message flex flex-col items-start gap-3 whitespace-pre-wrap break-words [.text-message+&amp;]:mt-5 overflow-x-auto\" data-message-author-role=\"assistant\" data-message-id=\"cf9518c0-dd3b-4dcb-92b0-e5956cf94327\">\n<div class=\"markdown prose w-full break-words dark:prose-invert light\">\n<div class=\"flex-1 overflow-hidden\">\n<div class=\"react-scroll-to-bottom--css-ehqgp-79elbk h-full\">\n<div class=\"react-scroll-to-bottom--css-ehqgp-1n7m0yu\">\n<div class=\"flex flex-col pb-9 text-sm\">\n<div class=\"w-full text-token-text-primary\" data-testid=\"conversation-turn-35\">\n<div class=\"px-4 py-2 justify-center text-base md:gap-6 m-auto\">\n<div class=\"flex flex-1 text-base mx-auto gap-3 md:px-5 lg:px-1 xl:px-5 md:max-w-3xl lg:max-w-[40rem] xl:max-w-[48rem] group final-completion\">\n<div class=\"relative flex w-full flex-col lg:w-[calc(100%-115px)] agent-turn\">\n<div class=\"flex-col gap-1 md:gap-3\">\n<div class=\"flex flex-grow flex-col max-w-full\">\n<div class=\"min-h-[20px] text-message flex flex-col items-start gap-3 whitespace-pre-wrap break-words [.text-message+&amp;]:mt-5 overflow-x-auto\" data-message-author-role=\"assistant\" data-message-id=\"cf9518c0-dd3b-4dcb-92b0-e5956cf94327\">\n<div class=\"markdown prose w-full break-words dark:prose-invert light\">\n<p>Den spesielle pulverlakkerte malingen beskytter trinnene mot rust, og polyesterb\u00e5ndet er sv\u00e6rt motstandsdyktig mot vann eller sn\u00f8. Derfor er v\u00e5re brannstiger v\u00e6rbestandige.<\/p>\n<\/div>\n<\/div>\n<\/div>\n<\/div>\n<\/div>\n<\/div>\n<\/div>\n<\/div>\n<\/div>\n<\/div>\n<\/div>\n<\/div>\n<\/div>\n<\/div>\n<\/div>\n<\/div>\n<\/div>\n<\/div>\n<\/div>\n<\/div>\n<\/div>\n<\/div>\n<\/div>\n<\/div>\n<p><img decoding=\"async\" src=\"https:\/\/m.media-amazon.com\/images\/S\/aplus-media-library-service-media\/0c3c254d-684e-4313-bc9f-ae4b4b7e7ee7.__CR0,0,300,300_PT0_SX300_V1___.jpg\" alt=\"professional ladder\" \/><\/p>\n<h3>Profesjonelt stigefirma<\/h3>\n<p>Vi anbefaler \u00e5 kj\u00f8pe stiger fra et selskap som spesialiserer seg p\u00e5 stiger, ettersom dette er et sikkerhetsprodukt.<\/p>\n<p>ISOP er en av f\u00e5 selskaper som tilbyr et bredt utvalg av ulike stiger fra sin egen produksjonsanlegg.<\/p>\n<p data-start=\"73\" data-end=\"102\">Tilgjengelig ogs\u00e5 i <a href=\"https:\/\/isopllc.com\/no\/product\/brannstige-med-skap\/\"><strong>2 etasjer.<\/strong><\/a><\/p>\n<p data-start=\"104\" data-end=\"119\">\n<p>&nbsp;<\/p>\n<div id=\"aplus\" class=\"a-section a-spacing-large bucket\">\n<div class=\"aplus-v2 desktop celwidget\" data-csa-c-id=\"322z1i-fsajov-ud7fia-k0knjv\" data-cel-widget=\"aplus\">\n<div class=\"celwidget aplus-module module-9 aplus-standard\" data-csa-c-id=\"i3wpnb-ql0ty0-e1ad7b-5zlqlt\" data-cel-widget=\"aplus-module-9\">\n<div class=\"aplus-module-wrapper apm-fixed-width\"><\/div>\n<\/div>\n<\/div>\n<\/div>\n<\/div>\n<\/div>\n<\/div>\n<\/div>\n<\/div>\n<\/div>\n<div><\/div>\n","protected":false},"excerpt":{"rendered":"[embed]https:\/\/youtu.be\/KWdsCY98B3U?si=XlqKSUviwPLMIByz[\/embed]\n<p id=\"title\" class=\"a-size-large a-spacing-none\" style=\"text-align: center\">Brannfluktstige for 3 etasjer 8 meter med skap &#8211; Tau stige for brannflukt i r\u00f8d boks &#8211; N\u00f8dblankett og monteringsanker inkludert<\/p>\n<p style=\"text-align: center\">GRATIS LEVERING INNEN 3-7 DAGER<\/p>\n<h4 style=\"text-align: center\"><strong>KJ\u00d8P DET P\u00c5<\/strong><\/h4>\n<p style=\"text-align: center\"><a href=\"https:\/\/www.amazon.de\/dp\/B0BZYJKHK9?ref=myi_title_dp\"><img loading=\"lazy\" decoding=\"async\" class=\"aligncenter wp-image-1040 size-full\" src=\"https:\/\/isopllc.com\/de\/wp-content\/uploads\/sites\/3\/2020\/01\/amazon-button9.png\" alt=\"\" width=\"160\" height=\"59\" \/><\/a><\/p>\n<p style=\"text-align: center\">\n","protected":false},"featured_media":5563,"comment_status":"open","ping_status":"closed","template":"","meta":[],"product_brand":[],"product_cat":[70,63,65],"product_tag":[106,105,203,79,80,81,107],"class_list":{"0":"post-5053","1":"product","2":"type-product","3":"status-publish","4":"has-post-thumbnail","6":"product_cat-brann-romningsstiger-for-3-etasjer","7":"product_cat-brann-romningsstiger-med-avstandsstykker","8":"product_cat-veggmonterte-stiger","9":"product_tag-brannfluktstige","10":"product_tag-etasjer","11":"product_tag-fire-escape","12":"product_tag-nodutgang","13":"product_tag-redningsutstyr","14":"product_tag-sikkerhet","15":"product_tag-skap","17":"first","18":"instock","19":"shipping-taxable","20":"purchasable","21":"product-type-simple"},"_links":{"self":[{"href":"https:\/\/isopllc.com\/no\/wp-json\/wp\/v2\/product\/5053","targetHints":{"allow":["GET"]}}],"collection":[{"href":"https:\/\/isopllc.com\/no\/wp-json\/wp\/v2\/product"}],"about":[{"href":"https:\/\/isopllc.com\/no\/wp-json\/wp\/v2\/types\/product"}],"replies":[{"embeddable":true,"href":"https:\/\/isopllc.com\/no\/wp-json\/wp\/v2\/comments?post=5053"}],"wp:featuredmedia":[{"embeddable":true,"href":"https:\/\/isopllc.com\/no\/wp-json\/wp\/v2\/media\/5563"}],"wp:attachment":[{"href":"https:\/\/isopllc.com\/no\/wp-json\/wp\/v2\/media?parent=5053"}],"wp:term":[{"taxonomy":"product_brand","embeddable":true,"href":"https:\/\/isopllc.com\/no\/wp-json\/wp\/v2\/product_brand?post=5053"},{"taxonomy":"product_cat","embeddable":true,"href":"https:\/\/isopllc.com\/no\/wp-json\/wp\/v2\/product_cat?post=5053"},{"taxonomy":"product_tag","embeddable":true,"href":"https:\/\/isopllc.com\/no\/wp-json\/wp\/v2\/product_tag?post=5053"}],"curies":[{"name":"wp","href":"https:\/\/api.w.org\/{rel}","templated":true}]}}