{"id":5263,"date":"2023-12-05T14:17:58","date_gmt":"2023-12-05T14:17:58","guid":{"rendered":"https:\/\/isopllc.com\/usa\/?post_type=product&#038;p=5229"},"modified":"2025-01-02T16:06:37","modified_gmt":"2025-01-02T16:06:37","slug":"reise-belte-med-skjult-lomme-for-penger","status":"publish","type":"product","link":"https:\/\/isopllc.com\/no\/product\/reise-belte-med-skjult-lomme-for-penger\/","title":{"rendered":"ISOP Reise Belte med Skjult Lomme for Penger"},"content":{"rendered":"<h1 id=\"title\" class=\"a-size-large a-spacing-none\">ISOP Reise Belte med Skjult Lomme for Penger | Sikkerhetsbelte for Kontanter | Svart Belte &#8211; Lomme for Kredittkort | Sikker Anti-Tyveri Lommebok | N\u00f8dberedskap | Belter for Reise for Menn eller Kvinner<\/h1>\n<p>Det nylonbelte har 4 glidel\u00e5slommer med st\u00f8rrelser p\u00e5 4 tommer (11 cm), der vi har plassert et saberkort, en st\u00e5ltr\u00e5dsag, et kompass, et termisk teppe, en antiseptisk pute, og det er ogs\u00e5 nok plass til pengene dine og til og med kredittkort. I tilfelle av en ran, vil kortene og pengene dine forbli trygge, og overlevelsesverkt\u00f8yene kan redde livet ditt i n\u00f8dsituasjoner som \u00e5 g\u00e5 seg bort under fotturer, branner eller jordskjelv.<\/p>\n<p>Vanligvis under en katastrofe har du ikke tid til \u00e5 gripe en spesielt forberedt overlevelsesryggsekk eller f\u00f8rstehjelpsutstyr, men beltet ditt er nesten alltid med deg, ikke sant? S\u00e5 du vil allerede v\u00e6re bev\u00e6pnet for slike n\u00f8dsituasjoner. Beltet anbefales spesielt \u00e5 ta med p\u00e5 reise, til fotturer, klatring og alle slags utend\u00f8rs eventyr. Dette beltet kan ogs\u00e5 brukes som en turnik\u00e9.<\/p>\n<p><img loading=\"lazy\" decoding=\"async\" class=\"alignnone size-full wp-image-5230\" src=\"https:\/\/isopllc.com\/usa\/wp-content\/uploads\/sites\/4\/2023\/12\/travel-belt1-1.jpg\" alt=\"travel belt\" width=\"300\" height=\"300\" \/><\/p>\n<p><strong>Sikkerhet:<\/strong> En lommebelte er designet for \u00e5 bli b\u00e5ret tett inntil kroppen og gir en diskret og sikker m\u00e5te \u00e5 b\u00e6re verdigjenstander som kontanter, pass og kredittkort p\u00e5. Dette reduserer risikoen for lommetyveri, spesielt p\u00e5 travle eller turistiske omr\u00e5der.<\/p>\n<p><strong>H\u00e5ndfri Bekvemmelighet:<\/strong> I motsetning til tradisjonelle lommeb\u00f8ker eller vesker gir et lommebelte reisende muligheten til \u00e5 v\u00e6re handsfree. Dette er spesielt nyttig n\u00e5r man navigerer gjennom flyplasser, travle gater eller deltar i ulike aktiviteter uten behov for \u00e5 konstant holde fast i personlige eiendeler.<\/p>\n<p><strong>Skjult Lagring:<\/strong> Den slanke designen til et lommebelte tillater skjult lagring under kl\u00e6rne, og legger til et ekstra lag med sikkerhet. Det er mindre p\u00e5fallende enn \u00e5 b\u00e6re en tradisjonell lommebok, noe som gj\u00f8r det vanskeligere for potensielle tyver \u00e5 identifisere og m\u00e5lrette seg mot det.<\/p>\n<p><img loading=\"lazy\" decoding=\"async\" class=\"alignnone size-full wp-image-5231\" src=\"https:\/\/isopllc.com\/usa\/wp-content\/uploads\/sites\/4\/2023\/12\/travel-belt1-2.jpg\" alt=\"Travel belt\" width=\"300\" height=\"300\" \/><\/p>\n<p><strong>Organisering:<\/strong> Mange lommebelter leveres med flere rom og glidel\u00e5slommer, og gir organisert lagring for ulike gjenstander. Dette hjelper reisende med \u00e5 holde det viktigste, som kontanter, kort og dokumenter, pent separert og lett tilgjengelig.<\/p>\n<p><strong>Komfortabelt \u00e5 Ha P\u00e5:<\/strong> Lommebelter er vanligvis laget av lette og pustende materialer, noe som gj\u00f8r dem behagelige \u00e5 ha p\u00e5 seg i lengre perioder. Dette er spesielt viktig for reisende som utforsker nye destinasjoner der de kan v\u00e6re i bevegelse i lange perioder.<\/p>\n<p><strong>Allsidighet:<\/strong> Lommebelter er allsidige og kan b\u00e6res p\u00e5 ulike m\u00e5ter \u2013 rundt midjen, under kl\u00e6rne eller til og med over brystet. Denne tilpasningen tillater reisende \u00e5 velge stilen som passer deres komfort- og sikkerhetspreferanser.<\/p>\n<p><img loading=\"lazy\" decoding=\"async\" class=\"alignnone size-full wp-image-5232\" src=\"https:\/\/isopllc.com\/usa\/wp-content\/uploads\/sites\/4\/2023\/12\/travel-belt1-3.jpg\" alt=\"Travel Belt\" width=\"300\" height=\"300\" \/><\/p>\n<div class=\"celwidget aplus-module premium-module-4-two-column-images aplus-premium\" data-csa-c-id=\"15yl7x-eio1n0-m9lh6n-socwzs\" data-cel-widget=\"aplus-premium-module-4-two-column-images\">\n<div class=\"a-section a-spacing-none premium-aplus premium-aplus-module-4 aplus-container-1\">\n<div class=\"a-section a-spacing-none premium-aplus-two-column\">\n<div class=\"a-section a-spacing-none premium-aplus-column\">\n<div class=\"a-section a-spacing-none column-description\">\n<div class=\"celwidget aplus-module module-9 aplus-standard\">\n<div class=\"aplus-module-wrapper\">\n<div class=\"\">\n<p><strong>Reisevennlig Design:<\/strong> Mange lommebelter er designet med tanke p\u00e5 reise og har RFID-blokkerende teknologi for \u00e5 beskytte mot elektronisk tyveri, holdbare materialer og justerbare stropper for \u00e5 tilpasses ulike kroppsst\u00f8rrelser.<\/p>\n<p>Hurtigtilgang: Med gjenstander lagret i et lommebelte kan reisende f\u00e5 rask og enkel tilgang til essensielle ting uten \u00e5 lete gjennom en veske. Dette er spesielt gunstig n\u00e5r du g\u00e5r gjennom flyplasssikkerhet eller gj\u00f8r raske transaksjoner.<\/p>\n<p><strong>Fred i Sinnet:<\/strong> \u00c5 ha p\u00e5 seg et lommebelte kan gi reisende fred i sinnet, vel vitende om at viktige dokumenter og verdigjenstander er trygt og praktisk oppbevart. Dette forbedrer den generelle reiseopplevelsen ved \u00e5 redusere stresset knyttet til \u00e5 holde styr p\u00e5 eiendeler.<\/p>\n<p>&nbsp;<\/p>\n<\/div>\n<\/div>\n<\/div>\n<div class=\"celwidget aplus-module launchpad-brand-description-left aplus-standard\">\n<div class=\"a-section launchpad-module launchpad-module-brand-description-left\">\n<div class=\"a-section launchpad-text-left-justify\">\n<p><strong>Diskret Stil:<\/strong> Lommebelter er designet for \u00e5 v\u00e6re diskrete og blande seg s\u00f8ml\u00f8st med kl\u00e6rne. Denne lavprofil-designen gj\u00f8r at reisende kan opprettholde en stilig og ubemerket fremtoning samtidig som de har det viktigste n\u00e6rt.<\/p>\n<p>Generelt sett er et lommebelte et praktisk og sikkert tilbeh\u00f8r som forbedrer reiseopplevelsen ved \u00e5 tilby en praktisk og organisert m\u00e5te \u00e5 b\u00e6re viktige gjenstander p\u00e5, samtidig som risikoen for tyveri minimeres.<\/p>\n<\/div>\n<\/div>\n<\/div>\n<\/div>\n<\/div>\n<\/div>\n<\/div>\n<\/div>\n","protected":false},"excerpt":{"rendered":"[embed]https:\/\/youtu.be\/6HuJSdXK0FM?si=gp_wb65nTHHJfYtf[\/embed]\n<p id=\"title\" class=\"a-size-large a-spacing-none\" style=\"text-align: center;\">ISOP Reise Belte med Skjult Lomme for Penger | Sikkerhetsbelte for Kontanter | Svart Belte &#8211; Lomme for Kredittkort | Sikker Anti-Tyveri Lommebok | N\u00f8dberedskap | Belter for Reise for Menn eller Kvinner<\/p>\n<p style=\"text-align: center;\">GRATIS LEVERING INNEN 3-7 DAGER<\/p>\n<p style=\"text-align: center;\"><strong>KJ\u00d8P DET P\u00c5<\/strong><\/p>\n<p style=\"text-align: center;\"><a href=\"https:\/\/www.amazon.de\/dp\/B0CFH3W3Y8?ref=myi_title_dp&amp;th=1\"><img loading=\"lazy\" decoding=\"async\" class=\"aligncenter wp-image-1040 size-full\" src=\"https:\/\/isopllc.com\/de\/wp-content\/uploads\/sites\/3\/2020\/01\/amazon-button9.png\" alt=\"\" width=\"160\" height=\"59\" \/><\/a><\/p>\n<p style=\"text-align: center;\">\n","protected":false},"featured_media":5275,"comment_status":"open","ping_status":"closed","template":"","meta":[],"product_brand":[],"product_cat":[74],"product_tag":[129,153,80,151,81,152],"class_list":{"0":"post-5263","1":"product","2":"type-product","3":"status-publish","4":"has-post-thumbnail","6":"product_cat-rednings-og-overlevelses","7":"product_tag-isop","8":"product_tag-penger","9":"product_tag-redningsutstyr","10":"product_tag-reise-belte","11":"product_tag-sikkerhet","12":"product_tag-skjult-lomme","14":"first","15":"instock","16":"shipping-taxable","17":"purchasable","18":"product-type-simple"},"_links":{"self":[{"href":"https:\/\/isopllc.com\/no\/wp-json\/wp\/v2\/product\/5263","targetHints":{"allow":["GET"]}}],"collection":[{"href":"https:\/\/isopllc.com\/no\/wp-json\/wp\/v2\/product"}],"about":[{"href":"https:\/\/isopllc.com\/no\/wp-json\/wp\/v2\/types\/product"}],"replies":[{"embeddable":true,"href":"https:\/\/isopllc.com\/no\/wp-json\/wp\/v2\/comments?post=5263"}],"wp:featuredmedia":[{"embeddable":true,"href":"https:\/\/isopllc.com\/no\/wp-json\/wp\/v2\/media\/5275"}],"wp:attachment":[{"href":"https:\/\/isopllc.com\/no\/wp-json\/wp\/v2\/media?parent=5263"}],"wp:term":[{"taxonomy":"product_brand","embeddable":true,"href":"https:\/\/isopllc.com\/no\/wp-json\/wp\/v2\/product_brand?post=5263"},{"taxonomy":"product_cat","embeddable":true,"href":"https:\/\/isopllc.com\/no\/wp-json\/wp\/v2\/product_cat?post=5263"},{"taxonomy":"product_tag","embeddable":true,"href":"https:\/\/isopllc.com\/no\/wp-json\/wp\/v2\/product_tag?post=5263"}],"curies":[{"name":"wp","href":"https:\/\/api.w.org\/{rel}","templated":true}]}}