{"id":5265,"date":"2023-12-30T10:27:08","date_gmt":"2023-12-30T10:27:08","guid":{"rendered":"https:\/\/isopllc.com\/usa\/?post_type=product&#038;p=5251"},"modified":"2025-01-02T16:00:21","modified_gmt":"2025-01-02T16:00:21","slug":"vegmontert-forstehjelpsskrin","status":"publish","type":"product","link":"https:\/\/isopllc.com\/no\/product\/vegmontert-forstehjelpsskrin\/","title":{"rendered":"Vegmontert F\u00f8rstehjelpsskrin"},"content":{"rendered":"<h2 id=\"title\" class=\"a-size-large a-spacing-none\">Vegmontert F\u00f8rstehjelpsskrin | Hjertestarter Defibrillator Oppbevaringsskap |\u00a0 Universalskap for n\u00f8dutstyr | N\u00f8dutgangsstige-skap<\/h2>\n<p><img loading=\"lazy\" decoding=\"async\" class=\"alignnone wp-image-5252\" src=\"https:\/\/isopllc.com\/usa\/wp-content\/uploads\/sites\/4\/2023\/12\/AED-7.jpg\" alt=\"AED\" width=\"634\" height=\"196\" \/><\/p>\n<div class=\"a-section a-spacing-none aplus-module-section aplus-text-section\">\n<div class=\"flex-1 overflow-hidden\">\n<div class=\"react-scroll-to-bottom--css-kgvmu-79elbk h-full\">\n<div class=\"react-scroll-to-bottom--css-kgvmu-1n7m0yu\">\n<div class=\"flex flex-col pb-9 text-sm\">\n<div class=\"w-full text-token-text-primary\" data-testid=\"conversation-turn-9\">\n<div class=\"px-4 py-2 justify-center text-base md:gap-6 m-auto\">\n<div class=\"flex flex-1 text-base mx-auto gap-3 md:px-5 lg:px-1 xl:px-5 md:max-w-3xl lg:max-w-[40rem] xl:max-w-[48rem] group final-completion\">\n<div class=\"relative flex w-full flex-col lg:w-[calc(100%-115px)] agent-turn\">\n<div class=\"flex-col gap-1 md:gap-3\">\n<div class=\"flex flex-grow flex-col max-w-full\">\n<div class=\"min-h-[20px] text-message flex flex-col items-start gap-3 whitespace-pre-wrap break-words [.text-message+&amp;]:mt-5 overflow-x-auto\" data-message-author-role=\"assistant\" data-message-id=\"b0b1cd3a-f341-46e3-8d24-8f4a65d52635\">\n<div class=\"markdown prose w-full break-words dark:prose-invert light\">\n<p>Utstyrt med snap-l\u00e5ser som passer til alle Hjertestarter Defibrillator Oppbevaringsskap, gir ISOP Vegmontert F\u00f8rstehjelpsskrin sikker lagringsplass for din hjertestarter, klar til bruk. Den r\u00f8de AED-teksten vil varsle alle her, plassert p\u00e5 ulykkesstedet, innfelte d\u00f8rh\u00e5ndtak, sofistikert snap-l\u00e5s-design som lar deg redde liv raskt. V\u00e5rt AED-skap er intelligent designet for rask tilgang. Installer det p\u00e5 et lett tilgjengelig sted for \u00e5 sikre at hjertestarteren kan hentes raskt n\u00e5r hvert sekund teller mest.<\/p>\n<p><strong>Universell anvendelighet:<\/strong> Skreddersydd for universell bruk er dette Vegmontert F\u00f8rstehjelpsskrin ideelt for sykehus, klinikker, redningskj\u00f8ret\u00f8y, institusjoner og ulike innstillinger. Det im\u00f8tekommer lagringsbehovene til hjertestartere tilgjengelige bare for oppl\u00e6rte fagfolk, og \u00f8ker sikkerheten i ulike milj\u00f8er.<\/p>\n<p><strong>Praktisk hulh\u00e5ndtak:<\/strong> Med et brukervennlig hulh\u00e5ndtak sikrer Vegmontert F\u00f8rstehjelpsskrin enkel og umiddelbar tilgang til den lagrede hjertestarteren. Den ul\u00e5ste designen eliminerer forsinkelser i \u00e5 n\u00e5 hjertestarteren under kritiske \u00f8yeblikk. Invest\u00e9r i N\u00f8dutgangsstige-skap for en s\u00f8ml\u00f8s kombinasjon av tilgjengelighet, sikkerhet og gjennomsiktighet. Hev beredskapsniv\u00e5et med v\u00e5r p\u00e5litelige AED-lagringsl\u00f8sning og sikre at livreddende utstyr alltid er innen rekkevidde n\u00e5r tiden er avgj\u00f8rende.<\/p>\n<p>I tillegg kan denne aluminiumsboksen fungere som lagring for ulike typer utstyr, som brannstige, f\u00f8rstehjelpsskrin, og rett og slett for lagring av varer.<\/p>\n<\/div>\n<\/div>\n<\/div>\n<\/div>\n<\/div>\n<\/div>\n<\/div>\n<\/div>\n<\/div>\n<\/div>\n<\/div>\n<\/div>\n<p><em>35,8 x 17,8 x 40 cm | 3,63 KG<\/em><\/p>\n<p><em>Laget av industriell kvalitetsjern<\/em><\/p>\n<p><em>Gjennomsiktig akrylvindu og r\u00f8de elementer for enkel identifikasjon<\/em><\/p>\n<p><em>Fire hull for installasjon p\u00e5 baksiden av enheten<\/em><\/p>\n<p><em>Universell AED-veggskap passer til alle AED-er<\/em><\/p>\n<p><img loading=\"lazy\" decoding=\"async\" class=\"alignnone wp-image-5253\" src=\"https:\/\/isopllc.com\/usa\/wp-content\/uploads\/sites\/4\/2023\/12\/AED-8.jpg\" alt=\"AED\" width=\"631\" height=\"195\" \/><\/p>\n<\/div>\n","protected":false},"excerpt":{"rendered":"<p id=\"title\" class=\"a-size-large a-spacing-none\" style=\"text-align: center;\">Vegmontert F\u00f8rstehjelpsskrin | Hjertestarter Defibrillator Oppbevaringsskap | Universalskap for n\u00f8dutstyr\u00a0 | N\u00f8dutgangsstige-skap<\/p>\n<p style=\"text-align: center;\">GRATIS LEVERING INNEN 3-7 DAGER<\/p>\n<h4 style=\"text-align: center;\"><strong>KJ\u00d8P DET P\u00c5<\/strong><\/h4>\n<p style=\"text-align: center;\"><a href=\"https:\/\/www.amazon.de\/dp\/B0CN18ZB44\/ref=sr_1_1?__mk_de_DE=%C3%85M%C3%85%C5%BD%C3%95%C3%91&amp;crid=38LUXX770LNMV&amp;keywords=AED-Defibrillator-Aufbewahrungsschrank&amp;qid=1706455679&amp;s=drugstore&amp;sprefix=%2Cdrugstore%2C620&amp;sr=1-1&amp;ufe=app_do%3Aamzn1.fos.d85e497d-ab66-4790-acf8-e520aaf28cd3\"><img loading=\"lazy\" decoding=\"async\" class=\"aligncenter wp-image-1040 size-full\" src=\"https:\/\/isopllc.com\/de\/wp-content\/uploads\/sites\/3\/2020\/01\/amazon-button9.png\" alt=\"\" width=\"160\" height=\"59\" \/><\/a><\/p>\n","protected":false},"featured_media":5647,"comment_status":"open","ping_status":"closed","template":"","meta":[],"product_brand":[],"product_cat":[66,74],"product_tag":[149,148,129,150,80,81],"class_list":{"0":"post-5265","1":"product","2":"type-product","3":"status-publish","4":"has-post-thumbnail","6":"product_cat-oppbevaringsboks-for-brann-romningsstiger","7":"product_cat-rednings-og-overlevelses","8":"product_tag-defibrillator","9":"product_tag-hjertestarter","10":"product_tag-isop","11":"product_tag-oppbevaringsskap","12":"product_tag-redningsutstyr","13":"product_tag-sikkerhet","15":"first","16":"instock","17":"shipping-taxable","18":"purchasable","19":"product-type-simple"},"_links":{"self":[{"href":"https:\/\/isopllc.com\/no\/wp-json\/wp\/v2\/product\/5265","targetHints":{"allow":["GET"]}}],"collection":[{"href":"https:\/\/isopllc.com\/no\/wp-json\/wp\/v2\/product"}],"about":[{"href":"https:\/\/isopllc.com\/no\/wp-json\/wp\/v2\/types\/product"}],"replies":[{"embeddable":true,"href":"https:\/\/isopllc.com\/no\/wp-json\/wp\/v2\/comments?post=5265"}],"wp:featuredmedia":[{"embeddable":true,"href":"https:\/\/isopllc.com\/no\/wp-json\/wp\/v2\/media\/5647"}],"wp:attachment":[{"href":"https:\/\/isopllc.com\/no\/wp-json\/wp\/v2\/media?parent=5265"}],"wp:term":[{"taxonomy":"product_brand","embeddable":true,"href":"https:\/\/isopllc.com\/no\/wp-json\/wp\/v2\/product_brand?post=5265"},{"taxonomy":"product_cat","embeddable":true,"href":"https:\/\/isopllc.com\/no\/wp-json\/wp\/v2\/product_cat?post=5265"},{"taxonomy":"product_tag","embeddable":true,"href":"https:\/\/isopllc.com\/no\/wp-json\/wp\/v2\/product_tag?post=5265"}],"curies":[{"name":"wp","href":"https:\/\/api.w.org\/{rel}","templated":true}]}}