{"id":5486,"date":"2024-02-04T11:46:22","date_gmt":"2024-02-04T11:46:22","guid":{"rendered":"https:\/\/isopllc.com\/no\/?post_type=product&#038;p=5486"},"modified":"2025-07-02T12:35:30","modified_gmt":"2025-07-02T12:35:30","slug":"brannslukningsbrakett-2-5-kg-10-pakn","status":"publish","type":"product","link":"https:\/\/isopllc.com\/no\/product\/brannslukningsbrakett-2-5-kg-10-pakn\/","title":{"rendered":"Brannslukningsbrakett 2.5 kg 10 Pakn"},"content":{"rendered":"<h1 id=\"title\" class=\"a-size-large a-spacing-none\"><span id=\"productTitle\" class=\"a-size-large product-title-word-break\">Brannslukningsbrakett 2.5 kg 10 Pack | Brannslukningsapparater Monteringsbrakett for hjemmerestaurant eller kontor |\u00a0Tungt arbeid brannslukningsapparatholder med monteringsutstyr<\/span><\/h1>\n<p><img loading=\"lazy\" decoding=\"async\" class=\"alignnone wp-image-5282 entered lazyloaded\" title=\"Brannslukningsbrakett 5Lb 10 pakke 10\" src=\"https:\/\/isopllc.com\/usa\/wp-content\/uploads\/sites\/4\/2024\/01\/51mPe55XfnL._AC_1.jpg\" sizes=\"auto, (max-width: 527px) 100vw, 527px\" srcset=\"https:\/\/isopllc.com\/usa\/wp-content\/uploads\/sites\/4\/2024\/01\/51mPe55XfnL._AC_1.jpg 650w, https:\/\/isopllc.com\/usa\/wp-content\/uploads\/sites\/4\/2024\/01\/51mPe55XfnL._AC_1-416x224.jpg 416w\" alt=\"Brannslukningsapparat veggfeste\" width=\"527\" height=\"284\" data-lazy-srcset=\"https:\/\/isopllc.com\/usa\/wp-content\/uploads\/sites\/4\/2024\/01\/51mPe55XfnL._AC_1.jpg 650w, https:\/\/isopllc.com\/usa\/wp-content\/uploads\/sites\/4\/2024\/01\/51mPe55XfnL._AC_1-416x224.jpg 416w\" data-lazy-sizes=\"(max-width: 527px) 100vw, 527px\" data-lazy-src=\"https:\/\/isopllc.com\/usa\/wp-content\/uploads\/sites\/4\/2024\/01\/51mPe55XfnL._AC_1.jpg\" data-ll-status=\"loaded\" \/><\/p>\n<h1 class=\"aplus-h3 a-text-bold\">Universal brannslukningsapparat Veggkrokhenger<\/h1>\n<p>V\u00e5re universelle brannslukningsbraketter s\u00f8rger for sikkerheten til ditt hjem og kj\u00f8kken ved \u00e5 gi kompatibilitet med et bredt utvalg av brannslukkere: sm\u00e5, store, etterfyllbare vann-, CO2- eller klasse K-slukkere, veggfestet v\u00e5rt er den perfekte l\u00f8sningen for ditt hjem, kontor , eller kj\u00f8kken.<\/p>\n<p><img loading=\"lazy\" decoding=\"async\" class=\"alignnone wp-image-5283 entered lazyloaded\" title=\"Brannslukningsbrakett 5Lb 10 pakke 11\" src=\"https:\/\/isopllc.com\/usa\/wp-content\/uploads\/sites\/4\/2024\/01\/51mPe55XfnL._AC_2.jpg\" sizes=\"auto, (max-width: 537px) 100vw, 537px\" srcset=\"https:\/\/isopllc.com\/usa\/wp-content\/uploads\/sites\/4\/2024\/01\/51mPe55XfnL._AC_2.jpg 650w, https:\/\/isopllc.com\/usa\/wp-content\/uploads\/sites\/4\/2024\/01\/51mPe55XfnL._AC_2-416x224.jpg 416w\" alt=\"Brannslukningsbraketter\" width=\"537\" height=\"289\" data-lazy-srcset=\"https:\/\/isopllc.com\/usa\/wp-content\/uploads\/sites\/4\/2024\/01\/51mPe55XfnL._AC_2.jpg 650w, https:\/\/isopllc.com\/usa\/wp-content\/uploads\/sites\/4\/2024\/01\/51mPe55XfnL._AC_2-416x224.jpg 416w\" data-lazy-sizes=\"(max-width: 537px) 100vw, 537px\" data-lazy-src=\"https:\/\/isopllc.com\/usa\/wp-content\/uploads\/sites\/4\/2024\/01\/51mPe55XfnL._AC_2.jpg\" data-ll-status=\"loaded\" \/><\/p>\n<h1 class=\"aplus-h3 a-text-bold\">Kompakt og enkel \u00e5 installere<\/h1>\n<p class=\"aplus-p3\">Den kraftige universal brannslukningsveggkroken i st\u00e5l |\u00a0Festebrakett |\u00a0Hanger er spesielt designet for \u00e5 holde brannslukningsapparater p\u00e5 opptil 6 kg.<\/p>\n<p class=\"aplus-p3\">Den har en h\u00f8y brannslukningsst\u00f8tte med universell kompatibilitet for alle slukkeapparater med ventilhus.<\/p>\n<p><img loading=\"lazy\" decoding=\"async\" class=\"alignnone wp-image-5284 entered lazyloaded\" title=\"Brannslukningsbrakett 5Lb 10 pakke 12\" src=\"https:\/\/isopllc.com\/usa\/wp-content\/uploads\/sites\/4\/2024\/01\/51mPe55XfnL._AC_3.jpg\" sizes=\"auto, (max-width: 526px) 100vw, 526px\" srcset=\"https:\/\/isopllc.com\/usa\/wp-content\/uploads\/sites\/4\/2024\/01\/51mPe55XfnL._AC_3.jpg 650w, https:\/\/isopllc.com\/usa\/wp-content\/uploads\/sites\/4\/2024\/01\/51mPe55XfnL._AC_3-416x224.jpg 416w\" alt=\"Brannslukningsbraketter\" width=\"526\" height=\"283\" data-lazy-srcset=\"https:\/\/isopllc.com\/usa\/wp-content\/uploads\/sites\/4\/2024\/01\/51mPe55XfnL._AC_3.jpg 650w, https:\/\/isopllc.com\/usa\/wp-content\/uploads\/sites\/4\/2024\/01\/51mPe55XfnL._AC_3-416x224.jpg 416w\" data-lazy-sizes=\"(max-width: 526px) 100vw, 526px\" data-lazy-src=\"https:\/\/isopllc.com\/usa\/wp-content\/uploads\/sites\/4\/2024\/01\/51mPe55XfnL._AC_3.jpg\" data-ll-status=\"loaded\" \/><\/p>\n<h1 class=\"aplus-h3 a-text-bold\">Praktisk montert<\/h1>\n<p class=\"aplus-p3\">Med v\u00e5r universelle brannslukningsveggkrok, -feste, -brakett og -henger kan du enkelt montere brannslokkerne akkurat der du trenger dem.<\/p>\n<p class=\"aplus-p3\">Dette er ideelt for skoler, kontorbygg og fabrikker.<\/p>\n<p class=\"aplus-p3\">Den pulverlakkerte st\u00e5lkonstruksjonen sikrer holdbarhet og lang levetid.<\/p>\n<p><img loading=\"lazy\" decoding=\"async\" class=\"alignnone wp-image-5285 entered lazyloaded\" title=\"Brannslukningsbrakett 5Lb 10 pakke 13\" src=\"https:\/\/isopllc.com\/usa\/wp-content\/uploads\/sites\/4\/2024\/01\/51mPe55XfnL._AC_4.jpg\" sizes=\"auto, (max-width: 525px) 100vw, 525px\" srcset=\"https:\/\/isopllc.com\/usa\/wp-content\/uploads\/sites\/4\/2024\/01\/51mPe55XfnL._AC_4.jpg 650w, https:\/\/isopllc.com\/usa\/wp-content\/uploads\/sites\/4\/2024\/01\/51mPe55XfnL._AC_4-416x224.jpg 416w\" alt=\"Brannslukningsbraketter\" width=\"525\" height=\"283\" data-lazy-srcset=\"https:\/\/isopllc.com\/usa\/wp-content\/uploads\/sites\/4\/2024\/01\/51mPe55XfnL._AC_4.jpg 650w, https:\/\/isopllc.com\/usa\/wp-content\/uploads\/sites\/4\/2024\/01\/51mPe55XfnL._AC_4-416x224.jpg 416w\" data-lazy-sizes=\"(max-width: 525px) 100vw, 525px\" data-lazy-src=\"https:\/\/isopllc.com\/usa\/wp-content\/uploads\/sites\/4\/2024\/01\/51mPe55XfnL._AC_4.jpg\" data-ll-status=\"loaded\" \/><\/p>\n<h1 class=\"aplus-h3 a-text-bold\">Pakke inkluderer<\/h1>\n<div class=\"a-section a-spacing-none column-description\">\n<p class=\"aplus-p3\">10 brannslukningsbraketter<\/p>\n<p class=\"aplus-p3\">10 skruer<\/p>\n<p class=\"aplus-p3\">10 skiver i mykt jern<\/p>\n<p class=\"aplus-p3\">1 installasjonsveiledning<\/p>\n<p class=\"aplus-p3\"><strong><span class=\"a-text-bold\">V\u00e6r oppmerksom p\u00e5 at brannslukningsapparater selges separat.<\/span><\/strong><\/p>\n<p class=\"description\">N\u00e5r det gjelder sikkerhet, teller hvert sekund.\u00a0Derfor er vi stolte over \u00e5 introdusere v\u00e5re brannslukningsmonterte 10 enheter, designet for \u00e5 holde hjemmet eller kj\u00f8kkenet ditt forberedt for n\u00f8dsituasjoner.\u00a0V\u00e5re universelle veggmonteringsbraketter for brannslukningsapparat er den perfekte l\u00f8sningen for bulkbehov, og sikrer at du har n\u00f8dvendig utstyr for \u00e5 opprettholde sikkerhet og beskyttelse p\u00e5 flere steder.<\/p>\n<p class=\"description\">Brannslukningsbrakettene v\u00e5re er laget med holdbarhet og brukervennlighet i tankene, og tilbyr en sikker og p\u00e5litelig monteringsl\u00f8sning for dine brannslukningsapparater.\u00a0Den slanke og allsidige designen gir rask og praktisk installasjon, noe som gj\u00f8r den ideell for b\u00e5de boliger og kommersielle omgivelser.\u00a0Med disse festene kan du sikre at brannslukningsapparatene dine er lett tilgjengelige i n\u00f8dstilfeller, noe som gir trygghet for deg og dine kj\u00e6re.<\/p>\n<p class=\"description\">ISOP brannslukningskroker er konstruert av materialer av h\u00f8y kvalitet, og gir en solid og langvarig l\u00f8sning for \u00e5 sikre brannsikkerhetsutstyret ditt.\u00a0Den universelle utformingen sikrer kompatibilitet med ulike brannslukningsmodeller, og tilbyr et allsidig monteringsalternativ for dine spesifikke behov.\u00a0Enten du \u00f8nsker \u00e5 utstyre hjemmet, kj\u00f8kkenet, garasjen eller arbeidsplassen, gir v\u00e5re bulkbrannslukningsholdere en kostnadseffektiv og effektiv l\u00f8sning for \u00e5 opprettholde sikkerheten p\u00e5 flere steder.<\/p>\n<p class=\"description\">Ved \u00e5 investere i ISOP brannslukningsfester, tar du et proaktivt skritt mot \u00e5 beskytte eiendommen din og menneskene i den.\u00a0Ikke vent til en n\u00f8dsituasjon inntreffer \u2013 sikre brannslukningsapparatene dine i dag med v\u00e5re p\u00e5litelige og praktiske veggfestebraketter.\u00a0Med v\u00e5re bulkalternativer kan du effektivt utstyre flere omr\u00e5der med de essensielle sikkerhetstiltakene de krever.<\/p>\n<p class=\"description\">Bestill n\u00e5 og ta det f\u00f8rste skrittet mot \u00e5 skape et tryggere milj\u00f8 for hjemmet, kj\u00f8kkenet eller arbeidsplassen.\u00a0Stol p\u00e5 v\u00e5rt brannslukningshengersett p\u00e5 10 for \u00e5 gi sikkerheten og tilgjengeligheten du trenger n\u00e5r det betyr mest.<\/p>\n<\/div>\n","protected":false},"excerpt":{"rendered":"<p id=\"title\" class=\"a-size-large a-spacing-none\" style=\"text-align: center;\"><span id=\"productTitle\" class=\"a-size-large product-title-word-break\">Brannslukningsbrakett 2.5 kg 10 Pack | Brannslukningsapparater Monteringsbrakett for hjemmerestaurant eller kontor |\u00a0Tungt arbeid brannslukningsapparatholder med monteringsutstyr<\/span><\/p>\n<p style=\"text-align: center;\">GRATIS LEVERING INNEN 3-7 DAGER<\/p>\n<p style=\"text-align: center;\"><strong>KJ\u00d8P DEN P\u00c5<\/strong><\/p>\n<p><a href=\"https:\/\/www.amazon.de\/dp\/B0CN18L66P\/ref=sr_1_1?__mk_de_DE=%C3%85M%C3%85%C5%BD%C3%95%C3%91&amp;crid=28BMVSL7IV0IT&amp;keywords=Feuerl%C3%B6scher-Halterung&amp;qid=1706456168&amp;s=diy&amp;sprefix=feuerl%C3%B6scher-halterung%2Cdiy%2C221&amp;sr=1-1&amp;th=1\"><img loading=\"lazy\" decoding=\"async\" class=\"aligncenter wp-image-1040 size-full\" src=\"https:\/\/isopllc.com\/de\/wp-content\/uploads\/sites\/3\/2020\/01\/amazon-button9.png\" alt=\"\" width=\"160\" height=\"59\" \/><\/a><\/p>\n","protected":false},"featured_media":5475,"comment_status":"open","ping_status":"closed","template":"","meta":[],"product_brand":[],"product_cat":[204],"product_tag":[113,114,80,81],"class_list":{"0":"post-5486","1":"product","2":"type-product","3":"status-publish","4":"has-post-thumbnail","6":"product_cat-brannslukningsapparat-holder","7":"product_tag-brannslukningsbrakett","8":"product_tag-pakn","9":"product_tag-redningsutstyr","10":"product_tag-sikkerhet","12":"first","13":"instock","14":"shipping-taxable","15":"purchasable","16":"product-type-simple"},"_links":{"self":[{"href":"https:\/\/isopllc.com\/no\/wp-json\/wp\/v2\/product\/5486","targetHints":{"allow":["GET"]}}],"collection":[{"href":"https:\/\/isopllc.com\/no\/wp-json\/wp\/v2\/product"}],"about":[{"href":"https:\/\/isopllc.com\/no\/wp-json\/wp\/v2\/types\/product"}],"replies":[{"embeddable":true,"href":"https:\/\/isopllc.com\/no\/wp-json\/wp\/v2\/comments?post=5486"}],"wp:featuredmedia":[{"embeddable":true,"href":"https:\/\/isopllc.com\/no\/wp-json\/wp\/v2\/media\/5475"}],"wp:attachment":[{"href":"https:\/\/isopllc.com\/no\/wp-json\/wp\/v2\/media?parent=5486"}],"wp:term":[{"taxonomy":"product_brand","embeddable":true,"href":"https:\/\/isopllc.com\/no\/wp-json\/wp\/v2\/product_brand?post=5486"},{"taxonomy":"product_cat","embeddable":true,"href":"https:\/\/isopllc.com\/no\/wp-json\/wp\/v2\/product_cat?post=5486"},{"taxonomy":"product_tag","embeddable":true,"href":"https:\/\/isopllc.com\/no\/wp-json\/wp\/v2\/product_tag?post=5486"}],"curies":[{"name":"wp","href":"https:\/\/api.w.org\/{rel}","templated":true}]}}