{"id":5488,"date":"2024-01-24T04:10:22","date_gmt":"2024-01-24T04:10:22","guid":{"rendered":"https:\/\/isopllc.com\/no\/?post_type=product&#038;p=5488"},"modified":"2025-07-02T12:35:50","modified_gmt":"2025-07-02T12:35:50","slug":"brannslukningsboks-i-stor-storrelse","status":"publish","type":"product","link":"https:\/\/isopllc.com\/no\/product\/brannslukningsboks-i-stor-storrelse\/","title":{"rendered":"Brannslukningsboks Stor | 58 * 23 * 18 cm"},"content":{"rendered":"<h1 class=\"product_title entry-title\">Brannslukningsboks Stor | 58 * 23 * 18 cm | Oppbevaring av brannslukningsapparater | V\u00e6rbestandig brannskap | Veggmontert brannslukningsboks | Synlig brannsikkerhetsskap | Oppbevaring for brannslukningsapparater<\/h1>\n<p><img loading=\"lazy\" decoding=\"async\" class=\"alignnone wp-image-5269 entered lazyloaded\" title=\"Brannslukningsskap M st\u00f8rrelse 10\" src=\"https:\/\/isopllc.com\/usa\/wp-content\/uploads\/sites\/4\/2024\/01\/%D0%A8%D0%BA%D0%B0%D1%84-2_1.png\" alt=\"Brannslukningsboks L\" width=\"348\" height=\"348\" data-lazy-srcset=\"https:\/\/isopllc.com\/usa\/wp-content\/uploads\/sites\/4\/2024\/01\/\u0428\u043a\u0430\u0444-2_1.png 900w, https:\/\/isopllc.com\/usa\/wp-content\/uploads\/sites\/4\/2024\/01\/\u0428\u043a\u0430\u0444-2_1-150x150.png 150w, https:\/\/isopllc.com\/usa\/wp-content\/uploads\/sites\/4\/2024\/01\/\u0428\u043a\u0430\u0444-2_1-768x768.png 768w, https:\/\/isopllc.com\/usa\/wp-content\/uploads\/sites\/4\/2024\/01\/\u0428\u043a\u0430\u0444-2_1-416x416.png 416w, https:\/\/isopllc.com\/usa\/wp-content\/uploads\/sites\/4\/2024\/01\/\u0428\u043a\u0430\u0444-2_1-100x100.png 100w\" data-lazy-sizes=\"(max-width: 348px) 100vw, 348px\" data-lazy-src=\"https:\/\/isopllc.com\/usa\/wp-content\/uploads\/sites\/4\/2024\/01\/\u0428\u043a\u0430\u0444-2_1.png\" data-ll-status=\"loaded\" \/><\/p>\n<h1 class=\"aplus-h3 a-text-bold\">S\u00f8rg for ingen forsinkelser i responstider<\/h1>\n<p>Oppretthold beredskapen og tilgjengeligheten til brannslukningsapparatet ditt mens du holder det beskyttet mot st\u00f8v, rusk og tukling med v\u00e5rt kraftige kabinett.\u00a0Designet for holdbarhet og rask gjenkjennelse i en n\u00f8dssituasjon, sikrer dette r\u00f8de pulverlakkerte st\u00e5lskapet ingen forsinkelser i responstider.<\/p>\n<p><img loading=\"lazy\" decoding=\"async\" class=\"alignnone wp-image-5270 entered lazyloaded\" title=\"Brannslukningsskap M st\u00f8rrelse 11\" src=\"https:\/\/isopllc.com\/usa\/wp-content\/uploads\/sites\/4\/2024\/01\/%D0%A8%D0%BA%D0%B0%D1%84-2_2.png\" alt=\"Brannslukningsboks L\" width=\"342\" height=\"342\" data-lazy-srcset=\"https:\/\/isopllc.com\/usa\/wp-content\/uploads\/sites\/4\/2024\/01\/\u0428\u043a\u0430\u0444-2_2.png 900w, https:\/\/isopllc.com\/usa\/wp-content\/uploads\/sites\/4\/2024\/01\/\u0428\u043a\u0430\u0444-2_2-150x150.png 150w, https:\/\/isopllc.com\/usa\/wp-content\/uploads\/sites\/4\/2024\/01\/\u0428\u043a\u0430\u0444-2_2-768x768.png 768w, https:\/\/isopllc.com\/usa\/wp-content\/uploads\/sites\/4\/2024\/01\/\u0428\u043a\u0430\u0444-2_2-416x416.png 416w, https:\/\/isopllc.com\/usa\/wp-content\/uploads\/sites\/4\/2024\/01\/\u0428\u043a\u0430\u0444-2_2-100x100.png 100w\" data-lazy-sizes=\"(max-width: 342px) 100vw, 342px\" data-lazy-src=\"https:\/\/isopllc.com\/usa\/wp-content\/uploads\/sites\/4\/2024\/01\/\u0428\u043a\u0430\u0444-2_2.png\" data-ll-status=\"loaded\" \/><\/p>\n<h1 class=\"aplus-h3 a-text-bold\">Brannslukningsapparatet ditt forblir sikkert og klart<\/h1>\n<p>S\u00f8rg for sikkerheten til milj\u00f8et ditt med dette sv\u00e6rt synlige brannslukningsskapet.\u00a0Dette skapet er egnet for bruk i kommersielle, industrielle og boligmilj\u00f8er, og kommer med forh\u00e5ndsborede monteringshull for \u00e5 gj\u00f8re installasjonen enkel og sikker.<\/p>\n<p><img loading=\"lazy\" decoding=\"async\" class=\"alignnone wp-image-5271 entered lazyloaded\" title=\"Brannslukningsskap M st\u00f8rrelse 12\" src=\"https:\/\/isopllc.com\/usa\/wp-content\/uploads\/sites\/4\/2024\/01\/Estinguisher-Size-L-3.jpg\" alt=\"Brannslukningsboks L\" width=\"403\" height=\"217\" data-lazy-srcset=\"https:\/\/isopllc.com\/usa\/wp-content\/uploads\/sites\/4\/2024\/01\/Estinguisher-Size-L-3.jpg 650w, https:\/\/isopllc.com\/usa\/wp-content\/uploads\/sites\/4\/2024\/01\/Estinguisher-Size-L-3-416x224.jpg 416w\" data-lazy-sizes=\"(max-width: 403px) 100vw, 403px\" data-lazy-src=\"https:\/\/isopllc.com\/usa\/wp-content\/uploads\/sites\/4\/2024\/01\/Estinguisher-Size-L-3.jpg\" data-ll-status=\"loaded\" \/><\/p>\n<h1 class=\"aplus-h3 a-text-bold\">Egenskaper<\/h1>\n<p class=\"aplus-p3\">\u2013 Robust st\u00e5lkonstruksjon med en levende r\u00f8d pulverlakkert finish for h\u00f8y synlighet<\/p>\n<p class=\"aplus-p3\">\u2013 Gjennomsiktig visningspanel gj\u00f8r inspeksjonen enkel uten \u00e5 \u00e5pne skapet<\/p>\n<p class=\"aplus-p3\">\u2013 Integrert h\u00e5ndtak for jevn \u00e5pning i n\u00f8dstilfeller<\/p>\n<p class=\"aplus-p3\">\u2013 Forborede hull for enkel og sikker veggmontering<\/p>\n<p><img loading=\"lazy\" decoding=\"async\" class=\"alignnone wp-image-5272 entered lazyloaded\" title=\"Brannslukningsskap M st\u00f8rrelse 13\" src=\"https:\/\/isopllc.com\/usa\/wp-content\/uploads\/sites\/4\/2024\/01\/Estinguisher-Size-L-4.jpg\" alt=\"Brannslukningsboks\" width=\"453\" height=\"244\" data-lazy-srcset=\"https:\/\/isopllc.com\/usa\/wp-content\/uploads\/sites\/4\/2024\/01\/Estinguisher-Size-L-4.jpg 650w, https:\/\/isopllc.com\/usa\/wp-content\/uploads\/sites\/4\/2024\/01\/Estinguisher-Size-L-4-416x224.jpg 416w\" data-lazy-sizes=\"(max-width: 453px) 100vw, 453px\" data-lazy-src=\"https:\/\/isopllc.com\/usa\/wp-content\/uploads\/sites\/4\/2024\/01\/Estinguisher-Size-L-4.jpg\" data-ll-status=\"loaded\" \/><\/p>\n<div class=\"celwidget aplus-module premium-module-3-four-column-images aplus-premium\" data-csa-c-id=\"5x7ui9-ius50c-ssm1r8-66oj1i\" data-cel-widget=\"aplus-premium-module-3-four-column-images\">\n<div class=\"a-section a-spacing-none premium-aplus premium-aplus-module-3 aplus-container-1\">\n<div class=\"a-section a-spacing-none premium-aplus-four-column\">\n<div class=\"a-section a-spacing-none premium-aplus-column\">\n<div class=\"a-section a-spacing-none column-description\"><\/div>\n<\/div>\n<\/div>\n<\/div>\n<\/div>\n<div class=\"celwidget aplus-module premium-module-4-two-column-images aplus-premium\" data-csa-c-id=\"15yl7x-eio1n0-m9lh6n-socwzs\" data-cel-widget=\"aplus-premium-module-4-two-column-images\">\n<div class=\"a-section a-spacing-none premium-aplus premium-aplus-module-4 aplus-container-1\">\n<div class=\"a-section a-spacing-none premium-aplus-two-column\">\n<div class=\"a-section a-spacing-none premium-aplus-column\">\n<div class=\"a-section a-spacing-none column-description\"><\/div>\n<\/div>\n<div class=\"a-section a-spacing-none premium-aplus-column\">\n<div class=\"a-section a-spacing-none column-description\">\n<h1 class=\"aplus-h3 a-text-bold\">Spesifikasjoner<\/h1>\n<p class=\"aplus-p3\">\u2013 Materiale: Kraftig jern<\/p>\n<p class=\"aplus-p3\">\u2013 Finish: Sikkerhetsr\u00f8d pulverlakk<\/p>\n<p class=\"aplus-p3\">\u2013 Dimensjoner: Liten \u2013 33*12*11 cm | Stor \u2013 58*23*18 cm<\/p>\n<p class=\"aplus-p3\"><strong><span class=\"a-text-bold\">V\u00e6r oppmerksom p\u00e5 at brannslukningsapparater selges separat.<\/span><\/strong><\/p>\n<p class=\"description\">Vi introduserer det ultimate brannslukningsskapet, designet for \u00e5 gi p\u00e5litelig og v\u00e6rbestandig oppbevaring av brannsikkerhetsutstyret ditt.\u00a0V\u00e5rt veggmonterte skap tilbyr en synlig og sikker l\u00f8sning for oppbevaring av brannslukningsapparater, som sikrer at de er lett tilgjengelige i n\u00f8dstilfeller.<\/p>\n<p class=\"description\">Brannslukningsoppbevaringen v\u00e5r er laget med holdbarhet og praktisk i tankene, og har en romslig design som enkelt tar imot brannslukkere p\u00e5 opptil 5 kg. Den v\u00e6rbestandige konstruksjonen sikrer at brannsikkerhetsutstyret ditt forblir beskyttet mot elementene, noe som gj\u00f8r det egnet for b\u00e5de innend\u00f8rs og utend\u00f8rs installasjon.\u00a0Med sin robuste design og h\u00f8ysynte finish, tilbyr v\u00e5rt v\u00e6rbestandige brannslukningsskap en fremtredende og lett tilgjengelig oppbevaringsl\u00f8sning for din eiendom.<\/p>\n<p class=\"description\">Den veggmonterte konfigurasjonen til veggmontert brannslukningsboks gj\u00f8r det mulig \u00e5 installere p\u00e5 viktige steder, for eksempel varehus, fabrikker, garasjer eller ethvert omr\u00e5de hvor overholdelse av brannsikkerhet er avgj\u00f8rende.\u00a0Den sv\u00e6rt synlige designen sikrer at brannslukningsapparatet er lett identifiserbart og tilgjengelig for autorisert personell, noe som forbedrer n\u00f8drespons og sikkerhetsprotokoller.<\/p>\n<p class=\"description\">V\u00e5rt oppbevaringsskap for brannslukningsapparater gir en sikker og holdbar l\u00f8sning for \u00e5 huse brannsikkerhetsutstyr, og gir trygghet og overholdelse av sikkerhetsforskrifter.\u00a0Skapets synlige og beskyttende natur gj\u00f8r det til et ideelt valg for kommersielle og industrielle omgivelser, hvor sikring mot brannfare er avgj\u00f8rende.<\/p>\n<p class=\"description\">Invester i brannslukningsboksen v\u00e5r for \u00e5 sikre brannsikkerhetsutstyret ditt med selvtillit og trygghet.\u00a0S\u00f8rg for at eiendommen din er utstyrt med en synlig og tilgjengelig veggmontert brannslukningsl\u00f8sning \u2013 bestill n\u00e5 og ta et proaktivt skritt mot \u00e5 \u00f8ke sikkerheten og samsvar i lokalene dine.\u00a0Stol p\u00e5 v\u00e5rt v\u00e6rbestandige brannslukningsskap for \u00e5 beskytte brannsikkerhetsutstyret ditt og gi en synlig og tilgjengelig lagringsl\u00f8sning for beredskap.<\/p>\n<p>Tilgjengelig ogs\u00e5 i <a href=\"https:\/\/isopllc.com\/no\/product\/brannslokkerskap-str-m-45-17-15-cm\/\"><strong>medium<\/strong><\/a> og <a href=\"https:\/\/isopllc.com\/no\/product\/brannslukningsskap-m-str\/\"><strong>liten<\/strong><\/a> st\u00f8rrelse.<\/p>\n<\/div>\n<\/div>\n<\/div>\n<\/div>\n<\/div>\n","protected":false},"excerpt":{"rendered":"[embed]https:\/\/www.youtube.com\/watch?v=4IiU1ZXS-RE[\/embed]\n<p class=\"product_title entry-title\" style=\"text-align: center\">Brannslukningsboks Stor | 58 * 23 * 18 cm | Oppbevaring av brannslukningsapparater | V\u00e6rbestandig brannskap | Veggmontert brannslukningsboks | Synlig brannsikkerhetsskap | Oppbevaring for brannslukningsapparater<\/p>\n<p style=\"text-align: center\">GRATIS LEVERING INNEN 3-7 DAGER<\/p>\n<p style=\"text-align: center\"><strong>KJ\u00d8P DEN P\u00c5<\/strong><a href=\"https:\/\/www.amazon.de\/dp\/B0CNKKC4HW\/ref=sr_1_1?__mk_de_DE=%C3%85M%C3%85%C5%BD%C3%95%C3%91&amp;crid=8O03ECSC2CMA&amp;keywords=Feuerl%C3%B6scher%20Box&amp;qid=1706456411&amp;s=diy&amp;sprefix=b0cn18l66p%2Cdiy%2C483&amp;sr=1-1\"><img loading=\"lazy\" decoding=\"async\" class=\"aligncenter wp-image-1040 size-full\" src=\"https:\/\/isopllc.com\/de\/wp-content\/uploads\/sites\/3\/2020\/01\/amazon-button9.png\" alt=\"\" width=\"160\" height=\"59\" \/><\/a><\/p>\n","protected":false},"featured_media":5480,"comment_status":"open","ping_status":"closed","template":"","meta":[],"product_brand":[],"product_cat":[204,68],"product_tag":[111,80,81,112],"class_list":{"0":"post-5488","1":"product","2":"type-product","3":"status-publish","4":"has-post-thumbnail","6":"product_cat-brannslukningsapparat-holder","7":"product_cat-tilbehor-til-brannstiger","8":"product_tag-brannslukningsboks","9":"product_tag-redningsutstyr","10":"product_tag-sikkerhet","11":"product_tag-stor","13":"first","14":"instock","15":"shipping-taxable","16":"purchasable","17":"product-type-simple"},"_links":{"self":[{"href":"https:\/\/isopllc.com\/no\/wp-json\/wp\/v2\/product\/5488","targetHints":{"allow":["GET"]}}],"collection":[{"href":"https:\/\/isopllc.com\/no\/wp-json\/wp\/v2\/product"}],"about":[{"href":"https:\/\/isopllc.com\/no\/wp-json\/wp\/v2\/types\/product"}],"replies":[{"embeddable":true,"href":"https:\/\/isopllc.com\/no\/wp-json\/wp\/v2\/comments?post=5488"}],"wp:featuredmedia":[{"embeddable":true,"href":"https:\/\/isopllc.com\/no\/wp-json\/wp\/v2\/media\/5480"}],"wp:attachment":[{"href":"https:\/\/isopllc.com\/no\/wp-json\/wp\/v2\/media?parent=5488"}],"wp:term":[{"taxonomy":"product_brand","embeddable":true,"href":"https:\/\/isopllc.com\/no\/wp-json\/wp\/v2\/product_brand?post=5488"},{"taxonomy":"product_cat","embeddable":true,"href":"https:\/\/isopllc.com\/no\/wp-json\/wp\/v2\/product_cat?post=5488"},{"taxonomy":"product_tag","embeddable":true,"href":"https:\/\/isopllc.com\/no\/wp-json\/wp\/v2\/product_tag?post=5488"}],"curies":[{"name":"wp","href":"https:\/\/api.w.org\/{rel}","templated":true}]}}