{"id":5510,"date":"2024-05-19T05:58:40","date_gmt":"2024-05-19T05:58:40","guid":{"rendered":"https:\/\/isopllc.com\/no\/?post_type=product&#038;p=5510"},"modified":"2025-11-02T10:02:16","modified_gmt":"2025-11-02T10:02:16","slug":"isop-brannstige-repstige-7-5-m-med-monteringsanker","status":"publish","type":"product","link":"https:\/\/isopllc.com\/no\/product\/isop-brannstige-repstige-7-5-m-med-monteringsanker\/","title":{"rendered":"Brannstige Repstige 8m med Monteringsanker &#8211; Evakueringsstige"},"content":{"rendered":"<div class=\"celwidget aplus-module module-4 aplus-standard\" data-csa-c-id=\"6mnb1z-9dwrl2-ic24uv-jd1phn\" data-cel-widget=\"aplus-module-4\">\n<div class=\"a-expander-collapsed-height a-row a-expander-container a-expander-partial-collapse-container\" aria-live=\"polite\" data-a-expander-name=\"aplus-module-expander\" data-a-expander-collapsed-height=\"700\">\n<div class=\"a-expander-content a-expander-partial-collapse-content\" aria-expanded=\"false\">\n<div class=\"aplus-module-wrapper apm-fixed-width\">\n<div class=\"apm-spacing\">\n<div class=\"apm-floatleft apm-fixed-width\">\n<div id=\"title_feature_div\" class=\"celwidget\" data-feature-name=\"title\" data-csa-c-id=\"m5t5xw-wzxd1-od319-pyb58o\" data-cel-widget=\"title_feature_div\">\n<div id=\"titleSection\" class=\"a-section a-spacing-none\">\n<div id=\"title_feature_div\" class=\"celwidget\" data-feature-name=\"title\" data-csa-c-id=\"m5t5xw-wzxd1-od319-pyb58o\" data-cel-widget=\"title_feature_div\">\n<div id=\"titleSection\" class=\"a-section a-spacing-none\">\n<div id=\"title_feature_div\" class=\"celwidget\" data-feature-name=\"title\" data-csa-c-type=\"widget\" data-csa-c-content-id=\"title\" data-csa-c-slot-id=\"title_feature_div\" data-csa-c-asin=\"B08LBSSYLB\" data-csa-c-is-in-initial-active-row=\"false\" data-csa-c-id=\"17ru46-17y14b-n67b8m-2oxpt\" data-cel-widget=\"title_feature_div\">\n<div id=\"titleSection\" class=\"a-section a-spacing-none\">\n<h1>ISOP Brannstige Repstige 8m med Monteringsanker | Brannstige for Hjem 3 Etasje | Portabel Sammenleggbar Evakueringsstige | N\u00f8dstige Veggmontert | Gjenbrukbar Brannredningsstige<\/h1>\n<\/div>\n<\/div>\n<\/div>\n<\/div>\n<\/div>\n<\/div>\n<\/div>\n<\/div>\n<\/div>\n<\/div>\n<\/div>\n<\/div>\n<div class=\"celwidget aplus-module module-9 aplus-standard\" data-csa-c-id=\"kgh8ns-6rdhac-l4uce3-redgno\" data-cel-widget=\"aplus-module-9\">\n<div class=\"a-expander-collapsed-height a-row a-expander-container a-expander-partial-collapse-container\" aria-live=\"polite\" data-a-expander-name=\"aplus-module-expander\" data-a-expander-collapsed-height=\"700\">\n<div class=\"a-expander-content a-expander-partial-collapse-content\" aria-expanded=\"false\">\n<div class=\"aplus-module-wrapper apm-fixed-width\">\n<div class=\"apm-spacing apm-fixed-width\">\n<div class=\"celwidget aplus-module module-9 aplus-standard\" data-csa-c-id=\"6rrkxj-o9oo3p-2dk8kw-v8mrts\" data-cel-widget=\"aplus-module-9\">\n<div class=\"a-expander-collapsed-height a-row a-expander-container a-expander-partial-collapse-container\" aria-live=\"polite\" data-a-expander-name=\"aplus-module-expander\" data-a-expander-collapsed-height=\"700\">\n<div class=\"a-expander-content a-expander-partial-collapse-content\" aria-expanded=\"false\">\n<div class=\"aplus-module-wrapper apm-fixed-width\">\n<div class=\"apm-spacing apm-fixed-width\"><\/div>\n<\/div>\n<\/div>\n<\/div>\n<\/div>\n<div class=\"celwidget aplus-module module-2 aplus-standard\" data-csa-c-id=\"czdp8c-vpt42n-ub22e6-8qlfjz\" data-cel-widget=\"aplus-module-2\">\n<div class=\"a-expander-collapsed-height a-row a-expander-container a-expander-partial-collapse-container\" aria-live=\"polite\" data-a-expander-name=\"aplus-module-expander\" data-a-expander-collapsed-height=\"700\">\n<div class=\"a-expander-content a-expander-partial-collapse-content\" aria-expanded=\"false\">\n<div class=\"aplus-module-wrapper apm-floatnone apm-fixed-width\">\n<div class=\"apm-sidemodule apm-spacing\">\n<div class=\"apm-sidemodule-textright\">\n<div class=\"celwidget aplus-module module-9 aplus-standard\">\n<div class=\"a-expander-collapsed-height a-row a-expander-container a-expander-partial-collapse-container\" data-a-expander-name=\"aplus-module-expander\" data-a-expander-collapsed-height=\"700\">\n<div class=\"a-expander-content a-expander-partial-collapse-content\" aria-expanded=\"false\">\n<div class=\"aplus-module-wrapper apm-fixed-width\">\n<div class=\"apm-spacing apm-fixed-width\">\n<div class=\"celwidget aplus-module module-9 aplus-standard\" data-csa-c-id=\"emkbnl-11vq23-1incdi-lfo9yf\" data-cel-widget=\"aplus-module-9\">\n<div class=\"aplus-module-wrapper apm-fixed-width\">\n<div class=\"apm-spacing apm-fixed-width\">\n<h3 class=\"a-spacing-small\">Hvorfor velge v\u00e5re brannfluktstiger<\/h3>\n<p><img loading=\"lazy\" decoding=\"async\" class=\"a-spacing-mini alignnone\" src=\"https:\/\/m.media-amazon.com\/images\/S\/aplus-media-library-service-media\/94e0f1b0-d713-4663-a172-3e35c4090aaa.__CR0,0,1000,1000_PT0_SX300_V1___.jpg\" alt=\"Brannstige Repstige 8m\" width=\"300\" height=\"300\" data-src=\"https:\/\/m.media-amazon.com\/images\/S\/aplus-media-library-service-media\/94e0f1b0-d713-4663-a172-3e35c4090aaa.__CR0,0,1000,1000_PT0_SX300_V1___.jpg\" \/><\/p>\n<h3>Sk\u00e5nsomme mot hendene<\/h3>\n<p>Ved konstruksjonen av disse stigene vurderte vi feilene til konkurrentene v\u00e5re. Andre som for eksempel First Alert og Kidde har f\u00e5tt mye kritikk for at brukerne klager over at trinnene p\u00e5 stigene deres skj\u00e6rer i hendene, fordi aluminiumstrinnene er skarpe. Vi tok hensyn til dette, og v\u00e5re stiger har ikke skarpe kanter. De er trygge \u00e5 bruke b\u00e5de for voksne og barn.<\/p>\n<p><img loading=\"lazy\" decoding=\"async\" class=\"a-spacing-mini alignnone\" src=\"https:\/\/m.media-amazon.com\/images\/S\/aplus-media-library-service-media\/f4a0822e-ae1c-4dd4-9fb4-65b3a55dfe23.__CR0,0,300,300_PT0_SX300_V1___.jpg\" alt=\"Brannstige Repstige\" width=\"300\" height=\"300\" data-src=\"https:\/\/m.media-amazon.com\/images\/S\/aplus-media-library-service-media\/f4a0822e-ae1c-4dd4-9fb4-65b3a55dfe23.__CR0,0,300,300_PT0_SX300_V1___.jpg\" \/><\/p>\n<h3>Innebygde stropper<\/h3>\n<p>Igjen, n\u00e5r vi sammenligner stigene v\u00e5re med konkurrentene, b\u00f8r det bemerkes at fra \u00f8verst til nederst best\u00e5r stigene v\u00e5re av ett stykke vevd stropp som t\u00e5ler opptil 1200 pund (!) takket v\u00e6re spesiell patentert teknologi. Mens konkurrentenes vevstiger er sydd i flere deler, noe vi mener er lite p\u00e5litelig.<\/p>\n<p><img loading=\"lazy\" decoding=\"async\" class=\"a-spacing-mini alignnone\" src=\"https:\/\/m.media-amazon.com\/images\/S\/aplus-media-library-service-media\/1e590bfd-623a-4bb9-8619-39e17e4db234.__CR0,0,1500,1500_PT0_SX300_V1___.jpg\" alt=\"Brannstige 8m\" width=\"300\" height=\"300\" data-src=\"https:\/\/m.media-amazon.com\/images\/S\/aplus-media-library-service-media\/1e590bfd-623a-4bb9-8619-39e17e4db234.__CR0,0,1500,1500_PT0_SX300_V1___.jpg\" \/><\/p>\n<h3>Tilbeh\u00f8r<\/h3>\n<p>Stigene inkluderer krombelagte kraftige karabinere med bruddstyrke p\u00e5 11 kN og en stilfull oppbevaringspose.<\/p>\n<p><img loading=\"lazy\" decoding=\"async\" class=\"a-spacing-mini alignnone\" src=\"https:\/\/m.media-amazon.com\/images\/S\/aplus-media-library-service-media\/31cb1ffe-be10-49a6-9183-b2586ead68f1.__CR0,0,300,300_PT0_SX300_V1___.jpg\" alt=\"Evakueringsstige\" width=\"300\" height=\"300\" data-src=\"https:\/\/m.media-amazon.com\/images\/S\/aplus-media-library-service-media\/31cb1ffe-be10-49a6-9183-b2586ead68f1.__CR0,0,300,300_PT0_SX300_V1___.jpg\" \/><\/p>\n<h3>Variasjon av st\u00f8rrelser<\/h3>\n<p>Vi tilbyr ulike st\u00f8rrelser av stigene v\u00e5re &#8211; brannfluktstige for 2 etasjer og brannfluktstiger for 3-4 etasjers boliger.<\/p>\n<p><img loading=\"lazy\" decoding=\"async\" class=\"a-spacing-mini alignnone\" src=\"https:\/\/m.media-amazon.com\/images\/S\/aplus-media\/sc\/42cab632-a2d0-40fd-a2dd-280d531bf010.__CR282,0,1000,1000_PT0_SX300_V1___.jpg\" alt=\"Repstige 8m\" width=\"300\" height=\"300\" data-src=\"https:\/\/m.media-amazon.com\/images\/S\/aplus-media\/sc\/42cab632-a2d0-40fd-a2dd-280d531bf010.__CR282,0,1000,1000_PT0_SX300_V1___.jpg\" \/><\/p>\n<\/div>\n<div>\n<h3>Stabilisatorer<\/h3>\n<p>Trinnene p\u00e5 stigene v\u00e5re har stabilisatorer som lar stigene ikke feste seg stramt til veggen, men forblir stabile mot den. Dette gj\u00f8r nedstigningen fra andre eller tredje etasje mye enklere.<\/p>\n<h3>Trinn med antiskli-belegg<\/h3>\n<p>Et spesielt m\u00f8nster p\u00e5 overflaten av trinnene gj\u00f8r nedstigningen fra leiligheten sklisikker i alle v\u00e6rforhold.<\/p>\n<p><img loading=\"lazy\" decoding=\"async\" class=\"a-spacing-mini alignnone\" style=\"font-weight: 600\" src=\"https:\/\/m.media-amazon.com\/images\/S\/aplus-media\/sc\/8b1ba6ce-d84f-4314-b98a-95d063fc3e5e.__CR500,0,1000,1000_PT0_SX300_V1___.jpg\" alt=\"Brannstige\" width=\"300\" height=\"300\" data-src=\"https:\/\/m.media-amazon.com\/images\/S\/aplus-media\/sc\/8b1ba6ce-d84f-4314-b98a-95d063fc3e5e.__CR500,0,1000,1000_PT0_SX300_V1___.jpg\" \/><\/p>\n<\/div>\n<\/div>\n<div>\n<h3>V\u00e6rbestandig<\/h3>\n<p>Den spesielle pulverlakkerte malingen beskytter trinnene mot rust, og polyesterb\u00e5ndet er sv\u00e6rt motstandsdyktig mot vann eller sn\u00f8. Derfor er v\u00e5re brannfluktstiger v\u00e6rbestandige.<\/p>\n<h3>Gjenbrukbare<\/h3>\n<p>V\u00e5re stiger er gjenbrukbare, og dessuten kan de enkelt repareres. Med riktig lagring kan de vare i mange \u00e5r!<\/p>\n<p><img loading=\"lazy\" decoding=\"async\" class=\"alignnone wp-image-4764\" src=\"https:\/\/isopllc.com\/usa\/wp-content\/uploads\/sites\/4\/2022\/12\/71jjpqupODL._AC_SL1500_.jpg\" alt=\"Redningsstige 8m\" width=\"249\" height=\"332\" srcset=\"https:\/\/isopllc.com\/no\/wp-content\/uploads\/sites\/16\/2022\/12\/71jjpqupODL._AC_SL1500_.jpg 1125w, https:\/\/isopllc.com\/no\/wp-content\/uploads\/sites\/16\/2022\/12\/71jjpqupODL._AC_SL1500_-225x300.jpg 225w, https:\/\/isopllc.com\/no\/wp-content\/uploads\/sites\/16\/2022\/12\/71jjpqupODL._AC_SL1500_-768x1024.jpg 768w\" sizes=\"auto, (max-width: 249px) 100vw, 249px\" \/><\/p>\n<p>Climbing anchor boltsett, inkluderer 2 stk hengeplater og 2 stk ekspansjonsbolter. Boltmutrer og flatvasker er inkludert.<\/p>\n<p><img loading=\"lazy\" decoding=\"async\" class=\"alignnone wp-image-5155\" src=\"https:\/\/isopllc.com\/usa\/wp-content\/uploads\/sites\/4\/2023\/09\/61A43BhAlgL._AC_SL1500_.jpg\" alt=\"Redningsstige\" width=\"264\" height=\"272\" srcset=\"https:\/\/isopllc.com\/no\/wp-content\/uploads\/sites\/16\/2023\/09\/61A43BhAlgL._AC_SL1500_.jpg 1212w, https:\/\/isopllc.com\/no\/wp-content\/uploads\/sites\/16\/2023\/09\/61A43BhAlgL._AC_SL1500_-290x300.jpg 290w, https:\/\/isopllc.com\/no\/wp-content\/uploads\/sites\/16\/2023\/09\/61A43BhAlgL._AC_SL1500_-991x1024.jpg 991w, https:\/\/isopllc.com\/no\/wp-content\/uploads\/sites\/16\/2023\/09\/61A43BhAlgL._AC_SL1500_-768x793.jpg 768w\" sizes=\"auto, (max-width: 264px) 100vw, 264px\" \/><\/p>\n<p>Hengeplater for permanent festepunkt. Festeanordningen er designet for to karabinere.<\/p>\n<p><img loading=\"lazy\" decoding=\"async\" class=\"alignnone wp-image-5156\" src=\"https:\/\/isopllc.com\/usa\/wp-content\/uploads\/sites\/4\/2023\/09\/51vmH0Qs9L._AC_.jpg\" alt=\"anchors\" width=\"297\" height=\"241\" srcset=\"https:\/\/isopllc.com\/no\/wp-content\/uploads\/sites\/16\/2023\/09\/51vmH0Qs9L._AC_.jpg 500w, https:\/\/isopllc.com\/no\/wp-content\/uploads\/sites\/16\/2023\/09\/51vmH0Qs9L._AC_-300x244.jpg 300w\" sizes=\"auto, (max-width: 297px) 100vw, 297px\" \/><\/p>\n<p>Laget av h\u00f8ykvalitets og holdbart materiale i rustfritt st\u00e5l. Lettvekts, egnet for fjellklatring, fjellklatring, grotting og andre utend\u00f8rsaktiviteter.<\/p>\n<\/div>\n<\/div>\n<div class=\"celwidget aplus-module module-9 aplus-standard\" data-csa-c-id=\"cxy7g4-m6iik-ejevv3-t7eszl\" data-cel-widget=\"aplus-module-9\">\n<div><\/div>\n<\/div>\n<div class=\"celwidget aplus-module module-2 aplus-standard\" data-csa-c-id=\"u15ifx-f00ln-jvos6j-opfbnn\" data-cel-widget=\"aplus-module-2\">\n<div class=\"aplus-module-wrapper apm-floatnone apm-fixed-width\">\n<div class=\"apm-sidemodule apm-spacing\">\n<div class=\"apm-sidemodule-imageleft\"><img loading=\"lazy\" decoding=\"async\" class=\"alignnone\" src=\"https:\/\/m.media-amazon.com\/images\/S\/aplus-media-library-service-media\/0c3c254d-684e-4313-bc9f-ae4b4b7e7ee7.__CR0,0,300,300_PT0_SX300_V1___.jpg\" alt=\"fire escape ladder\" width=\"300\" height=\"300\" data-src=\"https:\/\/m.media-amazon.com\/images\/S\/aplus-media-library-service-media\/0c3c254d-684e-4313-bc9f-ae4b4b7e7ee7.__CR0,0,300,300_PT0_SX300_V1___.jpg\" \/><\/div>\n<div class=\"apm-sidemodule-textright\">\n<h3 class=\"a-spacing-mini\">Profesjonelt stigefirma<\/h3>\n<p>Vi anbefaler \u00e5 kj\u00f8pe stiger fra et selskap som spesialiserer seg p\u00e5 stiger, da dette er et sikkerhetsprodukt.<\/p>\n<p>ISOP er et av f\u00e5 selskaper som tilbyr et bredt utvalg av forskjellige stiger fra sin egen produksjonsanlegg.<\/p>\n<p><img loading=\"lazy\" decoding=\"async\" class=\"alignnone wp-image-5507 size-medium\" src=\"https:\/\/isopllc.com\/no\/wp-content\/uploads\/sites\/16\/2023\/09\/8EE4ABE8-803C-4EAB-ACC3-91B7D513AFB7-300x256.jpeg\" alt=\"emergency ladder\" width=\"300\" height=\"256\" srcset=\"https:\/\/isopllc.com\/no\/wp-content\/uploads\/sites\/16\/2023\/09\/8EE4ABE8-803C-4EAB-ACC3-91B7D513AFB7-300x256.jpeg 300w, https:\/\/isopllc.com\/no\/wp-content\/uploads\/sites\/16\/2023\/09\/8EE4ABE8-803C-4EAB-ACC3-91B7D513AFB7-768x654.jpeg 768w, https:\/\/isopllc.com\/no\/wp-content\/uploads\/sites\/16\/2023\/09\/8EE4ABE8-803C-4EAB-ACC3-91B7D513AFB7-416x354.jpeg 416w, https:\/\/isopllc.com\/no\/wp-content\/uploads\/sites\/16\/2023\/09\/8EE4ABE8-803C-4EAB-ACC3-91B7D513AFB7.jpeg 890w\" sizes=\"auto, (max-width: 300px) 100vw, 300px\" \/><\/p>\n<p>V\u00e5re stiger er oppf\u00f8rt i alle kjente diagrammer og rangert i topp 5 i henhold til disse utgiverne.<\/p>\n<\/div>\n<ul>\n<li data-start=\"162\" data-end=\"282\"><strong data-start=\"167\" data-end=\"214\">Beste N\u00f8dstige 8m for h\u00f8y sikkerhet<\/strong> \u2013 Perfekt for rask evakuering fra bygninger med opptil 2 etasjer.<\/li>\n<li data-start=\"283\" data-end=\"396\">\u2705 <strong data-start=\"288\" data-end=\"333\">Kj\u00f8p billig Brannstige 8m p\u00e5 Amazon<\/strong> \u2013 H\u00f8y kvalitet til lav pris, ideell for hjem og n\u00e6ringsbygg.<\/li>\n<li data-start=\"397\" data-end=\"514\">\u2705 <strong data-start=\"744\" data-end=\"805\">Evakueringsstige<\/strong><strong data-start=\"402\" data-end=\"446\">\u00a08m med gode anmeldelser<\/strong> \u2013 Testet og anbefalt av brukere for sin holdbarhet og enkle bruk.<\/li>\n<li data-start=\"515\" data-end=\"628\">\u2705 <strong data-start=\"520\" data-end=\"570\">Billig brannstige 8m for vinduer og balkonger<\/strong> \u2013 Laget av slitesterke materialer for trygg evakuering.<\/li>\n<li data-start=\"629\" data-end=\"738\">\u2705 <strong data-start=\"634\" data-end=\"669\">Kj\u00f8p beste n\u00f8dstige 8m n\u00e6r meg<\/strong> \u2013 Finn en p\u00e5litelig brannstige for din sikkerhet i tilfelle brann.<\/li>\n<li data-start=\"739\" data-end=\"850\">\u2705 <strong data-start=\"744\" data-end=\"805\">Sammenleggbar Evakueringsstige 8m \u2013 Lett \u00e5 lagre og bruke<\/strong> \u2013 Ideell for hjem, kontor eller skolebygg.<\/li>\n<li data-start=\"851\" data-end=\"959\">\u2705 <strong data-start=\"856\" data-end=\"918\">Amazon Repstige 8m \u2013 Bestselger for brannsikkerhet<\/strong> \u2013 Rask og gratis levering til din d\u00f8r.<\/li>\n<li data-start=\"960\" data-end=\"1067\">\u2705 <strong data-start=\"965\" data-end=\"1005\">Sterk og billig evakueringsstige 8m<\/strong> \u2013 Antiskli-trinn og slitesterkt tau for maksimal sikkerhet.<\/li>\n<li data-start=\"1068\" data-end=\"1181\">\u2705 2<strong data-start=\"1073\" data-end=\"1125\">-etasjers Repstige for hjem og bedrifter<\/strong> \u2013 Passer perfekt for leiligheter og h\u00f8yere bygninger.<\/li>\n<li data-start=\"1182\" data-end=\"1291\">\u2705 <strong data-start=\"1188\" data-end=\"1235\">N\u00f8dutgang stige 8m med h\u00f8yeste vurderinger<\/strong> \u2013 Brukervennlig og p\u00e5litelig l\u00f8sning for n\u00f8dutganger.<\/li>\n<\/ul>\n<p>Tilgjengelig ogs\u00e5 i <a href=\"https:\/\/isopllc.com\/no\/product\/uttrekkbar-stige-4-m-med-festemateriell\/\"><strong>4 m<\/strong><\/a> | <a href=\"https:\/\/isopllc.com\/no\/product\/brannstige-repstige-10m-med-monteringsanker\/\"><strong>10 m<\/strong><\/a><\/p>\n<\/div>\n<\/div>\n<\/div>\n<\/div>\n<\/div>\n<\/div>\n<\/div>\n<\/div>\n<\/div>\n<\/div>\n<\/div>\n<\/div>\n<\/div>\n<\/div>\n<\/div>\n<\/div>\n<\/div>\n<\/div>\n<\/div>\n","protected":false},"excerpt":{"rendered":"<div class=\"celwidget aplus-module module-4 aplus-standard\" data-csa-c-id=\"6mnb1z-9dwrl2-ic24uv-jd1phn\" data-cel-widget=\"aplus-module-4\">\n<div class=\"a-expander-collapsed-height a-row a-expander-container a-expander-partial-collapse-container\" aria-live=\"polite\" data-a-expander-name=\"aplus-module-expander\" data-a-expander-collapsed-height=\"700\">\n<div class=\"a-expander-content a-expander-partial-collapse-content\" aria-expanded=\"false\">\n<div class=\"aplus-module-wrapper apm-fixed-width\">\n<div class=\"apm-spacing\">\n<div class=\"apm-floatleft apm-fixed-width\">\n<div id=\"title_feature_div\" class=\"celwidget\" data-feature-name=\"title\" data-csa-c-id=\"m5t5xw-wzxd1-od319-pyb58o\" data-cel-widget=\"title_feature_div\">\n<div id=\"titleSection\" class=\"a-section a-spacing-none\">\n<div id=\"title_feature_div\" class=\"celwidget\" data-feature-name=\"title\" data-csa-c-id=\"m5t5xw-wzxd1-od319-pyb58o\" data-cel-widget=\"title_feature_div\">\n<div id=\"titleSection\" class=\"a-section a-spacing-none\">\n<div id=\"title_feature_div\" class=\"celwidget\" data-feature-name=\"title\" data-csa-c-type=\"widget\" data-csa-c-content-id=\"title\" data-csa-c-slot-id=\"title_feature_div\" data-csa-c-asin=\"B08LBSSYLB\" data-csa-c-is-in-initial-active-row=\"false\" data-csa-c-id=\"17ru46-17y14b-n67b8m-2oxpt\" data-cel-widget=\"title_feature_div\">\n<div id=\"titleSection\" class=\"a-section a-spacing-none\">\n<p style=\"text-align: center\">\n<\/div>\n<\/div>\n<\/div>\n<\/div>\n<\/div>\n<\/div>\n<\/div>\n<\/div>\n<\/div>\n<\/div>\n<\/div>\n<\/div>\n[embed]https:\/\/youtu.be\/EFAM-jLigKE[\/embed]\n<p style=\"text-align: center\">ISOP Brannstige Repstige 7.5 m med Monteringsanker | Brannstige for Hjem 3 Etasje | Portabel Sammenleggbar og Kompakt | N\u00f8dstige Veggmontert | Gjenbrukbar Brannredningsstige<\/p>\n<p style=\"text-align: center\">GRATIS LEVERING INNEN 3-7 DAGER<\/p>\n<h4 style=\"text-align: center\"><strong>KJ\u00d8P DET P\u00c5<\/strong><\/h4>\n<p><strong><a href=\"https:\/\/www.amazon.de\/dp\/B0BDKXLBKC\/ref=sr_1_1?__mk_de_DE=%C3%85M%C3%85%C5%BD%C3%95%C3%91&amp;dib=eyJ2IjoiMSJ9.mp1T24R49HumoqB9TF6jkA.uy4EkQhTqv0UfsZUMdmeR_9w2i_j8NSJY0f_h16CDvU&amp;dib_tag=se&amp;keywords=Feuerleiter-3-st%C3%B6ckig-Inklusive-Strickleiter-Feuerleiter-Notleiter&amp;qid=1716098740&amp;s=kitchen&amp;sr=1-1&amp;ufe=app_do%3Aamzn1.fos.335e368b-29e8-4542-bb58-939a88195e78&amp;th=1\"><img loading=\"lazy\" decoding=\"async\" class=\"aligncenter wp-image-1040 size-full\" src=\"https:\/\/isopllc.com\/no\/wp-content\/uploads\/sites\/16\/2020\/01\/amazon-button9.png\" alt=\"\" width=\"160\" height=\"59\" \/><\/a><\/strong><\/p>\n","protected":false},"featured_media":5506,"comment_status":"open","ping_status":"closed","template":"","meta":[],"product_brand":[],"product_cat":[70,63,65],"product_tag":[98,129,141,79,80,140,81],"class_list":{"0":"post-5510","1":"product","2":"type-product","3":"status-publish","4":"has-post-thumbnail","6":"product_cat-brann-romningsstiger-for-3-etasjer","7":"product_cat-brann-romningsstiger-med-avstandsstykker","8":"product_cat-veggmonterte-stiger","9":"product_tag-brannstige","10":"product_tag-isop","11":"product_tag-monteringsanker","12":"product_tag-nodutgang","13":"product_tag-redningsutstyr","14":"product_tag-repstige","15":"product_tag-sikkerhet","17":"first","18":"instock","19":"shipping-taxable","20":"purchasable","21":"product-type-simple"},"_links":{"self":[{"href":"https:\/\/isopllc.com\/no\/wp-json\/wp\/v2\/product\/5510","targetHints":{"allow":["GET"]}}],"collection":[{"href":"https:\/\/isopllc.com\/no\/wp-json\/wp\/v2\/product"}],"about":[{"href":"https:\/\/isopllc.com\/no\/wp-json\/wp\/v2\/types\/product"}],"replies":[{"embeddable":true,"href":"https:\/\/isopllc.com\/no\/wp-json\/wp\/v2\/comments?post=5510"}],"wp:featuredmedia":[{"embeddable":true,"href":"https:\/\/isopllc.com\/no\/wp-json\/wp\/v2\/media\/5506"}],"wp:attachment":[{"href":"https:\/\/isopllc.com\/no\/wp-json\/wp\/v2\/media?parent=5510"}],"wp:term":[{"taxonomy":"product_brand","embeddable":true,"href":"https:\/\/isopllc.com\/no\/wp-json\/wp\/v2\/product_brand?post=5510"},{"taxonomy":"product_cat","embeddable":true,"href":"https:\/\/isopllc.com\/no\/wp-json\/wp\/v2\/product_cat?post=5510"},{"taxonomy":"product_tag","embeddable":true,"href":"https:\/\/isopllc.com\/no\/wp-json\/wp\/v2\/product_tag?post=5510"}],"curies":[{"name":"wp","href":"https:\/\/api.w.org\/{rel}","templated":true}]}}