{"id":5571,"date":"2024-08-13T08:49:41","date_gmt":"2024-08-13T08:49:41","guid":{"rendered":"https:\/\/isopllc.com\/no\/?post_type=product&#038;p=5571"},"modified":"2025-11-16T17:44:00","modified_gmt":"2025-11-16T17:44:00","slug":"isop-brannslukningsapparat-plastboks-stor-for-5-kg","status":"publish","type":"product","link":"https:\/\/isopllc.com\/no\/product\/isop-brannslukningsapparat-plastboks-stor-for-5-kg\/","title":{"rendered":"ISOP Brannslukningsapparat Plastboks Stor for 5 kg"},"content":{"rendered":"<h1 id=\"title\" class=\"a-size-large a-spacing-none\">ISOP Brannslukningsapparat Plastboks Stor for 5 kg &#8211; Brannslukningsskap Innend\u00f8rs\/Utend\u00f8rs &#8211; Brannslukningsskap Veggmontert &#8211; Brannslukningsapparatmontering<\/h1>\n<div class=\"celwidget aplus-module premium-module-4-two-column-images aplus-premium\" data-csa-c-id=\"15yl7x-eio1n0-m9lh6n-socwzs\" data-cel-widget=\"aplus-premium-module-4-two-column-images\">\n<div class=\"a-section a-spacing-none premium-aplus premium-aplus-module-4 aplus-container-1\">\n<div class=\"a-section a-spacing-none premium-aplus-two-column\">\n<div class=\"a-section a-spacing-none premium-aplus-column\">\n<div class=\"a-section a-spacing-none column-description\">\n<div class=\"celwidget aplus-module module-9 aplus-standard\">\n<div class=\"aplus-module-wrapper\">\n<div class=\"\">\n<p><img loading=\"lazy\" decoding=\"async\" class=\"size-medium wp-image-5577\" src=\"https:\/\/isopllc.com\/no\/wp-content\/uploads\/sites\/16\/2024\/08\/PVC3-300x300.jpg\" alt=\"Brannslukningsapparat Plastboks\" width=\"300\" height=\"300\" srcset=\"https:\/\/isopllc.com\/no\/wp-content\/uploads\/sites\/16\/2024\/08\/PVC3-300x300.jpg 300w, https:\/\/isopllc.com\/no\/wp-content\/uploads\/sites\/16\/2024\/08\/PVC3-150x150.jpg 150w, https:\/\/isopllc.com\/no\/wp-content\/uploads\/sites\/16\/2024\/08\/PVC3-416x416.jpg 416w, https:\/\/isopllc.com\/no\/wp-content\/uploads\/sites\/16\/2024\/08\/PVC3-100x100.jpg 100w, https:\/\/isopllc.com\/no\/wp-content\/uploads\/sites\/16\/2024\/08\/PVC3.jpg 500w\" sizes=\"auto, (max-width: 300px) 100vw, 300px\" \/><\/p>\n<h4>Robust Konstruksjon<\/h4>\n<p>Laget av h\u00f8ykvalitets, slagfast plast er ISOP PVC brannslukkingsboksen designet for \u00e5 t\u00e5le utfordrende milj\u00f8er. Dens holdbare design beskytter din brannslukker mot fysiske skader, t\u00f8ffe v\u00e6rforhold og UV-str\u00e5ling, noe som sikrer at den forblir klar til bruk og p\u00e5litelig over tid.<\/p>\n<p>&nbsp;<\/p>\n<p class=\"a-text-center\"><img loading=\"lazy\" decoding=\"async\" class=\"alignnone size-full wp-image-5582\" src=\"https:\/\/isopllc.com\/no\/wp-content\/uploads\/sites\/16\/2024\/08\/PVC-Large-4.jpg\" alt=\"Brannslukningsapparat Plastboks\" width=\"300\" height=\"300\" srcset=\"https:\/\/isopllc.com\/no\/wp-content\/uploads\/sites\/16\/2024\/08\/PVC-Large-4.jpg 300w, https:\/\/isopllc.com\/no\/wp-content\/uploads\/sites\/16\/2024\/08\/PVC-Large-4-150x150.jpg 150w, https:\/\/isopllc.com\/no\/wp-content\/uploads\/sites\/16\/2024\/08\/PVC-Large-4-100x100.jpg 100w\" sizes=\"auto, (max-width: 300px) 100vw, 300px\" \/><\/p>\n<h4 class=\"a-spacing-mini\">Stor Kapasitet<\/h4>\n<p class=\"a-spacing-base\">Designet for \u00e5 passe st\u00f8rre brannslukkere med 5 kg eller 10 lb, tilbyr dette PVC brannslukkerskapet rikelig plass til en rekke forskjellige brannslukkermodeller og typer. Den gener\u00f8se kapasiteten sikrer bred anvendelighet og egnethet for ulike sikkerhetsbehov.<\/p>\n<p>&nbsp;<\/p>\n<p><img loading=\"lazy\" decoding=\"async\" class=\"size-medium wp-image-5578\" src=\"https:\/\/isopllc.com\/no\/wp-content\/uploads\/sites\/16\/2024\/08\/PVC4-300x300.jpg\" alt=\"Brannslukningsapparat Plastboks\" width=\"300\" height=\"300\" srcset=\"https:\/\/isopllc.com\/no\/wp-content\/uploads\/sites\/16\/2024\/08\/PVC4-300x300.jpg 300w, https:\/\/isopllc.com\/no\/wp-content\/uploads\/sites\/16\/2024\/08\/PVC4-150x150.jpg 150w, https:\/\/isopllc.com\/no\/wp-content\/uploads\/sites\/16\/2024\/08\/PVC4-416x416.jpg 416w, https:\/\/isopllc.com\/no\/wp-content\/uploads\/sites\/16\/2024\/08\/PVC4-100x100.jpg 100w, https:\/\/isopllc.com\/no\/wp-content\/uploads\/sites\/16\/2024\/08\/PVC4.jpg 500w\" sizes=\"auto, (max-width: 300px) 100vw, 300px\" \/><\/p>\n<h4 class=\"a-spacing-mini\">Enkel Installasjon<\/h4>\n<p class=\"a-spacing-base\">PVC brannslukkerskapet har forborede monteringshull for enkel og sikker veggmontering. Den ukompliserte installasjonsprosessen sikrer at din brannslukker alltid er p\u00e5 et optimalt sted, klar for umiddelbar tilgang i n\u00f8dstilfeller.<\/p>\n<p>&nbsp;<\/p>\n<\/div>\n<\/div>\n<\/div>\n<div class=\"celwidget aplus-module module-9 aplus-standard\">\n<div class=\"aplus-module-wrapper\">\n<div class=\"\">\n<p><img loading=\"lazy\" decoding=\"async\" class=\"size-medium wp-image-5581\" src=\"https:\/\/isopllc.com\/no\/wp-content\/uploads\/sites\/16\/2024\/08\/PVC7-300x300.jpg\" alt=\"Brannslukningsapparat Plastboks\" width=\"300\" height=\"300\" srcset=\"https:\/\/isopllc.com\/no\/wp-content\/uploads\/sites\/16\/2024\/08\/PVC7-300x300.jpg 300w, https:\/\/isopllc.com\/no\/wp-content\/uploads\/sites\/16\/2024\/08\/PVC7-150x150.jpg 150w, https:\/\/isopllc.com\/no\/wp-content\/uploads\/sites\/16\/2024\/08\/PVC7-416x416.jpg 416w, https:\/\/isopllc.com\/no\/wp-content\/uploads\/sites\/16\/2024\/08\/PVC7-100x100.jpg 100w, https:\/\/isopllc.com\/no\/wp-content\/uploads\/sites\/16\/2024\/08\/PVC7.jpg 500w\" sizes=\"auto, (max-width: 300px) 100vw, 300px\" \/><\/p>\n<h4 class=\"a-spacing-mini\">Sikker og Tilgjengelig<\/h4>\n<p class=\"a-spacing-base\">ISOP PVC brannslukkerskapet er utstyrt med en robust l\u00e5semekanisme som holder brannslukkeren sikkert p\u00e5 plass for \u00e5 forhindre utilsiktet forskyvning, samtidig som det muliggj\u00f8r rask og enkel tilgang n\u00e5r det er n\u00f8dvendig. Denne funksjonen sikrer at slukkeren b\u00e5de er trygg og tilgjengelig, noe som \u00f8ker den samlede sikkerheten.<\/p>\n<p>&nbsp;<\/p>\n<p><img loading=\"lazy\" decoding=\"async\" class=\"size-medium wp-image-5580\" src=\"https:\/\/isopllc.com\/no\/wp-content\/uploads\/sites\/16\/2024\/08\/PVC6-298x300.jpg\" alt=\"Brannslukningsapparat Plastboks\" width=\"298\" height=\"300\" srcset=\"https:\/\/isopllc.com\/no\/wp-content\/uploads\/sites\/16\/2024\/08\/PVC6-298x300.jpg 298w, https:\/\/isopllc.com\/no\/wp-content\/uploads\/sites\/16\/2024\/08\/PVC6-150x150.jpg 150w, https:\/\/isopllc.com\/no\/wp-content\/uploads\/sites\/16\/2024\/08\/PVC6-416x419.jpg 416w, https:\/\/isopllc.com\/no\/wp-content\/uploads\/sites\/16\/2024\/08\/PVC6-100x100.jpg 100w, https:\/\/isopllc.com\/no\/wp-content\/uploads\/sites\/16\/2024\/08\/PVC6.jpg 497w\" sizes=\"auto, (max-width: 298px) 100vw, 298px\" \/><\/p>\n<div class=\"flex-shrink-0 flex flex-col relative items-end\">\n<div>\n<div class=\"pt-0\">\n<div class=\"gizmo-bot-avatar flex h-8 w-8 items-center justify-center overflow-hidden rounded-full\">\n<div class=\"relative p-1 rounded-sm flex items-center justify-center bg-token-main-surface-primary text-token-text-primary h-8 w-8\"><\/div>\n<\/div>\n<\/div>\n<\/div>\n<\/div>\n<div class=\"group\/conversation-turn relative flex w-full min-w-0 flex-col agent-turn\">\n<div class=\"flex-col gap-1 md:gap-3\">\n<div class=\"flex max-w-full flex-col flex-grow\">\n<div class=\"min-h-[20px] text-message flex w-full flex-col items-end gap-2 whitespace-pre-wrap break-words [.text-message+&amp;]:mt-5 overflow-x-auto\" dir=\"auto\" data-message-author-role=\"assistant\" data-message-id=\"5b358f82-17d0-485b-a59e-06e85fc73c4d\">\n<div class=\"flex w-full flex-col gap-1 empty:hidden first:pt-[3px]\">\n<div class=\"markdown prose w-full break-words dark:prose-invert light\">\n<h4>Klart Vindu<\/h4>\n<\/div>\n<\/div>\n<\/div>\n<\/div>\n<\/div>\n<\/div>\n<p class=\"a-spacing-base\">Et transparent, splintfritt vindu muliggj\u00f8r raske visuelle inspeksjoner av brannslukkerens status uten \u00e5 m\u00e5tte \u00e5pne PVC brannslukkerskapet. Denne praktiske funksjonen tillater rutinemessige kontroller og sikrer at slukkeren alltid er klar til bruk.<\/p>\n<p>&nbsp;<\/p>\n<p><img loading=\"lazy\" decoding=\"async\" class=\"size-medium wp-image-5579\" src=\"https:\/\/isopllc.com\/no\/wp-content\/uploads\/sites\/16\/2024\/08\/PVC5-300x300.jpg\" alt=\"Brannslukningsapparat Plastboks\" width=\"300\" height=\"300\" srcset=\"https:\/\/isopllc.com\/no\/wp-content\/uploads\/sites\/16\/2024\/08\/PVC5-300x300.jpg 300w, https:\/\/isopllc.com\/no\/wp-content\/uploads\/sites\/16\/2024\/08\/PVC5-150x150.jpg 150w, https:\/\/isopllc.com\/no\/wp-content\/uploads\/sites\/16\/2024\/08\/PVC5-416x416.jpg 416w, https:\/\/isopllc.com\/no\/wp-content\/uploads\/sites\/16\/2024\/08\/PVC5-100x100.jpg 100w, https:\/\/isopllc.com\/no\/wp-content\/uploads\/sites\/16\/2024\/08\/PVC5.jpg 500w\" sizes=\"auto, (max-width: 300px) 100vw, 300px\" \/><\/p>\n<h4><\/h4>\n<h4 class=\"a-spacing-mini\">V\u00e6rbestandig<\/h4>\n<p class=\"a-spacing-base\">Ideell for utend\u00f8rs milj\u00f8er, er PVC brannslukkerskapet designet for \u00e5 beskytte din brannslukker mot regn, st\u00f8v og UV-str\u00e5ler. Dets v\u00e6rbestandige egenskaper sikrer at slukkeren forblir i optimal stand uansett ytre p\u00e5virkninger.<\/p>\n<p>Tilgjengelig ogs\u00e5 i <a href=\"https:\/\/isopllc.com\/no\/product\/brannslukkerskap-i-plast-liten-til-2-5-kg\/\"><strong>liten<\/strong><\/a> st\u00f8rrelse.<\/p>\n<\/div>\n<\/div>\n<\/div>\n<\/div>\n<\/div>\n<\/div>\n<\/div>\n<\/div>\n","protected":false},"excerpt":{"rendered":"[embed]https:\/\/youtu.be\/trEfFJ3G0y8?si=BLZ7d-1qcoWEXV4A[\/embed]\n[embed]https:\/\/www.youtube.com\/shorts\/_Zq_WWXati8[\/embed]\n<p id=\"title\" class=\"a-size-large a-spacing-none\" style=\"text-align: center\">ISOP Brannslukningsapparat Plastboks Stor for 5 kg &#8211; Brannslukningsskap Innend\u00f8rs\/Utend\u00f8rs &#8211; Brannslukningsskap Veggmontert &#8211; Brannslukningsapparatmontering<\/p>\n<p style=\"text-align: center\">GRATIS LEVERING INNEN 3-7 DAGER<\/p>\n<p style=\"text-align: center\"><strong>KJ\u00d8P DEN P\u00c5<\/strong><\/p>\n<p><a href=\"https:\/\/www.amazon.de\/dp\/B0D7J7LJ33\/ref=sr_1_1?__mk_de_DE=%C3%85M%C3%85%C5%BD%C3%95%C3%91&amp;dib=eyJ2IjoiMSJ9.hG-I-hkPXbPPgCp4lGqzuw.zYV7vwYOKUAEWVL4jUuC3oykZOFP3Usk_ZiR_pXuZbY&amp;dib_tag=se&amp;keywords=ISOP%20Feuerl%C3%B6scher%20Kunststoffbox&amp;qid=1722949954&amp;s=diy&amp;sr=1-1&amp;th=1\"><img loading=\"lazy\" decoding=\"async\" class=\"aligncenter wp-image-1040 size-full\" src=\"https:\/\/isopllc.com\/no\/wp-content\/uploads\/sites\/16\/2020\/01\/amazon-button9.png\" alt=\"\" width=\"160\" height=\"59\" \/><\/a><\/p>\n<p>&nbsp;<\/p>\n","protected":false},"featured_media":5572,"comment_status":"open","ping_status":"closed","template":"","meta":[],"product_brand":[],"product_cat":[204,68],"product_tag":[85,129,137,80,81,112],"class_list":{"0":"post-5571","1":"product","2":"type-product","3":"status-publish","4":"has-post-thumbnail","6":"product_cat-brannslukningsapparat-holder","7":"product_cat-tilbehor-til-brannstiger","8":"product_tag-brannslukningsapparat","9":"product_tag-isop","10":"product_tag-plastboks","11":"product_tag-redningsutstyr","12":"product_tag-sikkerhet","13":"product_tag-stor","15":"first","16":"instock","17":"shipping-taxable","18":"purchasable","19":"product-type-simple"},"_links":{"self":[{"href":"https:\/\/isopllc.com\/no\/wp-json\/wp\/v2\/product\/5571","targetHints":{"allow":["GET"]}}],"collection":[{"href":"https:\/\/isopllc.com\/no\/wp-json\/wp\/v2\/product"}],"about":[{"href":"https:\/\/isopllc.com\/no\/wp-json\/wp\/v2\/types\/product"}],"replies":[{"embeddable":true,"href":"https:\/\/isopllc.com\/no\/wp-json\/wp\/v2\/comments?post=5571"}],"wp:featuredmedia":[{"embeddable":true,"href":"https:\/\/isopllc.com\/no\/wp-json\/wp\/v2\/media\/5572"}],"wp:attachment":[{"href":"https:\/\/isopllc.com\/no\/wp-json\/wp\/v2\/media?parent=5571"}],"wp:term":[{"taxonomy":"product_brand","embeddable":true,"href":"https:\/\/isopllc.com\/no\/wp-json\/wp\/v2\/product_brand?post=5571"},{"taxonomy":"product_cat","embeddable":true,"href":"https:\/\/isopllc.com\/no\/wp-json\/wp\/v2\/product_cat?post=5571"},{"taxonomy":"product_tag","embeddable":true,"href":"https:\/\/isopllc.com\/no\/wp-json\/wp\/v2\/product_tag?post=5571"}],"curies":[{"name":"wp","href":"https:\/\/api.w.org\/{rel}","templated":true}]}}