{"id":5583,"date":"2024-08-13T14:07:32","date_gmt":"2024-08-13T14:07:32","guid":{"rendered":"https:\/\/isopllc.com\/no\/?post_type=product&#038;p=5583"},"modified":"2025-11-16T17:43:20","modified_gmt":"2025-11-16T17:43:20","slug":"brannslukkerskap-i-plast-liten-til-2-5-kg","status":"publish","type":"product","link":"https:\/\/isopllc.com\/no\/product\/brannslukkerskap-i-plast-liten-til-2-5-kg\/","title":{"rendered":"Brannslukkerskap i Plast Liten til 2.5 kg"},"content":{"rendered":"<div class=\"flex-shrink-0 flex flex-col relative items-end\">\n<div class=\"pt-0\">\n<div class=\"gizmo-bot-avatar flex h-8 w-8 items-center justify-center overflow-hidden rounded-full\">\n<div class=\"flex-shrink-0 flex flex-col relative items-end\">\n<div>\n<div class=\"pt-0\">\n<div class=\"gizmo-bot-avatar flex h-8 w-8 items-center justify-center overflow-hidden rounded-full\">\n<h1 class=\"relative p-1 rounded-sm flex items-center justify-center bg-token-main-surface-primary text-token-text-primary h-8 w-8\">Brannslukkerskap i Plast Liten til 2.5 kg &#8211; Brannslukkerboks &#8211; N\u00f8dbrannslukkerboks til Utend\u00f8rs Montering &#8211; Brannslukker Montering &#8211; Brannslukker Kapsling &#8211; Boks til Brannslukker<\/h1>\n<\/div>\n<\/div>\n<\/div>\n<\/div>\n<\/div>\n<\/div>\n<\/div>\n<div class=\"group\/conversation-turn relative flex w-full min-w-0 flex-col agent-turn\">\n<div class=\"flex-col gap-1 md:gap-3\">\n<div class=\"flex max-w-full flex-col flex-grow\">\n<div class=\"min-h-[20px] text-message flex w-full flex-col items-end gap-2 whitespace-pre-wrap break-words [.text-message+&amp;]:mt-5 overflow-x-auto\" dir=\"auto\" data-message-author-role=\"assistant\" data-message-id=\"3e3a4949-78b3-420a-83e4-ff0ae2b9e104\">\n<div class=\"flex w-full flex-col gap-1 empty:hidden first:pt-[3px]\">\n<div class=\"markdown prose w-full break-words dark:prose-invert light\">\n<h1><\/h1>\n<\/div>\n<\/div>\n<\/div>\n<\/div>\n<\/div>\n<\/div>\n<div class=\"celwidget aplus-module premium-module-4-two-column-images aplus-premium\" data-csa-c-id=\"15yl7x-eio1n0-m9lh6n-socwzs\" data-cel-widget=\"aplus-premium-module-4-two-column-images\">\n<div class=\"a-section a-spacing-none premium-aplus premium-aplus-module-4 aplus-container-1\">\n<div class=\"a-section a-spacing-none premium-aplus-two-column\">\n<div class=\"a-section a-spacing-none premium-aplus-column\">\n<div class=\"a-section a-spacing-none column-description\">\n<div class=\"celwidget aplus-module module-9 aplus-standard\">\n<div class=\"aplus-module-wrapper\">\n<div class=\"\">\n<p><a href=\"https:\/\/www.amazon.de\/dp\/B0D7J7LJ33\/ref=sr_1_1?__mk_de_DE=%C3%85M%C3%85%C5%BD%C3%95%C3%91&amp;dib=eyJ2IjoiMSJ9.hG-I-hkPXbPPgCp4lGqzuw.zYV7vwYOKUAEWVL4jUuC3oykZOFP3Usk_ZiR_pXuZbY&amp;dib_tag=se&amp;keywords=ISOP%20Feuerl%C3%B6scher%20Kunststoffbox&amp;qid=1722949954&amp;s=diy&amp;sr=1-1&amp;th=1\" target=\"_blank\" rel=\"noopener\"><img loading=\"lazy\" decoding=\"async\" class=\"size-medium wp-image-5577\" src=\"https:\/\/isopllc.com\/no\/wp-content\/uploads\/sites\/16\/2024\/08\/PVC3-300x300.jpg\" alt=\"Brannslukningsapparat Plastboks\" width=\"300\" height=\"300\" srcset=\"https:\/\/isopllc.com\/no\/wp-content\/uploads\/sites\/16\/2024\/08\/PVC3-300x300.jpg 300w, https:\/\/isopllc.com\/no\/wp-content\/uploads\/sites\/16\/2024\/08\/PVC3-150x150.jpg 150w, https:\/\/isopllc.com\/no\/wp-content\/uploads\/sites\/16\/2024\/08\/PVC3-416x416.jpg 416w, https:\/\/isopllc.com\/no\/wp-content\/uploads\/sites\/16\/2024\/08\/PVC3-100x100.jpg 100w, https:\/\/isopllc.com\/no\/wp-content\/uploads\/sites\/16\/2024\/08\/PVC3.jpg 500w\" sizes=\"auto, (max-width: 300px) 100vw, 300px\" \/><\/a><\/p>\n<h4>Holdbar Konstruksjon<\/h4>\n<p>Fremstilt av h\u00f8ykvalitets, slagfast plast er dette PVC brannslukkerskapet designet til \u00e5 motst\u00e5 barske v\u00e6rforhold, inkludert ekstreme temperaturer, regn og UV-str\u00e5ling. Dens robuste konstruksjon sikrer langvarig beskyttelse av din brannslukker og bevarer dens integritet over tid.<\/p>\n<p>&nbsp;<\/p>\n<p class=\"a-text-center\"><img loading=\"lazy\" decoding=\"async\" class=\"alignnone wp-image-5584 size-full\" src=\"https:\/\/isopllc.com\/no\/wp-content\/uploads\/sites\/16\/2024\/08\/pvs-M-size-2.jpg\" alt=\"Brannslukkerskap i Plast\" width=\"300\" height=\"300\" srcset=\"https:\/\/isopllc.com\/no\/wp-content\/uploads\/sites\/16\/2024\/08\/pvs-M-size-2.jpg 300w, https:\/\/isopllc.com\/no\/wp-content\/uploads\/sites\/16\/2024\/08\/pvs-M-size-2-150x150.jpg 150w, https:\/\/isopllc.com\/no\/wp-content\/uploads\/sites\/16\/2024\/08\/pvs-M-size-2-100x100.jpg 100w\" sizes=\"auto, (max-width: 300px) 100vw, 300px\" \/><\/p>\n<h4 class=\"a-spacing-mini\">Universell Passform<\/h4>\n<p class=\"a-spacing-base\">PVC brannslukkerskapet er designet for \u00e5 romme brannslukkere p\u00e5 2.5 kg eller 5 lb, noe som gj\u00f8r det allsidig og egnet for ulike modeller og typer brannslukkere. Denne fleksibiliteten muliggj\u00f8r bred anvendelse i forskjellige milj\u00f8er.<\/p>\n<p>&nbsp;<\/p>\n<p><img loading=\"lazy\" decoding=\"async\" class=\"size-medium wp-image-5578\" src=\"https:\/\/isopllc.com\/no\/wp-content\/uploads\/sites\/16\/2024\/08\/PVC4-300x300.jpg\" alt=\"Brannslukningsapparat Plastboks\" width=\"300\" height=\"300\" srcset=\"https:\/\/isopllc.com\/no\/wp-content\/uploads\/sites\/16\/2024\/08\/PVC4-300x300.jpg 300w, https:\/\/isopllc.com\/no\/wp-content\/uploads\/sites\/16\/2024\/08\/PVC4-150x150.jpg 150w, https:\/\/isopllc.com\/no\/wp-content\/uploads\/sites\/16\/2024\/08\/PVC4-416x416.jpg 416w, https:\/\/isopllc.com\/no\/wp-content\/uploads\/sites\/16\/2024\/08\/PVC4-100x100.jpg 100w, https:\/\/isopllc.com\/no\/wp-content\/uploads\/sites\/16\/2024\/08\/PVC4.jpg 500w\" sizes=\"auto, (max-width: 300px) 100vw, 300px\" \/><\/p>\n<h4 class=\"a-spacing-mini\">Enkel Installasjon<\/h4>\n<p class=\"a-spacing-base\">Med forborede monteringshull kan ISOP PVC brannslukkerskapet enkelt monteres p\u00e5 enhver veggoverflate. Den enkle installasjonsprosessen sikrer at din brannslukker er sikkert plassert og lett tilgjengelig, noe som vesentlig forbedrer beredskapen ved n\u00f8dsituasjoner.<\/p>\n<p>&nbsp;<\/p>\n<\/div>\n<\/div>\n<\/div>\n<div class=\"celwidget aplus-module module-9 aplus-standard\">\n<div class=\"aplus-module-wrapper\">\n<div class=\"\">\n<p><img loading=\"lazy\" decoding=\"async\" class=\"size-medium wp-image-5581\" src=\"https:\/\/isopllc.com\/no\/wp-content\/uploads\/sites\/16\/2024\/08\/PVC7-300x300.jpg\" alt=\"Brannslukningsapparat Plastboks\" width=\"300\" height=\"300\" srcset=\"https:\/\/isopllc.com\/no\/wp-content\/uploads\/sites\/16\/2024\/08\/PVC7-300x300.jpg 300w, https:\/\/isopllc.com\/no\/wp-content\/uploads\/sites\/16\/2024\/08\/PVC7-150x150.jpg 150w, https:\/\/isopllc.com\/no\/wp-content\/uploads\/sites\/16\/2024\/08\/PVC7-416x416.jpg 416w, https:\/\/isopllc.com\/no\/wp-content\/uploads\/sites\/16\/2024\/08\/PVC7-100x100.jpg 100w, https:\/\/isopllc.com\/no\/wp-content\/uploads\/sites\/16\/2024\/08\/PVC7.jpg 500w\" sizes=\"auto, (max-width: 300px) 100vw, 300px\" \/><\/p>\n<h4 class=\"a-spacing-mini\">Sikker og Tilgjengelig<\/h4>\n<p class=\"a-spacing-base\">PVC-brannslukkerskapet er utstyrt med et sikkert l\u00e5sesystem som holder brannslukkeren trygt p\u00e5 plass og forhindrer utilsiktet fall, samtidig som det gir rask og enkel tilgang n\u00e5r det trengs. I en n\u00f8dsituasjon teller hvert sekund, og dette designet sikrer at du kan handle raskt.<\/p>\n<p>&nbsp;<\/p>\n<p><img loading=\"lazy\" decoding=\"async\" class=\"size-medium wp-image-5580\" src=\"https:\/\/isopllc.com\/no\/wp-content\/uploads\/sites\/16\/2024\/08\/PVC6-298x300.jpg\" alt=\"Brannslukningsapparat Plastboks\" width=\"298\" height=\"300\" srcset=\"https:\/\/isopllc.com\/no\/wp-content\/uploads\/sites\/16\/2024\/08\/PVC6-298x300.jpg 298w, https:\/\/isopllc.com\/no\/wp-content\/uploads\/sites\/16\/2024\/08\/PVC6-150x150.jpg 150w, https:\/\/isopllc.com\/no\/wp-content\/uploads\/sites\/16\/2024\/08\/PVC6-416x419.jpg 416w, https:\/\/isopllc.com\/no\/wp-content\/uploads\/sites\/16\/2024\/08\/PVC6-100x100.jpg 100w, https:\/\/isopllc.com\/no\/wp-content\/uploads\/sites\/16\/2024\/08\/PVC6.jpg 497w\" sizes=\"auto, (max-width: 298px) 100vw, 298px\" \/><\/p>\n<div class=\"flex-shrink-0 flex flex-col relative items-end\">\n<div>\n<div class=\"pt-0\">\n<div class=\"gizmo-bot-avatar flex h-8 w-8 items-center justify-center overflow-hidden rounded-full\">\n<div class=\"relative p-1 rounded-sm flex items-center justify-center bg-token-main-surface-primary text-token-text-primary h-8 w-8\"><\/div>\n<\/div>\n<\/div>\n<\/div>\n<\/div>\n<div class=\"group\/conversation-turn relative flex w-full min-w-0 flex-col agent-turn\">\n<div class=\"flex-col gap-1 md:gap-3\">\n<div class=\"flex max-w-full flex-col flex-grow\">\n<div class=\"min-h-[20px] text-message flex w-full flex-col items-end gap-2 whitespace-pre-wrap break-words [.text-message+&amp;]:mt-5 overflow-x-auto\" dir=\"auto\" data-message-author-role=\"assistant\" data-message-id=\"5b358f82-17d0-485b-a59e-06e85fc73c4d\">\n<div class=\"flex w-full flex-col gap-1 empty:hidden first:pt-[3px]\">\n<div class=\"markdown prose w-full break-words dark:prose-invert light\">\n<h4>Synlighet<\/h4>\n<\/div>\n<\/div>\n<\/div>\n<\/div>\n<\/div>\n<\/div>\n<p class=\"a-spacing-base\">Et klart, bruddsikkert vindu muliggj\u00f8r raske visuelle inspeksjoner av brannslukkerens status uten \u00e5 m\u00e5tte \u00e5pne brannslukkerskapet. Denne egenskapen sikrer at brannslukkeren alltid er klar til bruk og gj\u00f8r rutinemessige vedlikeholdssjekker enklere.<\/p>\n<p>&nbsp;<\/p>\n<p><img loading=\"lazy\" decoding=\"async\" class=\"size-medium wp-image-5579\" src=\"https:\/\/isopllc.com\/no\/wp-content\/uploads\/sites\/16\/2024\/08\/PVC5-300x300.jpg\" alt=\"Brannslukningsapparat Plastboks\" width=\"300\" height=\"300\" srcset=\"https:\/\/isopllc.com\/no\/wp-content\/uploads\/sites\/16\/2024\/08\/PVC5-300x300.jpg 300w, https:\/\/isopllc.com\/no\/wp-content\/uploads\/sites\/16\/2024\/08\/PVC5-150x150.jpg 150w, https:\/\/isopllc.com\/no\/wp-content\/uploads\/sites\/16\/2024\/08\/PVC5-416x416.jpg 416w, https:\/\/isopllc.com\/no\/wp-content\/uploads\/sites\/16\/2024\/08\/PVC5-100x100.jpg 100w, https:\/\/isopllc.com\/no\/wp-content\/uploads\/sites\/16\/2024\/08\/PVC5.jpg 500w\" sizes=\"auto, (max-width: 300px) 100vw, 300px\" \/><\/p>\n<h4><\/h4>\n<h4 class=\"a-spacing-mini\">V\u00e6rbestandig<\/h4>\n<p class=\"a-spacing-base\">Ideell for utend\u00f8rs milj\u00f8er, er <a href=\"https:\/\/isopllc.com\/\">PVC brannslukkerskapet<\/a> designet for \u00e5 beskytte din brannslukker mot regn, st\u00f8v og UV-str\u00e5ler. Dens v\u00e6rbestandige egenskaper sikrer at slukkeren forblir i optimal stand uansett ytre p\u00e5virkninger.<\/p>\n<p>Filgjengelig ogs\u00e5 i <a href=\"https:\/\/isopllc.com\/no\/product\/isop-brannslukningsapparat-plastboks-stor-for-5-kg\/\"><strong>stor<\/strong><\/a> st\u00f8rrelse.<\/p>\n<\/div>\n<\/div>\n<\/div>\n<\/div>\n<\/div>\n<\/div>\n<\/div>\n<\/div>\n","protected":false},"excerpt":{"rendered":"[embed]https:\/\/youtu.be\/trEfFJ3G0y8?si=BLZ7d-1qcoWEXV4A[\/embed]\n[embed]https:\/\/www.youtube.com\/shorts\/_Zq_WWXati8[\/embed]\n<p class=\"relative p-1 rounded-sm flex items-center justify-center bg-token-main-surface-primary text-token-text-primary h-8 w-8\" style=\"text-align: center\">Brannslukkerskap i Plast Liten til 2.5 kg &#8211; Brannslukkerboks &#8211; N\u00f8dbrannslukkerboks til Utend\u00f8rs Montering &#8211; Brannslukker Montering &#8211; Brannslukker Kapsling &#8211; Boks til Brannslukker<\/p>\n<p style=\"text-align: center\">GRATIS LEVERING INNEN 3-7 DAGER<\/p>\n<p style=\"text-align: center\"><strong>KJ\u00d8P DEN P\u00c5<\/strong><\/p>\n<p><a href=\"https:\/\/www.amazon.de\/dp\/B0D7J7LJ33\/ref=sr_1_1?__mk_de_DE=%C3%85M%C3%85%C5%BD%C3%95%C3%91&amp;dib=eyJ2IjoiMSJ9.hG-I-hkPXbPPgCp4lGqzuw.zYV7vwYOKUAEWVL4jUuC3oykZOFP3Usk_ZiR_pXuZbY&amp;dib_tag=se&amp;keywords=ISOP%20Feuerl%C3%B6scher%20Kunststoffbox&amp;qid=1722949954&amp;s=diy&amp;sr=1-1&amp;th=1\"><img loading=\"lazy\" decoding=\"async\" class=\"aligncenter wp-image-1040 size-full\" src=\"https:\/\/isopllc.com\/no\/wp-content\/uploads\/sites\/16\/2020\/01\/amazon-button9.png\" alt=\"\" width=\"160\" height=\"59\" \/><\/a><\/p>\n<p>&nbsp;<\/p>\n","protected":false},"featured_media":5575,"comment_status":"open","ping_status":"closed","template":"","meta":[],"product_brand":[],"product_cat":[204,68],"product_tag":[134,129,136,135,80,81],"class_list":{"0":"post-5583","1":"product","2":"type-product","3":"status-publish","4":"has-post-thumbnail","6":"product_cat-brannslukningsapparat-holder","7":"product_cat-tilbehor-til-brannstiger","8":"product_tag-brannslukkerskap","9":"product_tag-isop","10":"product_tag-liten","11":"product_tag-plast","12":"product_tag-redningsutstyr","13":"product_tag-sikkerhet","15":"first","16":"instock","17":"shipping-taxable","18":"purchasable","19":"product-type-simple"},"_links":{"self":[{"href":"https:\/\/isopllc.com\/no\/wp-json\/wp\/v2\/product\/5583","targetHints":{"allow":["GET"]}}],"collection":[{"href":"https:\/\/isopllc.com\/no\/wp-json\/wp\/v2\/product"}],"about":[{"href":"https:\/\/isopllc.com\/no\/wp-json\/wp\/v2\/types\/product"}],"replies":[{"embeddable":true,"href":"https:\/\/isopllc.com\/no\/wp-json\/wp\/v2\/comments?post=5583"}],"wp:featuredmedia":[{"embeddable":true,"href":"https:\/\/isopllc.com\/no\/wp-json\/wp\/v2\/media\/5575"}],"wp:attachment":[{"href":"https:\/\/isopllc.com\/no\/wp-json\/wp\/v2\/media?parent=5583"}],"wp:term":[{"taxonomy":"product_brand","embeddable":true,"href":"https:\/\/isopllc.com\/no\/wp-json\/wp\/v2\/product_brand?post=5583"},{"taxonomy":"product_cat","embeddable":true,"href":"https:\/\/isopllc.com\/no\/wp-json\/wp\/v2\/product_cat?post=5583"},{"taxonomy":"product_tag","embeddable":true,"href":"https:\/\/isopllc.com\/no\/wp-json\/wp\/v2\/product_tag?post=5583"}],"curies":[{"name":"wp","href":"https:\/\/api.w.org\/{rel}","templated":true}]}}