{"id":5585,"date":"2024-08-13T14:46:35","date_gmt":"2024-08-13T14:46:35","guid":{"rendered":"https:\/\/isopllc.com\/no\/?post_type=product&#038;p=5585"},"modified":"2025-01-02T15:21:14","modified_gmt":"2025-01-02T15:21:14","slug":"isop-2-trinns-klappstige-i-aluminium","status":"publish","type":"product","link":"https:\/\/isopllc.com\/no\/product\/isop-2-trinns-klappstige-i-aluminium\/","title":{"rendered":"ISOP 2-trinns Klappstige i Aluminium"},"content":{"rendered":"<div class=\"flex-shrink-0 flex flex-col relative items-end\">\n<div class=\"pt-0\">\n<div class=\"gizmo-bot-avatar flex h-8 w-8 items-center justify-center overflow-hidden rounded-full\">\n<div class=\"flex-shrink-0 flex flex-col relative items-end\">\n<div class=\"pt-0\">\n<div class=\"gizmo-bot-avatar flex h-8 w-8 items-center justify-center overflow-hidden rounded-full\">\n<div class=\"flex-shrink-0 flex flex-col relative items-end\">\n<div>\n<div class=\"pt-0\">\n<div class=\"gizmo-bot-avatar flex h-8 w-8 items-center justify-center overflow-hidden rounded-full\">\n<h1 class=\"relative p-1 rounded-sm flex items-center justify-center bg-token-main-surface-primary text-token-text-primary h-8 w-8\">ISOP 2-trinns Klappstige i Aluminium | Hvit Sammenleggbar Stige med to Trinn | Sklisikre Trinn | Robust, Lett og Kompakt | Trappestige til Husholdning, Garasje eller Kontor<\/h1>\n<\/div>\n<\/div>\n<\/div>\n<\/div>\n<\/div>\n<\/div>\n<\/div>\n<\/div>\n<\/div>\n<\/div>\n<div class=\"celwidget aplus-module premium-module-4-two-column-images aplus-premium\" data-csa-c-id=\"15yl7x-eio1n0-m9lh6n-socwzs\" data-cel-widget=\"aplus-premium-module-4-two-column-images\">\n<div class=\"a-section a-spacing-none premium-aplus premium-aplus-module-4 aplus-container-1\">\n<div class=\"a-section a-spacing-none premium-aplus-two-column\">\n<div class=\"a-section a-spacing-none premium-aplus-column\">\n<div class=\"a-section a-spacing-none column-description\">\n<div class=\"celwidget aplus-module module-9 aplus-standard\">\n<div class=\"aplus-module-wrapper\">\n<div class=\"\"><\/div>\n<\/div>\n<\/div>\n<div class=\"celwidget aplus-module module-9 aplus-standard\">\n<div class=\"aplus-module-wrapper\">\n<div class=\"\">\n<p class=\"a-text-center\"><img loading=\"lazy\" decoding=\"async\" class=\"alignnone size-full wp-image-5586\" src=\"https:\/\/isopllc.com\/no\/wp-content\/uploads\/sites\/16\/2024\/08\/stepp-ladder-2-steps-1.jpg\" alt=\"Klappstige i Aluminium\" width=\"300\" height=\"300\" srcset=\"https:\/\/isopllc.com\/no\/wp-content\/uploads\/sites\/16\/2024\/08\/stepp-ladder-2-steps-1.jpg 300w, https:\/\/isopllc.com\/no\/wp-content\/uploads\/sites\/16\/2024\/08\/stepp-ladder-2-steps-1-150x150.jpg 150w, https:\/\/isopllc.com\/no\/wp-content\/uploads\/sites\/16\/2024\/08\/stepp-ladder-2-steps-1-100x100.jpg 100w\" sizes=\"auto, (max-width: 300px) 100vw, 300px\" \/><\/p>\n<p class=\"a-spacing-base\">ISOP 2-trinns klappstige er det perfekte tillegget til ethvert hjem, garasje eller kontor. Denne hvite sammenleggbare stigen er laget av h\u00f8ykvalitets aluminium, noe som gj\u00f8r den holdbar, lett og kompakt for enkel oppbevaring og transport. Med sklisisikre trinn kan du f\u00f8le deg trygg og sikker n\u00e5r du bruker denne to-trinns stigen.<\/p>\n<p>&nbsp;<\/p>\n<p class=\"a-text-center\"><img loading=\"lazy\" decoding=\"async\" class=\"alignnone size-full wp-image-5587\" src=\"https:\/\/isopllc.com\/no\/wp-content\/uploads\/sites\/16\/2024\/08\/stepp-ladder-2-steps-2.jpg\" alt=\"Klappstige i Aluminium\" width=\"300\" height=\"300\" srcset=\"https:\/\/isopllc.com\/no\/wp-content\/uploads\/sites\/16\/2024\/08\/stepp-ladder-2-steps-2.jpg 300w, https:\/\/isopllc.com\/no\/wp-content\/uploads\/sites\/16\/2024\/08\/stepp-ladder-2-steps-2-150x150.jpg 150w, https:\/\/isopllc.com\/no\/wp-content\/uploads\/sites\/16\/2024\/08\/stepp-ladder-2-steps-2-100x100.jpg 100w\" sizes=\"auto, (max-width: 300px) 100vw, 300px\" \/><\/p>\n<div class=\"flex-shrink-0 flex flex-col relative items-end\">\n<div>\n<div class=\"pt-0\">\n<div class=\"gizmo-bot-avatar flex h-8 w-8 items-center justify-center overflow-hidden rounded-full\">\n<div class=\"relative p-1 rounded-sm flex items-center justify-center bg-token-main-surface-primary text-token-text-primary h-8 w-8\"><\/div>\n<\/div>\n<\/div>\n<\/div>\n<\/div>\n<div class=\"group\/conversation-turn relative flex w-full min-w-0 flex-col agent-turn\">\n<div class=\"flex-col gap-1 md:gap-3\">\n<div class=\"flex max-w-full flex-col flex-grow\">\n<div class=\"min-h-[20px] text-message flex w-full flex-col items-end gap-2 whitespace-pre-wrap break-words [.text-message+&amp;]:mt-5 overflow-x-auto\" dir=\"auto\" data-message-author-role=\"assistant\" data-message-id=\"927487ac-339e-4cd6-af53-297385b7b032\">\n<div class=\"flex w-full flex-col gap-1 empty:hidden first:pt-[3px]\">\n<div class=\"markdown prose w-full break-words dark:prose-invert light\">\n<p>Den robuste konstruksjonen sikrer stabilitet og sikkerhet mens du strekker deg etter gjenstander p\u00e5 h\u00f8ye hyller, bytter lysp\u00e6rer eller utf\u00f8rer husholdningsoppgaver. Denne stigen er designet med komfort og brukervennlighet i tankene, med en enkel foldemekanisme som muliggj\u00f8r rask og enkel oppsett og nedlegging. Den kompakte st\u00f8rrelsen gj\u00f8r den ideell for sm\u00e5 rom og enkel oppbevaring n\u00e5r den ikke er i bruk.<\/p>\n<\/div>\n<\/div>\n<\/div>\n<\/div>\n<\/div>\n<\/div>\n<p>&nbsp;<\/p>\n<p class=\"a-text-center\"><img loading=\"lazy\" decoding=\"async\" class=\"alignnone size-full wp-image-5588\" src=\"https:\/\/isopllc.com\/no\/wp-content\/uploads\/sites\/16\/2024\/08\/stepp-ladder-2-steps-3.jpeg\" alt=\"Klappstige i Aluminium\" width=\"300\" height=\"300\" srcset=\"https:\/\/isopllc.com\/no\/wp-content\/uploads\/sites\/16\/2024\/08\/stepp-ladder-2-steps-3.jpeg 300w, https:\/\/isopllc.com\/no\/wp-content\/uploads\/sites\/16\/2024\/08\/stepp-ladder-2-steps-3-150x150.jpeg 150w, https:\/\/isopllc.com\/no\/wp-content\/uploads\/sites\/16\/2024\/08\/stepp-ladder-2-steps-3-100x100.jpeg 100w\" sizes=\"auto, (max-width: 300px) 100vw, 300px\" \/><\/p>\n<p class=\"a-spacing-base\">Uansett om du trenger en p\u00e5litelig stige for daglige oppgaver hjemme eller en b\u00e6rbar l\u00f8sning for bruk p\u00e5 farten, er ISOP 2-trinns klappstige en allsidig og praktisk l\u00f8sning. Oppgrader hjemmet eller arbeidsplassen din med denne funksjonelle og stilige stigen i dag.<\/p>\n<\/div>\n<\/div>\n<\/div>\n<\/div>\n<\/div>\n<\/div>\n<\/div>\n<\/div>\n","protected":false},"excerpt":{"rendered":"[embed]https:\/\/youtu.be\/LNrwzm2eSFM?si=FxbEvpf2vA-UqAqT[\/embed]\n<p class=\"relative p-1 rounded-sm flex items-center justify-center bg-token-main-surface-primary text-token-text-primary h-8 w-8\" style=\"text-align: center;\">ISOP 2-trinns Klappstige i Aluminium | Hvit Sammenleggbar Stige med to Trinn | Sklisikre Trinn | Robust, Lett og Kompakt | Trappestige til Husholdning, Garasje eller Kontor<\/p>\n<p style=\"text-align: center;\">GRATIS LEVERING INNEN 3-7 DAGER<\/p>\n<p style=\"text-align: center;\"><strong>KJ\u00d8P DEN P\u00c5<\/strong><\/p>\n<p><a href=\"https:\/\/www.amazon.de\/dp\/B0D4HMFYKP\/ref=sr_1_1?__mk_de_DE=%C3%85M%C3%85%C5%BD%C3%95%C3%91&amp;crid=2U2FWL6NL0DH4&amp;dib=eyJ2IjoiMSJ9.cxBCZWYlEki35yUaJz-1Pw.i10f4UHeMuR0SjtWLr5MAGFlp5CWmqZaKkvOqXQnY18&amp;dib_tag=se&amp;keywords=ISOP%202-Stufen-Klappleiter%20aus%20Aluminium&amp;qid=1722846639&amp;refresh=1&amp;s=kitchen&amp;sprefix=b0d4hmfykp%2Ckitchen%2C553&amp;sr=1-1\"><img loading=\"lazy\" decoding=\"async\" class=\"aligncenter wp-image-1040 size-full\" src=\"https:\/\/isopllc.com\/no\/wp-content\/uploads\/sites\/16\/2020\/01\/amazon-button9.png\" alt=\"\" width=\"160\" height=\"59\" \/><\/a><\/p>\n<p>&nbsp;<\/p>\n","protected":false},"featured_media":5591,"comment_status":"open","ping_status":"closed","template":"","meta":[],"product_brand":[],"product_cat":[76],"product_tag":[131,129,130,80,81],"class_list":{"0":"post-5585","1":"product","2":"type-product","3":"status-publish","4":"has-post-thumbnail","6":"product_cat-klappstige","7":"product_tag-aluminium","8":"product_tag-isop","9":"product_tag-klappstige","10":"product_tag-redningsutstyr","11":"product_tag-sikkerhet","13":"first","14":"instock","15":"shipping-taxable","16":"purchasable","17":"product-type-simple"},"_links":{"self":[{"href":"https:\/\/isopllc.com\/no\/wp-json\/wp\/v2\/product\/5585","targetHints":{"allow":["GET"]}}],"collection":[{"href":"https:\/\/isopllc.com\/no\/wp-json\/wp\/v2\/product"}],"about":[{"href":"https:\/\/isopllc.com\/no\/wp-json\/wp\/v2\/types\/product"}],"replies":[{"embeddable":true,"href":"https:\/\/isopllc.com\/no\/wp-json\/wp\/v2\/comments?post=5585"}],"wp:featuredmedia":[{"embeddable":true,"href":"https:\/\/isopllc.com\/no\/wp-json\/wp\/v2\/media\/5591"}],"wp:attachment":[{"href":"https:\/\/isopllc.com\/no\/wp-json\/wp\/v2\/media?parent=5585"}],"wp:term":[{"taxonomy":"product_brand","embeddable":true,"href":"https:\/\/isopllc.com\/no\/wp-json\/wp\/v2\/product_brand?post=5585"},{"taxonomy":"product_cat","embeddable":true,"href":"https:\/\/isopllc.com\/no\/wp-json\/wp\/v2\/product_cat?post=5585"},{"taxonomy":"product_tag","embeddable":true,"href":"https:\/\/isopllc.com\/no\/wp-json\/wp\/v2\/product_tag?post=5585"}],"curies":[{"name":"wp","href":"https:\/\/api.w.org\/{rel}","templated":true}]}}