{"id":5652,"date":"2024-12-17T23:50:31","date_gmt":"2024-12-17T23:50:31","guid":{"rendered":"https:\/\/isopllc.com\/no\/?post_type=product&#038;p=5652"},"modified":"2025-01-02T15:15:37","modified_gmt":"2025-01-02T15:15:37","slug":"isop-hjertestarter-defibrillator-oppbevaringsskap-ship","status":"publish","type":"product","link":"https:\/\/isopllc.com\/no\/product\/isop-hjertestarter-defibrillator-oppbevaringsskap-ship\/","title":{"rendered":"Hjertestarter Defibrillator Oppbevaringsskap"},"content":{"rendered":"<h1 id=\"title\" class=\"a-size-large a-spacing-none\">ISOP Hjertestarter Defibrillator Oppbevaringsskap | Vegmontert F\u00f8rstehjelpsskrin | N\u00f8dutgangsstige-skap<\/h1>\n<p><img loading=\"lazy\" decoding=\"async\" class=\"alignnone wp-image-5252\" src=\"https:\/\/isopllc.com\/usa\/wp-content\/uploads\/sites\/4\/2023\/12\/AED-7.jpg\" alt=\"AED\" width=\"634\" height=\"196\" \/><\/p>\n<div class=\"a-section a-spacing-none aplus-module-section aplus-text-section\">\n<div class=\"flex-1 overflow-hidden\">\n<div class=\"react-scroll-to-bottom--css-kgvmu-79elbk h-full\">\n<div class=\"react-scroll-to-bottom--css-kgvmu-1n7m0yu\">\n<div class=\"flex flex-col pb-9 text-sm\">\n<div class=\"w-full text-token-text-primary\" data-testid=\"conversation-turn-9\">\n<div class=\"px-4 py-2 justify-center text-base md:gap-6 m-auto\">\n<div class=\"flex flex-1 text-base mx-auto gap-3 md:px-5 lg:px-1 xl:px-5 md:max-w-3xl lg:max-w-[40rem] xl:max-w-[48rem] group final-completion\">\n<div class=\"relative flex w-full flex-col lg:w-[calc(100%-115px)] agent-turn\">\n<div class=\"flex-col gap-1 md:gap-3\">\n<div class=\"flex flex-grow flex-col max-w-full\">\n<div class=\"min-h-[20px] text-message flex flex-col items-start gap-3 whitespace-pre-wrap break-words [.text-message+&amp;]:mt-5 overflow-x-auto\" data-message-author-role=\"assistant\" data-message-id=\"b0b1cd3a-f341-46e3-8d24-8f4a65d52635\">\n<div class=\"markdown prose w-full break-words dark:prose-invert light\">\n<p>Kj\u00f8p et Hjertestarter Defibrillator Oppbevaringsskap med universell passform og rask tilgang. Perfekt for sykehus, klinikker, kontorer og offentlige steder \u2013 s\u00f8rg for at livreddende utstyr alltid er klart n\u00e5r det trengs.<\/p>\n<p>Oppdag v\u00e5rt <strong>Hjertestarter Defibrillator Oppbevaringsskap<\/strong>, designet for trygg og praktisk lagring av hjertestartere (AED). Utstyrt med en smart snap-l\u00e5s og innfelte d\u00f8rh\u00e5ndtak, sikrer dette skapet rask og enkel tilgang til livreddende utstyr n\u00e5r hvert sekund teller. Den r\u00f8de AED-teksten gj\u00f8r skapet synlig og lett gjenkjennelig, slik at det raskt kan tas i bruk i n\u00f8dsituasjoner.<\/p>\n<p><strong>Universell bruk:<\/strong> Dette <strong>AED-skapet<\/strong> er ideelt for bruk i sykehus, klinikker, redningskj\u00f8ret\u00f8y, skoler, institusjoner og kontorlandskaper. Tilpasset for alle standard AED-modeller, gir det sikker oppbevaring samtidig som det er lett tilgjengelig for oppl\u00e6rte fagfolk.<\/p>\n<p><strong>Praktisk og innovativt design:<\/strong> Det ergonomiske hulh\u00e5ndtaket og den ul\u00e5ste snap-l\u00e5sen eliminerer forsinkelser i kritiske situasjoner, noe som gir deg muligheten til \u00e5 handle raskt og effektivt. Installer skapet p\u00e5 et lett tilgjengelig sted for maksimal beredskap og trygghet.<\/p>\n<p><strong>Allsidig oppbevaring:<\/strong> I tillegg til hjertestartere, kan dette aluminiumsdesignet ogs\u00e5 brukes til lagring av brannstiger, f\u00f8rstehjelpsutstyr, eller andre n\u00f8dvendige gjenstander.<\/p>\n<p><strong>Bestill n\u00e5:<\/strong> Invester i et <strong>Hjertestarter Defibrillator Oppbevaringsskap<\/strong> og \u00f8k beredskapsniv\u00e5et ditt i dag. Perfekt for hjem, kontorer og offentlige steder \u2013 sikr deg tryggheten med riktig oppbevaring for livreddende utstyr.Klikk her for \u00e5 kj\u00f8pe ditt <strong>Hjertestarter Defibrillator Oppbevaringsskap<\/strong> og sikre at ditt n\u00f8dutstyr alltid er innen rekkevidde. Ikke vent \u2013 hvert sekund teller!<\/p>\n<p>Dette optimaliserte innholdet er tilpasset for \u00e5 rangere bedre i s\u00f8kemotorer ved \u00e5 bruke relevante n\u00f8kkelord som &#8220;hjertestarter,&#8221; &#8220;defibrillator,&#8221; og &#8220;oppbevaringsskap,&#8221; samtidig som det appellerer til leseren.<\/p>\n<\/div>\n<\/div>\n<\/div>\n<\/div>\n<\/div>\n<\/div>\n<\/div>\n<\/div>\n<\/div>\n<\/div>\n<\/div>\n<\/div>\n<p><em>35,8 x 17,8 x 40 cm | 3 KG<\/em><\/p>\n<p><em>Laget av industriell kvalitetsjern<\/em><\/p>\n<p><em>Gjennomsiktig akrylvindu og r\u00f8de elementer for enkel identifikasjon<\/em><\/p>\n<p><em>Fire hull for installasjon p\u00e5 baksiden av enheten<\/em><\/p>\n<p><em>Universell AED-veggskap passer til alle AED-er<\/em><\/p>\n<p><img loading=\"lazy\" decoding=\"async\" class=\"alignnone wp-image-5253\" src=\"https:\/\/isopllc.com\/usa\/wp-content\/uploads\/sites\/4\/2023\/12\/AED-8.jpg\" alt=\"AED\" width=\"631\" height=\"195\" \/><\/p>\n<\/div>\n","protected":false},"excerpt":{"rendered":"[embed]https:\/\/www.youtube.com\/shorts\/M65A5eMPJkk[\/embed]\n<p id=\"title\" class=\"a-size-large a-spacing-none\" style=\"text-align: center;\">ISOP Hjertestarter Defibrillator Oppbevaringsskap | Vegmontert F\u00f8rstehjelpsskrin | Universalskap for n\u00f8dutstyr Brannstige Brann-evakueringssett eller rednings- og overlevelsessett | N\u00f8dutgangsstige-skap<\/p>\n<p style=\"text-align: center;\">GRATIS LEVERING INNEN 3-7 DAGER<\/p>\n<h4 style=\"text-align: center;\"><strong>KJ\u00d8P DET P\u00c5<\/strong><\/h4>\n<p style=\"text-align: center;\"><a href=\"https:\/\/www.amazon.de\/dp\/B0CN18ZB44\/ref=sr_1_1?__mk_de_DE=%C3%85M%C3%85%C5%BD%C3%95%C3%91&amp;crid=38LUXX770LNMV&amp;keywords=AED-Defibrillator-Aufbewahrungsschrank&amp;qid=1706455679&amp;s=drugstore&amp;sprefix=%2Cdrugstore%2C620&amp;sr=1-1&amp;ufe=app_do%3Aamzn1.fos.d85e497d-ab66-4790-acf8-e520aaf28cd3\"><img loading=\"lazy\" decoding=\"async\" class=\"aligncenter wp-image-1040 size-full\" src=\"https:\/\/isopllc.com\/de\/wp-content\/uploads\/sites\/3\/2020\/01\/amazon-button9.png\" alt=\"\" width=\"160\" height=\"59\" \/><\/a><\/p>\n","protected":false},"featured_media":5647,"comment_status":"open","ping_status":"closed","template":"","meta":[],"product_brand":[],"product_cat":[66,74],"product_tag":[149,148,191,129,150,80,81],"class_list":{"0":"post-5652","1":"product","2":"type-product","3":"status-publish","4":"has-post-thumbnail","6":"product_cat-oppbevaringsboks-for-brann-romningsstiger","7":"product_cat-rednings-og-overlevelses","8":"product_tag-defibrillator","9":"product_tag-hjertestarter","10":"product_tag-hjertestarter-aed","11":"product_tag-isop","12":"product_tag-oppbevaringsskap","13":"product_tag-redningsutstyr","14":"product_tag-sikkerhet","16":"first","17":"instock","18":"shipping-taxable","19":"purchasable","20":"product-type-simple"},"_links":{"self":[{"href":"https:\/\/isopllc.com\/no\/wp-json\/wp\/v2\/product\/5652","targetHints":{"allow":["GET"]}}],"collection":[{"href":"https:\/\/isopllc.com\/no\/wp-json\/wp\/v2\/product"}],"about":[{"href":"https:\/\/isopllc.com\/no\/wp-json\/wp\/v2\/types\/product"}],"replies":[{"embeddable":true,"href":"https:\/\/isopllc.com\/no\/wp-json\/wp\/v2\/comments?post=5652"}],"wp:featuredmedia":[{"embeddable":true,"href":"https:\/\/isopllc.com\/no\/wp-json\/wp\/v2\/media\/5647"}],"wp:attachment":[{"href":"https:\/\/isopllc.com\/no\/wp-json\/wp\/v2\/media?parent=5652"}],"wp:term":[{"taxonomy":"product_brand","embeddable":true,"href":"https:\/\/isopllc.com\/no\/wp-json\/wp\/v2\/product_brand?post=5652"},{"taxonomy":"product_cat","embeddable":true,"href":"https:\/\/isopllc.com\/no\/wp-json\/wp\/v2\/product_cat?post=5652"},{"taxonomy":"product_tag","embeddable":true,"href":"https:\/\/isopllc.com\/no\/wp-json\/wp\/v2\/product_tag?post=5652"}],"curies":[{"name":"wp","href":"https:\/\/api.w.org\/{rel}","templated":true}]}}