{"id":5660,"date":"2024-12-24T18:27:16","date_gmt":"2024-12-24T18:27:16","guid":{"rendered":"https:\/\/isopllc.com\/no\/?post_type=product&#038;p=5660"},"modified":"2025-05-29T07:42:59","modified_gmt":"2025-05-29T07:42:59","slug":"brannstige-5-etasjer-15-meter","status":"publish","type":"product","link":"https:\/\/isopllc.com\/no\/product\/brannstige-5-etasjer-15-meter\/","title":{"rendered":"Brannstige 5 etasjer 15 meter &#8211; Sikkerhetsstige for Vinduer"},"content":{"rendered":"<div class=\"celwidget aplus-module module-4 aplus-standard\" data-csa-c-id=\"6mnb1z-9dwrl2-ic24uv-jd1phn\" data-cel-widget=\"aplus-module-4\">\n<div class=\"a-expander-collapsed-height a-row a-expander-container a-expander-partial-collapse-container\" aria-live=\"polite\" data-a-expander-name=\"aplus-module-expander\" data-a-expander-collapsed-height=\"700\">\n<div class=\"a-expander-content a-expander-partial-collapse-content\" aria-expanded=\"false\">\n<div class=\"aplus-module-wrapper apm-fixed-width\">\n<div class=\"apm-spacing\">\n<div class=\"apm-floatleft apm-fixed-width\">\n<div id=\"title_feature_div\" class=\"celwidget\" data-feature-name=\"title\" data-csa-c-id=\"m5t5xw-wzxd1-od319-pyb58o\" data-cel-widget=\"title_feature_div\">\n<div id=\"titleSection\" class=\"a-section a-spacing-none\">\n<div id=\"title_feature_div\" class=\"celwidget\" data-feature-name=\"title\" data-csa-c-id=\"m5t5xw-wzxd1-od319-pyb58o\" data-cel-widget=\"title_feature_div\">\n<div id=\"titleSection\" class=\"a-section a-spacing-none\">\n<div id=\"title_feature_div\" class=\"celwidget\" data-feature-name=\"title\" data-csa-c-id=\"m5t5xw-wzxd1-od319-pyb58o\" data-cel-widget=\"title_feature_div\">\n<div id=\"titleSection\" class=\"a-section a-spacing-none\">\n<div id=\"title_feature_div\" class=\"celwidget\" data-feature-name=\"title\" data-csa-c-id=\"m5t5xw-wzxd1-od319-pyb58o\" data-cel-widget=\"title_feature_div\">\n<div id=\"titleSection\" class=\"a-section a-spacing-none\">\n<h2 class=\"a-size-large a-spacing-none\">Brannstige 5 etasjer 15 m | Sikkerhetsstige Multifunksjonell, v\u00e6rbestandig | Webbingstige med fj\u00e6rkroker | Lett, kompakt og b\u00e6rbar |\u00a0Sikkerhetsstige for Vinduer<\/h2>\n<h3 style=\"text-align: center\">Brannstige 5 etasjer 15 meter<\/h3>\n<p style=\"text-align: center\">I n\u00f8dsituasjoner teller hvert sekund. Enten det er brann, r\u00f8yk, jordskjelv eller en annen uforutsett hendelse &#8211; den normale r\u00f8mningsveien via trappeoppgangen kan fort bli blokkert. I slike situasjoner kan en n\u00f8dstige utgj\u00f8re hele forskjellen. V\u00e5r Brannstige 5 etasjer 15 meter \u00a0er spesialdesignet for bruk i bygninger med opptil fire etasjer, og er et raskt, sikkert og p\u00e5litelig redningsalternativ.<\/p>\n<\/div>\n<\/div>\n<\/div>\n<\/div>\n<\/div>\n<\/div>\n<\/div>\n<\/div>\n<\/div>\n<\/div>\n<\/div>\n<\/div>\n<\/div>\n<\/div>\n<div class=\"celwidget aplus-module module-4 aplus-standard\" data-csa-c-id=\"szt2lt-ajuuna-obqptf-s4hanf\" data-cel-widget=\"aplus-module-4\">\n<div class=\"a-expander-collapsed-height a-row a-expander-container a-expander-partial-collapse-container\" aria-live=\"polite\" data-a-expander-name=\"aplus-module-expander\" data-a-expander-collapsed-height=\"700\">\n<div class=\"a-expander-content a-expander-partial-collapse-content\" aria-expanded=\"false\">\n<div class=\"celwidget aplus-module module-4 aplus-standard\">\n<div class=\"a-expander-collapsed-height a-row a-expander-container a-expander-partial-collapse-container\" data-a-expander-name=\"aplus-module-expander\" data-a-expander-collapsed-height=\"700\">\n<div class=\"a-expander-content a-expander-partial-collapse-content\" aria-expanded=\"false\">\n<div class=\"aplus-module-wrapper apm-fixed-width\">\n<div class=\"apm-spacing\">\n<div class=\"apm-floatleft apm-fixed-width\">\n<div class=\"celwidget aplus-module module-4 aplus-standard\">\n<div class=\"a-expander-collapsed-height a-row a-expander-container a-expander-partial-collapse-container\" data-a-expander-name=\"aplus-module-expander\" data-a-expander-collapsed-height=\"700\">\n<div class=\"a-expander-content a-expander-partial-collapse-content\" aria-expanded=\"false\">\n<div class=\"aplus-module-wrapper apm-fixed-width\">\n<div class=\"apm-spacing\">\n<div class=\"apm-floatleft apm-fixed-width\">\n<h3 class=\"a-spacing-small\" style=\"text-align: center\">Hvorfor velge oss<\/h3>\n<p><img loading=\"lazy\" decoding=\"async\" class=\"alignnone\" src=\"https:\/\/m.media-amazon.com\/images\/S\/aplus-media\/sc\/0484a226-8be6-4965-8b8a-062de5498c97.__CR0,0,600,600_PT0_SX220_V1___.jpg\" alt=\"Brannstige 15m\" width=\"220\" height=\"220\" data-src=\"https:\/\/m.media-amazon.com\/images\/S\/aplus-media\/sc\/0484a226-8be6-4965-8b8a-062de5498c97.__CR0,0,600,600_PT0_SX220_V1___.jpg\" \/><\/p>\n<h4 style=\"text-align: center\">Lett vekt<\/h4>\n<p style=\"text-align: center\">Dette er den letteste stigen som er tilgjengelig p\u00e5 markedet. Vekten p\u00e5 en 3 m stige er bare 1 kg.<\/p>\n<p><img loading=\"lazy\" decoding=\"async\" class=\"alignnone\" src=\"https:\/\/m.media-amazon.com\/images\/S\/aplus-media\/sc\/74a6e3c1-c8e9-4370-82e8-2ece837c08f7.__CR0,0,1000,1000_PT0_SX220_V1___.jpg\" alt=\"Brannstige\" width=\"220\" height=\"220\" data-src=\"https:\/\/m.media-amazon.com\/images\/S\/aplus-media\/sc\/74a6e3c1-c8e9-4370-82e8-2ece837c08f7.__CR0,0,1000,1000_PT0_SX220_V1___.jpg\" \/><\/p>\n<h4 style=\"text-align: center\">Sterk og stabil<\/h4>\n<p style=\"text-align: center\">H\u00f8y belastningskapasitet &#8211; opptil 200 kg<br \/>\nTaustigen er konstruert for en maksimal belastningskapasitet p\u00e5 200 kg. Det betyr at den enkelt kan brukes av personer med utstyr eller av flere personer som skal ned samtidig. Den robuste utf\u00f8relsen gir brukeren en f\u00f8lelse av trygghet n\u00e5r han eller hun g\u00e5r ned &#8211; selv i hektiske stunder.<\/p>\n<p style=\"text-align: center\">En av de st\u00f8rste fordelene med v\u00e5r Brannstige 5 etasjer 15 meter er at de viktigste nylonstroppene er i ett stykke fra bunn til topp og ikke best\u00e5r av p\u00e5sydde deler, slik tilfellet er med stigen. Materialene som er brukt til trinnene, som glassfiber og basaltfiber, gj\u00f8r ogs\u00e5 denne selestigen mye mer stabil enn engangsstiger i aluminium.<\/p>\n<p><img loading=\"lazy\" decoding=\"async\" class=\"alignnone\" src=\"https:\/\/m.media-amazon.com\/images\/S\/aplus-media\/sc\/a31e0885-9da9-4fe2-a571-e1558cab0393.__CR0,0,600,600_PT0_SX220_V1___.jpg\" alt=\"Taustige 15m\" width=\"220\" height=\"220\" data-src=\"https:\/\/m.media-amazon.com\/images\/S\/aplus-media\/sc\/a31e0885-9da9-4fe2-a571-e1558cab0393.__CR0,0,600,600_PT0_SX220_V1___.jpg\" \/><\/p>\n<h4 style=\"text-align: center\">Flokerfri<\/h4>\n<p style=\"text-align: center\">V\u00e5re beltestiger kan enkelt stues bort i oppbevaringsposen etter bruk. Med en vekt p\u00e5 bare noen f\u00e5 kilo er redningsstigen enkel \u00e5 transportere og oppbevare. Den f\u00e5r plass i ethvert oppbevaringsrom, under sengen eller i bagasjerommet p\u00e5 et kj\u00f8ret\u00f8y. I en n\u00f8dsituasjon er den umiddelbart klar til bruk &#8211; og det er avgj\u00f8rende.<\/p>\n<div class=\"apm-spacing\"><img loading=\"lazy\" decoding=\"async\" class=\"alignnone wp-image-5641\" src=\"https:\/\/isopllc.com\/no\/wp-content\/uploads\/sites\/16\/2020\/12\/Black-ladder-dimencions-300x300.jpg\" alt=\"Brannfluktladder\" width=\"225\" height=\"225\" srcset=\"https:\/\/isopllc.com\/no\/wp-content\/uploads\/sites\/16\/2020\/12\/Black-ladder-dimencions-300x300.jpg 300w, https:\/\/isopllc.com\/no\/wp-content\/uploads\/sites\/16\/2020\/12\/Black-ladder-dimencions-150x150.jpg 150w, https:\/\/isopllc.com\/no\/wp-content\/uploads\/sites\/16\/2020\/12\/Black-ladder-dimencions-768x768.jpg 768w, https:\/\/isopllc.com\/no\/wp-content\/uploads\/sites\/16\/2020\/12\/Black-ladder-dimencions-416x416.jpg 416w, https:\/\/isopllc.com\/no\/wp-content\/uploads\/sites\/16\/2020\/12\/Black-ladder-dimencions-100x100.jpg 100w, https:\/\/isopllc.com\/no\/wp-content\/uploads\/sites\/16\/2020\/12\/Black-ladder-dimencions.jpg 800w\" sizes=\"auto, (max-width: 225px) 100vw, 225px\" \/><\/div>\n<div>\n<h4 style=\"text-align: center\">Lengde<\/h4>\n<p style=\"text-align: center\">V\u00e5re Brannstige 5 etasjer 15 meter kan kobles sammen til en lengre lengde.<\/p>\n<p style=\"text-align: center\"><img loading=\"lazy\" decoding=\"async\" class=\"alignnone\" src=\"https:\/\/m.media-amazon.com\/images\/S\/aplus-media\/sc\/6625ab17-5247-415b-a353-7a0e3ca2bb1d.__CR0,0,1000,1000_PT0_SX220_V1___.jpg\" alt=\"Taustige\" width=\"220\" height=\"220\" data-src=\"https:\/\/m.media-amazon.com\/images\/S\/aplus-media\/sc\/6625ab17-5247-415b-a353-7a0e3ca2bb1d.__CR0,0,1000,1000_PT0_SX220_V1___.jpg\" \/><\/p>\n<h4 style=\"text-align: center\">V\u00e6rbestandig<\/h4>\n<p>Den Brannstige 5 etasjer 15 meter er laget av slitesterkt nylontau kombinert med solide metalltrinn som beholder sin form og funksjon selv ved hyppig bruk og i ulike v\u00e6rforhold. Materialet er UV-bestandig, vannavvisende og rustfritt. Takket v\u00e6re at stigen kan gjenbrukes, egner den seg like godt for private husholdninger som for bedrifter, skoler og hoteller.<\/p>\n<p><img loading=\"lazy\" decoding=\"async\" class=\"alignnone\" src=\"https:\/\/m.media-amazon.com\/images\/S\/aplus-media\/sc\/b1929708-9dad-44c2-a6ed-070474464c51.__CR0,0,1000,1000_PT0_SX220_V1___.jpg\" alt=\"Sikkerhetsstige for Vinduer\" width=\"220\" height=\"220\" data-src=\"https:\/\/m.media-amazon.com\/images\/S\/aplus-media\/sc\/b1929708-9dad-44c2-a6ed-070474464c51.__CR0,0,1000,1000_PT0_SX220_V1___.jpg\" \/><\/p>\n<h4 style=\"text-align: center\">Kompakt<\/h4>\n<p style=\"text-align: left\">Du kan ikke forestille deg en mer kompakt Brannstige 5 etasjer 15 meter. Hele stigen f\u00e5r plass i h\u00e5ndflaten din. De tar ikke mye plass og kan oppbevares hvor som helst, f.eks. under sengen p\u00e5 soverommet, p\u00e5 balkongen og p\u00e5 taket.<\/p>\n<p><img loading=\"lazy\" decoding=\"async\" class=\"alignnone\" src=\"https:\/\/m.media-amazon.com\/images\/S\/aplus-media\/sc\/91d8e70e-82c2-457c-9c48-019a2fbff56a.__CR1282,342,714,714_PT0_SX220_V1___.png\" alt=\"Sikkerhets Stage\" width=\"220\" height=\"220\" data-src=\"https:\/\/m.media-amazon.com\/images\/S\/aplus-media\/sc\/91d8e70e-82c2-457c-9c48-019a2fbff56a.__CR1282,342,714,714_PT0_SX220_V1___.png\" \/><\/p>\n<h4 style=\"text-align: center\">Anti-skli-trinn<\/h4>\n<p style=\"text-align: center\">Vevmateriale er kjent for \u00e5 v\u00e6re mye mindre glatt enn noe annet hardt materiale som aluminium, metall eller plast.<\/p>\n<\/div>\n<\/div>\n<\/div>\n<\/div>\n<div><img loading=\"lazy\" decoding=\"async\" class=\"alignnone\" src=\"https:\/\/m.media-amazon.com\/images\/S\/aplus-media-library-service-media\/bc97ce2b-ad5a-488d-ae16-2dc4054da697.__CR0,0,1906,1906_PT0_SX220_V1___.jpeg\" alt=\"Sikkerhetsstige\" width=\"220\" height=\"220\" data-src=\"https:\/\/m.media-amazon.com\/images\/S\/aplus-media-library-service-media\/bc97ce2b-ad5a-488d-ae16-2dc4054da697.__CR0,0,1906,1906_PT0_SX220_V1___.jpeg\" \/><\/div>\n<h4><\/h4>\n<\/div>\n<\/div>\n<\/div>\n<div class=\"celwidget aplus-module module-4 aplus-standard\">\n<div class=\"a-expander-collapsed-height a-row a-expander-container a-expander-partial-collapse-container\" data-a-expander-name=\"aplus-module-expander\" data-a-expander-collapsed-height=\"700\">\n<div class=\"a-expander-content a-expander-partial-collapse-content\" aria-expanded=\"false\">\n<div class=\"aplus-module-wrapper apm-fixed-width\">\n<div class=\"apm-spacing\">\n<div class=\"apm-floatleft apm-fixed-width\">\n<div class=\"apm-spacing\">\n<h4 style=\"text-align: center\">Multifunksjonell<\/h4>\n<p><a href=\"https:\/\/isopllc.com\/\">ISOP<\/a>-b\u00e5ndstigen kan brukes som brannstige, i n\u00f8dsituasjoner og for barn p\u00e5 lekeplassen eller i trehytter, skoler, kontorer, verksteder eller fritidsboliger, og er et nyttig tillegg til eksisterende sikkerhetsutstyr. Det er en flott stige for yachter, skip og b\u00e5ter. Superlett og supersterk; vannmotstanden gj\u00f8r den uerstattelig p\u00e5 enhver seilb\u00e5t.<\/p>\n<p>Tilbakemeldinger fra kundene v\u00e5re viste ogs\u00e5 at denne stigen er flott for br\u00f8nner eller grotter.<\/p>\n<p><img decoding=\"async\" class=\"\" src=\"https:\/\/m.media-amazon.com\/images\/S\/aplus-media\/sc\/0ce14b90-f644-4e71-9958-a603ab85be7a.__CR0,0,800,800_PT0_SX220_V1___.jpg\" alt=\"Carabiners\" data-src=\"https:\/\/m.media-amazon.com\/images\/S\/aplus-media\/sc\/0ce14b90-f644-4e71-9958-a603ab85be7a.__CR0,0,800,800_PT0_SX220_V1___.jpg\" \/><\/p>\n<h4 style=\"text-align: center\">Karabinkroker<\/h4>\n<p style=\"text-align: center\">Profesjonelle 11 kn forkrommede karabinkroker medf\u00f8lger. De medf\u00f8lgende karabinkrokene av h\u00f8y kvalitet gj\u00f8r at stigen raskt og enkelt kan festes til vinduskarmer, balkongrekkverk eller andre stabile konstruksjoner. Det betyr at den er klar til bruk p\u00e5 bare noen f\u00e5 sekunder &#8211; selv under stress eller i panikksituasjoner. Karabinkrokene er laget av robust st\u00e5l og garanterer maksimal sikkerhet ved klatring.<\/p>\n<p><img decoding=\"async\" class=\"\" src=\"https:\/\/m.media-amazon.com\/images\/S\/aplus-media\/sc\/91fd5669-769f-4880-a4f6-2c1fa7823109.__CR130,0,720,720_PT0_SX220_V1___.png\" alt=\"Waterproof Bag\" data-src=\"https:\/\/m.media-amazon.com\/images\/S\/aplus-media\/sc\/91fd5669-769f-4880-a4f6-2c1fa7823109.__CR130,0,720,720_PT0_SX220_V1___.png\" \/><\/p>\n<h4 style=\"text-align: center\">Vanntett veske<\/h4>\n<p style=\"text-align: center\">Kul designer strandveske er inkludert i settet.<\/p>\n<\/div>\n<h4 style=\"text-align: center\">Sikkerhet for hele familien<\/h4>\n<p style=\"text-align: center\">Takket v\u00e6re den gjennomtenkte designen er stigen egnet for b\u00e5de voksne og barn. Trinnene er sklisikre og gir et sikkert grep selv for mindre f\u00f8tter. Spesielt i husholdninger med barn eller eldre mennesker er det betryggende \u00e5 ha et trygt r\u00f8mningsalternativ for h\u00e5nden.<\/p>\n<h4 style=\"text-align: center\">Din sikkerhetsforsikring i en n\u00f8dsituasjon<\/h4>\n<p style=\"text-align: center\">Denne Brannstige 5 etasjer 15 meter er en verdifull investering i din egen og familiens, kollegenes eller gjestenes sikkerhet. Den er p\u00e5litelig, stabil, enkel \u00e5 bruke og gjenbrukbar. I kritiske \u00f8yeblikk muliggj\u00f8r den rask evakuering og kan redde liv.<\/p>\n<p style=\"text-align: center\">Enten det er hjemme, p\u00e5 kontoret eller p\u00e5 reise &#8211; med denne Brannstige 5 etasjer 15 meter er du forberedt p\u00e5 en n\u00f8dsituasjon.<\/p>\n<p style=\"text-align: center\">Leveringsomfang:<\/p>\n<p style=\"text-align: center\">1x n\u00f8dstige, 15 m lang<\/p>\n<p style=\"text-align: center\">2x karabinkroker<\/p>\n<p style=\"text-align: center\">1x oppbevaringsveske<\/p>\n<p style=\"text-align: center\">1x brukerh\u00e5ndbok (flerspr\u00e5klig)<\/p>\n<p style=\"text-align: center\">Tilgjengelig ogs\u00e5 med <a href=\"https:\/\/isopllc.com\/no\/product\/taustige-for-barn-2-m-flerbruks-nettstige\/\"><strong>2 m<\/strong><\/a>, <a href=\"https:\/\/isopllc.com\/no\/product\/forlengelsesstige-3-m-med-karabinkroker\/\"><strong>3 m<\/strong><\/a>, <a href=\"https:\/\/isopllc.com\/no\/product\/brannfluktladder-for-2-etasjers-hus-4m\/\"><strong>4 m<\/strong><\/a>, <a href=\"https:\/\/isopllc.com\/no\/product\/brannfluktstige-5m-nylon-redningsstige\/\"><strong>5 m<\/strong><\/a>, <a href=\"https:\/\/isopllc.com\/no\/product\/brannfluktladder-3-etasjers-hus-8m\/\"><strong>8 m<\/strong><\/a> og <a href=\"https:\/\/isopllc.com\/no\/product\/gjenbrukbar-nodstige-4-etasjer-10-meter\/\"><strong>10 m.<\/strong><\/a><\/p>\n<\/div>\n<\/div>\n<\/div>\n<\/div>\n<\/div>\n<\/div>\n<\/div>\n<\/div>\n<\/div>\n<\/div>\n<\/div>\n<\/div>\n<\/div>\n<\/div>\n<\/div>\n","protected":false},"excerpt":{"rendered":"[embed]https:\/\/www.youtube.com\/watch?v=qSZCuP9j77k[\/embed]\n<p class=\"a-size-large a-spacing-none\" style=\"text-align: center\">Brannstige 5 etasjer 15 m | Sikkerhetsstige Multifunksjonell, v\u00e6rbestandig | Webbingstige med fj\u00e6rkroker | Lett, kompakt og b\u00e6rbar |\u00a0Sikkerhetsstige for Vinduer<\/p>\n<p style=\"text-align: center\">GRATIS LEVERING INNEN 3-7 DAGER<\/p>\n<p style=\"text-align: center\"><strong>KJ\u00d8P DEN P\u00c5<\/strong><\/p>\n<p style=\"text-align: center\"><a href=\"https:\/\/www.amazon.de\/dp\/B0D9VSW3Z3\/ref=sr_1_1?__mk_de_DE=%C3%85M%C3%85%C5%BD%C3%95%C3%91&amp;crid=1IGAXWIDLOIUK&amp;dib=eyJ2IjoiMSJ9.eV1BQQlEoZEjks96OMUpew.-mMziZn-0CE6UwAoSEJpx1Y07LHUMcmOi8IHpSiF_Cs&amp;dib_tag=se&amp;keywords=Feuerleiter+6+Stockwerke&amp;qid=1734938953&amp;s=kitchen&amp;sprefix=b08nzm1g2k%2Ckitchen%2C891&amp;sr=1-1&amp;th=1\"><img loading=\"lazy\" decoding=\"async\" class=\"aligncenter wp-image-1040 size-full\" src=\"https:\/\/isopllc.com\/no\/wp-content\/uploads\/sites\/16\/2020\/01\/amazon-button9.png\" alt=\"\" width=\"160\" height=\"59\" \/><\/a><\/p>\n<p>&nbsp;<\/p>\n","protected":false},"featured_media":5661,"comment_status":"open","ping_status":"closed","template":"","meta":[],"product_brand":[],"product_cat":[64,71],"product_tag":[84,98,79,80,81],"class_list":{"0":"post-5660","1":"product","2":"type-product","3":"status-publish","4":"has-post-thumbnail","6":"product_cat-brannredningsstiger","7":"product_cat-brann-romningsstiger-for-4-etasjer","8":"product_tag-brannfluktladder","9":"product_tag-brannstige","10":"product_tag-nodutgang","11":"product_tag-redningsutstyr","12":"product_tag-sikkerhet","14":"first","15":"instock","16":"shipping-taxable","17":"purchasable","18":"product-type-simple"},"_links":{"self":[{"href":"https:\/\/isopllc.com\/no\/wp-json\/wp\/v2\/product\/5660","targetHints":{"allow":["GET"]}}],"collection":[{"href":"https:\/\/isopllc.com\/no\/wp-json\/wp\/v2\/product"}],"about":[{"href":"https:\/\/isopllc.com\/no\/wp-json\/wp\/v2\/types\/product"}],"replies":[{"embeddable":true,"href":"https:\/\/isopllc.com\/no\/wp-json\/wp\/v2\/comments?post=5660"}],"wp:featuredmedia":[{"embeddable":true,"href":"https:\/\/isopllc.com\/no\/wp-json\/wp\/v2\/media\/5661"}],"wp:attachment":[{"href":"https:\/\/isopllc.com\/no\/wp-json\/wp\/v2\/media?parent=5660"}],"wp:term":[{"taxonomy":"product_brand","embeddable":true,"href":"https:\/\/isopllc.com\/no\/wp-json\/wp\/v2\/product_brand?post=5660"},{"taxonomy":"product_cat","embeddable":true,"href":"https:\/\/isopllc.com\/no\/wp-json\/wp\/v2\/product_cat?post=5660"},{"taxonomy":"product_tag","embeddable":true,"href":"https:\/\/isopllc.com\/no\/wp-json\/wp\/v2\/product_tag?post=5660"}],"curies":[{"name":"wp","href":"https:\/\/api.w.org\/{rel}","templated":true}]}}