{"id":5831,"date":"2025-04-21T17:26:11","date_gmt":"2025-04-21T17:26:11","guid":{"rendered":"https:\/\/isopllc.com\/no\/?post_type=product&#038;p=5831"},"modified":"2025-07-05T08:40:58","modified_gmt":"2025-07-05T08:40:58","slug":"sett-med-20-brannsikre-trinn-veggstige-diy","status":"publish","type":"product","link":"https:\/\/isopllc.com\/no\/product\/sett-med-20-brannsikre-trinn-veggstige-diy\/","title":{"rendered":"Sett med 20 brannsikre trinn &#8211; Veggstige DIY"},"content":{"rendered":"<h2 id=\"title\" class=\"a-size-large a-spacing-none\">Veggstige DIY | Sett med 20 brannsikre trinn | Sklisikre stenger for brannutgang | Veggmontert aluminiumsstige | Ekstremt slitesterk og robust trapp for hjemmet | V\u00e6rbestandig lager<\/h2>\n<h3>Veggmonterte brannsikre trinn kan brukes til sikkerhetsform\u00e5l, spesielt i n\u00f8dsituasjoner som brannvern eller som et middel til \u00e5 komme seg ned fra bygninger.<\/h3>\n<p>Leter du etter den beste veggmonterte brannsikre trinn som er holdbar, trygg og rimelig? Kj\u00f8p denne veggmonterte klatrestigen med sklisikre trinn som er perfekt for betongvegger, tanker, loft og n\u00f8dutganger. Denne brannsikre og robuste stigen er laget av rustfritt st\u00e5l av h\u00f8y kvalitet, og den t\u00e5ler opp til 670 kg og s\u00f8rger for maksimal sikkerhet og stabilitet.<\/p>\n<p>Denne stigen er ideell for huseiere, byggherrer og sikkerhetsbevisste personer, og den er bygget for \u00e5 t\u00e5le t\u00f8ffe forhold.<\/p>\n<p>Ikke g\u00e5 glipp av denne f\u00f8rsteklasses klatrel\u00f8sningen &#8211; kj\u00f8p den n\u00e5 p\u00e5 <a href=\"https:\/\/isopllc.com\/\">ISOPLLC.COM<\/a> til den beste prisen og s\u00f8rg for sikkerhet og komfort i hjemmet ditt!<\/p>\n<p><img loading=\"lazy\" decoding=\"async\" class=\"alignnone wp-image-5202\" src=\"https:\/\/isopllc.com\/usa\/wp-content\/uploads\/sites\/4\/2023\/11\/wall-rungs-10_7.jpg\" alt=\"veggmonterte klatrestativ\" width=\"324\" height=\"216\" srcset=\"https:\/\/isopllc.com\/no\/wp-content\/uploads\/sites\/16\/2023\/11\/wall-rungs-10_7.jpg 1350w, https:\/\/isopllc.com\/no\/wp-content\/uploads\/sites\/16\/2023\/11\/wall-rungs-10_7-300x200.jpg 300w, https:\/\/isopllc.com\/no\/wp-content\/uploads\/sites\/16\/2023\/11\/wall-rungs-10_7-1024x683.jpg 1024w, https:\/\/isopllc.com\/no\/wp-content\/uploads\/sites\/16\/2023\/11\/wall-rungs-10_7-768x512.jpg 768w\" sizes=\"auto, (max-width: 324px) 100vw, 324px\" \/><\/p>\n<p><strong>Vi presenterer rustresistente, antiskli stigepr\u00f8ller for hjemmet. Disse unike, profesjonelle og multifunksjonelle stigepr\u00f8llene p\u00e5 markedet l\u00f8ser en rekke oppgaver, ikke begrenset til bare brann-evakuering!<\/strong><\/p>\n<p><strong>Sammenlignet med vanlige brannstiger, er disse ikke bare mer p\u00e5litelige, men vil ogs\u00e5 vare mye lenger, som evig.<\/strong><\/p>\n<p><strong>I tillegg er de vegmonterte og klare for nedstigning n\u00e5r som helst, i motsetning til brannstiger som m\u00e5 foldes ut, kastes ut og deretter forsiktig nedstiges p\u00e5 skjelvende trinn! Overlegenheten til disse stigetrinnene er tydelig!<\/strong><\/p>\n<div class=\"flex-1 overflow-hidden\">\n<div class=\"react-scroll-to-bottom--css-ehqgp-79elbk h-full\">\n<div class=\"react-scroll-to-bottom--css-ehqgp-1n7m0yu\">\n<div class=\"flex flex-col pb-9 text-sm\">\n<div class=\"w-full text-token-text-primary\" data-testid=\"conversation-turn-3\">\n<div class=\"px-4 py-2 justify-center text-base md:gap-6 m-auto\">\n<div class=\"flex flex-1 text-base mx-auto gap-3 md:px-5 lg:px-1 xl:px-5 md:max-w-3xl lg:max-w-[40rem] xl:max-w-[48rem] group final-completion\">\n<div class=\"relative flex w-full flex-col lg:w-[calc(100%-115px)] agent-turn\">\n<div class=\"flex-col gap-1 md:gap-3\">\n<div class=\"flex flex-grow flex-col max-w-full\">\n<div class=\"min-h-[20px] text-message flex flex-col items-start gap-3 whitespace-pre-wrap break-words [.text-message+&amp;]:mt-5 overflow-x-auto\" data-message-author-role=\"assistant\" data-message-id=\"21df4625-853d-4dbf-8103-d3c417ea3fff\">\n<div class=\"markdown prose w-full break-words dark:prose-invert light\">\n<p>Her er noen sammenhenger hvor de kan anvendes:<\/p>\n<\/div>\n<\/div>\n<\/div>\n<\/div>\n<\/div>\n<\/div>\n<\/div>\n<\/div>\n<\/div>\n<\/div>\n<\/div>\n<\/div>\n<p><strong>N\u00f8dnedgangsruter:<\/strong> Monter brannsikre trinn p\u00e5 utsiden av bygninger for \u00e5 fungere som n\u00f8dutganger ved brann. Dette gir beboerne muligheten til \u00e5 trygt forlate \u00f8vre etasjer i tilfelle brann.<\/p>\n<p><img loading=\"lazy\" decoding=\"async\" class=\"alignnone size-full wp-image-5205\" src=\"https:\/\/isopllc.com\/usa\/wp-content\/uploads\/sites\/4\/2023\/11\/wall-rungs-10_10.jpg\" alt=\"wall rungs\" width=\"300\" height=\"300\" srcset=\"https:\/\/isopllc.com\/no\/wp-content\/uploads\/sites\/16\/2023\/11\/wall-rungs-10_10.jpg 300w, https:\/\/isopllc.com\/no\/wp-content\/uploads\/sites\/16\/2023\/11\/wall-rungs-10_10-150x150.jpg 150w\" sizes=\"auto, (max-width: 300px) 100vw, 300px\" \/><\/p>\n<p><strong>Flerniv\u00e5tilgang:<\/strong> Bunkere med flere niv\u00e5er kan kreve vertikale tilgangspunkter for navigasjon innenfor anlegget. Vegghengte stiger kan monteres for \u00e5 lette bevegelsen mellom niv\u00e5er.<\/p>\n<p><strong>N\u00f8druter:<\/strong> Ta hensyn til bunkers layout og plasser brannsikre trinn eller en stige strategisk for \u00e5 skape tydelige n\u00f8druter i tilfelle hendelser.<\/p>\n<p><strong>Sikkerhetstiltak:<\/strong> Hvis bunkeren er ment for sikre eller klassifiserte operasjoner, m\u00e5 du forsikre deg om at installasjonen av vegghengte stiger er i tr\u00e5d med sikkerhetsprotokoller og ikke kompromitterer anleggets integritet.<\/p>\n<p><strong>Profesjonell installasjon:<\/strong> Installering b\u00f8r utf\u00f8res av fagfolk med ekspertise innen strukturell ingeni\u00f8rvirksomhet og sikkerhetsreguleringer. Stigene eller stigen b\u00f8r v\u00e6re sikkert forankret til veggene, og installasjonen b\u00f8r oppfylle sikkerhetsstandarder.<\/p>\n<p><img loading=\"lazy\" decoding=\"async\" class=\"alignnone wp-image-5206 size-full\" src=\"https:\/\/isopllc.com\/no\/wp-content\/uploads\/sites\/16\/2023\/11\/wall-rungs-10_11.jpg\" alt=\"Veggfester for trinn \" width=\"300\" height=\"300\" srcset=\"https:\/\/isopllc.com\/no\/wp-content\/uploads\/sites\/16\/2023\/11\/wall-rungs-10_11.jpg 300w, https:\/\/isopllc.com\/no\/wp-content\/uploads\/sites\/16\/2023\/11\/wall-rungs-10_11-150x150.jpg 150w\" sizes=\"auto, (max-width: 300px) 100vw, 300px\" \/><\/p>\n<p><strong>Taktilgang:<\/strong> Monter veggmonterte brannsikre trinn p\u00e5 tak for \u00e5 lette trygg tilgang og utgang for vedlikeholdspersonell, n\u00f8dhjelpsarbeidere eller enkeltpersoner som trenger \u00e5 evakuere til taket.<\/p>\n<p><strong>Treningssentre:<\/strong> Bruk veggmonterte brannsikre trinn i treningsanlegg for n\u00f8dhjelpsteam, slik at de kan \u00f8ve p\u00e5 kontrollerte nedstigninger og redningsoperasjoner i et kontrollert milj\u00f8.<\/p>\n<p><strong>Industriomr\u00e5der:<\/strong> Inkorporer veggmonterte brannsikre trinn p\u00e5 industriomr\u00e5der der rask nedstigning kan v\u00e6re n\u00f8dvendig for arbeidernes sikkerhet eller ved n\u00f8devakuering i tilfelle brann.<\/p>\n<p><strong>Byggeplasser:<\/strong> Implementer vegghengte stiger p\u00e5 byggeplasser for n\u00f8dsituasjoner eller som et ekstra middel for vertikal bevegelse for arbeidere under ulike byggestadier.<\/p>\n<p><img loading=\"lazy\" decoding=\"async\" class=\"alignnone wp-image-5200\" src=\"https:\/\/isopllc.com\/usa\/wp-content\/uploads\/sites\/4\/2023\/11\/wall-rungs-10_5.jpg\" alt=\"Antiskli Sport for Branntrapp\" width=\"280\" height=\"292\" srcset=\"https:\/\/isopllc.com\/no\/wp-content\/uploads\/sites\/16\/2023\/11\/wall-rungs-10_5.jpg 834w, https:\/\/isopllc.com\/no\/wp-content\/uploads\/sites\/16\/2023\/11\/wall-rungs-10_5-288x300.jpg 288w, https:\/\/isopllc.com\/no\/wp-content\/uploads\/sites\/16\/2023\/11\/wall-rungs-10_5-768x801.jpg 768w\" sizes=\"auto, (max-width: 280px) 100vw, 280px\" \/><\/p>\n<div class=\"celwidget aplus-module premium-module-3-four-column-images aplus-premium\" data-csa-c-id=\"5x7ui9-ius50c-ssm1r8-66oj1i\" data-cel-widget=\"aplus-premium-module-3-four-column-images\">\n<div class=\"a-section a-spacing-none premium-aplus premium-aplus-module-3 aplus-container-1\">\n<div class=\"a-section a-spacing-none premium-aplus-four-column\">\n<div class=\"a-section a-spacing-none premium-aplus-column\">\n<div class=\"a-section a-spacing-none column-description\"><\/div>\n<\/div>\n<\/div>\n<\/div>\n<\/div>\n<div class=\"celwidget aplus-module premium-module-4-two-column-images aplus-premium\" data-csa-c-id=\"15yl7x-eio1n0-m9lh6n-socwzs\" data-cel-widget=\"aplus-premium-module-4-two-column-images\">\n<div class=\"a-section a-spacing-none premium-aplus premium-aplus-module-4 aplus-container-1\">\n<div class=\"a-section a-spacing-none premium-aplus-two-column\">\n<div class=\"a-section a-spacing-none premium-aplus-column\">\n<div class=\"a-section a-spacing-none column-description\">\n<p><strong>Boligbygninger:<\/strong> Integrer vegghengte, sklisikre stiger som en alternativ r\u00f8mningsrute for beboere som bor i \u00f8vre etasjer av boligbygninger, for \u00e5 forbedre de generelle brannsikkerhetstiltakene.<\/p>\n<p><strong>N\u00f8dresponsplaner:<\/strong> Inkluder veggmonterte brannsikre trinn som en del av omfattende n\u00f8dresponsplaner for ulike fasiliteter, slik at beboere har alternative evakueringsmuligheter i krisesituasjoner.<\/p>\n<p><strong>Urban s\u00f8k og redning:<\/strong> Bruk veggmonterte brannsikre trinn som et verkt\u00f8y for s\u00f8k og redningsoperasjoner i urbane omr\u00e5der, og tilby en skalerbar og tilpasningsdyktig l\u00f8sning for \u00e5 f\u00e5 tilgang til og evakuere enkeltpersoner i forskjellige urbane milj\u00f8er.<\/p>\n<p><strong>N\u00f8dunders\u00f8kelser:<\/strong> Ved n\u00f8dsituasjoner kan det v\u00e6re kritisk \u00e5 ha en sikker m\u00e5te \u00e5 klatre opp eller ned p\u00e5. Vegghengte stiger eller en stige kan fungere som en alternativ utgangs- eller inngangspunkt.<\/p>\n<p><img loading=\"lazy\" decoding=\"async\" class=\"alignnone wp-image-5207 size-full\" src=\"https:\/\/isopllc.com\/no\/wp-content\/uploads\/sites\/16\/2023\/11\/wall-rungs-10_12.jpg\" alt=\"Antiskli Sport\" width=\"300\" height=\"300\" srcset=\"https:\/\/isopllc.com\/no\/wp-content\/uploads\/sites\/16\/2023\/11\/wall-rungs-10_12.jpg 300w, https:\/\/isopllc.com\/no\/wp-content\/uploads\/sites\/16\/2023\/11\/wall-rungs-10_12-150x150.jpg 150w\" sizes=\"auto, (max-width: 300px) 100vw, 300px\" \/><\/p>\n<p><strong>Flerniv\u00e5tilgang:<\/strong> Bunkere med flere niv\u00e5er kan kreve vertikale tilgangspunkter for navigasjon innenfor anlegget. Vegghengte stiger kan monteres for \u00e5 lette bevegelsen mellom niv\u00e5er.<\/p>\n<p><strong>N\u00f8druter:<\/strong> Vurder layouten til bunkeren og plasser vegghengte stiger eller en stige strategisk for \u00e5 skape tydelige n\u00f8druter i tilfelle hendelser.<\/p>\n<p><strong>Sikkerhetstiltak:<\/strong> Hvis bunkeren er ment for sikre eller klassifiserte operasjoner, forsikre deg om at installasjonen av vegghengte stiger er i tr\u00e5d med sikkerhetsprotokoller og ikke kompromitterer anleggets integritet.<\/p>\n<p><strong>Profesjonell installasjon:<\/strong> Installasjonen b\u00f8r utf\u00f8res av fagfolk med ekspertise innen strukturell ingeni\u00f8rvirksomhet og sikkerhetsforskrifter. Stigene eller stigen b\u00f8r v\u00e6re sikkert forankret til veggene, og installasjonen b\u00f8r oppfylle sikkerhetsstandarder.<\/p>\n<p><img loading=\"lazy\" decoding=\"async\" class=\"alignnone wp-image-5208 size-full\" src=\"https:\/\/isopllc.com\/no\/wp-content\/uploads\/sites\/16\/2023\/11\/wall-rungs-10_13.jpg\" alt=\"Monterbare trinn for vegg\" width=\"300\" height=\"300\" srcset=\"https:\/\/isopllc.com\/no\/wp-content\/uploads\/sites\/16\/2023\/11\/wall-rungs-10_13.jpg 300w, https:\/\/isopllc.com\/no\/wp-content\/uploads\/sites\/16\/2023\/11\/wall-rungs-10_13-150x150.jpg 150w\" sizes=\"auto, (max-width: 300px) 100vw, 300px\" \/><\/p>\n<p><strong>Synlighet og skilting:<\/strong> S\u00f8rg for at vegghengte stiger er tydelig synlige og forsynt med riktig skilting som indikerer deres form\u00e5l og retning. Dette er avgj\u00f8rende for enkeltpersoner som navigerer gjennom bunkeren under d\u00e5rlige lysforhold eller i n\u00f8dsituasjoner.<\/p>\n<p><strong>Regelmessige inspeksjoner:<\/strong> Periodiske inspeksjoner av vegghengte stiger eller stiger er essensielle for \u00e5 bekrefte deres strukturelle integritet. Regelmessig vedlikehold sikrer at tilgangspunktene forblir trygge og funksjonelle.<\/p>\n<p>N\u00e5r vertikale tilgangspunkter inkorporeres i en bunker, b\u00f8r sikkerhet v\u00e6re topp prioritet. \u00c5 konsultere med fagfolk og overholde sikkerhetsstandarder er avgj\u00f8rende for \u00e5 sikre at installasjonen oppfyller alle n\u00f8dvendige forskrifter og beskytter enkeltpersoner som bruker bunkeren.<\/p>\n<p><strong>Profesjonell installasjon:<\/strong> Akkurat som med brannr\u00f8mningsstiger, b\u00f8r installasjonen av en vegghengt stige eller stiger utf\u00f8res av fagfolk med ekspertise innen strukturell ingeni\u00f8rvirksomhet og sikkerhetsforskrifter.<\/p>\n<\/div>\n<\/div>\n<div class=\"a-section a-spacing-none premium-aplus-column\">\n<div class=\"a-section a-spacing-none column-description\">\n<p class=\"aplus-p3\">Tilgjengelig ogs\u00e5 med<a href=\"https:\/\/isopllc.com\/no\/product\/sett-med-5-veggmonterte-klatrestativ\/\"><strong> 5 trinn<\/strong><\/a> og <a href=\"https:\/\/isopllc.com\/no\/product\/antiskli-sport-for-branntrapp\/\"><strong>10 trinn<\/strong><\/a>.<\/p>\n<\/div>\n<\/div>\n<\/div>\n<\/div>\n<\/div>\n","protected":false},"excerpt":{"rendered":"[embed]https:\/\/youtu.be\/Val2byAqxuU?si=Ihih7C-0Fqq_8zfa[\/embed]\n<p id=\"title\" class=\"a-size-large a-spacing-none\" style=\"text-align: center\">Veggstige DIY | Sett med 20 brannsikre trinn | Sklisikre stenger for brannutgang | Veggmontert aluminiumsstige | Ekstremt slitesterk og robust trapp for hjemmet | V\u00e6rbestandig lager<\/p>\n<p style=\"text-align: center\">GRATIS LEVERING INNEN 3-7 DAGER<\/p>\n<h4 style=\"text-align: center\"><strong>KJ\u00d8P DET P\u00c5<\/strong><\/h4>\n<p><a href=\"https:\/\/www.amazon.de\/dp\/B0CH62R67X\/ref=sr_1_1?__mk_de_DE=%C3%85M%C3%85%C5%BD%C3%95%C3%91&amp;dib=eyJ2IjoiMSJ9.191ItmHAGn9TkE4cBu6Vag.ouZhoeDKp-0ipTJREsF9BtcZ8UhnK7rnFOxbWl-ztmw&amp;dib_tag=se&amp;keywords=Wandsprossen+DIY+Feuerfesten+Sprossen+rutschfeste+Stangen+f%C3%BCr+Feueraustritt&amp;qid=1745202352&amp;s=kitchen&amp;sr=1-1&amp;th=1\"><img loading=\"lazy\" decoding=\"async\" class=\"aligncenter wp-image-1040 size-full\" src=\"https:\/\/isopllc.com\/no\/wp-content\/uploads\/sites\/16\/2020\/01\/amazon-button9.png\" alt=\"\" width=\"160\" height=\"59\" \/><\/a><\/p>\n<p style=\"text-align: center\">\n","protected":false},"featured_media":5199,"comment_status":"open","ping_status":"closed","template":"","meta":[],"product_brand":[],"product_cat":[65],"product_tag":[86,88,80,81,87],"class_list":{"0":"post-5831","1":"product","2":"type-product","3":"status-publish","4":"has-post-thumbnail","6":"product_cat-veggmonterte-stiger","7":"product_tag-antiskli","8":"product_tag-branntrapp","9":"product_tag-redningsutstyr","10":"product_tag-sikkerhet","11":"product_tag-sport","13":"first","14":"instock","15":"shipping-taxable","16":"purchasable","17":"product-type-variable"},"_links":{"self":[{"href":"https:\/\/isopllc.com\/no\/wp-json\/wp\/v2\/product\/5831","targetHints":{"allow":["GET"]}}],"collection":[{"href":"https:\/\/isopllc.com\/no\/wp-json\/wp\/v2\/product"}],"about":[{"href":"https:\/\/isopllc.com\/no\/wp-json\/wp\/v2\/types\/product"}],"replies":[{"embeddable":true,"href":"https:\/\/isopllc.com\/no\/wp-json\/wp\/v2\/comments?post=5831"}],"wp:featuredmedia":[{"embeddable":true,"href":"https:\/\/isopllc.com\/no\/wp-json\/wp\/v2\/media\/5199"}],"wp:attachment":[{"href":"https:\/\/isopllc.com\/no\/wp-json\/wp\/v2\/media?parent=5831"}],"wp:term":[{"taxonomy":"product_brand","embeddable":true,"href":"https:\/\/isopllc.com\/no\/wp-json\/wp\/v2\/product_brand?post=5831"},{"taxonomy":"product_cat","embeddable":true,"href":"https:\/\/isopllc.com\/no\/wp-json\/wp\/v2\/product_cat?post=5831"},{"taxonomy":"product_tag","embeddable":true,"href":"https:\/\/isopllc.com\/no\/wp-json\/wp\/v2\/product_tag?post=5831"}],"curies":[{"name":"wp","href":"https:\/\/api.w.org\/{rel}","templated":true}]}}