{"id":5844,"date":"2025-04-21T18:40:42","date_gmt":"2025-04-21T18:40:42","guid":{"rendered":"https:\/\/isopllc.com\/no\/?post_type=product&#038;p=5844"},"modified":"2025-05-29T07:14:55","modified_gmt":"2025-05-29T07:14:55","slug":"utendors-veggmontert-brannstige-8-m","status":"publish","type":"product","link":"https:\/\/isopllc.com\/no\/product\/utendors-veggmontert-brannstige-8-m\/","title":{"rendered":"Utend\u00f8rs veggmontert brannstige 8 m"},"content":{"rendered":"<h2>Utend\u00f8rs veggmontert brannstige for 3-etasjes hus 8 m | Vanntett brannstige | Fast n\u00f8dstige montert p\u00e5 vindu eller balkong, klar for evakuering<\/h2>\n<div class=\"celwidget aplus-module premium-module-4-two-column-images aplus-premium\" data-csa-c-id=\"15yl7x-eio1n0-m9lh6n-socwzs\" data-cel-widget=\"aplus-premium-module-4-two-column-images\">\n<div class=\"a-section a-spacing-none premium-aplus premium-aplus-module-4 aplus-container-1\">\n<div class=\"a-section a-spacing-none premium-aplus-two-column\">\n<div class=\"a-section a-spacing-none premium-aplus-column\">\n<div class=\"a-section a-spacing-none column-description\">\n<h3 class=\"aplus-p3\">Vi presenterer en unik <a href=\"https:\/\/isopllc.com\/\">3-etasjes utend\u00f8rs veggmontert brannstige 8m<\/a> som l\u00f8ser flere problemer som finnes i nesten alle brannstiger som er tilgjengelige p\u00e5 markedet!<\/h3>\n<p><img loading=\"lazy\" decoding=\"async\" class=\"alignnone size-medium wp-image-5833\" src=\"https:\/\/isopllc.com\/no\/wp-content\/uploads\/sites\/16\/2025\/04\/wall-mounted-ladder7-300x300.jpg\" alt=\"Permanent brannstige\" width=\"300\" height=\"300\" srcset=\"https:\/\/isopllc.com\/no\/wp-content\/uploads\/sites\/16\/2025\/04\/wall-mounted-ladder7-300x300.jpg 300w, https:\/\/isopllc.com\/no\/wp-content\/uploads\/sites\/16\/2025\/04\/wall-mounted-ladder7-150x150.jpg 150w, https:\/\/isopllc.com\/no\/wp-content\/uploads\/sites\/16\/2025\/04\/wall-mounted-ladder7-416x416.jpg 416w, https:\/\/isopllc.com\/no\/wp-content\/uploads\/sites\/16\/2025\/04\/wall-mounted-ladder7-100x100.jpg 100w, https:\/\/isopllc.com\/no\/wp-content\/uploads\/sites\/16\/2025\/04\/wall-mounted-ladder7.jpg 500w\" sizes=\"auto, (max-width: 300px) 100vw, 300px\" \/><\/p>\n<p>Rask og enkel &#8211; Den Utend\u00f8rs veggmontert brannstige for 3-etasjes hus 8 m er permanent festet til veggen, enten i eller utenfor hjemmet, og er alltid klar til bruk. V\u00e5r n\u00f8dstige foldes ut med en enkelt h\u00e5ndbevegelse p\u00e5 bare 1 sekund! Ingen annen brannstige p\u00e5 markedet gir s\u00e5 umiddelbar tilgang til \u00e5 r\u00f8mme fra et brennende rom. Alle andre permanente brannstiger m\u00e5 tas ut av en pose eller eske, festes forsvarlig, kastes ut av vinduet, og f\u00f8rst da kan nedstigningen begynne &#8211; alt i r\u00f8yk, panikk og muligens i fullstendig m\u00f8rke.<\/p>\n<p><img loading=\"lazy\" decoding=\"async\" class=\"alignnone size-medium wp-image-5197\" src=\"https:\/\/isopllc.com\/no\/wp-content\/uploads\/sites\/16\/2023\/11\/wall-rungs-10_2-300x279.jpg\" alt=\"klatrestiger\" width=\"300\" height=\"279\" srcset=\"https:\/\/isopllc.com\/no\/wp-content\/uploads\/sites\/16\/2023\/11\/wall-rungs-10_2-300x279.jpg 300w, https:\/\/isopllc.com\/no\/wp-content\/uploads\/sites\/16\/2023\/11\/wall-rungs-10_2-768x714.jpg 768w, https:\/\/isopllc.com\/no\/wp-content\/uploads\/sites\/16\/2023\/11\/wall-rungs-10_2.jpg 900w\" sizes=\"auto, (max-width: 300px) 100vw, 300px\" \/><\/p>\n<p>Stabilitet &#8211; Den er sv\u00e6rt stabil, siden den har st\u00f8tter som hindrer den i \u00e5 komme for n\u00e6r veggen, noe som gj\u00f8r den like stabil som en fastmontert jernstige. Den svaier ikke i alle retninger som en typisk billig taustige.<\/p>\n<p>Plassbesparende &#8211; Den tar ikke opp plass inne i boligen, ettersom den kan monteres p\u00e5 ytterveggen under et vindu eller en balkong.<\/p>\n<p><img loading=\"lazy\" decoding=\"async\" class=\"alignnone size-full wp-image-5834\" src=\"https:\/\/isopllc.com\/no\/wp-content\/uploads\/sites\/16\/2025\/04\/wall-mounted-ladder9.jpeg\" alt=\"Stige for utgang\" width=\"300\" height=\"300\" srcset=\"https:\/\/isopllc.com\/no\/wp-content\/uploads\/sites\/16\/2025\/04\/wall-mounted-ladder9.jpeg 300w, https:\/\/isopllc.com\/no\/wp-content\/uploads\/sites\/16\/2025\/04\/wall-mounted-ladder9-150x150.jpeg 150w, https:\/\/isopllc.com\/no\/wp-content\/uploads\/sites\/16\/2025\/04\/wall-mounted-ladder9-100x100.jpeg 100w\" sizes=\"auto, (max-width: 300px) 100vw, 300px\" \/><\/p>\n<p>Vanntett &#8211; Helt laget av vanntette materialer, den vil ikke svikte som andre konkurrerende brannstiger.<\/p>\n<p>Gjenbrukbar &#8211; Den hengende stigen er designet for flere bruksomr\u00e5der, ettersom alle materialene er ekstremt holdbare og testet for styrke.<\/p>\n<p>Tyverisikring &#8211; N\u00e5r du har g\u00e5tt ned fra den Utend\u00f8rs veggmontert brannstige for 3-etasjes hus 8 m, kan du trekke den opp igjen for \u00e5 hindre tyver i \u00e5 bruke den.<\/p>\n<p><img loading=\"lazy\" decoding=\"async\" class=\"alignnone size-medium wp-image-5682\" src=\"https:\/\/isopllc.com\/no\/wp-content\/uploads\/sites\/16\/2024\/05\/2_11zon-1-300x300.png\" alt=\"brannstige\" width=\"300\" height=\"300\" srcset=\"https:\/\/isopllc.com\/no\/wp-content\/uploads\/sites\/16\/2024\/05\/2_11zon-1-300x300.png 300w, https:\/\/isopllc.com\/no\/wp-content\/uploads\/sites\/16\/2024\/05\/2_11zon-1-1024x1024.png 1024w, https:\/\/isopllc.com\/no\/wp-content\/uploads\/sites\/16\/2024\/05\/2_11zon-1-150x150.png 150w, https:\/\/isopllc.com\/no\/wp-content\/uploads\/sites\/16\/2024\/05\/2_11zon-1-768x768.png 768w, https:\/\/isopllc.com\/no\/wp-content\/uploads\/sites\/16\/2024\/05\/2_11zon-1-1000x1000.png 1000w, https:\/\/isopllc.com\/no\/wp-content\/uploads\/sites\/16\/2024\/05\/2_11zon-1-416x416.png 416w, https:\/\/isopllc.com\/no\/wp-content\/uploads\/sites\/16\/2024\/05\/2_11zon-1-100x100.png 100w, https:\/\/isopllc.com\/no\/wp-content\/uploads\/sites\/16\/2024\/05\/2_11zon-1.png 1080w\" sizes=\"auto, (max-width: 300px) 100vw, 300px\" \/><\/p>\n<p>Den veggmonterte Utend\u00f8rs veggmontert brannstige for 3-etasjes hus 8 m er vanntett og v\u00e6rbestandig, sv\u00e6rt stabil med st\u00f8tter og kan b\u00e6re opptil 200 kg. Den veggmonterte Utend\u00f8rs veggmontert brannstige for 3-etasjes hus 8 m er festet til veggen med bare det f\u00f8rste trinnet fastmontert, mens resten enkelt kan settes ut og trekkes inn. Dette gj\u00f8r at du kan bruke den uten \u00e5 miste dyrebare sekunder i en brannsituasjon.<\/p>\n<p><img loading=\"lazy\" decoding=\"async\" class=\"alignnone size-medium wp-image-5826\" src=\"https:\/\/isopllc.com\/no\/wp-content\/uploads\/sites\/16\/2025\/04\/wall-mounted-ladder4-1-300x300.jpg\" alt=\"Brannsikre Hjemmet Ditt\" width=\"300\" height=\"300\" srcset=\"https:\/\/isopllc.com\/no\/wp-content\/uploads\/sites\/16\/2025\/04\/wall-mounted-ladder4-1-300x300.jpg 300w, https:\/\/isopllc.com\/no\/wp-content\/uploads\/sites\/16\/2025\/04\/wall-mounted-ladder4-1-1024x1024.jpg 1024w, https:\/\/isopllc.com\/no\/wp-content\/uploads\/sites\/16\/2025\/04\/wall-mounted-ladder4-1-150x150.jpg 150w, https:\/\/isopllc.com\/no\/wp-content\/uploads\/sites\/16\/2025\/04\/wall-mounted-ladder4-1-768x768.jpg 768w, https:\/\/isopllc.com\/no\/wp-content\/uploads\/sites\/16\/2025\/04\/wall-mounted-ladder4-1-1000x1000.jpg 1000w, https:\/\/isopllc.com\/no\/wp-content\/uploads\/sites\/16\/2025\/04\/wall-mounted-ladder4-1-416x416.jpg 416w, https:\/\/isopllc.com\/no\/wp-content\/uploads\/sites\/16\/2025\/04\/wall-mounted-ladder4-1-100x100.jpg 100w, https:\/\/isopllc.com\/no\/wp-content\/uploads\/sites\/16\/2025\/04\/wall-mounted-ladder4-1.jpg 1200w\" sizes=\"auto, (max-width: 300px) 100vw, 300px\" \/><\/p>\n<p>Fordi den er universell, kan du bruke denne Utend\u00f8rs veggmontert brannstige for 3-etasjes hus 8 m hvor som helst, enten det er i en br\u00f8nn, p\u00e5 et tak, i en bunker eller i bygninger med flere etasjer. I motsetning til andre permanente brannstiger kan disse ikke brukes av tyver; du trekker dem ganske enkelt tilbake n\u00e5r du har kommet deg ned. Alle delene er laget av rustfrie materialer som rustfritt st\u00e5l, og stoffet er laget av et sjeldent vannavvisende materiale.<\/p>\n<p><img loading=\"lazy\" decoding=\"async\" class=\"alignnone size-full wp-image-5835\" src=\"https:\/\/isopllc.com\/no\/wp-content\/uploads\/sites\/16\/2025\/04\/wall-mounted-ladder10.jpeg\" alt=\"Nedhengt stige\" width=\"300\" height=\"300\" srcset=\"https:\/\/isopllc.com\/no\/wp-content\/uploads\/sites\/16\/2025\/04\/wall-mounted-ladder10.jpeg 300w, https:\/\/isopllc.com\/no\/wp-content\/uploads\/sites\/16\/2025\/04\/wall-mounted-ladder10-150x150.jpeg 150w, https:\/\/isopllc.com\/no\/wp-content\/uploads\/sites\/16\/2025\/04\/wall-mounted-ladder10-100x100.jpeg 100w\" sizes=\"auto, (max-width: 300px) 100vw, 300px\" \/><\/p>\n<p>Bruksanvisning:<\/p>\n<p>1) Fest det f\u00f8rste trinnet til en yttervegg under vinduet (eller eventuelt til en innervegg).<\/p>\n<p>2) Under bruk bretter du ut sikkerhetsnettet og kaster stigen nedover.<\/p>\n<p>3) Bruk begge hender p\u00e5 trinnene og g\u00e5 sakte ned.<\/p>\n<p><img loading=\"lazy\" decoding=\"async\" class=\"alignnone size-full wp-image-5836\" src=\"https:\/\/isopllc.com\/no\/wp-content\/uploads\/sites\/16\/2025\/04\/wall-mounted-ladder11.jpeg\" alt=\"\" width=\"300\" height=\"300\" srcset=\"https:\/\/isopllc.com\/no\/wp-content\/uploads\/sites\/16\/2025\/04\/wall-mounted-ladder11.jpeg 300w, https:\/\/isopllc.com\/no\/wp-content\/uploads\/sites\/16\/2025\/04\/wall-mounted-ladder11-150x150.jpeg 150w, https:\/\/isopllc.com\/no\/wp-content\/uploads\/sites\/16\/2025\/04\/wall-mounted-ladder11-100x100.jpeg 100w\" sizes=\"auto, (max-width: 300px) 100vw, 300px\" \/><\/p>\n<p>Veggmontert Utend\u00f8rs veggmontert brannstige for 3-etasjes hus 8 m er flokefri, kompakt, gjenbrukbar, har forskjellige lengder, lett, egnet for innend\u00f8rs og utend\u00f8rs bruk, multifunksjonell og holdbar. Det beste valget for familiens brannsikkerhet. Utend\u00f8rs veggmontert brannstige for 3-etasjes hus 8 m er en kritisk sikkerhetsfunksjon som er utformet for \u00e5 gi en p\u00e5litelig og tilgjengelig r\u00f8mningsvei i n\u00f8dstilfeller ved brann. De er sikkert festet til bygningen slik at de alltid er klare til bruk.<\/p>\n<p><img loading=\"lazy\" decoding=\"async\" class=\"alignnone size-full wp-image-5837\" src=\"https:\/\/isopllc.com\/no\/wp-content\/uploads\/sites\/16\/2025\/04\/wall-mounted-ladder12.jpeg\" alt=\"\" width=\"300\" height=\"300\" srcset=\"https:\/\/isopllc.com\/no\/wp-content\/uploads\/sites\/16\/2025\/04\/wall-mounted-ladder12.jpeg 300w, https:\/\/isopllc.com\/no\/wp-content\/uploads\/sites\/16\/2025\/04\/wall-mounted-ladder12-150x150.jpeg 150w, https:\/\/isopllc.com\/no\/wp-content\/uploads\/sites\/16\/2025\/04\/wall-mounted-ladder12-100x100.jpeg 100w\" sizes=\"auto, (max-width: 300px) 100vw, 300px\" \/><\/p>\n<p>Boligbruk: Gir en n\u00f8dutgang for hus, spesielt bygninger med flere etasjer.<\/p>\n<p>Kommersielle bygninger: Sikrer overholdelse av brannsikkerhetsforskrifter og muliggj\u00f8r sikker evakuering av ansatte og bes\u00f8kende.<\/p>\n<p><img loading=\"lazy\" decoding=\"async\" class=\"alignnone size-medium wp-image-5683\" src=\"https:\/\/isopllc.com\/no\/wp-content\/uploads\/sites\/16\/2024\/05\/top-rated-fire-ladder-2-story-1-300x300.png\" alt=\"Brannr\u00f8mnings stigene\" width=\"300\" height=\"300\" srcset=\"https:\/\/isopllc.com\/no\/wp-content\/uploads\/sites\/16\/2024\/05\/top-rated-fire-ladder-2-story-1-300x300.png 300w, https:\/\/isopllc.com\/no\/wp-content\/uploads\/sites\/16\/2024\/05\/top-rated-fire-ladder-2-story-1-1024x1024.png 1024w, https:\/\/isopllc.com\/no\/wp-content\/uploads\/sites\/16\/2024\/05\/top-rated-fire-ladder-2-story-1-150x150.png 150w, https:\/\/isopllc.com\/no\/wp-content\/uploads\/sites\/16\/2024\/05\/top-rated-fire-ladder-2-story-1-768x768.png 768w, https:\/\/isopllc.com\/no\/wp-content\/uploads\/sites\/16\/2024\/05\/top-rated-fire-ladder-2-story-1-1000x1000.png 1000w, https:\/\/isopllc.com\/no\/wp-content\/uploads\/sites\/16\/2024\/05\/top-rated-fire-ladder-2-story-1-416x416.png 416w, https:\/\/isopllc.com\/no\/wp-content\/uploads\/sites\/16\/2024\/05\/top-rated-fire-ladder-2-story-1-100x100.png 100w, https:\/\/isopllc.com\/no\/wp-content\/uploads\/sites\/16\/2024\/05\/top-rated-fire-ladder-2-story-1.png 1080w\" sizes=\"auto, (max-width: 300px) 100vw, 300px\" \/><\/p>\n<p>Industriomr\u00e5der: Gir raske r\u00f8mningsveier i fabrikker, lagerbygninger eller lignende milj\u00f8er.<\/p>\n<p>Sykehus og skoler: Gir en trygg evakueringsvei for s\u00e5rbare grupper som pasienter og elever.<\/p>\n<p>Hoteller og h\u00f8yhus: Avgj\u00f8rende for gjestenes og beboernes sikkerhet i n\u00f8dsituasjoner.<\/p>\n<p>Tilgjengelig ogs\u00e5 med <a href=\"https:\/\/isopllc.com\/no\/product\/permanent-brannstige-for-to-etasjer-4-m\/\"><strong>2 etasjer.<\/strong><\/a><\/p>\n<p>&nbsp;<\/p>\n<\/div>\n<\/div>\n<\/div>\n<\/div>\n<\/div>\n","protected":false},"excerpt":{"rendered":"[embed]https:\/\/youtu.be\/7Ojk0fAWS5Y?si=FPgZu1wdWNQD5krM[\/embed]\n<p style=\"text-align: center\">Utend\u00f8rs veggmontert brannstige for 3-etasjes hus 8 m | Vanntett brannstige | Fast n\u00f8dstige montert p\u00e5 vindu eller balkong, klar for evakuering<\/p>\n<p style=\"text-align: center\">GRATIS LEVERING INNEN 3-7 DAGER<\/p>\n<h4 style=\"text-align: center\"><strong>KJ\u00d8P DET P\u00c5<\/strong><\/h4>\n<p><a href=\"https:\/\/www.amazon.de\/dp\/B0D8J3XHKR\/ref=sr_1_1?__mk_de_DE=%C3%85M%C3%85%C5%BD%C3%95%C3%91&amp;crid=34SOXAGJP2HKZ&amp;dib=eyJ2IjoiMSJ9.FppElR5DPe3UD2ugflYbag.zUvkdmLKfIa7qAvY7UbYXQU3LBLOEtqQ-pxuaALQuKM&amp;dib_tag=se&amp;keywords=Outdoor-Wandmontierte+Feuerleiter+f%C3%BCr+3-st%C3%B6ckiges+Haus&amp;qid=1745205567&amp;s=kitchen&amp;sprefix=b0d8j3xhkr%2Ckitchen%2C352&amp;sr=1-1&amp;th=1\"><img loading=\"lazy\" decoding=\"async\" class=\"aligncenter wp-image-1040 size-full\" src=\"https:\/\/isopllc.com\/no\/wp-content\/uploads\/sites\/16\/2020\/01\/amazon-button9.png\" alt=\"\" width=\"160\" height=\"59\" \/><\/a><\/p>\n<p style=\"text-align: center\">\n","protected":false},"featured_media":5839,"comment_status":"open","ping_status":"closed","template":"","meta":[],"product_brand":[],"product_cat":[65],"product_tag":[86,88,80,81,87],"class_list":{"0":"post-5844","1":"product","2":"type-product","3":"status-publish","4":"has-post-thumbnail","6":"product_cat-veggmonterte-stiger","7":"product_tag-antiskli","8":"product_tag-branntrapp","9":"product_tag-redningsutstyr","10":"product_tag-sikkerhet","11":"product_tag-sport","13":"first","14":"instock","15":"shipping-taxable","16":"purchasable","17":"product-type-simple"},"_links":{"self":[{"href":"https:\/\/isopllc.com\/no\/wp-json\/wp\/v2\/product\/5844","targetHints":{"allow":["GET"]}}],"collection":[{"href":"https:\/\/isopllc.com\/no\/wp-json\/wp\/v2\/product"}],"about":[{"href":"https:\/\/isopllc.com\/no\/wp-json\/wp\/v2\/types\/product"}],"replies":[{"embeddable":true,"href":"https:\/\/isopllc.com\/no\/wp-json\/wp\/v2\/comments?post=5844"}],"wp:featuredmedia":[{"embeddable":true,"href":"https:\/\/isopllc.com\/no\/wp-json\/wp\/v2\/media\/5839"}],"wp:attachment":[{"href":"https:\/\/isopllc.com\/no\/wp-json\/wp\/v2\/media?parent=5844"}],"wp:term":[{"taxonomy":"product_brand","embeddable":true,"href":"https:\/\/isopllc.com\/no\/wp-json\/wp\/v2\/product_brand?post=5844"},{"taxonomy":"product_cat","embeddable":true,"href":"https:\/\/isopllc.com\/no\/wp-json\/wp\/v2\/product_cat?post=5844"},{"taxonomy":"product_tag","embeddable":true,"href":"https:\/\/isopllc.com\/no\/wp-json\/wp\/v2\/product_tag?post=5844"}],"curies":[{"name":"wp","href":"https:\/\/api.w.org\/{rel}","templated":true}]}}