{"id":5956,"date":"2025-07-03T08:09:20","date_gmt":"2025-07-03T08:09:20","guid":{"rendered":"https:\/\/isopllc.com\/no\/?post_type=product&#038;p=5956"},"modified":"2025-07-03T08:09:20","modified_gmt":"2025-07-03T08:09:20","slug":"aluminiumskap-for-brannstige-3-etasjer","status":"publish","type":"product","link":"https:\/\/isopllc.com\/no\/product\/aluminiumskap-for-brannstige-3-etasjer\/","title":{"rendered":"Aluminiumskap for Brannstige 3 Etasjer"},"content":{"rendered":"<h2 data-start=\"53\" data-end=\"276\">Aluminiumskap for Brannstige 3 Etasjer | Universell Tilgangsboks For Brannstige 3 Etasjer | Innend\u00f8rs og Utend\u00f8rs | Monteringsutstyr Inkludert | Veggmontert Oppbevaring for Brannsikkerhetsstiger | 42 \u00d7 34 \u00d7 15 cm<\/h2>\n<p data-start=\"53\" data-end=\"470\">S\u00f8rg for at hjemmet ditt, leiligheten, skolen eller arbeidsplassen er forberedt p\u00e5 n\u00f8devakuering med dette aluminiumskapet for r\u00f8mningsstige \u2013 en robust, elegant og spesialdesignet universell tilgangsboks for b\u00e5de innend\u00f8rs og utend\u00f8rs bruk. Dette veggmonterbare oppbevaringsskapet gir kritisk tilgang til r\u00f8mningsstiger under brann eller andre h\u00f8yrisikosituasjoner der rask evakuering er avgj\u00f8rende.<\/p>\n<p data-start=\"53\" data-end=\"470\"><img loading=\"lazy\" decoding=\"async\" class=\"alignnone size-medium wp-image-5965\" src=\"https:\/\/isopllc.com\/no\/wp-content\/uploads\/sites\/16\/2025\/06\/fir-escape-box-10-300x300.jpg\" alt=\"Aluminiumskap for Brannstige\" width=\"300\" height=\"300\" srcset=\"https:\/\/isopllc.com\/no\/wp-content\/uploads\/sites\/16\/2025\/06\/fir-escape-box-10-300x300.jpg 300w, https:\/\/isopllc.com\/no\/wp-content\/uploads\/sites\/16\/2025\/06\/fir-escape-box-10-1024x1024.jpg 1024w, https:\/\/isopllc.com\/no\/wp-content\/uploads\/sites\/16\/2025\/06\/fir-escape-box-10-150x150.jpg 150w, https:\/\/isopllc.com\/no\/wp-content\/uploads\/sites\/16\/2025\/06\/fir-escape-box-10-768x768.jpg 768w, https:\/\/isopllc.com\/no\/wp-content\/uploads\/sites\/16\/2025\/06\/fir-escape-box-10-1536x1536.jpg 1536w, https:\/\/isopllc.com\/no\/wp-content\/uploads\/sites\/16\/2025\/06\/fir-escape-box-10-2048x2048.jpg 2048w, https:\/\/isopllc.com\/no\/wp-content\/uploads\/sites\/16\/2025\/06\/fir-escape-box-10-1000x1000.jpg 1000w, https:\/\/isopllc.com\/no\/wp-content\/uploads\/sites\/16\/2025\/06\/fir-escape-box-10-416x416.jpg 416w, https:\/\/isopllc.com\/no\/wp-content\/uploads\/sites\/16\/2025\/06\/fir-escape-box-10-100x100.jpg 100w\" sizes=\"auto, (max-width: 300px) 100vw, 300px\" \/><\/p>\n<div class=\"celwidget aplus-module module-4 aplus-standard\" data-csa-c-id=\"6mnb1z-9dwrl2-ic24uv-jd1phn\" data-cel-widget=\"aplus-module-4\">\n<div class=\"a-expander-collapsed-height a-row a-expander-container a-expander-partial-collapse-container\" aria-live=\"polite\" data-a-expander-name=\"aplus-module-expander\" data-a-expander-collapsed-height=\"700\">\n<div class=\"a-expander-content a-expander-partial-collapse-content\" aria-expanded=\"false\">\n<div class=\"aplus-module-wrapper apm-fixed-width\">\n<div class=\"apm-spacing\">\n<div class=\"apm-floatleft apm-fixed-width\">\n<div id=\"title_feature_div\" class=\"celwidget\" data-feature-name=\"title\" data-csa-c-id=\"m5t5xw-wzxd1-od319-pyb58o\" data-cel-widget=\"title_feature_div\">\n<div id=\"titleSection\" class=\"a-section a-spacing-none\">\n<div id=\"title_feature_div\" class=\"celwidget\" data-feature-name=\"title\" data-csa-c-id=\"m5t5xw-wzxd1-od319-pyb58o\" data-cel-widget=\"title_feature_div\">\n<div id=\"titleSection\" class=\"a-section a-spacing-none\">\n<h4 data-start=\"1398\" data-end=\"1475\">Aluminium av f\u00f8rsteklasses kvalitet for holdbarhet innend\u00f8rs og utend\u00f8rs<\/h4>\n<p data-start=\"0\" data-end=\"485\">Produsert av h\u00f8ystyrke anodisert aluminium er dette skapet konstruert for holdbarhet, korrosjonsbestandighet og lang levetid. I motsetning til plastalternativer eller st\u00e5lkasser av lav kvalitet er denne enheten v\u00e6rbestandig og egnet for utend\u00f8rs bruk \u2013 ideell for balkonger, r\u00f8mningsveier eller verandaer. Innend\u00f8rs smelter den diskret inn i vegger, tekniske rom eller trapperom og opprettholder en estetisk helhet med moderne interi\u00f8rer samtidig som den gir maksimal brannsikkerhet.<\/p>\n<ul>\n<li data-start=\"487\" data-end=\"651\">Kompakt design<\/li>\n<li data-start=\"487\" data-end=\"651\">Kraftig jernkonstruksjon<\/li>\n<li data-start=\"487\" data-end=\"651\">Akrylglass (som er tryggere enn vanlig glass i n\u00f8dsituasjoner)<\/li>\n<li data-start=\"487\" data-end=\"651\">Monteres enkelt p\u00e5 veggen<\/li>\n<li data-start=\"487\" data-end=\"651\">Lett \u00e5 finne n\u00e5r det trengs<\/li>\n<\/ul>\n<p data-start=\"1476\" data-end=\"1981\"><img loading=\"lazy\" decoding=\"async\" class=\"alignnone size-medium wp-image-5962\" src=\"https:\/\/isopllc.com\/no\/wp-content\/uploads\/sites\/16\/2025\/06\/ladder-box-2-300x300.jpg\" alt=\"Aluminiumskap for r\u00f8mningsstige\" width=\"300\" height=\"300\" srcset=\"https:\/\/isopllc.com\/no\/wp-content\/uploads\/sites\/16\/2025\/06\/ladder-box-2-300x300.jpg 300w, https:\/\/isopllc.com\/no\/wp-content\/uploads\/sites\/16\/2025\/06\/ladder-box-2-1024x1024.jpg 1024w, https:\/\/isopllc.com\/no\/wp-content\/uploads\/sites\/16\/2025\/06\/ladder-box-2-150x150.jpg 150w, https:\/\/isopllc.com\/no\/wp-content\/uploads\/sites\/16\/2025\/06\/ladder-box-2-768x768.jpg 768w, https:\/\/isopllc.com\/no\/wp-content\/uploads\/sites\/16\/2025\/06\/ladder-box-2-1536x1536.jpg 1536w, https:\/\/isopllc.com\/no\/wp-content\/uploads\/sites\/16\/2025\/06\/ladder-box-2-2048x2048.jpg 2048w, https:\/\/isopllc.com\/no\/wp-content\/uploads\/sites\/16\/2025\/06\/ladder-box-2-1000x1000.jpg 1000w, https:\/\/isopllc.com\/no\/wp-content\/uploads\/sites\/16\/2025\/06\/ladder-box-2-416x416.jpg 416w, https:\/\/isopllc.com\/no\/wp-content\/uploads\/sites\/16\/2025\/06\/ladder-box-2-100x100.jpg 100w\" sizes=\"auto, (max-width: 300px) 100vw, 300px\" \/><\/p>\n<\/div>\n<\/div>\n<\/div>\n<\/div>\n<\/div>\n<\/div>\n<\/div>\n<\/div>\n<\/div>\n<\/div>\n<div class=\"celwidget aplus-module module-9 aplus-standard\" data-csa-c-id=\"kgh8ns-6rdhac-l4uce3-redgno\" data-cel-widget=\"aplus-module-9\">\n<div class=\"a-expander-collapsed-height a-row a-expander-container a-expander-partial-collapse-container\" aria-live=\"polite\" data-a-expander-name=\"aplus-module-expander\" data-a-expander-collapsed-height=\"700\">\n<div class=\"a-expander-content a-expander-partial-collapse-content\" aria-expanded=\"false\">\n<div class=\"aplus-module-wrapper apm-fixed-width\">\n<div class=\"apm-spacing apm-fixed-width\">\n<div class=\"celwidget aplus-module module-9 aplus-standard\" data-csa-c-id=\"6rrkxj-o9oo3p-2dk8kw-v8mrts\" data-cel-widget=\"aplus-module-9\">\n<div class=\"a-expander-collapsed-height a-row a-expander-container a-expander-partial-collapse-container\" aria-live=\"polite\" data-a-expander-name=\"aplus-module-expander\" data-a-expander-collapsed-height=\"700\">\n<div class=\"a-expander-content a-expander-partial-collapse-content\" aria-expanded=\"false\">\n<div class=\"aplus-module-wrapper apm-fixed-width\">\n<div class=\"celwidget aplus-module premium-module-1-image-text aplus-premium\">\n<div class=\"a-section a-spacing-none premium-aplus premium-aplus-module-1\">\n<div class=\"a-section a-spacing-none aplus-module-section aplus-text-section aplus-container-2\">\n<h3 data-start=\"0\" data-end=\"28\">Jernskap for r\u00f8mningsstige<\/h3>\n<p data-start=\"30\" data-end=\"120\">Holder brannslukningsapparatet eller r\u00f8mningsstigen lett tilgjengelig i en n\u00f8dsituasjon.<\/p>\n<p data-start=\"122\" data-end=\"354\" data-is-last-node=\"\" data-is-only-node=\"\">Takket v\u00e6re den kompakte st\u00f8rrelsen \u2013 41,9 \u00d7 34,3 \u00d7 15,2 cm | 1 mm tykk \u2013 og den holdbare konstruksjonen, er dette skapet ideelt for leiligheter, sameier og sm\u00e5 bedrifter, og det gir et trygt og sikkert sted for langtidsoppbevaring.<\/p>\n<p class=\"aplus-p1\"><img loading=\"lazy\" decoding=\"async\" class=\"alignnone size-medium wp-image-5964\" src=\"https:\/\/isopllc.com\/no\/wp-content\/uploads\/sites\/16\/2025\/06\/fire-rescue-cabinet-4-300x300.jpg\" alt=\"Aluminiumskap 3 Etasjer\" width=\"300\" height=\"300\" srcset=\"https:\/\/isopllc.com\/no\/wp-content\/uploads\/sites\/16\/2025\/06\/fire-rescue-cabinet-4-300x300.jpg 300w, https:\/\/isopllc.com\/no\/wp-content\/uploads\/sites\/16\/2025\/06\/fire-rescue-cabinet-4-150x150.jpg 150w, https:\/\/isopllc.com\/no\/wp-content\/uploads\/sites\/16\/2025\/06\/fire-rescue-cabinet-4-768x768.jpg 768w, https:\/\/isopllc.com\/no\/wp-content\/uploads\/sites\/16\/2025\/06\/fire-rescue-cabinet-4-416x416.jpg 416w, https:\/\/isopllc.com\/no\/wp-content\/uploads\/sites\/16\/2025\/06\/fire-rescue-cabinet-4-100x100.jpg 100w, https:\/\/isopllc.com\/no\/wp-content\/uploads\/sites\/16\/2025\/06\/fire-rescue-cabinet-4.jpg 900w\" sizes=\"auto, (max-width: 300px) 100vw, 300px\" \/><\/p>\n<\/div>\n<\/div>\n<\/div>\n<div class=\"celwidget aplus-module premium-module-1-image-text aplus-premium\">\n<div class=\"a-section a-spacing-none premium-aplus premium-aplus-module-1\">\n<div class=\"a-section a-spacing-none aplus-module-section aplus-text-section aplus-container-2\">\n<h3 class=\"aplus-h1 aplus-heading a-text-bold\">Brannutstyrsstasjon<\/h3>\n<div class=\"relative flex-col gap-1 md:gap-3\">\n<div class=\"flex max-w-full flex-col grow\">\n<div class=\"min-h-8 text-message relative flex w-full flex-col items-end gap-2 text-start break-words whitespace-normal [.text-message+&amp;]:mt-5\" dir=\"auto\" data-message-author-role=\"assistant\" data-message-id=\"0744f02c-16af-4a2c-bfef-73e050839e8f\" data-message-model-slug=\"gpt-4o\">\n<div class=\"flex w-full flex-col gap-1 empty:hidden first:pt-[3px]\">\n<div class=\"markdown prose dark:prose-invert w-full break-words light\">\n<p data-start=\"23\" data-end=\"215\" data-is-last-node=\"\" data-is-only-node=\"\">Ved en plutselig brann i hjemmet eller p\u00e5 arbeidsplassen gir den en fast plass for brannslukningsapparatet eller r\u00f8mningsstigen, slik at de er i n\u00e6rheten og klare til bruk n\u00e5r det trengs mest.<\/p>\n<\/div>\n<\/div>\n<\/div>\n<\/div>\n<\/div>\n<div class=\"aria-live=polite absolute\">\n<div class=\"flex items-center justify-center\"><\/div>\n<\/div>\n<\/div>\n<\/div>\n<\/div>\n<div class=\"celwidget aplus-module premium-module-1-image-text aplus-premium\">\n<div class=\"a-section a-spacing-none premium-aplus premium-aplus-module-1\">\n<div class=\"a-section a-spacing-none aplus-module-section aplus-image-section\"><img loading=\"lazy\" decoding=\"async\" class=\"alignnone size-medium wp-image-5966\" src=\"https:\/\/isopllc.com\/no\/wp-content\/uploads\/sites\/16\/2025\/06\/Fire-ladder-300x201.png\" alt=\"Aluminiumskap\" width=\"300\" height=\"201\" srcset=\"https:\/\/isopllc.com\/no\/wp-content\/uploads\/sites\/16\/2025\/06\/Fire-ladder-300x201.png 300w, https:\/\/isopllc.com\/no\/wp-content\/uploads\/sites\/16\/2025\/06\/Fire-ladder-1024x687.png 1024w, https:\/\/isopllc.com\/no\/wp-content\/uploads\/sites\/16\/2025\/06\/Fire-ladder-768x515.png 768w, https:\/\/isopllc.com\/no\/wp-content\/uploads\/sites\/16\/2025\/06\/Fire-ladder-1000x671.png 1000w, https:\/\/isopllc.com\/no\/wp-content\/uploads\/sites\/16\/2025\/06\/Fire-ladder-416x279.png 416w, https:\/\/isopllc.com\/no\/wp-content\/uploads\/sites\/16\/2025\/06\/Fire-ladder.png 1462w\" sizes=\"auto, (max-width: 300px) 100vw, 300px\" \/><\/div>\n<div class=\"a-section a-spacing-none aplus-module-section aplus-text-section aplus-container-2\">\n<h3 class=\"aplus-h1 aplus-heading a-text-bold\">Profesjonelt topprebbanker<\/h3>\n<p data-start=\"28\" data-end=\"207\">Sett med klatreankerbolter, inkluderer 2 stk. opphengsplater og 2 stk. ekspansjonsbolter, boltemuttere og flate skiver. Opphengsplatene fungerer som permanente forankringspunkter.<\/p>\n<p data-start=\"209\" data-end=\"411\" data-is-last-node=\"\" data-is-only-node=\"\">Sett gir mulighet for \u00e5 feste boksen til en vegg. De holder ikke bare boksen, men fest\u00f8ynene designet for to karabinkroker gj\u00f8r det mulig \u00e5 henge en rebstige p\u00e5, slik at man kan klatre ned fra et vindu.<\/p>\n<h3 data-start=\"0\" data-end=\"26\">Allsidig for flere milj\u00f8er<\/h3>\n<p data-start=\"3949\" data-end=\"3959\">Ideell for:<\/p>\n<ul>\n<li>Hus med flere etasjer<\/li>\n<li>Leiligheter og h\u00f8yhus<\/li>\n<li data-start=\"95\" data-end=\"112\">Skoleinternater<\/li>\n<li data-start=\"115\" data-end=\"140\">Barnehager og f\u00f8rskoler<\/li>\n<li data-start=\"143\" data-end=\"170\">Sykehus og omsorgsboliger<\/li>\n<li data-start=\"173\" data-end=\"206\">Hoteller, vandrerhjem og Airbnb<\/li>\n<li data-start=\"209\" data-end=\"238\">Kommersiell kontorbygninger<\/li>\n<li data-start=\"241\" data-end=\"270\">Lagerbygninger med mezzanin<\/li>\n<\/ul>\n<div class=\"relative flex-col gap-1 md:gap-3\">\n<div class=\"flex max-w-full flex-col grow\">\n<div class=\"min-h-8 text-message relative flex w-full flex-col items-end gap-2 text-start break-words whitespace-normal [.text-message+&amp;]:mt-5\" dir=\"auto\" data-message-author-role=\"assistant\" data-message-id=\"673bbab3-c337-401a-bf61-2d3382eb3f57\" data-message-model-slug=\"gpt-4-1-mini\">\n<div class=\"flex w-full flex-col gap-1 empty:hidden first:pt-[3px]\">\n<div class=\"markdown prose dark:prose-invert w-full break-words light\">\n<p data-start=\"272\" data-end=\"396\" data-is-last-node=\"\" data-is-only-node=\"\">Uansett hvor folk sover, jobber eller samles over bakkeniv\u00e5, tilbyr dette skapet en diskret, men effektiv sikkerhetsl\u00f8sning.<\/p>\n<\/div>\n<\/div>\n<\/div>\n<\/div>\n<\/div>\n<div class=\"aria-live=polite absolute\">\n<div class=\"flex items-center justify-center\"><\/div>\n<\/div>\n<\/div>\n<\/div>\n<\/div>\n<div class=\"celwidget aplus-module premium-module-15-text aplus-premium\">\n<div class=\"a-section a-spacing-none premium-aplus premium-aplus-module-15\">\n<div class=\"a-section a-spacing-none premium-aplus-15-heading\">\n<h3 data-start=\"0\" data-end=\"67\"><img loading=\"lazy\" decoding=\"async\" class=\"alignnone size-medium wp-image-5961\" src=\"https:\/\/isopllc.com\/no\/wp-content\/uploads\/sites\/16\/2025\/06\/fire-safety-box-7-300x300.jpg\" alt=\"Aluminiumskap for Brannstige for 3 Etasjer\" width=\"300\" height=\"300\" srcset=\"https:\/\/isopllc.com\/no\/wp-content\/uploads\/sites\/16\/2025\/06\/fire-safety-box-7-300x300.jpg 300w, https:\/\/isopllc.com\/no\/wp-content\/uploads\/sites\/16\/2025\/06\/fire-safety-box-7-1024x1024.jpg 1024w, https:\/\/isopllc.com\/no\/wp-content\/uploads\/sites\/16\/2025\/06\/fire-safety-box-7-150x150.jpg 150w, https:\/\/isopllc.com\/no\/wp-content\/uploads\/sites\/16\/2025\/06\/fire-safety-box-7-768x768.jpg 768w, https:\/\/isopllc.com\/no\/wp-content\/uploads\/sites\/16\/2025\/06\/fire-safety-box-7-1000x1000.jpg 1000w, https:\/\/isopllc.com\/no\/wp-content\/uploads\/sites\/16\/2025\/06\/fire-safety-box-7-416x416.jpg 416w, https:\/\/isopllc.com\/no\/wp-content\/uploads\/sites\/16\/2025\/06\/fire-safety-box-7-100x100.jpg 100w, https:\/\/isopllc.com\/no\/wp-content\/uploads\/sites\/16\/2025\/06\/fire-safety-box-7.jpg 1500w\" sizes=\"auto, (max-width: 300px) 100vw, 300px\" \/><\/h3>\n<h3 data-start=\"0\" data-end=\"67\">Hvorfor mener vi det er bedre \u00e5 kj\u00f8pe en tilgangsboks til n\u00f8dstige?<\/h3>\n<\/div>\n<div class=\"a-section a-spacing-none\">\n<p data-start=\"69\" data-end=\"86\">Av flere grunner!<\/p>\n<ol data-start=\"88\" data-end=\"1030\" data-is-last-node=\"\" data-is-only-node=\"\">\n<li data-start=\"88\" data-end=\"376\">\n<p data-start=\"91\" data-end=\"376\">Ved \u00e5 feste boksen til veggen (under vinduet eller p\u00e5 balkongen) med ankre, kan du umiddelbart feste stigen til ankerl\u00f8kkene. Ved en n\u00f8dsituasjon kaster du bare stigen ut av vinduet og starter nedstigningen uten \u00e5 kaste bort dyrebare sekunder p\u00e5 \u00e5 lete etter hvor du skal feste stigen.<\/p>\n<\/li>\n<li data-start=\"378\" data-end=\"628\">\n<p data-start=\"381\" data-end=\"628\">Du kan montere boksen b\u00e5de innend\u00f8rs og utend\u00f8rs. Utend\u00f8rs er fordelen at den ikke tar opp plass inne i hjemmet og ikke \u00f8delegger rommets design, samtidig som den er lett tilgjengelig hvis den er plassert ved siden av et vindu eller p\u00e5 en balkong.<\/p>\n<\/li>\n<li data-start=\"630\" data-end=\"810\">\n<p data-start=\"633\" data-end=\"810\">Den er ogs\u00e5 praktisk innend\u00f8rs, siden den alltid er lett tilgjengelig og dette viktige redningsutstyret er synlig, slik at du ikke bruker tid p\u00e5 \u00e5 lete etter det under en brann.<\/p>\n<\/li>\n<li data-start=\"812\" data-end=\"1030\" data-is-last-node=\"\">\n<p data-start=\"815\" data-end=\"1030\" data-is-last-node=\"\">Etter v\u00e5r mening er det veldig trygt \u00e5 feste stiger til klatreankrene inne i boksen, siden de t\u00e5ler 25 kN, noe som er tryggere enn \u00e5 feste dem til noe annet i hjemmet, inkludert vindusrammen eller balkongrekkverket.<\/p>\n<\/li>\n<\/ol>\n<p data-start=\"120\" data-end=\"720\">Aluminiumskap for brannstige 3 etasjer er designet for \u00e5 sikre rask og trygg tilgang til r\u00f8mningsstiger ved brann eller andre n\u00f8dsituasjoner. Skapet er laget av slitesterkt, anodisert aluminium som t\u00e5ler b\u00e5de v\u00e6r og korrosjon, noe som gj\u00f8r det egnet for b\u00e5de innend\u00f8rs og utend\u00f8rs bruk. Med kompakt design og enkel veggmontering passer det godt til leiligheter, fleretasjes boliger og n\u00e6ringsbygg. Monteringsutstyr f\u00f8lger med, og skapet beskytter stigen samtidig som det gj\u00f8r den lett tilgjengelig n\u00e5r det virkelig gjelder. Dette skapet er en p\u00e5litelig l\u00f8sning for sikkerhet i hjem og arbeidsplasser.<\/p>\n<\/div>\n<\/div>\n<p>Finnes ogs\u00e5 i <a href=\"https:\/\/isopllc.com\/no\/product\/aluminiumsskap-for-brannfluktladder\/\"><strong>liten st\u00f8rrelse.<\/strong><\/a><\/p>\n<\/div>\n<\/div>\n<\/div>\n<\/div>\n<\/div>\n<\/div>\n<\/div>\n<\/div>\n<\/div>\n<\/div>\n","protected":false},"excerpt":{"rendered":"[embed]https:\/\/youtu.be\/bNX01wHRH1A?si=4RpdY6Gnc8SJDBVI[\/embed]\n<p style=\"text-align: center\" data-start=\"53\" data-end=\"276\">Aluminiumskap for brannstige | Universell tilgangsboks for brannstiger 3 etasjer | For innend\u00f8rs og utend\u00f8rs bruk | Monteringsutstyr inkludert | Veggmontert oppbevaringsskap for brannsikkerhetsstiger | 38 x 28 x 13 cm<\/p>\n<p style=\"text-align: center\" data-start=\"278\" data-end=\"313\">GRATIS LEVERING INNEN 3-7 DAGER<\/p>\n<p style=\"text-align: center\" data-start=\"315\" data-end=\"331\"><strong>KJ\u00d8P DEN HER<\/strong><\/p>\n<p style=\"text-align: center\" data-start=\"310\" data-end=\"326\">\n","protected":false},"featured_media":5999,"comment_status":"open","ping_status":"closed","template":"","meta":[],"product_brand":[],"product_cat":[66,68],"product_tag":[],"class_list":{"0":"post-5956","1":"product","2":"type-product","3":"status-publish","4":"has-post-thumbnail","6":"product_cat-oppbevaringsboks-for-brann-romningsstiger","7":"product_cat-tilbehor-til-brannstiger","9":"first","10":"instock","11":"shipping-taxable","12":"purchasable","13":"product-type-simple"},"_links":{"self":[{"href":"https:\/\/isopllc.com\/no\/wp-json\/wp\/v2\/product\/5956","targetHints":{"allow":["GET"]}}],"collection":[{"href":"https:\/\/isopllc.com\/no\/wp-json\/wp\/v2\/product"}],"about":[{"href":"https:\/\/isopllc.com\/no\/wp-json\/wp\/v2\/types\/product"}],"replies":[{"embeddable":true,"href":"https:\/\/isopllc.com\/no\/wp-json\/wp\/v2\/comments?post=5956"}],"wp:featuredmedia":[{"embeddable":true,"href":"https:\/\/isopllc.com\/no\/wp-json\/wp\/v2\/media\/5999"}],"wp:attachment":[{"href":"https:\/\/isopllc.com\/no\/wp-json\/wp\/v2\/media?parent=5956"}],"wp:term":[{"taxonomy":"product_brand","embeddable":true,"href":"https:\/\/isopllc.com\/no\/wp-json\/wp\/v2\/product_brand?post=5956"},{"taxonomy":"product_cat","embeddable":true,"href":"https:\/\/isopllc.com\/no\/wp-json\/wp\/v2\/product_cat?post=5956"},{"taxonomy":"product_tag","embeddable":true,"href":"https:\/\/isopllc.com\/no\/wp-json\/wp\/v2\/product_tag?post=5956"}],"curies":[{"name":"wp","href":"https:\/\/api.w.org\/{rel}","templated":true}]}}