{"id":6026,"date":"2025-08-04T22:25:55","date_gmt":"2025-08-04T22:25:55","guid":{"rendered":"https:\/\/isopllc.com\/no\/?post_type=product&#038;p=6026"},"modified":"2025-11-16T17:39:23","modified_gmt":"2025-11-16T17:39:23","slug":"brannslukkerovertrekk-stor-storrelse-6-pakke-beskyttelsesdeksel","status":"publish","type":"product","link":"https:\/\/isopllc.com\/no\/product\/brannslukkerovertrekk-stor-storrelse-6-pakke-beskyttelsesdeksel\/","title":{"rendered":"Brannslukkerovertrekk Stor St\u00f8rrelse 6 Pakke | Beskyttelsesdeksel"},"content":{"rendered":"<h2 data-start=\"0\" data-end=\"215\">Brannslukkerovertrekk Stor St\u00f8rrelse 6 Pakke \u2013 St\u00f8v- og Ripesikker Beskyttelseslomme \u2013 Gjennomsiktig Overtrekk til Brannslukker \u2013 Vanntett og V\u00e6rbestandig Beskyttelse for N\u00f8dsituasjoner, Passer Slukkere opptil 10 LBS<\/h2>\n<p data-start=\"217\" data-end=\"467\">Beskytt brannslukkerne dine med denne 6-pakningen av store, brannslukkerovertrekk overtrekk. Vanntette, st\u00f8vtette og v\u00e6rbestandige, passer disse overtrekkene til slukkere opptil 10 lbs og gir langvarig, p\u00e5litelig beskyttelse.<\/p>\n<ul>\n<li data-start=\"469\" data-end=\"630\">Robust beskyttelse: Laget av tykt, slitesterkt og vanntett PVC, er dette brannslukkerovertrekket bygget for \u00e5 t\u00e5le t\u00f8ffe forhold. Enten det brukes i industrielle, kommersielle eller boligmilj\u00f8er, gir det langvarig holdbarhet og p\u00e5litelig beskyttelse.<\/li>\n<li data-start=\"469\" data-end=\"630\">H\u00f8yt synlig design: Designet i en sterk n\u00f8d-r\u00f8d farge, med refleksstripe, svart trykk og svart kant for maksimal synlighet under n\u00f8dsituasjoner eller str\u00f8mbrudd.<\/li>\n<li data-start=\"469\" data-end=\"630\">Universell passform og st\u00f8rrelser: Tilgjengelig i b\u00e5de sm\u00e5 og store st\u00f8rrelser for \u00e5 passe ulike modeller av brannslukkere. Denne oppf\u00f8ringen passer brannslukkere fra 1 til 2 kg (opptil 5 lbs), og er ideell for hjemme-, kontor- eller kj\u00f8ret\u00f8ybruk.<\/li>\n<li data-start=\"469\" data-end=\"630\">Klart inspeksjonsvindu: Utstyrt med et stort, gjennomsiktig vindu som gj\u00f8r det enkelt og raskt \u00e5 visuelt sjekke trykkm\u00e5ler og type brannslukker \u2013 slik at utstyret ditt alltid er i samsvar, synlig og klart til inspeksjon uten \u00e5 m\u00e5tte fjerne overtrekket.<\/li>\n<\/ul>\n<p><img loading=\"lazy\" decoding=\"async\" class=\"alignnone size-medium wp-image-6032\" src=\"https:\/\/isopllc.com\/no\/wp-content\/uploads\/sites\/16\/2025\/08\/Fire-extinguisher-cover-large-300x281.jpg\" alt=\"Inspeksjonsvindu\" width=\"300\" height=\"281\" srcset=\"https:\/\/isopllc.com\/no\/wp-content\/uploads\/sites\/16\/2025\/08\/Fire-extinguisher-cover-large-300x281.jpg 300w, https:\/\/isopllc.com\/no\/wp-content\/uploads\/sites\/16\/2025\/08\/Fire-extinguisher-cover-large-416x390.jpg 416w, https:\/\/isopllc.com\/no\/wp-content\/uploads\/sites\/16\/2025\/08\/Fire-extinguisher-cover-large.jpg 679w\" sizes=\"auto, (max-width: 300px) 100vw, 300px\" \/><\/p>\n<h4 data-start=\"0\" data-end=\"18\">Enkel installasjon<\/h4>\n<p data-start=\"20\" data-end=\"370\">Borrel\u00e5slukking (Velcro) gir en sikker og verkt\u00f8yfri montering. Denne 6-pakningen med store gjennomsiktige overtrekk er lett og sammenleggbar, noe som gj\u00f8r dem enkle \u00e5 oppbevare eller ta med p\u00e5 reise. Perfekt for bruk p\u00e5 kontorer, lager, fabrikker, kj\u00f8ret\u00f8y, offentlige bygninger og hjemmeberedskapssett, og gir p\u00e5litelig beskyttelse i ulike milj\u00f8er.<\/p>\n<p data-start=\"372\" data-end=\"406\"><img loading=\"lazy\" decoding=\"async\" class=\"alignnone size-medium wp-image-6030\" src=\"https:\/\/isopllc.com\/no\/wp-content\/uploads\/sites\/16\/2025\/08\/Fire-extinguisher-cover-1-300x300.jpg\" alt=\"st\u00f8vtett deksel\" width=\"300\" height=\"300\" srcset=\"https:\/\/isopllc.com\/no\/wp-content\/uploads\/sites\/16\/2025\/08\/Fire-extinguisher-cover-1-300x300.jpg 300w, https:\/\/isopllc.com\/no\/wp-content\/uploads\/sites\/16\/2025\/08\/Fire-extinguisher-cover-1-1024x1024.jpg 1024w, https:\/\/isopllc.com\/no\/wp-content\/uploads\/sites\/16\/2025\/08\/Fire-extinguisher-cover-1-150x150.jpg 150w, https:\/\/isopllc.com\/no\/wp-content\/uploads\/sites\/16\/2025\/08\/Fire-extinguisher-cover-1-768x768.jpg 768w, https:\/\/isopllc.com\/no\/wp-content\/uploads\/sites\/16\/2025\/08\/Fire-extinguisher-cover-1-1000x1000.jpg 1000w, https:\/\/isopllc.com\/no\/wp-content\/uploads\/sites\/16\/2025\/08\/Fire-extinguisher-cover-1-416x416.jpg 416w, https:\/\/isopllc.com\/no\/wp-content\/uploads\/sites\/16\/2025\/08\/Fire-extinguisher-cover-1-100x100.jpg 100w, https:\/\/isopllc.com\/no\/wp-content\/uploads\/sites\/16\/2025\/08\/Fire-extinguisher-cover-1.jpg 1500w\" sizes=\"auto, (max-width: 300px) 100vw, 300px\" \/><\/p>\n<h4 data-start=\"372\" data-end=\"406\">Kundefavoritt og h\u00f8yt rangert valg<\/h4>\n<p data-start=\"408\" data-end=\"720\">Denne brannslukkerovertrekket blir rost for sin eksepsjonelle kvalitet, brukervennlighet og langvarige holdbarhet. Den har blitt et foretrukket valg b\u00e5de for profesjonelle og vanlige brukere. Det er en ideell l\u00f8sning for grossistkj\u00f8pere, f\u00f8rstehjelpere, sikkerhetseksperter og alle som trenger p\u00e5litelig n\u00f8dvern.<\/p>\n<p data-start=\"722\" data-end=\"988\" data-is-last-node=\"\" data-is-only-node=\"\">Enten du er p\u00e5 jakt etter det beste brannslukkerovertrekket i n\u00e6rheten, et kostnadseffektivt men solid deksel, eller en vanntett beskyttelseslomme for n\u00f8dsituasjoner, leverer denne robuste 6-pakningen med store gjennomsiktige overtrekk konsekvent ytelse og trygghet.<\/p>\n<p data-start=\"722\" data-end=\"988\" data-is-last-node=\"\" data-is-only-node=\"\"><img loading=\"lazy\" decoding=\"async\" class=\"alignnone size-medium wp-image-6027\" src=\"https:\/\/isopllc.com\/no\/wp-content\/uploads\/sites\/16\/2025\/08\/extinguisher-cover-emergency-300x291.jpg\" alt=\"Beskyttelsesdeksel\" width=\"300\" height=\"291\" srcset=\"https:\/\/isopllc.com\/no\/wp-content\/uploads\/sites\/16\/2025\/08\/extinguisher-cover-emergency-300x291.jpg 300w, https:\/\/isopllc.com\/no\/wp-content\/uploads\/sites\/16\/2025\/08\/extinguisher-cover-emergency-416x403.jpg 416w, https:\/\/isopllc.com\/no\/wp-content\/uploads\/sites\/16\/2025\/08\/extinguisher-cover-emergency.jpg 679w\" sizes=\"auto, (max-width: 300px) 100vw, 300px\" \/><\/p>\n<p data-start=\"289\" data-end=\"581\">N\u00e5r det kommer til sikkerhet, er det avgj\u00f8rende \u00e5 holde brannslukkerne dine godt beskyttet og klare til bruk. Med v\u00e5rt Brannslukkerovertrekk Stor St\u00f8rrelse 6 Pakke f\u00e5r du et robust og slitesterkt beskyttelsesdeksel som sikrer at dine brannslukkere forblir i topp stand, uansett milj\u00f8.<\/p>\n<p data-start=\"583\" data-end=\"974\">Disse overtrekkene er laget av tykk, vanntett overtrekk-PVC som gir effektiv beskyttelse mot b\u00e5de v\u00e6r og vind. Det gj\u00f8r dem ideelle til bruk i b\u00e5de industrielle og boligmilj\u00f8er, hvor det kan v\u00e6re utfordrende forhold som st\u00f8v, fuktighet og mekanisk slitasje. Med en st\u00f8vtett deksel holder du ogs\u00e5 un\u00f8dvendig smuss og skitt unna, noe som kan forlenge levetiden til slukkeren betydelig.<\/p>\n<p data-start=\"583\" data-end=\"974\"><img loading=\"lazy\" decoding=\"async\" class=\"alignnone size-medium wp-image-6034\" src=\"https:\/\/isopllc.com\/no\/wp-content\/uploads\/sites\/16\/2025\/08\/Fire-extinguisher-cover-small-227x300.jpg\" alt=\"Industriell bruk\" width=\"227\" height=\"300\" srcset=\"https:\/\/isopllc.com\/no\/wp-content\/uploads\/sites\/16\/2025\/08\/Fire-extinguisher-cover-small-227x300.jpg 227w, https:\/\/isopllc.com\/no\/wp-content\/uploads\/sites\/16\/2025\/08\/Fire-extinguisher-cover-small-416x549.jpg 416w, https:\/\/isopllc.com\/no\/wp-content\/uploads\/sites\/16\/2025\/08\/Fire-extinguisher-cover-small.jpg 679w\" sizes=\"auto, (max-width: 227px) 100vw, 227px\" \/><\/p>\n<p data-start=\"976\" data-end=\"1287\">En av de viktigste egenskapene med disse overtrekkene er at de er ripesikre, noe som betyr at de beskytter mot riper og skader som kan oppst\u00e5 under daglig bruk eller transport. Dette s\u00f8rger for at brannslukkerne dine alltid ser profesjonelle og vedlikeholdte ut, samtidig som funksjonaliteten opprettholdes.<\/p>\n<p data-start=\"1289\" data-end=\"1622\">Det gjennomsiktige dekselet med stort inspeksjonsvindu er en annen smart funksjon. Dette vinduet tillater rask og enkel visuell inspeksjon av trykkm\u00e5leren og slukkertype uten at du m\u00e5 fjerne hele overtrekket. Det sparer tid ved rutinemessig kontroll og sikrer at brannslukkeren til enhver tid er i samsvar med sikkerhetskrav.<\/p>\n<p data-start=\"217\" data-end=\"467\">\n","protected":false},"excerpt":{"rendered":"[embed]https:\/\/www.youtube.com\/watch?v=CPDSmMW-vhw[\/embed]\n<p data-start=\"217\" data-end=\"467\">Beskytt brannslukkerne dine med denne 6-pakningen av store, gjennomsiktige overtrekk. Vanntette, st\u00f8vtette og v\u00e6rbestandige, passer disse overtrekkene til slukkere opptil 10 lbs og gir langvarig, p\u00e5litelig beskyttelse.<\/p>\n<ul>\n<li data-start=\"469\" data-end=\"630\">Robust beskyttelse: Laget av tykt, slitesterkt og vanntett PVC, er dette brannslukkerovertrekket bygget for \u00e5 t\u00e5le t\u00f8ffe forhold. Enten det brukes i industrielle, kommersielle eller boligmilj\u00f8er, gir det langvarig holdbarhet og p\u00e5litelig beskyttelse.<\/li>\n<li data-start=\"469\" data-end=\"630\">H\u00f8yt synlig design: Designet i en sterk n\u00f8d-r\u00f8d farge, med refleksstripe, svart trykk og svart kant for maksimal synlighet under n\u00f8dsituasjoner eller str\u00f8mbrudd.<\/li>\n<li data-start=\"469\" data-end=\"630\">Universell passform og st\u00f8rrelser: Tilgjengelig i b\u00e5de sm\u00e5 og store st\u00f8rrelser for \u00e5 passe ulike modeller av brannslukkere. Denne oppf\u00f8ringen passer brannslukkere fra 1 til 2 kg (opptil 5 lbs), og er ideell for hjemme-, kontor- eller kj\u00f8ret\u00f8ybruk.<\/li>\n<li data-start=\"469\" data-end=\"630\">Klart inspeksjonsvindu: Utstyrt med et stort, gjennomsiktig vindu som gj\u00f8r det enkelt og raskt \u00e5 visuelt sjekke trykkm\u00e5ler og type brannslukker \u2013 slik at utstyret ditt alltid er i samsvar, synlig og klart til inspeksjon uten \u00e5 m\u00e5tte fjerne overtrekket.<\/li>\n<\/ul>\n<p>&nbsp;<\/p>\n","protected":false},"featured_media":6035,"comment_status":"open","ping_status":"closed","template":"","meta":[],"product_brand":[],"product_cat":[204],"product_tag":[],"class_list":{"0":"post-6026","1":"product","2":"type-product","3":"status-publish","4":"has-post-thumbnail","6":"product_cat-brannslukningsapparat-holder","8":"first","9":"instock","10":"shipping-taxable","11":"product-type-simple"},"_links":{"self":[{"href":"https:\/\/isopllc.com\/no\/wp-json\/wp\/v2\/product\/6026","targetHints":{"allow":["GET"]}}],"collection":[{"href":"https:\/\/isopllc.com\/no\/wp-json\/wp\/v2\/product"}],"about":[{"href":"https:\/\/isopllc.com\/no\/wp-json\/wp\/v2\/types\/product"}],"replies":[{"embeddable":true,"href":"https:\/\/isopllc.com\/no\/wp-json\/wp\/v2\/comments?post=6026"}],"wp:featuredmedia":[{"embeddable":true,"href":"https:\/\/isopllc.com\/no\/wp-json\/wp\/v2\/media\/6035"}],"wp:attachment":[{"href":"https:\/\/isopllc.com\/no\/wp-json\/wp\/v2\/media?parent=6026"}],"wp:term":[{"taxonomy":"product_brand","embeddable":true,"href":"https:\/\/isopllc.com\/no\/wp-json\/wp\/v2\/product_brand?post=6026"},{"taxonomy":"product_cat","embeddable":true,"href":"https:\/\/isopllc.com\/no\/wp-json\/wp\/v2\/product_cat?post=6026"},{"taxonomy":"product_tag","embeddable":true,"href":"https:\/\/isopllc.com\/no\/wp-json\/wp\/v2\/product_tag?post=6026"}],"curies":[{"name":"wp","href":"https:\/\/api.w.org\/{rel}","templated":true}]}}