{"id":4432,"date":"2021-08-20T04:54:56","date_gmt":"2021-08-20T04:54:56","guid":{"rendered":"https:\/\/isopllc.com\/pl\/?page_id=4432"},"modified":"2023-05-14T11:47:55","modified_gmt":"2023-05-14T11:47:55","slug":"filmy","status":"publish","type":"page","link":"https:\/\/isopllc.com\/pl\/filmy\/","title":{"rendered":"Filmy"},"content":{"rendered":"\n<h2 class=\"wp-block-heading has-text-align-center\"><strong>Drabina przeciwpo\u017carowa firmy ISOP<\/strong><\/h2>\n\n\n\n<figure class=\"wp-block-embed is-type-video is-provider-youtube wp-block-embed-youtube wp-embed-aspect-16-9 wp-has-aspect-ratio\"><div class=\"wp-block-embed__wrapper\">\n<iframe loading=\"lazy\" title=\"Fire Escape Ladder 3 Story \/ The Best Safety Ladder  2023 \/ Rettungsleiter Feuerwehr 2023\" width=\"980\" height=\"551\" src=\"https:\/\/www.youtube.com\/embed\/UGmhw7BWbe8?feature=oembed\" frameborder=\"0\" allow=\"accelerometer; autoplay; clipboard-write; encrypted-media; gyroscope; picture-in-picture; web-share\" allowfullscreen><\/iframe>\n<\/div><\/figure>\n\n\n\n<h2 class=\"wp-block-heading has-text-align-center\"><strong>Drabina ratownicza<\/strong><\/h2>\n\n\n\n<figure class=\"wp-block-embed is-type-video is-provider-youtube wp-block-embed-youtube wp-embed-aspect-16-9 wp-has-aspect-ratio\"><div class=\"wp-block-embed__wrapper\">\n<iframe loading=\"lazy\" title=\"Drabina ratownicza\" width=\"980\" height=\"551\" src=\"https:\/\/www.youtube.com\/embed\/61xjg3Zj1nQ?feature=oembed\" frameborder=\"0\" allow=\"accelerometer; autoplay; clipboard-write; encrypted-media; gyroscope; picture-in-picture; web-share\" allowfullscreen><\/iframe>\n<\/div><\/figure>\n\n\n\n<h2 class=\"wp-block-heading has-text-align-center\"><strong>Drabina przeciwpo\u017carowa 2 pi\u0119tro firmy ISOP<\/strong><\/h2>\n\n\n\n<figure class=\"wp-block-video\"><video height=\"720\" style=\"aspect-ratio: 1280 \/ 720;\" width=\"1280\" controls src=\"https:\/\/isopllc.com\/pl\/wp-content\/uploads\/sites\/11\/2020\/03\/Fire-Escape-Rope-Ladder-2-Story-by-ISOP.mp4\"><\/video><\/figure>\n\n\n\n<h2 class=\"wp-block-heading has-text-align-center\"><strong>Drabina ratunkowa z ta\u015bm\u0105<\/strong><\/h2>\n\n\n\n<figure class=\"wp-block-embed is-type-video is-provider-youtube wp-block-embed-youtube wp-embed-aspect-16-9 wp-has-aspect-ratio\"><div class=\"wp-block-embed__wrapper\">\n<iframe loading=\"lazy\" title=\"Top Fire Escape Ladder 2023 Made in USA \/ Fire Escape Rope Ladder by ISOP \/ \u00e9chelle de corde\" width=\"980\" height=\"551\" src=\"https:\/\/www.youtube.com\/embed\/UbVzLEHfRRY?feature=oembed\" frameborder=\"0\" allow=\"accelerometer; autoplay; clipboard-write; encrypted-media; gyroscope; picture-in-picture; web-share\" allowfullscreen><\/iframe>\n<\/div><\/figure>\n\n\n\n<h2 class=\"wp-block-heading has-text-align-center\"><strong>Odblaskowa drabinka linowa<\/strong><\/h2>\n\n\n\n<figure class=\"wp-block-embed is-type-video is-provider-youtube wp-block-embed-youtube wp-embed-aspect-16-9 wp-has-aspect-ratio\"><div class=\"wp-block-embed__wrapper\">\n<iframe loading=\"lazy\" title=\"Reflective rope ladder\" width=\"980\" height=\"551\" src=\"https:\/\/www.youtube.com\/embed\/qvLLLYL4KD8?feature=oembed\" frameborder=\"0\" allow=\"accelerometer; autoplay; clipboard-write; encrypted-media; gyroscope; picture-in-picture; web-share\" allowfullscreen><\/iframe>\n<\/div><\/figure>\n\n\n\n<h2 class=\"wp-block-heading has-text-align-center\"><strong>Drabina z liny bezpiecze\u0144stwa<\/strong><\/h2>\n\n\n\n<figure class=\"wp-block-embed is-type-video is-provider-youtube wp-block-embed-youtube wp-embed-aspect-16-9 wp-has-aspect-ratio\"><div class=\"wp-block-embed__wrapper\">\n<iframe loading=\"lazy\" title=\"Safety Rope Ladder By ISOP\" width=\"980\" height=\"551\" src=\"https:\/\/www.youtube.com\/embed\/79lsZMpmFo0?feature=oembed\" frameborder=\"0\" allow=\"accelerometer; autoplay; clipboard-write; encrypted-media; gyroscope; picture-in-picture; web-share\" allowfullscreen><\/iframe>\n<\/div><\/figure>\n\n\n\n<h2 class=\"wp-block-heading has-text-align-center\"><meta charset=\"utf-8\"><strong>Drabiny przeciwpo\u017carowe 4 kondygnacyjne 10m z pasem bezpiecze\u0144stwa \/ uprz\u0119\u017c\u0105<\/strong><\/h2>\n\n\n\n<figure class=\"wp-block-embed is-type-video is-provider-youtube wp-block-embed-youtube wp-embed-aspect-16-9 wp-has-aspect-ratio\"><div class=\"wp-block-embed__wrapper\">\n<iframe loading=\"lazy\" title=\"Fire Escape Ladder 4 Story \/ Emergency Rope Ladder for Apartment \/\" width=\"980\" height=\"551\" src=\"https:\/\/www.youtube.com\/embed\/pLS26VuaRGY?feature=oembed\" frameborder=\"0\" allow=\"accelerometer; autoplay; clipboard-write; encrypted-media; gyroscope; picture-in-picture; web-share\" allowfullscreen><\/iframe>\n<\/div><\/figure>\n\n\n\n<h2 class=\"wp-block-heading has-text-align-center\"><meta charset=\"utf-8\"><strong>Noside\u0142ko przeciwpo\u017carowe dla zwierz\u0105t domowych<\/strong><\/h2>\n\n\n\n<figure class=\"wp-block-embed is-type-video is-provider-youtube wp-block-embed-youtube wp-embed-aspect-16-9 wp-has-aspect-ratio\"><div class=\"wp-block-embed__wrapper\">\n<iframe loading=\"lazy\" title=\"Fire Evacuation Carrier Device for Pets\" width=\"980\" height=\"551\" src=\"https:\/\/www.youtube.com\/embed\/s_dujbv3Kdk?feature=oembed\" frameborder=\"0\" allow=\"accelerometer; autoplay; clipboard-write; encrypted-media; gyroscope; picture-in-picture; web-share\" allowfullscreen><\/iframe>\n<\/div><\/figure>\n\n\n\n<h2 class=\"wp-block-heading has-text-align-center\"><meta charset=\"utf-8\"><strong>Drabiny linowe z karabinkami<\/strong><\/h2>\n\n\n\n<figure class=\"wp-block-embed is-type-video is-provider-youtube wp-block-embed-youtube wp-embed-aspect-16-9 wp-has-aspect-ratio\"><div class=\"wp-block-embed__wrapper\">\n<iframe loading=\"lazy\" title=\"Fire Escape Rope Ladders by Isop \/ Rettungsleiter amazon\" width=\"980\" height=\"551\" src=\"https:\/\/www.youtube.com\/embed\/MshUcIE9zVM?feature=oembed\" frameborder=\"0\" allow=\"accelerometer; autoplay; clipboard-write; encrypted-media; gyroscope; picture-in-picture; web-share\" allowfullscreen><\/iframe>\n<\/div><\/figure>\n\n\n\n<h2 class=\"wp-block-heading has-text-align-center\"><strong>Drabinka linowa do wspinaczki dla dzieci firmy ISOP<\/strong><\/h2>\n\n\n\n<figure class=\"wp-block-embed is-type-video is-provider-youtube wp-block-embed-youtube wp-embed-aspect-16-9 wp-has-aspect-ratio\"><div class=\"wp-block-embed__wrapper\">\n<iframe loading=\"lazy\" title=\"Climbing Rope Ladder for Kids by ISOP from 26$\" width=\"980\" height=\"551\" src=\"https:\/\/www.youtube.com\/embed\/nn0aB3S8o_g?feature=oembed\" frameborder=\"0\" allow=\"accelerometer; autoplay; clipboard-write; encrypted-media; gyroscope; picture-in-picture; web-share\" allowfullscreen><\/iframe>\n<\/div><\/figure>\n\n\n\n<h2 class=\"wp-block-heading has-text-align-center\"><strong>Koc przeciwpo\u017carowy do domu lub samochodu<\/strong><\/h2>\n\n\n\n<figure class=\"wp-block-embed is-type-video is-provider-youtube wp-block-embed-youtube wp-embed-aspect-16-9 wp-has-aspect-ratio\"><div class=\"wp-block-embed__wrapper\">\n<iframe loading=\"lazy\" title=\"Fire Blanket for Home or Car\" width=\"980\" height=\"551\" src=\"https:\/\/www.youtube.com\/embed\/j2Ih3MqAoKI?feature=oembed\" frameborder=\"0\" allow=\"accelerometer; autoplay; clipboard-write; encrypted-media; gyroscope; picture-in-picture; web-share\" allowfullscreen><\/iframe>\n<\/div><\/figure>\n\n\n\n<h2 class=\"wp-block-heading has-text-align-center\"><strong>Mini kuchenka kempingowa na zewn\u0105trz<\/strong><\/h2>\n\n\n\n<figure class=\"wp-block-embed is-type-video is-provider-youtube wp-block-embed-youtube wp-embed-aspect-16-9 wp-has-aspect-ratio\"><div class=\"wp-block-embed__wrapper\">\n<iframe loading=\"lazy\" title=\"Mini Outdoor Backpacking Stove\" width=\"980\" height=\"551\" src=\"https:\/\/www.youtube.com\/embed\/SlGVpKiAnnU?feature=oembed\" frameborder=\"0\" allow=\"accelerometer; autoplay; clipboard-write; encrypted-media; gyroscope; picture-in-picture; web-share\" allowfullscreen><\/iframe>\n<\/div><\/figure>\n\n\n\n<figure class=\"wp-block-embed is-type-video is-provider-youtube wp-block-embed-youtube wp-embed-aspect-16-9 wp-has-aspect-ratio\"><div class=\"wp-block-embed__wrapper\">\n<iframe loading=\"lazy\" title=\"Mini Outdoor Camping Stove\" width=\"980\" height=\"551\" src=\"https:\/\/www.youtube.com\/embed\/m01lecU6SUo?feature=oembed\" frameborder=\"0\" allow=\"accelerometer; autoplay; clipboard-write; encrypted-media; gyroscope; picture-in-picture; web-share\" allowfullscreen><\/iframe>\n<\/div><\/figure>\n\n\n\n<h2 class=\"wp-block-heading has-text-align-center\"><strong>Awaryjny zestaw ratunkowy<\/strong><\/h2>\n\n\n\n<figure class=\"wp-block-embed is-type-video is-provider-youtube wp-block-embed-youtube wp-embed-aspect-16-9 wp-has-aspect-ratio\"><div class=\"wp-block-embed__wrapper\">\n<iframe loading=\"lazy\" title=\"Emergency Survival Kit\" width=\"980\" height=\"551\" src=\"https:\/\/www.youtube.com\/embed\/7dkbhokINNQ?feature=oembed\" frameborder=\"0\" allow=\"accelerometer; autoplay; clipboard-write; encrypted-media; gyroscope; picture-in-picture; web-share\" allowfullscreen><\/iframe>\n<\/div><\/figure>\n\n\n\n<figure class=\"wp-block-embed is-type-video is-provider-youtube wp-block-embed-youtube wp-embed-aspect-16-9 wp-has-aspect-ratio\"><div class=\"wp-block-embed__wrapper\">\n<iframe loading=\"lazy\" title=\"Emergency Box Multifuctional \/ Survival Kit \/ Rettungs-\u00dcberlebens-Mini-Kit\" width=\"980\" height=\"551\" src=\"https:\/\/www.youtube.com\/embed\/XaUoa5iq_V4?feature=oembed\" frameborder=\"0\" allow=\"accelerometer; autoplay; clipboard-write; encrypted-media; gyroscope; picture-in-picture; web-share\" allowfullscreen><\/iframe>\n<\/div><\/figure>\n\n\n\n<h2 class=\"wp-block-heading has-text-align-center\"><strong>Zestaw ratunkowy do przetrwania \/ Survivalowy plecak ratunkowy na ka\u017cd\u0105 awari\u0119 \/ \u00fcberlebenspaket<\/strong><\/h2>\n\n\n\n<figure class=\"wp-block-embed is-type-video is-provider-youtube wp-block-embed-youtube wp-embed-aspect-16-9 wp-has-aspect-ratio\"><div class=\"wp-block-embed__wrapper\">\n<iframe loading=\"lazy\" title=\"Survival Emergency kit \/ Rescue Survival Backpack for any Emergency \/  \u00fcberlebenspaket\" width=\"980\" height=\"551\" src=\"https:\/\/www.youtube.com\/embed\/geQ6lNYxEyI?feature=oembed\" frameborder=\"0\" allow=\"accelerometer; autoplay; clipboard-write; encrypted-media; gyroscope; picture-in-picture; web-share\" allowfullscreen><\/iframe>\n<\/div><\/figure>\n","protected":false},"excerpt":{"rendered":"<p>Drabina przeciwpo\u017carowa firmy ISOP Drabina ratownicza Drabina przeciwpo\u017carowa 2 pi\u0119tro firmy ISOP Drabina ratunkowa z ta\u015bm\u0105 Odblaskowa drabinka linowa Drabina z liny bezpiecze\u0144stwa Drabiny przeciwpo\u017carowe 4 kondygnacyjne 10m z pasem bezpiecze\u0144stwa \/ uprz\u0119\u017c\u0105 Noside\u0142ko przeciwpo\u017carowe dla zwierz\u0105t domowych Drabiny linowe z karabinkami Drabinka linowa do wspinaczki dla dzieci firmy ISOP Koc przeciwpo\u017carowy do domu lub<br \/><a href=\"https:\/\/isopllc.com\/pl\/filmy\/\">Read more&#8230;<\/a><\/p>\n","protected":false},"author":2,"featured_media":0,"parent":0,"menu_order":0,"comment_status":"closed","ping_status":"closed","template":"","meta":{"footnotes":""},"class_list":["post-4432","page","type-page","status-publish","hentry"],"_links":{"self":[{"href":"https:\/\/isopllc.com\/pl\/wp-json\/wp\/v2\/pages\/4432","targetHints":{"allow":["GET"]}}],"collection":[{"href":"https:\/\/isopllc.com\/pl\/wp-json\/wp\/v2\/pages"}],"about":[{"href":"https:\/\/isopllc.com\/pl\/wp-json\/wp\/v2\/types\/page"}],"author":[{"embeddable":true,"href":"https:\/\/isopllc.com\/pl\/wp-json\/wp\/v2\/users\/2"}],"replies":[{"embeddable":true,"href":"https:\/\/isopllc.com\/pl\/wp-json\/wp\/v2\/comments?post=4432"}],"version-history":[{"count":0,"href":"https:\/\/isopllc.com\/pl\/wp-json\/wp\/v2\/pages\/4432\/revisions"}],"wp:attachment":[{"href":"https:\/\/isopllc.com\/pl\/wp-json\/wp\/v2\/media?parent=4432"}],"curies":[{"name":"wp","href":"https:\/\/api.w.org\/{rel}","templated":true}]}}