{"id":4739,"date":"2023-06-25T14:21:46","date_gmt":"2023-06-25T14:21:46","guid":{"rendered":"https:\/\/isopllc.com\/pl\/?page_id=4739"},"modified":"2023-06-25T14:21:48","modified_gmt":"2023-06-25T14:21:48","slug":"polityka","status":"publish","type":"page","link":"https:\/\/isopllc.com\/pl\/polityka\/","title":{"rendered":"Polityka"},"content":{"rendered":"\n<p><a href=\"#Zasady-dotycz\u0105ce-zwrot\u00f3w-i-zwrot\u00f3w-pieni\u0119dzy\" data-type=\"internal\" data-id=\"#Zasady-dotycz\u0105ce-zwrot\u00f3w-i-zwrot\u00f3w-pieni\u0119dzy\">Zasady dotycz\u0105ce zwrot\u00f3w i zwrot\u00f3w pieni\u0119dzy<\/a><\/p>\n\n\n\n<p><a href=\"#Polityka-prywatno\u015bci\" data-type=\"internal\" data-id=\"#Polityka-prywatno\u015bci\">Polityka prywatno\u015bci<\/a><\/p>\n\n\n\n<h1 class=\"wp-block-heading\" id=\"Zasady-dotycz\u0105ce-zwrot\u00f3w-i-zwrot\u00f3w-pieni\u0119dzy\">Zasady dotycz\u0105ce zwrot\u00f3w i zwrot\u00f3w pieni\u0119dzy<\/h1>\n\n\n\n<p>Mamy 30-dniow\u0105 polityk\u0119 zwrot\u00f3w i zwrot\u00f3w, co oznacza, \u017ce \u200b\u200bpo otrzymaniu przedmiotu masz 30 dni na za\u017c\u0105danie zwrotu.&nbsp;<br><br>Aby rozpocz\u0105\u0107 zwrot, mo\u017cesz skontaktowa\u0107 si\u0119 z nami pod adresem&nbsp;&nbsp;<a href=\"https:\/\/isopllc.com\/\">isopllc@gmail.com<\/a>&nbsp;lub przez formularz kontaktowy.<br><br>Upewnij si\u0119, \u017ce zwracasz nowy, nieu\u017cywany przedmiot.<\/p>\n\n\n\n<h4 class=\"wp-block-heading\"><strong>Uszkodzenia i problemy<\/strong>&nbsp;<\/h4>\n\n\n\n<p>Prosimy o sprawdzenie zam\u00f3wienia przy odbiorze i natychmiastowy kontakt, je\u015bli przedmiot jest uszkodzony, uszkodzony lub je\u015bli otrzyma\u0142e\u015b niew\u0142a\u015bciwy przedmiot, aby\u015bmy mogli oceni\u0107 problem i naprawi\u0107 go.<\/p>\n\n\n\n<h4 class=\"wp-block-heading\"><strong>Zwroty koszt\u00f3w<\/strong>&nbsp;<\/h4>\n\n\n\n<p>Powiadomimy Ci\u0119, gdy otrzymamy Tw\u00f3j zwrot, a otrzymasz automatyczny zwrot \u015brodk\u00f3w przy u\u017cyciu oryginalnej metody p\u0142atno\u015bci.\u00a0Pami\u0119taj, \u017ce przetworzenie i zaksi\u0119gowanie zwrotu mo\u017ce zaj\u0105\u0107 troch\u0119 czasu bankowi lub wystawcy karty kredytowej.<\/p>\n\n\n\n<h1 class=\"wp-block-heading\" id=\"Polityka-prywatno\u015bci\">Polityka prywatno\u015bci<\/h1>\n\n\n\n<h2 class=\"wp-block-heading\">Jakie dane osobowe zbieramy i dlaczego je zbieramy<\/h2>\n\n\n\n<h3 class=\"wp-block-heading\">Komentarze<\/h3>\n\n\n\n<p>Kiedy go\u015bcie zostawiaj\u0105 komentarze na stronie, zbieramy dane pokazane w formularzu komentarzy, a tak\u017ce adres IP odwiedzaj\u0105cego i ci\u0105g agenta u\u017cytkownika przegl\u0105darki, aby pom\u00f3c w wykrywaniu spamu.<\/p>\n\n\n\n<h3 class=\"wp-block-heading\">Cookies<\/h3>\n\n\n\n<p>Je\u015bli zostawisz komentarz na naszej stronie, mo\u017cesz wyrazi\u0107 zgod\u0119 na zapisywanie swojego imienia i nazwiska, adresu e-mail i strony internetowej w plikach cookie.&nbsp;S\u0105 one dla Twojej wygody, aby\u015b nie musia\u0142 ponownie wpisywa\u0107 swoich danych, gdy zostawisz kolejny komentarz.&nbsp;Te pliki cookie b\u0119d\u0105 dzia\u0142a\u0107 przez rok.<\/p>\n\n\n\n<p>Je\u015bli odwiedzisz nasz\u0105 stron\u0119 logowania, ustawimy tymczasowy plik cookie, aby okre\u015bli\u0107, czy Twoja przegl\u0105darka akceptuje pliki cookie.&nbsp;Ten plik cookie nie zawiera \u017cadnych danych osobowych i zostanie wyrzucony po zamkni\u0119ciu przegl\u0105darki.<\/p>\n\n\n\n<p>Podczas logowania utworzymy r\u00f3wnie\u017c kilka plik\u00f3w cookie, aby zapisa\u0107 dane logowania i opcje wy\u015bwietlania ekranu.&nbsp;Pliki cookie logowania s\u0105 przechowywane przez dwa dni, a pliki cookie z opcjami ekranu \u2013 przez rok.&nbsp;Je\u015bli wybierzesz \u201eZapami\u0119taj mnie\u201d, Tw\u00f3j login b\u0119dzie trwa\u0142 przez dwa tygodnie.&nbsp;Je\u015bli wylogujesz si\u0119 ze swojego konta, pliki cookie logowania zostan\u0105 usuni\u0119te.<\/p>\n\n\n\n<h3 class=\"wp-block-heading\">Osadzone tre\u015bci z innych witryn internetowych<\/h3>\n\n\n\n<p>Artyku\u0142y na tej stronie mog\u0105 zawiera\u0107 osadzone tre\u015bci (np. Filmy, obrazki, artyku\u0142y itp.).&nbsp;Osadzone tre\u015bci z innych witryn zachowuj\u0105 si\u0119 tak samo, jakby u\u017cytkownik odwiedzi\u0142 inn\u0105 witryn\u0119.<\/p>\n\n\n\n<p>Witryny te mog\u0105 gromadzi\u0107 dane o Tobie, u\u017cywa\u0107 plik\u00f3w cookie, osadza\u0107 dodatkowe \u015bledzenie stron trzecich i monitorowa\u0107 Twoj\u0105 interakcj\u0119 z zawarto\u015bci\u0105 osadzon\u0105, w tym \u015bledzenie interakcji z zawarto\u015bci\u0105 osadzon\u0105, je\u015bli masz konto i jeste\u015b zalogowany w tej witrynie.<\/p>\n\n\n\n<h3 class=\"wp-block-heading\">Jak d\u0142ugo przechowujemy Twoje dane<\/h3>\n\n\n\n<p>Je\u015bli zostawisz komentarz, komentarz i jego metadane zostan\u0105 zachowane na czas nieokre\u015blony.&nbsp;Dzi\u0119ki temu mo\u017cemy automatycznie rozpoznawa\u0107 i zatwierdza\u0107 kolejne komentarze zamiast trzyma\u0107 je w kolejce moderacji.<\/p>\n\n\n\n<p>W przypadku u\u017cytkownik\u00f3w, kt\u00f3rzy zarejestruj\u0105 si\u0119 na naszej stronie internetowej (je\u015bli istniej\u0105), przechowujemy r\u00f3wnie\u017c dane osobowe, kt\u00f3re podaj\u0105 w swoim profilu u\u017cytkownika.&nbsp;Wszyscy u\u017cytkownicy mog\u0105 w dowolnym momencie wy\u015bwietla\u0107, edytowa\u0107 lub usuwa\u0107 swoje dane osobowe (z wyj\u0105tkiem sytuacji, gdy nie mog\u0105 zmieni\u0107 swojej nazwy u\u017cytkownika).&nbsp;Administratorzy serwisu r\u00f3wnie\u017c mog\u0105 przegl\u0105da\u0107 i edytowa\u0107 te informacje.<\/p>\n\n\n\n<h3 class=\"wp-block-heading\">Jakie masz prawa do swoich danych<\/h3>\n\n\n\n<p>Je\u015bli masz konto w tej witrynie lub zostawi\u0142e\u015b komentarze, mo\u017cesz poprosi\u0107 o przes\u0142anie wyeksportowanego pliku danych osobowych, kt\u00f3re posiadamy o Tobie, w tym wszelkich danych, kt\u00f3re nam przekaza\u0142e\u015b.&nbsp;Mo\u017cesz r\u00f3wnie\u017c za\u017c\u0105da\u0107 usuni\u0119cia przez nas wszelkich danych osobowych, kt\u00f3re posiadamy na Tw\u00f3j temat.&nbsp;Nie obejmuje to \u017cadnych danych, kt\u00f3re jeste\u015bmy zobowi\u0105zani przechowywa\u0107 ze wzgl\u0119d\u00f3w administracyjnych, prawnych lub bezpiecze\u0144stwa.<\/p>\n","protected":false},"excerpt":{"rendered":"<p>Zasady dotycz\u0105ce zwrot\u00f3w i zwrot\u00f3w pieni\u0119dzy Polityka prywatno\u015bci Zasady dotycz\u0105ce zwrot\u00f3w i zwrot\u00f3w pieni\u0119dzy Mamy 30-dniow\u0105 polityk\u0119 zwrot\u00f3w i zwrot\u00f3w, co oznacza, \u017ce \u200b\u200bpo otrzymaniu przedmiotu masz 30 dni na za\u017c\u0105danie zwrotu.&nbsp; Aby rozpocz\u0105\u0107 zwrot, mo\u017cesz skontaktowa\u0107 si\u0119 z nami pod adresem&nbsp;&nbsp;isopllc@gmail.com&nbsp;lub przez formularz kontaktowy. Upewnij si\u0119, \u017ce zwracasz nowy, nieu\u017cywany przedmiot. Uszkodzenia i problemy&nbsp;<br \/><a href=\"https:\/\/isopllc.com\/pl\/polityka\/\">Read more&#8230;<\/a><\/p>\n","protected":false},"author":2,"featured_media":0,"parent":0,"menu_order":0,"comment_status":"closed","ping_status":"closed","template":"","meta":{"footnotes":""},"class_list":["post-4739","page","type-page","status-publish","hentry"],"_links":{"self":[{"href":"https:\/\/isopllc.com\/pl\/wp-json\/wp\/v2\/pages\/4739","targetHints":{"allow":["GET"]}}],"collection":[{"href":"https:\/\/isopllc.com\/pl\/wp-json\/wp\/v2\/pages"}],"about":[{"href":"https:\/\/isopllc.com\/pl\/wp-json\/wp\/v2\/types\/page"}],"author":[{"embeddable":true,"href":"https:\/\/isopllc.com\/pl\/wp-json\/wp\/v2\/users\/2"}],"replies":[{"embeddable":true,"href":"https:\/\/isopllc.com\/pl\/wp-json\/wp\/v2\/comments?post=4739"}],"version-history":[{"count":0,"href":"https:\/\/isopllc.com\/pl\/wp-json\/wp\/v2\/pages\/4739\/revisions"}],"wp:attachment":[{"href":"https:\/\/isopllc.com\/pl\/wp-json\/wp\/v2\/media?parent=4739"}],"curies":[{"name":"wp","href":"https:\/\/api.w.org\/{rel}","templated":true}]}}