{"id":5083,"date":"2025-05-21T11:42:03","date_gmt":"2025-05-21T11:42:03","guid":{"rendered":"https:\/\/isopllc.com\/pl\/?page_id=5083"},"modified":"2025-05-21T11:42:05","modified_gmt":"2025-05-21T11:42:05","slug":"sprzedaz-hurtowa","status":"publish","type":"page","link":"https:\/\/isopllc.com\/pl\/sprzedaz-hurtowa\/","title":{"rendered":"Sprzeda\u017c hurtowa"},"content":{"rendered":"\n<p>Je\u015bli jeste\u015b zainteresowany zakupem ponad 20 sztuk jednego produktu, kwalifikujesz si\u0119 do oferty hurtowej.<\/p>\n\n\n\n<p>Skontaktuj si\u0119 z nami, przesy\u0142aj\u0105c zam\u00f3wienie, a przygotujemy dla Ciebie specjaln\u0105 ofert\u0119.<\/p>\n\n\n\n<p>Napisz do nas <a href=\"mailto:isopllc@gmail.com\" data-type=\"mailto\" data-id=\"mailto:isopllc@gmail.com\">e-mail<\/a> lub zostaw wiadomo\u015b\u0107 poni\u017cej:<\/p>\n\n\n<div class=\"wpforms-container wpforms-container-full wpforms-block wpforms-block-d0b2df88-b45f-4adf-989e-792ac0389e45\" id=\"wpforms-4383\"><form id=\"wpforms-form-4383\" class=\"wpforms-validate wpforms-form\" data-formid=\"4383\" method=\"post\" enctype=\"multipart\/form-data\" action=\"\/pl\/wp-json\/wp\/v2\/pages\/5083\" data-token=\"ac2a7272b23842d28146b750f90effc7\" data-token-time=\"1775390272\"><noscript class=\"wpforms-error-noscript\">Aby wype\u0142ni\u0107 ten formularz, w\u0142\u0105cz obs\u0142ug\u0119 JavaScript w przegl\u0105darce.<\/noscript><div class=\"wpforms-field-container\"><div id=\"wpforms-4383-field_0-container\" class=\"wpforms-field wpforms-field-name\" data-field-id=\"0\"><label class=\"wpforms-field-label\" for=\"wpforms-4383-field_0\">Nazwa <span class=\"wpforms-required-label\">*<\/span><\/label><input type=\"text\" id=\"wpforms-4383-field_0\" class=\"wpforms-field-medium wpforms-field-required\" name=\"wpforms[fields][0]\" required><\/div><div id=\"wpforms-4383-field_1-container\" class=\"wpforms-field wpforms-field-email\" data-field-id=\"1\"><label class=\"wpforms-field-label\" for=\"wpforms-4383-field_1\">Email <span class=\"wpforms-required-label\">*<\/span><\/label><input type=\"email\" id=\"wpforms-4383-field_1\" class=\"wpforms-field-medium wpforms-field-required\" name=\"wpforms[fields][1]\" spellcheck=\"false\" required><\/div><div id=\"wpforms-4383-field_2-container\" class=\"wpforms-field wpforms-field-textarea\" data-field-id=\"2\"><label class=\"wpforms-field-label\" for=\"wpforms-4383-field_2\">Komentarz lub wiadomo\u015b\u0107 <span class=\"wpforms-required-label\">*<\/span><\/label><textarea id=\"wpforms-4383-field_2\" class=\"wpforms-field-medium wpforms-field-required\" name=\"wpforms[fields][2]\" required><\/textarea><\/div><\/div><!-- .wpforms-field-container --><div class=\"wpforms-recaptcha-container wpforms-is-recaptcha wpforms-is-recaptcha-type-invisible\" ><div class=\"g-recaptcha\" data-sitekey=\"6LcfxDYqAAAAAOl_SmnVi9ioJKmVBOPMdWHhhWBq\" data-size=\"invisible\"><\/div><\/div><div class=\"wpforms-submit-container\" ><input type=\"hidden\" name=\"wpforms[id]\" value=\"4383\"><input type=\"hidden\" name=\"page_title\" value=\"\"><input type=\"hidden\" name=\"page_url\" value=\"https:\/\/isopllc.com\/pl\/wp-json\/wp\/v2\/pages\/5083\"><input type=\"hidden\" name=\"url_referer\" value=\"\"><button type=\"submit\" name=\"wpforms[submit]\" id=\"wpforms-submit-4383\" class=\"wpforms-submit\" data-alt-text=\"Wysy\u0142anie...\" data-submit-text=\"Zatwierd\u017a\" aria-live=\"assertive\" value=\"wpforms-submit\">Zatwierd\u017a<\/button><\/div><\/form><\/div>  <!-- .wpforms-container -->","protected":false},"excerpt":{"rendered":"<p>Je\u015bli jeste\u015b zainteresowany zakupem ponad 20 sztuk jednego produktu, kwalifikujesz si\u0119 do oferty hurtowej. Skontaktuj si\u0119 z nami, przesy\u0142aj\u0105c zam\u00f3wienie, a przygotujemy dla Ciebie specjaln\u0105 ofert\u0119. Napisz do nas e-mail lub zostaw wiadomo\u015b\u0107 poni\u017cej:<\/p>\n","protected":false},"author":2,"featured_media":0,"parent":0,"menu_order":0,"comment_status":"closed","ping_status":"closed","template":"","meta":{"footnotes":""},"class_list":["post-5083","page","type-page","status-publish","hentry"],"_links":{"self":[{"href":"https:\/\/isopllc.com\/pl\/wp-json\/wp\/v2\/pages\/5083","targetHints":{"allow":["GET"]}}],"collection":[{"href":"https:\/\/isopllc.com\/pl\/wp-json\/wp\/v2\/pages"}],"about":[{"href":"https:\/\/isopllc.com\/pl\/wp-json\/wp\/v2\/types\/page"}],"author":[{"embeddable":true,"href":"https:\/\/isopllc.com\/pl\/wp-json\/wp\/v2\/users\/2"}],"replies":[{"embeddable":true,"href":"https:\/\/isopllc.com\/pl\/wp-json\/wp\/v2\/comments?post=5083"}],"version-history":[{"count":0,"href":"https:\/\/isopllc.com\/pl\/wp-json\/wp\/v2\/pages\/5083\/revisions"}],"wp:attachment":[{"href":"https:\/\/isopllc.com\/pl\/wp-json\/wp\/v2\/media?parent=5083"}],"curies":[{"name":"wp","href":"https:\/\/api.w.org\/{rel}","templated":true}]}}