{"id":1294,"date":"2020-01-30T06:20:40","date_gmt":"2020-01-30T06:20:40","guid":{"rendered":"https:\/\/rightfoodonly.com\/?post_type=product&#038;p=1294"},"modified":"2025-07-01T05:27:42","modified_gmt":"2025-07-01T05:27:42","slug":"haki-zelazne-do-drabin-ewakuacyjnych","status":"publish","type":"product","link":"https:\/\/isopllc.com\/pl\/product\/haki-zelazne-do-drabin-ewakuacyjnych\/","title":{"rendered":"Haki \u017celazne do drabin ewakuacyjnych i awaryjnych"},"content":{"rendered":"<div class=\"celwidget aplus-module module-11\">\n<div class=\"a-expander-collapsed-height a-row a-expander-container a-expander-partial-collapse-container\" aria-live=\"polite\" data-a-expander-name=\"aplus-module-expander\" data-a-expander-collapsed-height=\"360\">\n<div class=\"a-expander-content a-expander-partial-collapse-content\" aria-expanded=\"false\">\n<div class=\"aplus-module-wrapper apm-spacing apm-floatnone\">\n<div class=\"apm-sidemodule aplus-module-content\">\n<div class=\"apm-hero-image\"><span style=\"font-size: 1.618em;\">Haki okienne ISOP do drabin ewakuacyjnych, 2 haczyki | <\/span><span style=\"font-size: 1.618em;\">\u017belazne haki do drabiny linowej ratowniczej, zestaw hak\u00f3w ratunkowych pasuje do wi\u0119kszo\u015bci okien &#8211; \u015bwietne z karabinkami lub drabinkami rozk\u0142adanymi &#8211; solidne, trwa\u0142e i przeno\u015bne<\/span><\/div>\n<\/div>\n<\/div>\n<\/div>\n<\/div>\n<\/div>\n<div class=\"celwidget aplus-module module-9\">\n<div class=\"a-expander-collapsed-height a-row a-expander-container a-expander-partial-collapse-container\" aria-live=\"polite\" data-a-expander-name=\"aplus-module-expander\" data-a-expander-collapsed-height=\"700\">\n<div class=\"a-expander-content a-expander-partial-collapse-content a-expander-content-expanded\" aria-expanded=\"true\">\n<div class=\"aplus-module-wrapper\">\n<div class=\"apm-spacing apm-fixed-width\">\n<p><img decoding=\"async\" class=\"a-spacing-mini aligncenter\" src=\"https:\/\/m.media-amazon.com\/images\/S\/aplus-media\/sc\/0ba0f91e-b5c4-417e-ada8-b03c299fc14b.__CR0,0,1200,1200_PT0_SX300_V1___.jpg\" alt=\"haczyki\" data-src=\"https:\/\/m.media-amazon.com\/images\/S\/aplus-media\/sc\/0ba0f91e-b5c4-417e-ada8-b03c299fc14b.__CR0,0,1200,1200_PT0_SX300_V1___.jpg\" data- title=\"\"><\/p>\n<h4 class=\"a-spacing-mini\"><span style=\"vertical-align: inherit;\">Specyfikacje<\/span><\/h4>\n<p><span style=\"vertical-align: inherit;\">Nasz uniwersalny dwucz\u0119\u015bciowy zestaw haczyk\u00f3w jest wszechstronnym narz\u0119dziem bezpiecze\u0144stwa i mo\u017ce by\u0107 stosowany w wielu ga\u0142\u0119ziach przemys\u0142u, firmach budowlanych i s\u0142u\u017cbach ratowniczych &#8211; mo\u017ce by\u0107 u\u017cywany z r\u00f3\u017cnymi typami drabin linowych lub z drabinami przeciwpo\u017carowymi do ratowania pracownik\u00f3w ze znacznych wysoko\u015bci. musi mie\u0107 w nag\u0142ych wypadkach.<\/span><\/p>\n<p><span style=\"vertical-align: inherit;\">Rozmiar: d\u0142ugo\u015b\u0107 ca\u0142kowita 15,75 cala, haczyk okienny 11,8 cala, miejsce na karabi\u0144czyk 1,25 cala<\/span><\/p>\n<p><span style=\"vertical-align: inherit;\">Materia\u0142y: Stal o du\u017cej wytrzyma\u0142o\u015bci<\/span><\/p>\n<p><img loading=\"lazy\" decoding=\"async\" class=\" wp-image-4742 aligncenter\" src=\"https:\/\/isopllc.com\/pl\/wp-content\/uploads\/sites\/11\/2021\/06\/hooks-size-416x416-\u043a\u043e\u043f\u0438\u044f-2.jpg\" alt=\"\" width=\"320\" height=\"320\" title=\"\"><\/p>\n<h4 class=\"a-spacing-mini\"><span style=\"vertical-align: inherit;\">Cechy i zalety<\/span><\/h4>\n<ul>\n<li><span style=\"vertical-align: inherit;\">Wykonane z wysokiej jako\u015bci materia\u0142\u00f3w &#8211; mocne, wytrzyma\u0142e, trwa\u0142e, niezawodne i bezpieczne w u\u017cyciu<\/span><\/li>\n<li><span style=\"vertical-align: inherit;\">Idealny rozmiar &#8211; pasuje do wi\u0119kszo\u015bci okien<\/span><\/li>\n<li><span style=\"vertical-align: inherit;\">Minimalistyczny, ale praktyczny design u\u0142atwia mocowanie<\/span><\/li>\n<li><span style=\"vertical-align: inherit;\">Szybka i \u0142atwa konfiguracja &#8211; nie wymaga \u017cadnych narz\u0119dzi<\/span><\/li>\n<li><span style=\"vertical-align: inherit;\">Mo\u017ce by\u0107 u\u017cywany z minimalnym lub zerowym szkoleniem<\/span><\/li>\n<li><span style=\"vertical-align: inherit;\">Wystarczy zacisn\u0105\u0107 si\u0119 na oknie z jednej strony, a drabince linowej z drugiej i zej\u015b\u0107 w ci\u0105gu 10 sekund<\/span><\/li>\n<li><span style=\"vertical-align: inherit;\">Lekki i przeno\u015bny<\/span><\/li>\n<li><span style=\"vertical-align: inherit;\">Kompaktowy dla \u0142atwego przechowywania<\/span><\/li>\n<\/ul>\n<\/div>\n<p><img decoding=\"async\" class=\"a-spacing-mini aligncenter\" src=\"https:\/\/m.media-amazon.com\/images\/S\/aplus-media\/sc\/97960495-f8fe-4173-8653-41fa79334c3e.__CR0,0,1200,1200_PT0_SX300_V1___.jpg\" alt=\"pos\u0142ugiwa\u0107 si\u0119\" data-src=\"https:\/\/m.media-amazon.com\/images\/S\/aplus-media\/sc\/97960495-f8fe-4173-8653-41fa79334c3e.__CR0,0,1200,1200_PT0_SX300_V1___.jpg\" data- title=\"\"><\/p>\n<h4 class=\"a-spacing-mini\"><span style=\"vertical-align: inherit;\">Mo\u017ce by\u0107 u\u017cywany do \/ as \/ with<\/span><\/h4>\n<ul>\n<li><span style=\"vertical-align: inherit;\">Z okna, balkonu lub dachu w po\u0142\u0105czeniu z ratowniczymi drabinkami linowymi<\/span><\/li>\n<li><span style=\"vertical-align: inherit;\">Drabiny ewakuacyjne, w nag\u0142ych wypadkach<\/span><\/li>\n<li><span style=\"vertical-align: inherit;\">\u015aciany wspinaczkowe<\/span><\/li>\n<li><span style=\"vertical-align: inherit;\">Przemys\u0142 budowlany<\/span><\/li>\n<li><span style=\"vertical-align: inherit;\">Wisz\u0105ce z drzewa<\/span><\/li>\n<li><span style=\"vertical-align: inherit;\">Wspinaczka do domku na drzewie<\/span><\/li>\n<\/ul>\n<\/div>\n<\/div>\n<\/div>\n<\/div>\n","protected":false},"excerpt":{"rendered":"<p style=\"text-align: center;\">Zestaw hak\u00f3w do okien (2 haczyki) do ewakuacji po\u017carowej &#8211; Odpowiedni do okien, balkon\u00f3w lub dach\u00f3w<\/p>\n<p style=\"text-align: center;\">DARMOWA DOSTAWA W CI\u0104GU 3-7 DNI<\/p>\n<h4 style=\"text-align: center;\"><strong>KUP ON<\/strong><\/h4>\n<p style=\"text-align: center;\"><a href=\"https:\/\/www.amazon.pl\/dp\/B07RFDG2NP\/ref=sr_1_1?__mk_pl_PL=%C3%85M%C3%85%C5%BD%C3%95%C3%91&amp;dchild=1&amp;keywords=Hak%20Okienny%20do%20Drabin%20Ewakuacyjnych&amp;qid=1628693901&amp;sr=8-1&amp;th=1\"><img loading=\"lazy\" decoding=\"async\" class=\"wp-image-1040 size-full aligncenter\" src=\"https:\/\/rightfoodonly.com\/wp-content\/uploads\/amazon-button9.png\" alt=\"\" width=\"160\" height=\"59\" \/><\/a><\/p>\n<p>&nbsp;<\/p>\n","protected":false},"featured_media":4256,"comment_status":"open","ping_status":"closed","template":"","meta":[],"product_brand":[],"product_cat":[203],"product_tag":[191,122,190],"class_list":{"0":"post-1294","1":"product","2":"type-product","3":"status-publish","4":"has-post-thumbnail","6":"product_cat-akcesoria-do-drabin-przeciwpozarowych","7":"product_tag-akcesoria-do-drabin","8":"product_tag-drabiny-ewakuacyjne","9":"product_tag-haki-zelazne","11":"first","12":"instock","13":"shipping-taxable","14":"purchasable","15":"product-type-simple"},"_links":{"self":[{"href":"https:\/\/isopllc.com\/pl\/wp-json\/wp\/v2\/product\/1294","targetHints":{"allow":["GET"]}}],"collection":[{"href":"https:\/\/isopllc.com\/pl\/wp-json\/wp\/v2\/product"}],"about":[{"href":"https:\/\/isopllc.com\/pl\/wp-json\/wp\/v2\/types\/product"}],"replies":[{"embeddable":true,"href":"https:\/\/isopllc.com\/pl\/wp-json\/wp\/v2\/comments?post=1294"}],"wp:featuredmedia":[{"embeddable":true,"href":"https:\/\/isopllc.com\/pl\/wp-json\/wp\/v2\/media\/4256"}],"wp:attachment":[{"href":"https:\/\/isopllc.com\/pl\/wp-json\/wp\/v2\/media?parent=1294"}],"wp:term":[{"taxonomy":"product_brand","embeddable":true,"href":"https:\/\/isopllc.com\/pl\/wp-json\/wp\/v2\/product_brand?post=1294"},{"taxonomy":"product_cat","embeddable":true,"href":"https:\/\/isopllc.com\/pl\/wp-json\/wp\/v2\/product_cat?post=1294"},{"taxonomy":"product_tag","embeddable":true,"href":"https:\/\/isopllc.com\/pl\/wp-json\/wp\/v2\/product_tag?post=1294"}],"curies":[{"name":"wp","href":"https:\/\/api.w.org\/{rel}","templated":true}]}}