{"id":1450,"date":"2020-02-05T03:15:38","date_gmt":"2020-02-05T03:15:38","guid":{"rendered":"https:\/\/rightfoodonly.com\/?post_type=product&#038;p=1450"},"modified":"2025-07-01T05:27:04","modified_gmt":"2025-07-01T05:27:04","slug":"drabinka-linowa-dla-dzieci-25-m-do-hustawki","status":"publish","type":"product","link":"https:\/\/isopllc.com\/pl\/product\/drabinka-linowa-dla-dzieci-25-m-do-hustawki\/","title":{"rendered":"Drabinka linowa dla dzieci 2,5 m do hu\u015btawki"},"content":{"rendered":"<h3><\/h3>\n<h3><img loading=\"lazy\" decoding=\"async\" class=\"alignnone size-medium\" src=\"https:\/\/m.media-amazon.com\/images\/S\/aplus-media\/sc\/b8ed94ac-c904-409e-b504-aa88009b57f7.__CR0,0,970,300_PT0_SX970_V1___.jpg\" width=\"970\" height=\"300\" alt=\"\" title=\"\"><\/h3>\n<div class=\"celwidget aplus-module module-9\" style=\"text-align: center;\" data-csa-c-id=\"8qdekw-f2p4k0-r9icce-qoj6p0\" data-cel-widget=\"aplus-module-9\">\n<div class=\"a-expander-collapsed-height a-row a-expander-container a-expander-partial-collapse-container\" data-a-expander-name=\"aplus-module-expander\" data-a-expander-collapsed-height=\"700\">\n<div class=\"a-expander-content a-expander-partial-collapse-content\">\n<div class=\"aplus-module-wrapper\">\n<div class=\"apm-spacing apm-fixed-width\">\n<h2>ISOP Drabinka linowa dla dzieci 2,5 m do hu\u015btawki z karabinkami 11KN | Plac zabaw i wspinaczka<\/h2>\n<div class=\"celwidget aplus-module module-9\" data-csa-c-id=\"8qdekw-f2p4k0-r9icce-qoj6p0\" data-cel-widget=\"aplus-module-9\">\n<div class=\"a-expander-collapsed-height a-row a-expander-container a-expander-partial-collapse-container\" aria-live=\"polite\" data-a-expander-name=\"aplus-module-expander\" data-a-expander-collapsed-height=\"700\">\n<div class=\"a-expander-content a-expander-partial-collapse-content\" aria-expanded=\"false\">\n<div class=\"aplus-module-wrapper\">\n<div class=\"apm-spacing apm-fixed-width\">\n<p>Drabina sznurowa to fantastyczny spos\u00f3b na wprowadzenie nowego elementu zabawy do przestrzeni zabaw Twojego dziecka. Drabina sznurowa do domku na drzewie to jeden ze sposob\u00f3w na zrobienie tego. Musisz wybra\u0107 najlepszy do przestrzeni na zewn\u0105trz lub domku na drzewie i zach\u0119ci\u0107 dziecko do odkrywania swojej przygody w godzinach zabawy.<\/p>\n<p>Poniewa\u017c s\u0105 one przeznaczone wy\u0142\u0105cznie do pami\u0119tania o \u015brodkach ostro\u017cno\u015bci dziecka, s\u0105 bezpieczne i niezawodne w u\u017cyciu w dowolnym momencie. W przypadku domku na drzewie jednym z wielu wa\u017cnych element\u00f3w jest drabina sznurowa. Dlatego wa\u017cne jest, aby by\u0107 wyposa\u017conym w kilka funkcji bezpiecze\u0144stwa. W ISOP drabina sznurowa do domku na drzewie ma specjalne cechy. Porozmawiajmy o tym:<\/p>\n<h3 class=\"a-spacing-small\">Dlaczego w\u0142a\u015bnie my?<\/h3>\n<p><img loading=\"lazy\" decoding=\"async\" class=\" wp-image-4547 aligncenter\" src=\"https:\/\/isopllc.com\/pl\/wp-content\/uploads\/sites\/11\/2022\/11\/reflective-rope-ladders.jpg\" alt=\"\" width=\"301\" height=\"401\" title=\"\" srcset=\"https:\/\/isopllc.com\/pl\/wp-content\/uploads\/sites\/11\/2022\/11\/reflective-rope-ladders.jpg 1080w, https:\/\/isopllc.com\/pl\/wp-content\/uploads\/sites\/11\/2022\/11\/reflective-rope-ladders-768x1024.jpg 768w, https:\/\/isopllc.com\/pl\/wp-content\/uploads\/sites\/11\/2022\/11\/reflective-rope-ladders-45x60.jpg 45w, https:\/\/isopllc.com\/pl\/wp-content\/uploads\/sites\/11\/2022\/11\/reflective-rope-ladders-68x90.jpg 68w, https:\/\/isopllc.com\/pl\/wp-content\/uploads\/sites\/11\/2022\/11\/reflective-rope-ladders-750x1000.jpg 750w, https:\/\/isopllc.com\/pl\/wp-content\/uploads\/sites\/11\/2022\/11\/reflective-rope-ladders-416x555.jpg 416w\" sizes=\"auto, (max-width: 301px) 100vw, 301px\" \/><\/p>\n<h4>Opatentowana technologia odblaskowa<\/h4>\n<p>Ta drabina zosta\u0142a zaprojektowana z my\u015bl\u0105 o wygodzie i dost\u0119pno\u015bci.<\/p>\n<p>Specjalny pasek odblaskowy wpleciony w te nylonowe liny sprawia, \u017ce jest dobrze widoczny w wi\u0105zce latarki, dzi\u0119ki czemu nie potkniesz si\u0119 o niego w nocy.<\/p>\n<p><img decoding=\"async\" class=\"a-spacing-mini aligncenter\" title=\"Drabinka linowa dla dzieci do hu\u015btawki 8 st\u00f3p \/ 2,5 m do hu\u015btawki 2\" src=\"https:\/\/m.media-amazon.com\/images\/S\/aplus-media\/sc\/1d1c9f11-8b81-43e1-b2d9-232d2a154745.__CR0,193,641,641_PT0_SX300_V1___.jpg\" alt=\"Silny\" data-src=\"https:\/\/m.media-amazon.com\/images\/S\/aplus-media\/sc\/1d1c9f11-8b81-43e1-b2d9-232d2a154745.__CR0,193,641,641_PT0_SX300_V1___.jpg\" data-=\"\" \/><\/p>\n<h4 class=\"a-spacing-mini\">ULTRA pot\u0119\u017cny<\/h4>\n<p>nie ma mocniejszych i bardziej niezawodnych drabin od naszych,\u00a0\u00a0<span class=\"a-text-bold\">sprawdzonych (!)\u00a0<\/span>\u00a0&#8211; przenosz\u0105cych 2500 funt\u00f3w lub 10 os\u00f3b!\u00a0Takim obci\u0105\u017ceniem nie mog\u0105 pochwali\u0107 si\u0119 nawet drabiny \u0142a\u0144cuchowe.<\/p>\n<p><img decoding=\"async\" class=\"a-spacing-mini aligncenter\" title=\"Drabinka linowa dla dzieci do hu\u015btawki 8 st\u00f3p \/ 2,5 m do hu\u015btawki 3\" src=\"https:\/\/m.media-amazon.com\/images\/S\/aplus-media\/sc\/66906d66-df90-4038-8550-d72faf80c38f.__CR0,0,1200,1200_PT0_SX300_V1___.jpg\" alt=\"Wielofunkcyjno\u015b\u0107\" data-src=\"https:\/\/m.media-amazon.com\/images\/S\/aplus-media\/sc\/66906d66-df90-4038-8550-d72faf80c38f.__CR0,0,1200,1200_PT0_SX300_V1___.jpg\" data-=\"\" \/><\/p>\n<h4 class=\"a-spacing-mini\">Wielofunkcyjno\u015b\u0107<\/h4>\n<p>mo\u017ce by\u0107 u\u017cywany do r\u00f3\u017cnych cel\u00f3w, takich jak plac zabaw, hu\u015btawki, domek na drzewie, strych, ogr\u00f3d, dach, strych, bunkier, do cel\u00f3w morskich, a nawet dekoracyjnych, a tak\u017ce jako drabina przeciwpo\u017carowa.\u00a0Niesko\u0144czona r\u00f3\u017cnorodno\u015b\u0107 opcji u\u017cytkowania.<\/p>\n<p><img decoding=\"async\" class=\"a-spacing-mini aligncenter\" title=\"Drabinka linowa dla dzieci do hu\u015btawki 8 st\u00f3p \/ 2,5 m do hu\u015btawki 4\" src=\"https:\/\/m.media-amazon.com\/images\/S\/aplus-media\/sc\/a53251f8-492d-40f3-a9db-2bdd1415646f.__CR1018,0,1260,1260_PT0_SX300_V1___.png\" alt=\"antypo\u015blizgowe\" data-src=\"https:\/\/m.media-amazon.com\/images\/S\/aplus-media\/sc\/a53251f8-492d-40f3-a9db-2bdd1415646f.__CR1018,0,1260,1260_PT0_SX300_V1___.png\" data-=\"\" \/><\/p>\n<h4 class=\"a-spacing-mini\">Szczeble antypo\u015blizgowe<\/h4>\n<p>szczeble maj\u0105 kszta\u0142t o\u015bmiok\u0105ta, dzi\u0119ki czemu s\u0105 niezawodne i nie \u015bliskie.<\/p>\n<p><img decoding=\"async\" class=\"aligncenter\" title=\"Drabinka linowa dla dzieci do hu\u015btawki 2,5 m do hu\u015btawki 5\" src=\"https:\/\/m.media-amazon.com\/images\/S\/aplus-media\/sc\/2b5aeb68-441e-435d-b89c-5d2faf4eb063.__CR0,0,1000,1000_PT0_SX220_V1___.jpg\" alt=\"Przeno\u015bny\" data-src=\"https:\/\/m.media-amazon.com\/images\/S\/aplus-media\/sc\/2b5aeb68-441e-435d-b89c-5d2faf4eb063.__CR0,0,1000,1000_PT0_SX220_V1___.jpg\" data-=\"\" \/><\/p>\n<\/div>\n<div>\n<h4 class=\"a-spacing-mini\">Przeno\u015bny<\/h4>\n<p class=\"a-size-small\">Zawiera pude\u0142ko upominkowe w kolorze naturalnego drewna i \u0142adnie zaprojektowan\u0105 czarn\u0105 torb\u0119.<\/p>\n<p><img decoding=\"async\" class=\"aligncenter\" title=\"Drabinka linowa dla dzieci do hu\u015btawki 8 st\u00f3p \/ 2,5 m do hu\u015btawki 6\" src=\"https:\/\/m.media-amazon.com\/images\/S\/aplus-media\/sc\/f2e8fc4d-adcb-4ad8-87e7-2d18df74811d.__CR0,13,974,974_PT0_SX220_V1___.jpg\" alt=\"Lekki\" data-src=\"https:\/\/m.media-amazon.com\/images\/S\/aplus-media\/sc\/f2e8fc4d-adcb-4ad8-87e7-2d18df74811d.__CR0,13,974,974_PT0_SX220_V1___.jpg\" data-=\"\" \/><\/p>\n<\/div>\n<\/div>\n<\/div>\n<div>\n<h4 class=\"a-spacing-mini\">Lekki<\/h4>\n<p class=\"a-size-small\">na przyk\u0142ad 8 st\u00f3p wa\u017cy tylko 4 funty<\/p>\n<p><img decoding=\"async\" class=\"aligncenter\" title=\"Drabinka linowa dla dzieci do hu\u015btawki 8 st\u00f3p \/ 2,5 m do hu\u015btawki 7\" src=\"https:\/\/m.media-amazon.com\/images\/S\/aplus-media\/sc\/0552c400-f2fc-46a1-84a9-d5030a1ca8e2.__CR0,0,1000,1000_PT0_SX220_V1___.jpg\" alt=\"Odporny na warunki atmosferyczne\" data-src=\"https:\/\/m.media-amazon.com\/images\/S\/aplus-media\/sc\/0552c400-f2fc-46a1-84a9-d5030a1ca8e2.__CR0,0,1000,1000_PT0_SX220_V1___.jpg\" data-=\"\" \/><\/p>\n<h4 class=\"a-spacing-mini\">Odporny na warunki atmosferyczne<\/h4>\n<p class=\"a-size-small\">prawie nigdy nie starzej\u0105 si\u0119 drabiny na ka\u017cd\u0105 pogod\u0119, nie mog\u0105 zosta\u0107 uszkodzone w deszczu.<\/p>\n<p><img decoding=\"async\" class=\"aligncenter\" title=\"Drabinka linowa dla dzieci do hu\u015btawki 8 st\u00f3p \/ 2,5 m do hu\u015btawki 8\" src=\"https:\/\/m.media-amazon.com\/images\/S\/aplus-media\/sc\/14916db8-10a6-4760-8535-f49470d709ad.__CR11,0,1189,1189_PT0_SX220_V1___.jpg\" alt=\"Karabinki o du\u017cej wytrzyma\u0142o\u015bci\" data-src=\"https:\/\/m.media-amazon.com\/images\/S\/aplus-media\/sc\/14916db8-10a6-4760-8535-f49470d709ad.__CR11,0,1189,1189_PT0_SX220_V1___.jpg\" data-=\"\" \/><\/p>\n<h4 class=\"a-spacing-mini\">Karabinki o du\u017cej wytrzyma\u0142o\u015bci<\/h4>\n<p class=\"a-size-small\">drabinki wyposa\u017cone s\u0105 w chromowane karabi\u0144czyki o wytrzyma\u0142o\u015bci na zerwanie 11KN<\/p>\n<\/div>\n<\/div>\n<\/div>\n<div class=\"celwidget aplus-module module-4\" data-csa-c-id=\"r0jyvc-byof08-6y9606-vmksqx\" data-cel-widget=\"aplus-module-4\">\n<div class=\"a-expander-collapsed-height a-row a-expander-container a-expander-partial-collapse-container\" aria-live=\"polite\" data-a-expander-name=\"aplus-module-expander\" data-a-expander-collapsed-height=\"700\">\n<div class=\"a-expander-content a-expander-partial-collapse-content\" aria-expanded=\"false\">\n<div>\n<p><img decoding=\"async\" class=\"a-spacing-mini aligncenter\" title=\"Drabinka linowa dla dzieci do hu\u015btawki 8 st\u00f3p \/ 2,5 m do hu\u015btawki 9\" src=\"https:\/\/m.media-amazon.com\/images\/S\/aplus-media\/sc\/d843778e-92b5-40e7-a239-8e35fcbadff6.__CR0,0,2000,2000_PT0_SX300_V1___.jpg\" alt=\"R\u00f3\u017cna d\u0142ugo\u015b\u0107\" data-src=\"https:\/\/m.media-amazon.com\/images\/S\/aplus-media\/sc\/d843778e-92b5-40e7-a239-8e35fcbadff6.__CR0,0,2000,2000_PT0_SX300_V1___.jpg\" data-=\"\" \/><\/p>\n<h4 class=\"a-spacing-mini\">R\u00f3\u017cna d\u0142ugo\u015b\u0107<\/h4>\n<p>dost\u0119pne 8\/13\/16\/25 \/ 32ft dla dom\u00f3w 1-4 pi\u0119trowych.<\/p>\n<p><img decoding=\"async\" class=\"a-spacing-mini aligncenter\" title=\"Drabinka linowa dla dzieci do hu\u015btawki 8 st\u00f3p \/ 2,5 m do hu\u015btawki 10\" src=\"https:\/\/m.media-amazon.com\/images\/S\/aplus-media\/sc\/b32fbb7f-dd3b-4bce-a9d4-1f51dbe477df.__CR0,0,1000,1000_PT0_SX300_V1___.jpg\" alt=\"wielokrotnego u\u017cytku\" data-src=\"https:\/\/m.media-amazon.com\/images\/S\/aplus-media\/sc\/b32fbb7f-dd3b-4bce-a9d4-1f51dbe477df.__CR0,0,1000,1000_PT0_SX300_V1___.jpg\" data-=\"\" \/><\/p>\n<h4 class=\"a-spacing-mini\">Wielokrotnego u\u017cytku<\/h4>\n<p>w przeciwie\u0144stwie do innych drabin aluminiowych nasze drabiny linowe s\u0105 wielokrotnego u\u017cytku.<\/p>\n<div class=\"apm-sidemodule-imageleft\">\n<div class=\"apm-sidemodule-imageleft\"><img decoding=\"async\" class=\"aligncenter\" title=\"Drabinka linowa dla dzieci do hu\u015btawki 8 st\u00f3p \/ 2,5 m do hu\u015btawki 11\" src=\"https:\/\/m.media-amazon.com\/images\/S\/aplus-media\/sc\/7c7570fe-6600-49ef-9540-55b6a874c8a7.__CR0,0,1280,1280_PT0_SX300_V1___.jpg\" alt=\"NAJLEPSZE\" data-src=\"https:\/\/m.media-amazon.com\/images\/S\/aplus-media\/sc\/7c7570fe-6600-49ef-9540-55b6a874c8a7.__CR0,0,1280,1280_PT0_SX300_V1___.jpg\" data-=\"\" \/><\/div>\n<div class=\"apm-sidemodule-textright\"><\/div>\n<\/div>\n<div class=\"apm-sidemodule-textright\">\n<h2 class=\"a-spacing-mini\">NAJLEPSZE<\/h2>\n<p>Istniej\u0105 inne oferty drabin linowych, kt\u00f3re wygl\u0105daj\u0105 podobnie do naszej.\u00a0ALE (!) Nie wplataj\u0105 wystarczaj\u0105cej ilo\u015bci nitek w liny i oszcz\u0119dzaj\u0105 na tym, st\u0105d liny s\u0105 niewystarczaj\u0105co g\u0119ste lub napi\u0119te, dlatego nie s\u0105 niezawodne.<\/p>\n<\/div>\n<h3 class=\"a-spacing-mini\">Przygotuj si\u0119 na najbardziej orze\u017awiaj\u0105c\u0105 przygod\u0119!<\/h3>\n<h4 class=\"a-spacing-mini a-color-secondary a-text-italic\">Przedstawiamy najlepsz\u0105 drabink\u0119 linow\u0105 do hu\u015btawki, stworzon\u0105 przez ISOP<\/h4>\n<p class=\"a-spacing-base\">Chcesz uzupe\u0142ni\u0107 sw\u00f3j plac zabaw lub pude\u0142ko z akcesoriami do domku na drzewie o fascynuj\u0105c\u0105 zabawk\u0119?<\/p>\n<p class=\"a-spacing-base\">Czy chcia\u0142by\u015b zafundowa\u0107 swoim dzieciom nieko\u0144cz\u0105ce si\u0119 godziny wspinaczki na \u015bwie\u017cym powietrzu lub w pomieszczeniach?<\/p>\n<p class=\"a-spacing-base\">A co powiesz na wielofunkcyjn\u0105 drabink\u0119 linow\u0105, kt\u00f3ra mo\u017ce r\u00f3wnie\u017c uratowa\u0107 \u017cycie w nag\u0142ych wypadkach?<\/p>\n<p class=\"a-spacing-base\">Zachwy\u0107 swoje dzieci wci\u0105gaj\u0105c\u0105 drabink\u0105 wspinaczkow\u0105 i pom\u00f3\u017c im maksymalnie wykorzysta\u0107 zabaw\u0119!<\/p>\n<p class=\"a-spacing-base\"><strong><span class=\"a-text-bold\">3 r\u00f3\u017cne rozmiary dla wszystkich Twoich potrzeb<\/span><\/strong><\/p>\n<p class=\"a-spacing-base\">W przeciwie\u0144stwie do sprzedawc\u00f3w podobnych produkt\u00f3w oferujemy 3 r\u00f3\u017cne rozmiary drabin linowych.\u00a0Wybierz sw\u00f3j.<\/p>\n<div class=\"amp-centerthirdcol-listbox\">\n<div class=\"a-box a-spacing-small a-color-alternate-background apm-listbox amp-centerthirdcol-listbox\">\n<div class=\"a-box-inner\">\n<ul class=\"a-unordered-list a-vertical\">\n<li><span class=\"a-list-item\"><span class=\"a-size-base\">\u015awietnie nadaje si\u0119 do zawieszenia na ga\u0142\u0119zi drzewa, \u0142\u00f3\u017cku pi\u0119trowym lub domku na drzewie, to zabawka, kt\u00f3r\u0105 ma\u0142e dzieci nigdy si\u0119 nie nudz\u0105.\u00a0Pozw\u00f3l im w pe\u0142ni cieszy\u0107 si\u0119 podczas wakacji, weekendowego wypadu czy weso\u0142ej zabawy w domu.<\/span><\/span><\/li>\n<li><span class=\"a-list-item\"><span class=\"a-size-base\">Killer 2500 &#8211; wytrzyma\u0142o\u015b\u0107 na zerwanie funta<\/span><\/span><\/li>\n<li><span class=\"a-list-item\"><span class=\"a-size-base\">Trwa\u0142e i stworzone na d\u0142ugie lata<\/span><\/span><\/li>\n<\/ul>\n<h3 class=\"a-color-secondary\">Wiemy, \u017ce bezpiecze\u0144stwo Twojej rodziny jest Twoim najwy\u017cszym priorytetem<\/h3>\n<p class=\"a-spacing-small a-size-small a-color-secondary\">Zrobili\u015bmy nasz\u0105 drabin\u0119 linow\u0105 z najmocniejszej liny nylonowej, wzmocnionej \u017cywic\u0105 i wyposa\u017conej w EKSTRA mocne karabi\u0144czyki 11KN, aby uczyni\u0107 Twoj\u0105 godn\u0105 zaufania drabin\u0119 ewakuacyjn\u0105 w przypadku po\u017caru.<\/p>\n<p class=\"a-spacing-small a-size-small a-color-secondary\">Zawie\u015b go za oknem i pom\u00f3\u017c swojej rodzinie bezpiecznie zej\u015b\u0107 na ziemi\u0119!<\/p>\n<\/div>\n<\/div>\n<\/div>\n<\/div>\n<\/div>\n<\/div>\n<\/div>\n<\/div>\n<\/div>\n<\/div>\n<\/div>\n<\/div>\n","protected":false},"excerpt":{"rendered":"[embed]https:\/\/youtu.be\/k6s8J3uwu8s[\/embed]\n<p class=\"mceTemp\" style=\"text-align: center;\">Wisz\u0105ca lina wspinaczkowa dla dzieci i doros\u0142ych &#8211; wytrzyma\u0142a i lekka na poddasze &#8211; dach lub domek na drzewie<\/p>\n<p style=\"text-align: center;\">DARMOWA DOSTAWA W CI\u0104GU 3-7 DNI<\/p>\n<h4 style=\"text-align: center;\"><strong>KUP ON<\/strong><\/h4>\n<p><a href=\"https:\/\/www.amazon.pl\/dp\/B07PLJGTVQ?ref=myi_title_dp\"><img loading=\"lazy\" decoding=\"async\" class=\"aligncenter wp-image-1040 size-full\" src=\"https:\/\/isopllc.com\/pl\/wp-content\/uploads\/sites\/11\/2020\/01\/amazon-button9.png\" alt=\"\" width=\"160\" height=\"59\" \/><\/a><\/p>\n<p>&nbsp;<\/p>\n","protected":false},"featured_media":4736,"comment_status":"open","ping_status":"closed","template":"","meta":[],"product_brand":[],"product_cat":[204,209],"product_tag":[181,178,179,180],"class_list":{"0":"post-1450","1":"product","2":"type-product","3":"status-publish","4":"has-post-thumbnail","6":"product_cat-drabiny-linowe-dla-dzieci","7":"product_cat-drabiny-linowe-ewakuacyjne-przeciwpozarowe","8":"product_tag-akcesoria-dla-dzieci","9":"product_tag-drabinka-linowa","10":"product_tag-dziecieca-drabinka","11":"product_tag-hustawka","13":"first","14":"instock","15":"shipping-taxable","16":"purchasable","17":"product-type-simple"},"_links":{"self":[{"href":"https:\/\/isopllc.com\/pl\/wp-json\/wp\/v2\/product\/1450","targetHints":{"allow":["GET"]}}],"collection":[{"href":"https:\/\/isopllc.com\/pl\/wp-json\/wp\/v2\/product"}],"about":[{"href":"https:\/\/isopllc.com\/pl\/wp-json\/wp\/v2\/types\/product"}],"replies":[{"embeddable":true,"href":"https:\/\/isopllc.com\/pl\/wp-json\/wp\/v2\/comments?post=1450"}],"wp:featuredmedia":[{"embeddable":true,"href":"https:\/\/isopllc.com\/pl\/wp-json\/wp\/v2\/media\/4736"}],"wp:attachment":[{"href":"https:\/\/isopllc.com\/pl\/wp-json\/wp\/v2\/media?parent=1450"}],"wp:term":[{"taxonomy":"product_brand","embeddable":true,"href":"https:\/\/isopllc.com\/pl\/wp-json\/wp\/v2\/product_brand?post=1450"},{"taxonomy":"product_cat","embeddable":true,"href":"https:\/\/isopllc.com\/pl\/wp-json\/wp\/v2\/product_cat?post=1450"},{"taxonomy":"product_tag","embeddable":true,"href":"https:\/\/isopllc.com\/pl\/wp-json\/wp\/v2\/product_tag?post=1450"}],"curies":[{"name":"wp","href":"https:\/\/api.w.org\/{rel}","templated":true}]}}