{"id":1485,"date":"2020-02-06T03:02:39","date_gmt":"2020-02-06T03:02:39","guid":{"rendered":"https:\/\/rightfoodonly.com\/?post_type=product&#038;p=1485"},"modified":"2025-07-01T05:26:53","modified_gmt":"2025-07-01T05:26:53","slug":"drabina-linowa-do-domow-5-m","status":"publish","type":"product","link":"https:\/\/isopllc.com\/pl\/product\/drabina-linowa-do-domow-5-m\/","title":{"rendered":"Drabina linowa do dom\u00f3w 5 m"},"content":{"rendered":"<h3><\/h3>\n<h3><img loading=\"lazy\" decoding=\"async\" class=\"alignnone size-medium\" src=\"https:\/\/m.media-amazon.com\/images\/S\/aplus-media\/sc\/b8ed94ac-c904-409e-b504-aa88009b57f7.__CR0,0,970,300_PT0_SX970_V1___.jpg\" width=\"970\" height=\"300\" alt=\"\" title=\"\"><\/h3>\n<div class=\"celwidget aplus-module module-9\" style=\"text-align: center;\" data-csa-c-id=\"8qdekw-f2p4k0-r9icce-qoj6p0\" data-cel-widget=\"aplus-module-9\">\n<div class=\"a-expander-collapsed-height a-row a-expander-container a-expander-partial-collapse-container\" aria-live=\"polite\" data-a-expander-name=\"aplus-module-expander\" data-a-expander-collapsed-height=\"700\">\n<div class=\"a-expander-content a-expander-partial-collapse-content\" aria-expanded=\"false\">\n<div class=\"aplus-module-wrapper\">\n<div class=\"apm-spacing apm-fixed-width\">\n<h2><span style=\"vertical-align: inherit;\">Drabina linowa ISOP do domku na drzewie 5 m z karabinkami 11KN Plac zabaw i wspinaczka<\/span><\/h2>\n<p>Drabina sznurowa to fantastyczny spos\u00f3b na wprowadzenie nowego elementu zabawy do przestrzeni zabaw Twojego dziecka. Drabina sznurowa do domku na drzewie to jeden ze sposob\u00f3w na zrobienie tego. Musisz wybra\u0107 najlepszy do przestrzeni na zewn\u0105trz lub domku na drzewie i zach\u0119ci\u0107 dziecko do odkrywania swojej przygody w godzinach zabawy.<\/p>\n<p>Poniewa\u017c s\u0105 one przeznaczone wy\u0142\u0105cznie do pami\u0119tania o \u015brodkach ostro\u017cno\u015bci dziecka, s\u0105 bezpieczne i niezawodne w u\u017cyciu w dowolnym momencie. W przypadku domku na drzewie jednym z wielu wa\u017cnych element\u00f3w jest drabina sznurowa. Dlatego wa\u017cne jest, aby by\u0107 wyposa\u017conym w kilka funkcji bezpiecze\u0144stwa. W ISOP drabina sznurowa do domku na drzewie ma specjalne cechy. Porozmawiajmy o tym:<\/p>\n<h3 class=\"a-spacing-small\"><span style=\"vertical-align: inherit;\">Dlaczego w\u0142a\u015bnie my?<\/span><\/h3>\n<p><img loading=\"lazy\" decoding=\"async\" class=\" wp-image-4547 aligncenter\" src=\"https:\/\/isopllc.com\/pl\/wp-content\/uploads\/sites\/11\/2022\/11\/reflective-rope-ladders.jpg\" alt=\"\" width=\"294\" height=\"392\" title=\"\" srcset=\"https:\/\/isopllc.com\/pl\/wp-content\/uploads\/sites\/11\/2022\/11\/reflective-rope-ladders.jpg 1080w, https:\/\/isopllc.com\/pl\/wp-content\/uploads\/sites\/11\/2022\/11\/reflective-rope-ladders-768x1024.jpg 768w, https:\/\/isopllc.com\/pl\/wp-content\/uploads\/sites\/11\/2022\/11\/reflective-rope-ladders-45x60.jpg 45w, https:\/\/isopllc.com\/pl\/wp-content\/uploads\/sites\/11\/2022\/11\/reflective-rope-ladders-68x90.jpg 68w, https:\/\/isopllc.com\/pl\/wp-content\/uploads\/sites\/11\/2022\/11\/reflective-rope-ladders-750x1000.jpg 750w, https:\/\/isopllc.com\/pl\/wp-content\/uploads\/sites\/11\/2022\/11\/reflective-rope-ladders-416x555.jpg 416w\" sizes=\"auto, (max-width: 294px) 100vw, 294px\" \/><\/p>\n<h4>Opatentowana technologia odblaskowa<\/h4>\n<p>Ta drabina zosta\u0142a zaprojektowana z my\u015bl\u0105 o wygodzie i dost\u0119pno\u015bci.<\/p>\n<p>Specjalny pasek odblaskowy wpleciony w te nylonowe liny sprawia, \u017ce jest dobrze widoczny w wi\u0105zce latarki, dzi\u0119ki czemu nie potkniesz si\u0119 o niego w nocy.<\/p>\n<p><img decoding=\"async\" class=\"a-spacing-mini aligncenter\" style=\"font-weight: 600;\" src=\"https:\/\/m.media-amazon.com\/images\/S\/aplus-media\/sc\/1d1c9f11-8b81-43e1-b2d9-232d2a154745.__CR0,193,641,641_PT0_SX300_V1___.jpg\" alt=\"Silny\" data-src=\"https:\/\/m.media-amazon.com\/images\/S\/aplus-media\/sc\/1d1c9f11-8b81-43e1-b2d9-232d2a154745.__CR0,193,641,641_PT0_SX300_V1___.jpg\" data- title=\"\"><\/p>\n<h4 class=\"a-spacing-mini\"><span style=\"vertical-align: inherit;\">ULTRA pot\u0119\u017cny<\/span><\/h4>\n<p><span style=\"vertical-align: inherit;\">nie ma mocniejszych i bardziej niezawodnych drabin od naszych,\u00a0 <\/span><span class=\"a-text-bold\"><span style=\"vertical-align: inherit;\">sprawdzonych (!)\u00a0<\/span><\/span><span style=\"vertical-align: inherit;\"> &#8211; przenosz\u0105cych 2500 funt\u00f3w lub 10 os\u00f3b! Takim ud\u017awigiem nie mog\u0105 pochwali\u0107 si\u0119 nawet drabiny \u0142a\u0144cuchowe.<\/span><\/p>\n<p><img decoding=\"async\" class=\"a-spacing-mini aligncenter\" src=\"https:\/\/m.media-amazon.com\/images\/S\/aplus-media\/sc\/66906d66-df90-4038-8550-d72faf80c38f.__CR0,0,1200,1200_PT0_SX300_V1___.jpg\" alt=\"Wielofunkcyjno\u015b\u0107\" data-src=\"https:\/\/m.media-amazon.com\/images\/S\/aplus-media\/sc\/66906d66-df90-4038-8550-d72faf80c38f.__CR0,0,1200,1200_PT0_SX300_V1___.jpg\" data- title=\"\"><\/p>\n<h4 class=\"a-spacing-mini\"><span style=\"vertical-align: inherit;\">Wielofunkcyjno\u015b\u0107<\/span><\/h4>\n<p><span style=\"vertical-align: inherit;\">mo\u017ce by\u0107 u\u017cywany do r\u00f3\u017cnych cel\u00f3w, takich jak plac zabaw, hu\u015btawki, domek na drzewie, strych, ogr\u00f3d, dach, strych, bunkier, do cel\u00f3w morskich, a nawet dekoracyjnych, a tak\u017ce jako drabina przeciwpo\u017carowa. Niesko\u0144czona r\u00f3\u017cnorodno\u015b\u0107 opcji u\u017cytkowania.<\/span><\/p>\n<p><img decoding=\"async\" class=\"a-spacing-mini aligncenter\" src=\"https:\/\/m.media-amazon.com\/images\/S\/aplus-media\/sc\/a53251f8-492d-40f3-a9db-2bdd1415646f.__CR1018,0,1260,1260_PT0_SX300_V1___.png\" alt=\"antypo\u015blizgowe\" data-src=\"https:\/\/m.media-amazon.com\/images\/S\/aplus-media\/sc\/a53251f8-492d-40f3-a9db-2bdd1415646f.__CR1018,0,1260,1260_PT0_SX300_V1___.png\" data- title=\"\"><\/p>\n<h4 class=\"a-spacing-mini\"><span style=\"vertical-align: inherit;\">Szczeble antypo\u015blizgowe<\/span><\/h4>\n<p><span style=\"vertical-align: inherit;\">szczeble maj\u0105 kszta\u0142t o\u015bmiok\u0105ta, dzi\u0119ki czemu s\u0105 niezawodne i nie \u015bliskie.<\/span><\/p>\n<p><img decoding=\"async\" class=\"aligncenter\" src=\"https:\/\/m.media-amazon.com\/images\/S\/aplus-media\/sc\/2b5aeb68-441e-435d-b89c-5d2faf4eb063.__CR0,0,1000,1000_PT0_SX220_V1___.jpg\" alt=\"Przeno\u015bny\" data-src=\"https:\/\/m.media-amazon.com\/images\/S\/aplus-media\/sc\/2b5aeb68-441e-435d-b89c-5d2faf4eb063.__CR0,0,1000,1000_PT0_SX220_V1___.jpg\" data- title=\"\"><\/p>\n<\/div>\n<div>\n<h4 class=\"a-spacing-mini\"><span style=\"vertical-align: inherit;\">Przeno\u015bny<\/span><\/h4>\n<p class=\"a-size-small\"><span style=\"vertical-align: inherit;\">Zawiera pude\u0142ko upominkowe w kolorze naturalnego drewna i \u0142adnie zaprojektowan\u0105 czarn\u0105 torb\u0119.<\/span><\/p>\n<p><img decoding=\"async\" class=\"aligncenter\" src=\"https:\/\/m.media-amazon.com\/images\/S\/aplus-media\/sc\/f2e8fc4d-adcb-4ad8-87e7-2d18df74811d.__CR0,13,974,974_PT0_SX220_V1___.jpg\" alt=\"Lekki\" data-src=\"https:\/\/m.media-amazon.com\/images\/S\/aplus-media\/sc\/f2e8fc4d-adcb-4ad8-87e7-2d18df74811d.__CR0,13,974,974_PT0_SX220_V1___.jpg\" data- title=\"\"><\/p>\n<\/div>\n<\/div>\n<\/div>\n<div>\n<h4 class=\"a-spacing-mini\"><span style=\"vertical-align: inherit;\">Lekki<\/span><\/h4>\n<p class=\"a-size-small\"><span style=\"vertical-align: inherit;\">na przyk\u0142ad 8 st\u00f3p wa\u017cy tylko 4 funty<\/span><\/p>\n<p><img decoding=\"async\" class=\"aligncenter\" src=\"https:\/\/m.media-amazon.com\/images\/S\/aplus-media\/sc\/0552c400-f2fc-46a1-84a9-d5030a1ca8e2.__CR0,0,1000,1000_PT0_SX220_V1___.jpg\" alt=\"Odporny na warunki atmosferyczne\" data-src=\"https:\/\/m.media-amazon.com\/images\/S\/aplus-media\/sc\/0552c400-f2fc-46a1-84a9-d5030a1ca8e2.__CR0,0,1000,1000_PT0_SX220_V1___.jpg\" data- title=\"\"><\/p>\n<h4 class=\"a-spacing-mini\"><span style=\"vertical-align: inherit;\">Odporny na warunki atmosferyczne<\/span><\/h4>\n<p class=\"a-size-small\"><span style=\"vertical-align: inherit;\">prawie nigdy nie starzej\u0105 si\u0119 drabiny na ka\u017cd\u0105 pogod\u0119, nie mog\u0105 zosta\u0107 uszkodzone w deszczu.<\/span><\/p>\n<p><img decoding=\"async\" class=\"aligncenter\" src=\"https:\/\/m.media-amazon.com\/images\/S\/aplus-media\/sc\/14916db8-10a6-4760-8535-f49470d709ad.__CR11,0,1189,1189_PT0_SX220_V1___.jpg\" alt=\"Karabinki o du\u017cej wytrzyma\u0142o\u015bci\" data-src=\"https:\/\/m.media-amazon.com\/images\/S\/aplus-media\/sc\/14916db8-10a6-4760-8535-f49470d709ad.__CR11,0,1189,1189_PT0_SX220_V1___.jpg\" data- title=\"\"><\/p>\n<h4 class=\"a-spacing-mini\"><span style=\"vertical-align: inherit;\">Karabinki o du\u017cej wytrzyma\u0142o\u015bci<\/span><\/h4>\n<p class=\"a-size-small\"><span style=\"vertical-align: inherit;\">drabinki wyposa\u017cone s\u0105 w chromowane karabi\u0144czyki o wytrzyma\u0142o\u015bci na zerwanie 11KN<\/span><\/p>\n<\/div>\n<\/div>\n<\/div>\n<div class=\"celwidget aplus-module module-4\" style=\"text-align: center;\" data-csa-c-id=\"r0jyvc-byof08-6y9606-vmksqx\" data-cel-widget=\"aplus-module-4\">\n<div class=\"a-expander-collapsed-height a-row a-expander-container a-expander-partial-collapse-container\" aria-live=\"polite\" data-a-expander-name=\"aplus-module-expander\" data-a-expander-collapsed-height=\"700\">\n<div class=\"a-expander-content a-expander-partial-collapse-content\" aria-expanded=\"false\">\n<div>\n<p><img decoding=\"async\" class=\"a-spacing-mini aligncenter\" src=\"https:\/\/m.media-amazon.com\/images\/S\/aplus-media\/sc\/d843778e-92b5-40e7-a239-8e35fcbadff6.__CR0,0,2000,2000_PT0_SX300_V1___.jpg\" alt=\"R\u00f3\u017cna d\u0142ugo\u015b\u0107\" data-src=\"https:\/\/m.media-amazon.com\/images\/S\/aplus-media\/sc\/d843778e-92b5-40e7-a239-8e35fcbadff6.__CR0,0,2000,2000_PT0_SX300_V1___.jpg\" data- title=\"\"><\/p>\n<h4 class=\"a-spacing-mini\"><span style=\"vertical-align: inherit;\">R\u00f3\u017cna d\u0142ugo\u015b\u0107<\/span><\/h4>\n<p><span style=\"vertical-align: inherit;\">dost\u0119pne 8\/13\/16\/25 \/ 32ft dla dom\u00f3w 1-4 pi\u0119trowych.<\/span><\/p>\n<p><img decoding=\"async\" class=\"a-spacing-mini aligncenter\" src=\"https:\/\/m.media-amazon.com\/images\/S\/aplus-media\/sc\/b32fbb7f-dd3b-4bce-a9d4-1f51dbe477df.__CR0,0,1000,1000_PT0_SX300_V1___.jpg\" alt=\"wielokrotnego u\u017cytku\" data-src=\"https:\/\/m.media-amazon.com\/images\/S\/aplus-media\/sc\/b32fbb7f-dd3b-4bce-a9d4-1f51dbe477df.__CR0,0,1000,1000_PT0_SX300_V1___.jpg\" data- title=\"\"><\/p>\n<h4 class=\"a-spacing-mini\"><span style=\"vertical-align: inherit;\">Wielokrotnego u\u017cytku<\/span><\/h4>\n<p><span style=\"vertical-align: inherit;\">w przeciwie\u0144stwie do innych drabin aluminiowych nasze drabiny linowe s\u0105 wielokrotnego u\u017cytku.<\/span><\/p>\n<div class=\"apm-sidemodule-imageleft\">\n<div class=\"apm-sidemodule-imageleft\"><img decoding=\"async\" class=\"aligncenter\" src=\"https:\/\/m.media-amazon.com\/images\/S\/aplus-media\/sc\/7c7570fe-6600-49ef-9540-55b6a874c8a7.__CR0,0,1280,1280_PT0_SX300_V1___.jpg\" alt=\"NAJLEPSZE\" data-src=\"https:\/\/m.media-amazon.com\/images\/S\/aplus-media\/sc\/7c7570fe-6600-49ef-9540-55b6a874c8a7.__CR0,0,1280,1280_PT0_SX300_V1___.jpg\" data- title=\"\"><\/div>\n<div class=\"apm-sidemodule-textright\"><\/div>\n<\/div>\n<div class=\"apm-sidemodule-textright\">\n<h2 class=\"a-spacing-mini\"><span style=\"vertical-align: inherit;\">NAJLEPSZE<\/span><\/h2>\n<p><span style=\"vertical-align: inherit;\">Istniej\u0105 inne oferty drabin linowych, kt\u00f3re wygl\u0105daj\u0105 podobnie do naszej. ALE (!) Nie wplataj\u0105 wystarczaj\u0105cej ilo\u015bci nitek w liny i oszcz\u0119dzaj\u0105 na tym, st\u0105d liny s\u0105 niewystarczaj\u0105co g\u0119ste lub napi\u0119te, dlatego nie s\u0105 niezawodne.<\/span><\/p>\n<h3 class=\"a-spacing-mini\"><span style=\"vertical-align: inherit;\">Przygotuj si\u0119 na najbardziej orze\u017awiaj\u0105c\u0105 przygod\u0119!<\/span><\/h3>\n<h4 class=\"a-spacing-mini a-color-secondary a-text-italic\"><span style=\"vertical-align: inherit;\">Przedstawiamy najlepsz\u0105 drabin\u0119 wspinaczkow\u0105 dla domku na drzewie, stworzon\u0105 przez ISOP<\/span><\/h4>\n<p class=\"a-spacing-base\"><span style=\"vertical-align: inherit;\">Nasza wielofunkcyjna drabina linowa jest wszechstronna i mo\u017ce by\u0107 u\u017cywana w szerokim zakresie zabawnych zaj\u0119\u0107, w tym do wieszania, hu\u015btania si\u0119 lub wspinania si\u0119 po domku na drzewie.<\/span><\/p>\n<p class=\"a-spacing-base\"><span style=\"vertical-align: inherit;\">Wykonany z najwy\u017cszej jako\u015bci materia\u0142\u00f3w, jest mocny i wytrzyma\u0142y oraz dost\u0119pny w 3 r\u00f3\u017cnych rozmiarach, aby spe\u0142ni\u0107 Twoje specyficzne potrzeby.<\/span><\/p>\n<p class=\"a-spacing-base\" style=\"text-align: left;\"><strong><span class=\"a-text-bold\"><span style=\"vertical-align: inherit;\">Mo\u017ce by\u0107 u\u017cywany do \/ jako:<\/span><\/span><\/strong><\/p>\n<ul class=\"a-unordered-list a-vertical\" style=\"text-align: left;\">\n<li><span class=\"a-list-item\"><span style=\"vertical-align: inherit;\">Wisz\u0105ce z drzewa<\/span><\/span><\/li>\n<li><span class=\"a-list-item\"><span style=\"vertical-align: inherit;\">Wspinaczka do domku na drzewie<\/span><\/span><\/li>\n<li><span class=\"a-list-item\"><span style=\"vertical-align: inherit;\">Hu\u015btawka lub nawet jako tor przeszk\u00f3d<\/span><\/span><\/li>\n<li><span class=\"a-list-item\"><span style=\"vertical-align: inherit;\">Lina ninja<\/span><\/span><\/li>\n<li><span class=\"a-list-item\"><span style=\"vertical-align: inherit;\">W nag\u0142ych wypadkach &#8211; jako drabiny ewakuacyjne<\/span><\/span><\/li>\n<\/ul>\n<div class=\"amp-centerthirdcol-listbox\">\n<div class=\"a-box a-spacing-small a-color-alternate-background apm-listbox amp-centerthirdcol-listbox\">\n<div class=\"a-box-inner\">\n<ul class=\"a-unordered-list a-vertical\">\n<li style=\"text-align: left;\"><span class=\"a-list-item\"><span class=\"a-size-base\"><strong><span style=\"vertical-align: inherit;\">Materia\u0142y<\/span><\/strong><span style=\"vertical-align: inherit;\"> : lina nylonowa wzmocniona \u017cywic\u0105<\/span><\/span><\/span><\/li>\n<li style=\"text-align: left;\"><span class=\"a-list-item\"><span class=\"a-size-base\"><strong><span style=\"vertical-align: inherit;\">D\u0142ugo\u015b\u0107<\/span><\/strong><span style=\"vertical-align: inherit;\"> : 5 m<\/span><\/span><\/span><\/li>\n<li style=\"text-align: left;\"><span class=\"a-list-item\"><span class=\"a-size-base\"><strong><span style=\"vertical-align: inherit;\">Szeroko\u015b\u0107<\/span><\/strong><span style=\"vertical-align: inherit;\"> : 12 cali<\/span><\/span><\/span><\/li>\n<li style=\"text-align: left;\"><span class=\"a-list-item\"><span class=\"a-size-base\"><strong><span style=\"vertical-align: inherit;\">Maksymalna \u0142adowno\u015b\u0107<\/span><\/strong><span style=\"vertical-align: inherit;\"> : 2500 funt\u00f3w<\/span><\/span><\/span><\/li>\n<li style=\"text-align: left;\"><span class=\"a-list-item\"><span class=\"a-size-base\"><strong><span style=\"vertical-align: inherit;\">Karabi\u0144czyki<\/span><\/strong><span style=\"vertical-align: inherit;\"> : 11 kN<\/span><\/span><\/span><\/li>\n<\/ul>\n<h3 class=\"a-color-secondary\" style=\"text-align: left;\"><span style=\"vertical-align: inherit;\">Cechy i zalety:<\/span><\/h3>\n<ul class=\"a-unordered-list a-vertical\">\n<li style=\"text-align: left;\"><span class=\"a-list-item\"><span style=\"vertical-align: inherit;\">Zabawny rekwizyt pomaga sp\u0119dza\u0107 czas z dzie\u0107mi<\/span><\/span><\/li>\n<li style=\"text-align: left;\"><span class=\"a-list-item\"><span style=\"vertical-align: inherit;\">Mo\u017ce by\u0107 u\u017cywany wewn\u0105trz i na zewn\u0105trz<\/span><\/span><\/li>\n<li style=\"text-align: left;\"><span class=\"a-list-item\"><span style=\"vertical-align: inherit;\">Wysokiej jako\u015bci paski nylonowe &#8211; wodoodporne i antypo\u015blizgowe<\/span><\/span><\/li>\n<li style=\"text-align: left;\"><span class=\"a-list-item\"><span style=\"vertical-align: inherit;\">Karabinki Heavy Duty pozwalaj\u0105 na szybk\u0105 instalacj\u0119 i \u0142atwe zakotwiczenie<\/span><\/span><\/li>\n<li style=\"text-align: left;\"><span class=\"a-list-item\"><span style=\"vertical-align: inherit;\">Pomaga poprawi\u0107 si\u0142\u0119 fizyczn\u0105, zdolno\u015bci umys\u0142owe i zdolno\u015bci motoryczne dziecka<\/span><\/span><\/li>\n<li style=\"text-align: left;\"><span class=\"a-list-item\"><span style=\"vertical-align: inherit;\">Wzmocnione szczeble zapewniaj\u0105 dodatkow\u0105 trwa\u0142o\u015b\u0107<\/span><\/span><\/li>\n<li style=\"text-align: left;\"><span class=\"a-list-item\"><span style=\"vertical-align: inherit;\">\u0141atwy w u\u017cyciu &#8211; nie wymaga \u017cadnych narz\u0119dzi<\/span><\/span><\/li>\n<li style=\"text-align: left;\"><span class=\"a-list-item\"><span style=\"vertical-align: inherit;\">Lekki i przeno\u015bny<\/span><\/span><\/li>\n<li style=\"text-align: left;\"><span class=\"a-list-item\"><span style=\"vertical-align: inherit;\">Kompaktowy dla \u0142atwego przechowywania<\/span><\/span><\/li>\n<li style=\"text-align: left;\"><span class=\"a-list-item\"><span style=\"vertical-align: inherit;\">W stylowej czarnej torbie i pude\u0142ku z uchwytem i niezb\u0119dnymi karabinkami<\/span><\/span><\/li>\n<\/ul>\n<\/div>\n<\/div>\n<\/div>\n<\/div>\n<\/div>\n<\/div>\n<\/div>\n<\/div>\n<div class=\"celwidget aplus-module module-9\" style=\"text-align: center;\" data-csa-c-id=\"8qdekw-f2p4k0-r9icce-qoj6p0\" data-cel-widget=\"aplus-module-9\">\n<div class=\"a-expander-collapsed-height a-row a-expander-container a-expander-partial-collapse-container\" data-a-expander-name=\"aplus-module-expander\" data-a-expander-collapsed-height=\"700\">\n<div class=\"a-expander-content a-expander-partial-collapse-content\">\n<div class=\"aplus-module-wrapper\">\n<div class=\"apm-spacing apm-fixed-width\"><\/div>\n<\/div>\n<\/div>\n<\/div>\n<\/div>\n","protected":false},"excerpt":{"rendered":"[embed]https:\/\/youtu.be\/k6s8J3uwu8s[\/embed]\n<p class=\"mceTemp\" style=\"text-align: center;\">Wisz\u0105ca lina wspinaczkowa zewn\u0119trzna i wewn\u0119trzna z hakami dla dzieci i doros\u0142ych &#8211; wielofunkcyjna i wielokrotnego u\u017cytku drabina linowa<\/p>\n<p style=\"text-align: center;\">DARMOWA DOSTAWA W CI\u0104GU 3-7 DNI<\/p>\n<h4 style=\"text-align: center;\"><strong>KUP ON<\/strong><\/h4>\n<p class=\"mceTemp\" style=\"text-align: center;\"><a href=\"https:\/\/www.amazon.pl\/dp\/B07N8MNG5J\/ref=sr_1_1?__mk_pl_PL=%C3%85M%C3%85%C5%BD%C3%95%C3%91&amp;dchild=1&amp;keywords=Drabiny%20Wewn%C4%99trzne%20\/%20Zewn%C4%99trzne%20do%20Domu&amp;qid=1628695106&amp;sr=8-1&amp;th=1\"><img loading=\"lazy\" decoding=\"async\" class=\"wp-image-1040 size-full aligncenter\" src=\"https:\/\/rightfoodonly.com\/wp-content\/uploads\/amazon-button9.png\" alt=\"\" width=\"160\" height=\"59\" \/><\/a><\/p>\n<p><a href=\"https:\/\/www.ebay.co.uk\/itm\/313035924779\">\u00a0<\/a><\/p>\n","protected":false},"featured_media":4735,"comment_status":"open","ping_status":"closed","template":"","meta":[],"product_brand":[],"product_cat":[213,212,209,206],"product_tag":[65,64,63],"class_list":{"0":"post-1485","1":"product","2":"type-product","3":"status-publish","4":"has-post-thumbnail","6":"product_cat-drabiny-ewakuacyjne-przeciwpozarowe-1-pietrowe","7":"product_cat-drabiny-ewakuacyjne-przeciwpozarowe-2-pietrowe","8":"product_cat-drabiny-linowe-ewakuacyjne-przeciwpozarowe","9":"product_cat-drabiny-montowane-na-scianie","10":"product_tag-bezpieczenstwo-domu","11":"product_tag-domowa-drabina","12":"product_tag-drabina-linowa","14":"first","15":"instock","16":"shipping-taxable","17":"purchasable","18":"product-type-simple"},"_links":{"self":[{"href":"https:\/\/isopllc.com\/pl\/wp-json\/wp\/v2\/product\/1485","targetHints":{"allow":["GET"]}}],"collection":[{"href":"https:\/\/isopllc.com\/pl\/wp-json\/wp\/v2\/product"}],"about":[{"href":"https:\/\/isopllc.com\/pl\/wp-json\/wp\/v2\/types\/product"}],"replies":[{"embeddable":true,"href":"https:\/\/isopllc.com\/pl\/wp-json\/wp\/v2\/comments?post=1485"}],"wp:featuredmedia":[{"embeddable":true,"href":"https:\/\/isopllc.com\/pl\/wp-json\/wp\/v2\/media\/4735"}],"wp:attachment":[{"href":"https:\/\/isopllc.com\/pl\/wp-json\/wp\/v2\/media?parent=1485"}],"wp:term":[{"taxonomy":"product_brand","embeddable":true,"href":"https:\/\/isopllc.com\/pl\/wp-json\/wp\/v2\/product_brand?post=1485"},{"taxonomy":"product_cat","embeddable":true,"href":"https:\/\/isopllc.com\/pl\/wp-json\/wp\/v2\/product_cat?post=1485"},{"taxonomy":"product_tag","embeddable":true,"href":"https:\/\/isopllc.com\/pl\/wp-json\/wp\/v2\/product_tag?post=1485"}],"curies":[{"name":"wp","href":"https:\/\/api.w.org\/{rel}","templated":true}]}}