{"id":1496,"date":"2020-02-06T09:11:16","date_gmt":"2020-02-06T09:11:16","guid":{"rendered":"https:\/\/rightfoodonly.com\/?post_type=product&#038;p=1496"},"modified":"2025-07-01T05:26:17","modified_gmt":"2025-07-01T05:26:17","slug":"teczka-na-dokumenty-ognioodporna-28-38-cm","status":"publish","type":"product","link":"https:\/\/isopllc.com\/pl\/product\/teczka-na-dokumenty-ognioodporna-28-38-cm\/","title":{"rendered":"Teczka na dokumenty ognioodporna, odporna na pieni\u0105dze, 28 x 38 cm"},"content":{"rendered":"<div class=\"celwidget aplus-module module-11\">\n<div class=\"a-expander-collapsed-height a-row a-expander-container a-expander-partial-collapse-container\" data-a-expander-name=\"aplus-module-expander\" data-a-expander-collapsed-height=\"360\">\n<div class=\"a-expander-content a-expander-partial-collapse-content\">\n<div class=\"aplus-module-wrapper apm-spacing apm-floatnone\">\n<div class=\"apm-sidemodule aplus-module-content\">\n<div class=\"apm-hero-image\">\n<div class=\"a-expander-collapsed-height a-row a-expander-container a-expander-partial-collapse-container\" data-a-expander-name=\"aplus-module-expander\" data-a-expander-collapsed-height=\"360\">\n<div class=\"a-expander-content a-expander-partial-collapse-content\">\n<div class=\"aplus-module-wrapper apm-spacing apm-floatnone\">\n<div class=\"apm-sidemodule aplus-module-content\">\n<div class=\"apm-hero-image\">\n<p>Martwisz si\u0119, co mo\u017ce si\u0119 sta\u0107 z Twoimi dokumentami, pieni\u0119dzmi, paszportem lub innymi kosztowno\u015bciami w przypadku po\u017caru?<\/p>\n<p>Nasze ognioodporne etui na dokumenty chroni wszystko przed uszkodzeniami spowodowanymi ogniem.\u00a0Wykonany jest z wysokiej jako\u015bci materia\u0142u z w\u0142\u00f3kna szklanego silikonowego, kt\u00f3ry mo\u017ce wytrzyma\u0107 do 1832 \u00b0 F.\u00a0Dodatkowa ochrona ognioodpornego portfela zapewnia pe\u0142n\u0105 ochron\u0119 cennych przedmiot\u00f3w, dzi\u0119ki czemu masz spok\u00f3j.<\/p>\n<p>EKSTREMALNA OCHRONA PRZECIWPO\u017bAROWA<\/p>\n<p>Nie pozw\u00f3l, by ogie\u0144 ci\u0119 zaskoczy\u0142 &#8211; lepiej bezpiecznie ni\u017c przepraszam.\u00a0Torba ognioodporna chroni Twoje kosztowno\u015bci w temperaturze do 550 \u00b0 C!\u00a028 x 38 cm to idealny rozmiar do przechowywania got\u00f3wki, bi\u017cuterii, kart kredytowych, dowod\u00f3w osobistych, paszport\u00f3w, wa\u017cnych dokument\u00f3w i nie tylko.<\/p>\n<p><img decoding=\"async\" class=\"alignnone\" style=\"font-weight: bold; text-align: center;\" src=\"https:\/\/m.media-amazon.com\/images\/S\/aplus-media\/sc\/3e67dcec-29c9-4420-bc36-23edbba1d052.__CR0,0,500,500_PT0_SX220_V1___.jpg\" alt=\"isop fire case\" data-src=\"https:\/\/m.media-amazon.com\/images\/S\/aplus-media\/sc\/3e67dcec-29c9-4420-bc36-23edbba1d052.__CR0,0,500,500_PT0_SX220_V1___.jpg\" data- title=\"\"><\/p>\n<p>CHRONI\u0106 SWOJE WARTO\u015aCIOWE BEZPIECZE\u0143STWO<\/p>\n<p>Nasza wodoodporna torba to doskona\u0142y spos\u00f3b na zabezpieczenie cennych przedmiot\u00f3w przed wszelkimi uszkodzeniami.\u00a0Mo\u017cesz zatrzyma\u0107 wszystko, co jest w naszej torbie na dokumenty, od wa\u017cnych dokument\u00f3w, got\u00f3wki, jubilera, baterii lub czegokolwiek o du\u017cej warto\u015bci i znaczeniu.<\/p>\n<p><img decoding=\"async\" class=\"alignnone\" src=\"https:\/\/m.media-amazon.com\/images\/S\/aplus-media\/sc\/ab3ce7c8-8b20-4836-be6b-c68c346f8fc5.__CR0,0,500,500_PT0_SX220_V1___.jpg\" alt=\"money pouch\" data-src=\"https:\/\/m.media-amazon.com\/images\/S\/aplus-media\/sc\/ab3ce7c8-8b20-4836-be6b-c68c346f8fc5.__CR0,0,500,500_PT0_SX220_V1___.jpg\" data- title=\"\"><\/p>\n<p>NIE\u015aWI\u0118CA I PODW\u00d3JNA OCHRONA WARSTWY<\/p>\n<p>Nasze ognioodporne woreczki na dokumenty s\u0105 wykonane z w\u0142\u00f3kna szklanego pokrytego aluminium (wewn\u0105trz) i w\u0142\u00f3kna szklanego z klejem silikonowym (na zewn\u0105trz), aby zapewni\u0107 dwuwarstwow\u0105 ochron\u0119, podobnie jak ognioodporne.<\/p>\n<p><img decoding=\"async\" class=\"alignnone\" src=\"https:\/\/m.media-amazon.com\/images\/S\/aplus-media\/sc\/61a07ae1-9b7a-448f-844e-b7fd1b6a421e.__CR0,0,500,500_PT0_SX220_V1___.jpg\" alt=\"fire safe\" data-src=\"https:\/\/m.media-amazon.com\/images\/S\/aplus-media\/sc\/61a07ae1-9b7a-448f-844e-b7fd1b6a421e.__CR0,0,500,500_PT0_SX220_V1___.jpg\" data- title=\"\"><\/p>\n<p>Must have w domu<\/p>\n<p>Po\u0142\u0105czenie ognioodpornej torby i SAFE BOX to najlepsze rozwi\u0105zanie zapewniaj\u0105ce pe\u0142n\u0105 ochron\u0119 Twoich dokument\u00f3w i kosztowno\u015bci w ka\u017cdym wypadku po\u017carowym.\u00a0W przeciwnym razie papier mo\u017ce ulec zw\u0119gleniu w dowolnym materiale ogniotrwa\u0142ym po d\u0142u\u017cszym wystawieniu na dzia\u0142anie wysokich temperatur.<\/p>\n<\/div>\n<\/div>\n<\/div>\n<\/div>\n<\/div>\n<\/div>\n<\/div>\n<\/div>\n<\/div>\n<\/div>\n<p><img decoding=\"async\" class=\"alignleft\" style=\"font-weight: bold; text-align: center;\" src=\"https:\/\/m.media-amazon.com\/images\/S\/aplus-media\/sc\/baca919d-3e50-4f02-921f-615055d5b3e9.__CR0,0,500,500_PT0_SX220_V1___.jpg\" alt=\"fire\/water resistant case\" data-src=\"https:\/\/m.media-amazon.com\/images\/S\/aplus-media\/sc\/baca919d-3e50-4f02-921f-615055d5b3e9.__CR0,0,500,500_PT0_SX220_V1___.jpg\" data- title=\"\"><\/p>\n<div class=\"a-expander-collapsed-height a-row a-expander-container a-expander-partial-collapse-container\" data-a-expander-name=\"aplus-module-expander\" data-a-expander-collapsed-height=\"360\">\n<div class=\"a-expander-content a-expander-partial-collapse-content\">\n<div class=\"aplus-module-wrapper apm-spacing apm-floatnone\">\n<div class=\"celwidget aplus-module module-4\" data-cel-widget=\"aplus-module-4\">\n<div class=\"a-expander-collapsed-height a-row a-expander-container a-expander-partial-collapse-container\" data-a-expander-name=\"aplus-module-expander\" data-a-expander-collapsed-height=\"700\">\n<div class=\"a-expander-content a-expander-partial-collapse-content\">\n<div class=\"aplus-module-wrapper\">\n<div class=\"apm-spacing\">\n<div class=\"apm-floatleft apm-fixed-width\">\n<div class=\"a-spacing-extra-large\">\n<div class=\"apm-spacing\"><\/div>\n<\/div>\n<\/div>\n<\/div>\n<\/div>\n<\/div>\n<\/div>\n<\/div>\n<\/div>\n<\/div>\n<\/div>\n<\/div>\n<div class=\"celwidget aplus-module module-9\">\n<div class=\"a-expander-collapsed-height a-row a-expander-container a-expander-partial-collapse-container\" data-a-expander-name=\"aplus-module-expander\" data-a-expander-collapsed-height=\"700\">\n<div class=\"a-expander-content a-expander-partial-collapse-content\">\n<div class=\"aplus-module-wrapper\">\n<div class=\"apm-spacing apm-fixed-width\"><\/div>\n<\/div>\n<\/div>\n<\/div>\n<\/div>\n<p style=\"text-align: left;\">\n","protected":false},"excerpt":{"rendered":"<p id=\"title\" class=\"a-size-large a-spacing-none\" style=\"text-align: center;\"><span id=\"productTitle\" class=\"a-size-large product-title-word-break\">Ognioodporna, odporna na pieni\u0105dze torba na dokumenty 28 x 38 cm Odporna na sw\u0119dzenie silikonowa, wodoodporna, wodoodporna torba na pieni\u0105dze Bezpieczne przechowywanie pieni\u0119dzy, dokument\u00f3w, bi\u017cuterii i paszportu<\/span><\/p>\n<p style=\"text-align: center;\">Bezp\u0142atna dostawa w ci\u0105gu 3-7 dni<\/p>\n<h4 style=\"text-align: center;\">KUP TO<\/h4>\n<p style=\"text-align: center;\"><a href=\"https:\/\/www.amazon.pl\/Ognioodporna-bezpieczna-ognioodporna-wodoodporna-przechowywanie\/dp\/B07QDGFVYJ\/ref=sr_1_1?__mk_pl_PL=%C3%85M%C3%85%C5%BD%C3%95%C3%91&amp;dchild=1&amp;keywords=Ognioodporna%20bezpieczna%20torba%20na%20dokumenty&amp;qid=1628695394&amp;sr=8-1\"><img loading=\"lazy\" decoding=\"async\" class=\"wp-image-1040 size-full aligncenter\" src=\"https:\/\/rightfoodonly.com\/wp-content\/uploads\/amazon-button9.png\" alt=\"\" width=\"160\" height=\"59\" \/><\/a><\/p>\n<p>&nbsp;<\/p>\n","protected":false},"featured_media":4274,"comment_status":"open","ping_status":"closed","template":"","meta":[],"product_brand":[],"product_cat":[199],"product_tag":[103,102,101],"class_list":{"0":"post-1496","1":"product","2":"type-product","3":"status-publish","4":"has-post-thumbnail","6":"product_cat-zestawy-ratownicze-i-przetrwania","7":"product_tag-bezpieczenstwo-dokumentow","8":"product_tag-ognioodporna-teczka","9":"product_tag-teczka-na-dokumenty","11":"first","12":"instock","13":"shipping-taxable","14":"purchasable","15":"product-type-simple"},"_links":{"self":[{"href":"https:\/\/isopllc.com\/pl\/wp-json\/wp\/v2\/product\/1496","targetHints":{"allow":["GET"]}}],"collection":[{"href":"https:\/\/isopllc.com\/pl\/wp-json\/wp\/v2\/product"}],"about":[{"href":"https:\/\/isopllc.com\/pl\/wp-json\/wp\/v2\/types\/product"}],"replies":[{"embeddable":true,"href":"https:\/\/isopllc.com\/pl\/wp-json\/wp\/v2\/comments?post=1496"}],"wp:featuredmedia":[{"embeddable":true,"href":"https:\/\/isopllc.com\/pl\/wp-json\/wp\/v2\/media\/4274"}],"wp:attachment":[{"href":"https:\/\/isopllc.com\/pl\/wp-json\/wp\/v2\/media?parent=1496"}],"wp:term":[{"taxonomy":"product_brand","embeddable":true,"href":"https:\/\/isopllc.com\/pl\/wp-json\/wp\/v2\/product_brand?post=1496"},{"taxonomy":"product_cat","embeddable":true,"href":"https:\/\/isopllc.com\/pl\/wp-json\/wp\/v2\/product_cat?post=1496"},{"taxonomy":"product_tag","embeddable":true,"href":"https:\/\/isopllc.com\/pl\/wp-json\/wp\/v2\/product_tag?post=1496"}],"curies":[{"name":"wp","href":"https:\/\/api.w.org\/{rel}","templated":true}]}}