{"id":1498,"date":"2020-02-06T09:22:56","date_gmt":"2020-02-06T09:22:56","guid":{"rendered":"https:\/\/rightfoodonly.com\/?post_type=product&#038;p=1498"},"modified":"2025-07-01T05:26:01","modified_gmt":"2025-07-01T05:26:01","slug":"pas-bezpieczenstwa-z-poduszka-biodrowa-2","status":"publish","type":"product","link":"https:\/\/isopllc.com\/pl\/product\/pas-bezpieczenstwa-z-poduszka-biodrowa-2\/","title":{"rendered":"Pas bezpiecze\u0144stwa z poduszk\u0105 biodrow\u0105"},"content":{"rendered":"<div class=\"celwidget aplus-module module-9\" data-cel-widget=\"aplus-module-9\">\n<div class=\"a-expander-collapsed-height a-row a-expander-container a-expander-partial-collapse-container\" data-a-expander-name=\"aplus-module-expander\" data-a-expander-collapsed-height=\"700\">\n<div class=\"a-expander-content a-expander-partial-collapse-content\">\n<div class=\"aplus-module-wrapper\">\n<div class=\"apm-spacing apm-fixed-width\">\n<ul class=\"a-unordered-list a-vertical\">\n<li><span class=\"a-list-item\">BEZPIECZNE I NIEZAWODNE: Nasze pasy i uprz\u0119\u017ce wspinaczkowe s\u0105 stworzone, aby zapewni\u0107 Ci prosty i bezpieczny spos\u00f3b na zawieszenie, jednocze\u015bnie b\u0119d\u0105c wygodnym.\u00a0Zosta\u0142 zaprojektowany z przesuwanym pasem na wygodnej wk\u0142adce, kt\u00f3ry umo\u017cliwia \u0142atw\u0105 regulacj\u0119 pozycji uprz\u0119\u017cy.<\/span><\/li>\n<li><span class=\"a-list-item\">TRWA\u0141E I TRWA\u0141E: pas bezpiecze\u0144stwa jest podstawowym \u015brodkiem ochrony osobistej, dlatego u\u017cywamy tylko najmocniejszej i poliestrowej konstrukcji, aby zapewni\u0107 Ci uprz\u0105\u017c i zestaw lin, na kt\u00f3rych mo\u017cesz polega\u0107.\u00a0Oferuje wysok\u0105 wytrzyma\u0142o\u015b\u0107 na rozci\u0105ganie, odporno\u015b\u0107 na \u015bcieranie i niski wsp\u00f3\u0142czynnik tarcia, dzi\u0119ki czemu mo\u017cna go u\u017cywa\u0107 ze spokojem i umys\u0142em bez obaw.<\/span><\/li>\n<li><span class=\"a-list-item\">WYGODNE I WIELOZADANIOWE: Ten pas bezpiecze\u0144stwa do budowy i wspinaczki zapewnia wysok\u0105 przepuszczalno\u015b\u0107 powietrza i poch\u0142ania pot, aby zapobiec gromadzeniu si\u0119, zapewniaj\u0105c wygod\u0119 przez ca\u0142y czas.\u00a0Nasze szelki bezpiecze\u0144stwa zapewni\u0105 Ci wygodn\u0105 pozycj\u0119 w okre\u015blonym miejscu, dzi\u0119ki czemu idealnie nadaj\u0105 si\u0119 do wi\u0105zania pr\u0119t\u00f3w zbrojeniowych, konserwacji wie\u017c, wspinania si\u0119 po drabinach, \u015bcinania drzew i nie tylko.<\/span><\/li>\n<li><span class=\"a-list-item\">LEKKI I KOMPAKTOWY: Dzi\u0119ki kompaktowej konstrukcji i lekkiej, ale solidnej konstrukcji jest \u0142atwy w u\u017cyciu w podr\u00f3\u017cy i r\u00f3wnie \u0142atwy w podr\u00f3\u017cy.\u00a0Posiada 2 D-ringi w standardowym rozmiarze i jest wyposa\u017cony w bardzo d\u0142ug\u0105 lin\u0119.\u00a0Mo\u017ce zapewni\u0107 idealne dopasowanie do oczekiwania do 44 cali.<\/span><\/li>\n<\/ul>\n<p><img decoding=\"async\" class=\"aligncenter\" src=\"https:\/\/m.media-amazon.com\/images\/S\/aplus-media\/sc\/b2ce0b46-0c95-4365-8c61-a5fd05505e58.__CR0,0,970,300_PT0_SX970_V1___.jpg\" alt=\"belt-harness\" data-src=\"https:\/\/m.media-amazon.com\/images\/S\/aplus-media\/sc\/b2ce0b46-0c95-4365-8c61-a5fd05505e58.__CR0,0,970,300_PT0_SX970_V1___.jpg\" data- title=\"\"><\/p>\n<\/div>\n<\/div>\n<\/div>\n<\/div>\n<\/div>\n<div class=\"celwidget aplus-module module-12\" data-cel-widget=\"aplus-module-12\">\n<div class=\"a-expander-collapsed-height a-row a-expander-container a-expander-partial-collapse-container\" data-a-expander-name=\"aplus-module-expander\" data-a-expander-collapsed-height=\"360\">\n<div class=\"a-expander-content a-expander-partial-collapse-content\">\n<div class=\"aplus-module-wrapper apm-spacing apm-floatnone\">\n<div class=\"apm-sidemodule aplus-module-content\">\n<div>\n<p>&nbsp;<\/p>\n<div>\n<p><strong>Testy potwierdzi\u0142y, \u017ce klamry m\u0119skie \u017ce\u0144skie s\u0105 najbardziej niezawodne, a nasz pasek ma w\u0142a\u015bnie takie klamry.<\/strong><\/p>\n<p>Zaprojektowany z my\u015bl\u0105 o komforcie i mobilno\u015bci, ten pas bezpiecze\u0144stwa z poduszk\u0105 biodrow\u0105 zapewnia dodatkowe wsparcie, kt\u00f3rego potrzebujesz, aby zachowa\u0107 r\u00f3wnowag\u0119, w\u0142a\u015bciw\u0105 pozycj\u0119 i bezpiecze\u0144stwo podczas wspinania si\u0119 po drzewach, \u015bcianach, wie\u017cach i wszystkim, o czym przyjdzie Ci do g\u0142owy.<\/p>\n<\/div>\n<p>Nasz pas do pozycjonowania w miejscu pracy, trwa\u0142y i wytrzyma\u0142y materia\u0142, kt\u00f3ry jest odporny na \u015bcieranie i zapewnia d\u0142ugotrwa\u0142e u\u017cytkowanie, a ponadto charakteryzuje si\u0119 du\u017c\u0105 wytrzyma\u0142o\u015bci\u0105 na rozci\u0105ganie, dzi\u0119ki czemu masz wszystko, czego potrzebujesz, aby bezpiecznie i wygodnie rozpocz\u0105\u0107 wspinaczk\u0119.<\/p>\n<p>Zapewnia stabilno\u015b\u0107 podczas pracy po pod\u0142\u0105czeniu do punktu mocowania, co czyni go niezb\u0119dnym dla operator\u00f3w, kt\u00f3rzy chc\u0105 mie\u0107 wolne r\u0119ce i skupi\u0107 si\u0119 na swojej pracy.<\/p>\n<p>D-ringi s\u0105 odporne na korozj\u0119, stykaj\u0105 si\u0119 z \u017cywio\u0142ami, a tak\u017ce zapewniaj\u0105 szybkie i bezpieczne po\u0142\u0105czenia.<\/p>\n<p>Jest lekki, dzi\u0119ki czemu nie musisz si\u0119 martwi\u0107 o zwi\u0105zanie, a poduszka biodrowa zapewnia wsparcie l\u0119d\u017awiowe, aby zapewni\u0107 Ci wygod\u0119.<\/p>\n<p>Przez ISOP<\/p>\n<\/div>\n<p><img decoding=\"async\" class=\"a-spacing-mini alignleft\" src=\"https:\/\/m.media-amazon.com\/images\/S\/aplus-media\/sc\/6b5ed3be-3169-498d-8a48-7bcb444b3d08.__CR156,0,757,757_PT0_SX300_V1___.jpg\" alt=\"belt\" data-src=\"https:\/\/m.media-amazon.com\/images\/S\/aplus-media\/sc\/6b5ed3be-3169-498d-8a48-7bcb444b3d08.__CR156,0,757,757_PT0_SX300_V1___.jpg\" data- title=\"\"><img decoding=\"async\" class=\"a-spacing-mini alignleft\" src=\"https:\/\/m.media-amazon.com\/images\/S\/aplus-media\/sc\/3386ce1c-29a5-4d6b-af25-4282239f51fa.__CR0,272,844,844_PT0_SX300_V1___.jpg\" alt=\"buckle\" data-src=\"https:\/\/m.media-amazon.com\/images\/S\/aplus-media\/sc\/3386ce1c-29a5-4d6b-af25-4282239f51fa.__CR0,272,844,844_PT0_SX300_V1___.jpg\" data- title=\"\"><img decoding=\"async\" class=\"a-spacing-mini alignleft\" src=\"https:\/\/m.media-amazon.com\/images\/S\/aplus-media\/sc\/48683017-f394-4df8-9f43-3ae7c6163f2c.__CR0,0,1200,1200_PT0_SX300_V1___.jpg\" alt=\"belt\" data-src=\"https:\/\/m.media-amazon.com\/images\/S\/aplus-media\/sc\/48683017-f394-4df8-9f43-3ae7c6163f2c.__CR0,0,1200,1200_PT0_SX300_V1___.jpg\" data- title=\"\"><\/p>\n<\/div>\n<\/div>\n<\/div>\n<\/div>\n<\/div>\n","protected":false},"excerpt":{"rendered":"<p style=\"text-align: center;\">Przeno\u015bny sprz\u0119t ochrony osobistej &#8211; pas podtrzymuj\u0105cy plecy<\/p>\n<p style=\"text-align: center;\">DARMOWA DOSTAWA W CI\u0104GU 3-7 DNI<\/p>\n<h4 style=\"text-align: center;\"><strong>KUP ON<\/strong><\/h4>\n<p style=\"text-align: center;\"><a href=\"https:\/\/www.amazon.pl\/dp\/B07QMYGMV4\/ref=sr_1_1?__mk_pl_PL=%C3%85M%C3%85%C5%BD%C3%95%C3%91&amp;dchild=1&amp;keywords=Pas%20bezpiecze%C5%84stwa%20z%20poduszk%C4%85%20biodrow%C4%85&amp;qid=1628695507&amp;sr=8-1&amp;th=1\"><img loading=\"lazy\" decoding=\"async\" class=\"wp-image-1040 size-full aligncenter\" src=\"https:\/\/rightfoodonly.com\/wp-content\/uploads\/amazon-button9.png\" alt=\"\" width=\"160\" height=\"59\" \/><\/a><\/p>\n<p>&nbsp;<\/p>\n","protected":false},"featured_media":4272,"comment_status":"open","ping_status":"closed","template":"","meta":[],"product_brand":[],"product_cat":[203],"product_tag":[78,161,99],"class_list":{"0":"post-1498","1":"product","2":"type-product","3":"status-publish","4":"has-post-thumbnail","6":"product_cat-akcesoria-do-drabin-przeciwpozarowych","7":"product_tag-pas-bezpieczenstwa","8":"product_tag-poduszka-biodrowa","9":"product_tag-sprzet-wspinaczkowy","11":"first","12":"instock","13":"shipping-taxable","14":"purchasable","15":"product-type-simple"},"_links":{"self":[{"href":"https:\/\/isopllc.com\/pl\/wp-json\/wp\/v2\/product\/1498","targetHints":{"allow":["GET"]}}],"collection":[{"href":"https:\/\/isopllc.com\/pl\/wp-json\/wp\/v2\/product"}],"about":[{"href":"https:\/\/isopllc.com\/pl\/wp-json\/wp\/v2\/types\/product"}],"replies":[{"embeddable":true,"href":"https:\/\/isopllc.com\/pl\/wp-json\/wp\/v2\/comments?post=1498"}],"wp:featuredmedia":[{"embeddable":true,"href":"https:\/\/isopllc.com\/pl\/wp-json\/wp\/v2\/media\/4272"}],"wp:attachment":[{"href":"https:\/\/isopllc.com\/pl\/wp-json\/wp\/v2\/media?parent=1498"}],"wp:term":[{"taxonomy":"product_brand","embeddable":true,"href":"https:\/\/isopllc.com\/pl\/wp-json\/wp\/v2\/product_brand?post=1498"},{"taxonomy":"product_cat","embeddable":true,"href":"https:\/\/isopllc.com\/pl\/wp-json\/wp\/v2\/product_cat?post=1498"},{"taxonomy":"product_tag","embeddable":true,"href":"https:\/\/isopllc.com\/pl\/wp-json\/wp\/v2\/product_tag?post=1498"}],"curies":[{"name":"wp","href":"https:\/\/api.w.org\/{rel}","templated":true}]}}